{"id":2655,"date":"2013-01-03T11:13:16","date_gmt":"2013-01-03T14:13:16","guid":{"rendered":"http:\/\/www.ifbaiano.edu.br\/unidades\/santaines\/?page_id=2655"},"modified":"2013-01-31T10:43:37","modified_gmt":"2013-01-31T13:43:37","slug":"cc","status":"publish","type":"page","link":"https:\/\/www.ifbaiano.edu.br\/unidades\/santaines\/cc\/","title":{"rendered":"CC"},"content":{"rendered":"<p><strong>Coordena\u00e7\u00e3o de Compras<\/strong><\/p>\n<p>Coordenadora: Simone de Souza Carvalho<\/p>\n<p>Ramal: 43<\/p>\n<p>Email: <a href=\"mailto:simone.carvalho@si.ifbaiano.edu.br\" target=\"_blank\">simone.carvalho@si.ifbaiano.edu.br<\/a><\/p>\n<p><strong>I &#8211; Setor de Cadastro de Fornecedores<\/strong><\/p>\n<p>Chefe da Se\u00e7\u00e3o: Gilberto Muniz Santos<\/p>\n<p>Ramal: 43<\/p>\n<p>Email: <a href=\"mailto:gilberto.santos@si.ifbaiano.edu.br\" target=\"_blank\">gilberto.santos@si.ifbaiano.edu.br<\/a><\/p>\n<p><strong>Colaborador<\/strong><\/p>\n<p>Servidor: Marco Antonio Matos Santos- Assistente administrativo<\/p>\n<p>Ramal: 43<\/p>\n<p>Email: <a href=\"mailto:marco.santos@si.ifbaiano.edu.br\" target=\"_blank\">marco.santos@si.ifbaiano.edu.br<\/a><\/p>\n<p>&nbsp;<\/p>\n<p><strong>II &#8211; PREG\u00d5ES ELETR\u00d4NICOS (2013)<\/strong><\/p>\n<pre>PREG\u00c3O ELETR\u00d4NICO N\u00ba. 02\/2013\r\nEdital de Licita\u00e7\u00e3o n\u00ba 03\/2013\r\nProcesso n\u00ba. 23332.000015\/2013-44<\/pre>\n<pre><strong><a href=\"http:\/\/www.ifbaiano.edu.br\/unidades\/santaines\/files\/2013\/01\/edital_pregao_032013.pdf\" target=\"_blank\">ACESSAR EDITAL DO PREG\u00c3O ELETR\u00d4NICO N\u00ba. 02\/2013<\/a><\/strong><\/pre>\n<pre><strong><a href=\"http:\/\/www.ifbaiano.edu.br\/unidades\/santaines\/files\/2013\/01\/identificacao_pregao_02_2013.pdf\" target=\"_blank\">ACESSAR IDENTIFICA\u00c7\u00c3O DO PREG\u00c3O<\/a><\/strong><\/pre>\n<pre>DATA DA SESS\u00c3O P\u00daBLICA: 05\/0\r\nHOR\u00c1RIO: 10h00min\r\nLOCAL: <a href=\"http:\/\/www.comprasnet.gov.br\" target=\"_blank\">www.comprasnet.gov.br<\/a>\r\n\r\nDO OBJETO: Aquisi\u00e7\u00e3o de materiais e equipamentos de odontologia e enfermagem<\/pre>\n","protected":false},"excerpt":{"rendered":"<p>Coordena\u00e7\u00e3o de Compras Coordenadora: Simone de Souza Carvalho Ramal: 43 Email: simone.carvalho@si.ifbaiano.edu.br I &#8211; Setor de Cadastro de Fornecedores Chefe da Se\u00e7\u00e3o: Gilberto Muniz Santos Ramal: 43 Email: gilberto.santos@si.ifbaiano.edu.br Colaborador Servidor: Marco Antonio Matos Santos- Assistente administrativo Ramal: 43 Email: marco.santos@si.ifbaiano.edu.br &nbsp; II &#8211; PREG\u00d5ES ELETR\u00d4NICOS (2013) PREG\u00c3O ELETR\u00d4NICO N\u00ba. 02\/2013 Edital de Licita\u00e7\u00e3o n\u00ba [&hellip;]<\/p>\n","protected":false},"author":26,"featured_media":0,"parent":0,"menu_order":0,"comment_status":"closed","ping_status":"closed","template":"","meta":[],"_links":{"self":[{"href":"https:\/\/www.ifbaiano.edu.br\/unidades\/santaines\/wp-json\/wp\/v2\/pages\/2655"}],"collection":[{"href":"https:\/\/www.ifbaiano.edu.br\/unidades\/santaines\/wp-json\/wp\/v2\/pages"}],"about":[{"href":"https:\/\/www.ifbaiano.edu.br\/unidades\/santaines\/wp-json\/wp\/v2\/types\/page"}],"author":[{"embeddable":true,"href":"https:\/\/www.ifbaiano.edu.br\/unidades\/santaines\/wp-json\/wp\/v2\/users\/26"}],"replies":[{"embeddable":true,"href":"https:\/\/www.ifbaiano.edu.br\/unidades\/santaines\/wp-json\/wp\/v2\/comments?post=2655"}],"version-history":[{"count":10,"href":"https:\/\/www.ifbaiano.edu.br\/unidades\/santaines\/wp-json\/wp\/v2\/pages\/2655\/revisions"}],"predecessor-version":[{"id":2779,"href":"https:\/\/www.ifbaiano.edu.br\/unidades\/santaines\/wp-json\/wp\/v2\/pages\/2655\/revisions\/2779"}],"wp:attachment":[{"href":"https:\/\/www.ifbaiano.edu.br\/unidades\/santaines\/wp-json\/wp\/v2\/media?parent=2655"}],"curies":[{"name":"wp","href":"https:\/\/api.w.org\/{rel}","templated":true}]}}