{"id":26965,"date":"2026-02-26T17:27:26","date_gmt":"2026-02-26T20:27:26","guid":{"rendered":"https:\/\/www.ifbaiano.edu.br\/unidades\/santaines\/?page_id=26965"},"modified":"2026-02-26T17:27:26","modified_gmt":"2026-02-26T20:27:26","slug":"sobre-o-ngti","status":"publish","type":"page","link":"https:\/\/www.ifbaiano.edu.br\/unidades\/santaines\/sobre-o-ngti\/","title":{"rendered":"Sobre o NGTI"},"content":{"rendered":"\n<p class=\"has-background has-medium-font-size\" style=\"background-color:#ebebeb;border-top:4px solid #36b139\"><strong>Apresenta\u00e7\u00e3o<\/strong><\/p>\n\n\n\n<p>O N\u00facleo de Gest\u00e3o de Tecnologia da Informa\u00e7\u00e3o (NGTI) \u00e9 o setor respons\u00e1vel pelo suporte e pela organiza\u00e7\u00e3o dos recursos tecnol\u00f3gicos do campus, contribuindo para o pleno funcionamento das atividades administrativas e acad\u00eamicas.<\/p>\n\n\n\n<p>O NGTI atua no atendimento \u00e0s demandas relacionadas a equipamentos, sistemas, redes e demais servi\u00e7os de tecnologia, assegurando que a comunidade acad\u00eamica disponha de infraestrutura adequada para o desenvolvimento de suas atividades.<\/p>\n\n\n\n<p class=\"has-background has-medium-font-size\" style=\"background-color:#ebebeb;border-top:4px solid #36b139\"><strong>Hor\u00e1rio de Funcionamento<\/strong><\/p>\n\n\n\n<p>O N\u00facleo da Gest\u00e3o da Tecnologia da Informa\u00e7\u00e3o (NGTI) funciona de <strong>segunda a sexta-feira<\/strong>, nos seguintes hor\u00e1rios:<br>\ud83d\udd52 <strong>07h30 \u00e0s 11h30<\/strong><br>\ud83d\udd52 <strong>13h30 \u00e0s 17h30<\/strong><\/p>\n\n\n\n<p class=\"has-background has-medium-font-size\" style=\"background-color:#ebebeb;border-top:4px solid #36b139\"><strong>Equipe NGTI<\/strong><\/p>\n\n\n\n<ul>\n<li>Glauber de Oliveira Matos &#8211; T\u00e9cnico de Tecnologia da Informa\u00e7\u00e3o &#8211; <strong>Chefe do Setor<\/strong><\/li>\n\n\n\n<li>Gil Christiano Guedes dos Santos &#8211; Analista de Tecnologia da Informa\u00e7\u00e3o &#8211; <strong>Chefe substituto<\/strong><\/li>\n\n\n\n<li>Jo\u00e3o Elias Ferraz Santana &#8211; T\u00e9cnico de Tecnologia da Informa\u00e7\u00e3o<\/li>\n<\/ul>\n\n\n\n<p>E-mail do setor: <strong>ngti@si.ifbaiano.edu.br<\/strong><\/p>\n\n\n\n<hr class=\"wp-block-separator has-alpha-channel-opacity\" \/>\n","protected":false},"excerpt":{"rendered":"<p>Apresenta\u00e7\u00e3o O N\u00facleo de Gest\u00e3o de Tecnologia da Informa\u00e7\u00e3o (NGTI) \u00e9 o setor respons\u00e1vel pelo suporte e pela organiza\u00e7\u00e3o dos recursos tecnol\u00f3gicos do campus, contribuindo para o pleno funcionamento das atividades administrativas e acad\u00eamicas. O NGTI atua no atendimento \u00e0s demandas relacionadas a equipamentos, sistemas, redes e demais servi\u00e7os de tecnologia, assegurando que a comunidade [&hellip;]<\/p>\n","protected":false},"author":86,"featured_media":0,"parent":0,"menu_order":0,"comment_status":"closed","ping_status":"closed","template":"","meta":[],"_links":{"self":[{"href":"https:\/\/www.ifbaiano.edu.br\/unidades\/santaines\/wp-json\/wp\/v2\/pages\/26965"}],"collection":[{"href":"https:\/\/www.ifbaiano.edu.br\/unidades\/santaines\/wp-json\/wp\/v2\/pages"}],"about":[{"href":"https:\/\/www.ifbaiano.edu.br\/unidades\/santaines\/wp-json\/wp\/v2\/types\/page"}],"author":[{"embeddable":true,"href":"https:\/\/www.ifbaiano.edu.br\/unidades\/santaines\/wp-json\/wp\/v2\/users\/86"}],"replies":[{"embeddable":true,"href":"https:\/\/www.ifbaiano.edu.br\/unidades\/santaines\/wp-json\/wp\/v2\/comments?post=26965"}],"version-history":[{"count":1,"href":"https:\/\/www.ifbaiano.edu.br\/unidades\/santaines\/wp-json\/wp\/v2\/pages\/26965\/revisions"}],"predecessor-version":[{"id":26971,"href":"https:\/\/www.ifbaiano.edu.br\/unidades\/santaines\/wp-json\/wp\/v2\/pages\/26965\/revisions\/26971"}],"wp:attachment":[{"href":"https:\/\/www.ifbaiano.edu.br\/unidades\/santaines\/wp-json\/wp\/v2\/media?parent=26965"}],"curies":[{"name":"wp","href":"https:\/\/api.w.org\/{rel}","templated":true}]}}