{"id":27124,"date":"2026-03-09T14:53:43","date_gmt":"2026-03-09T17:53:43","guid":{"rendered":"https:\/\/www.ifbaiano.edu.br\/unidades\/santaines\/?page_id=27124"},"modified":"2026-03-24T14:43:21","modified_gmt":"2026-03-24T17:43:21","slug":"2026-2","status":"publish","type":"page","link":"https:\/\/www.ifbaiano.edu.br\/unidades\/santaines\/2026-2\/","title":{"rendered":"2026"},"content":{"rendered":"\n<figure class=\"wp-block-image\"><a href=\"https:\/\/www.ifbaiano.edu.br\/unidades\/santaines\/files\/2024\/03\/foto.jpg\"><img decoding=\"async\" loading=\"lazy\" width=\"853\" height=\"144\" src=\"https:\/\/www.ifbaiano.edu.br\/unidades\/santaines\/files\/2024\/03\/foto.jpg\" alt=\"\" class=\"wp-image-20921\" \/><\/a><\/figure>\n\n\n\n<p><strong>Escolha a modalidade de licita\u00e7\u00e3o<\/strong><\/p>\n\n\n\n<ul>\n<li>Concorr\u00eancia<\/li>\n\n\n\n<li>Leil\u00e3o<\/li>\n\n\n\n<li><a href=\"https:\/\/www.ifbaiano.edu.br\/unidades\/santaines\/modalidade-pregao-eletronico-2026\/\">Preg\u00e3o Eletr\u00f4nico<\/a><\/li>\n\n\n\n<li><a href=\"https:\/\/www.ifbaiano.edu.br\/unidades\/santaines\/dispensa-de-licitacao-2026\/\">Dispensa de Licita\u00e7\u00e3o<\/a><\/li>\n\n\n\n<li>Inexigibilidade de Licita\u00e7\u00e3o<\/li>\n\n\n\n<li>Ades\u00e3o \u00e0 Ata de Registro de Pre\u00e7os<\/li>\n<\/ul>\n\n\n\n<hr class=\"wp-block-separator has-alpha-channel-opacity\" \/>\n\n\n\n<p><strong>Contato:<\/strong><\/p>\n\n\n\n<p><strong>E-mail:<\/strong>&nbsp;compras@si.ifbaiano.edu.br<\/p>\n","protected":false},"excerpt":{"rendered":"<p>Escolha a modalidade de licita\u00e7\u00e3o Contato: E-mail:&nbsp;compras@si.ifbaiano.edu.br<\/p>\n","protected":false},"author":86,"featured_media":0,"parent":0,"menu_order":0,"comment_status":"closed","ping_status":"closed","template":"","meta":[],"_links":{"self":[{"href":"https:\/\/www.ifbaiano.edu.br\/unidades\/santaines\/wp-json\/wp\/v2\/pages\/27124"}],"collection":[{"href":"https:\/\/www.ifbaiano.edu.br\/unidades\/santaines\/wp-json\/wp\/v2\/pages"}],"about":[{"href":"https:\/\/www.ifbaiano.edu.br\/unidades\/santaines\/wp-json\/wp\/v2\/types\/page"}],"author":[{"embeddable":true,"href":"https:\/\/www.ifbaiano.edu.br\/unidades\/santaines\/wp-json\/wp\/v2\/users\/86"}],"replies":[{"embeddable":true,"href":"https:\/\/www.ifbaiano.edu.br\/unidades\/santaines\/wp-json\/wp\/v2\/comments?post=27124"}],"version-history":[{"count":4,"href":"https:\/\/www.ifbaiano.edu.br\/unidades\/santaines\/wp-json\/wp\/v2\/pages\/27124\/revisions"}],"predecessor-version":[{"id":27323,"href":"https:\/\/www.ifbaiano.edu.br\/unidades\/santaines\/wp-json\/wp\/v2\/pages\/27124\/revisions\/27323"}],"wp:attachment":[{"href":"https:\/\/www.ifbaiano.edu.br\/unidades\/santaines\/wp-json\/wp\/v2\/media?parent=27124"}],"curies":[{"name":"wp","href":"https:\/\/api.w.org\/{rel}","templated":true}]}}