{"id":27127,"date":"2026-03-09T14:55:57","date_gmt":"2026-03-09T17:55:57","guid":{"rendered":"https:\/\/www.ifbaiano.edu.br\/unidades\/santaines\/?page_id=27127"},"modified":"2026-05-01T05:56:38","modified_gmt":"2026-05-01T08:56:38","slug":"modalidade-pregao-eletronico-2026","status":"publish","type":"page","link":"https:\/\/www.ifbaiano.edu.br\/unidades\/santaines\/modalidade-pregao-eletronico-2026\/","title":{"rendered":"Modalidade \u2013 Preg\u00e3o Eletr\u00f4nico 2026"},"content":{"rendered":"\n<hr class=\"wp-block-separator has-alpha-channel-opacity\" \/>\n\n\n\n<p><strong>Preg\u00e3o&nbsp;n\u00ba 90001\/2026 &#8211;&nbsp;<\/strong>Registro de Pre\u00e7os para eventual contrata\u00e7\u00e3o de Empresa Especializada em Organiza\u00e7\u00e3o e Ornamenta\u00e7\u00e3o de Outorga de Grau por meio de Cerimonial promovido pelo IF Baiano Campus Santa In\u00eas.<\/p>\n\n\n\n<p><strong><a href=\"https:\/\/pncp.gov.br\/app\/editais\/10724903000179\/2026\/000049\">Edital e Resultado<\/a><\/strong> &nbsp;<\/p>\n\n\n\n<hr class=\"wp-block-separator has-alpha-channel-opacity\" \/>\n\n\n\n<p><strong>Preg\u00e3o 90002\/2026 &#8211;&nbsp;<\/strong>Registro de pre\u00e7os para eventual aquisi\u00e7\u00e3o de materiais de expediente, destinados ao Setor de Almoxarifado do Instituto Federal Baiano \u2013 Campus Santa In\u00eas.<\/p>\n\n\n\n<p><strong><a href=\"https:\/\/pncp.gov.br\/app\/editais\/10724903000179\/2026\/000027\">Edital e Resultado<\/a><\/strong><\/p>\n\n\n\n<hr class=\"wp-block-separator has-alpha-channel-opacity\" \/>\n\n\n\n<p><strong>Preg\u00e3o&nbsp;n\u00ba 90004\/2026 &#8211;&nbsp;<\/strong>Registro de pre\u00e7os para eventual aquisi\u00e7\u00e3o de materiais de limpeza e saneantes, para atender a demanda do N\u00facleo de Nutri\u00e7\u00e3o e Sa\u00fade do Instituto Federal Baiano &#8211; Campus Santa In\u00eas.<\/p>\n\n\n\n<p><a href=\"https:\/\/pncp.gov.br\/app\/editais\/10724903000179\/2026\/000064\">Edital e resultado<\/a><\/p>\n\n\n\n<hr class=\"wp-block-separator has-alpha-channel-opacity\" \/>\n","protected":false},"excerpt":{"rendered":"<p>Preg\u00e3o&nbsp;n\u00ba 90001\/2026 &#8211;&nbsp;Registro de Pre\u00e7os para eventual contrata\u00e7\u00e3o de Empresa Especializada em Organiza\u00e7\u00e3o e Ornamenta\u00e7\u00e3o de Outorga de Grau por meio de Cerimonial promovido pelo IF Baiano Campus Santa In\u00eas. Edital e Resultado &nbsp; Preg\u00e3o 90002\/2026 &#8211;&nbsp;Registro de pre\u00e7os para eventual aquisi\u00e7\u00e3o de materiais de expediente, destinados ao Setor de Almoxarifado do Instituto Federal Baiano [&hellip;]<\/p>\n","protected":false},"author":86,"featured_media":0,"parent":0,"menu_order":0,"comment_status":"closed","ping_status":"closed","template":"","meta":[],"_links":{"self":[{"href":"https:\/\/www.ifbaiano.edu.br\/unidades\/santaines\/wp-json\/wp\/v2\/pages\/27127"}],"collection":[{"href":"https:\/\/www.ifbaiano.edu.br\/unidades\/santaines\/wp-json\/wp\/v2\/pages"}],"about":[{"href":"https:\/\/www.ifbaiano.edu.br\/unidades\/santaines\/wp-json\/wp\/v2\/types\/page"}],"author":[{"embeddable":true,"href":"https:\/\/www.ifbaiano.edu.br\/unidades\/santaines\/wp-json\/wp\/v2\/users\/86"}],"replies":[{"embeddable":true,"href":"https:\/\/www.ifbaiano.edu.br\/unidades\/santaines\/wp-json\/wp\/v2\/comments?post=27127"}],"version-history":[{"count":4,"href":"https:\/\/www.ifbaiano.edu.br\/unidades\/santaines\/wp-json\/wp\/v2\/pages\/27127\/revisions"}],"predecessor-version":[{"id":27595,"href":"https:\/\/www.ifbaiano.edu.br\/unidades\/santaines\/wp-json\/wp\/v2\/pages\/27127\/revisions\/27595"}],"wp:attachment":[{"href":"https:\/\/www.ifbaiano.edu.br\/unidades\/santaines\/wp-json\/wp\/v2\/media?parent=27127"}],"curies":[{"name":"wp","href":"https:\/\/api.w.org\/{rel}","templated":true}]}}