{"id":27612,"date":"2026-05-05T21:26:52","date_gmt":"2026-05-06T00:26:52","guid":{"rendered":"https:\/\/www.ifbaiano.edu.br\/unidades\/santaines\/?page_id=27612"},"modified":"2026-05-05T21:27:37","modified_gmt":"2026-05-06T00:27:37","slug":"acesso-as-informacoes-publicas-transparencia-e-publicidade-dos-dados-em-tecnologia-da-informacao-e-comunicacao","status":"publish","type":"page","link":"https:\/\/www.ifbaiano.edu.br\/unidades\/santaines\/acesso-as-informacoes-publicas-transparencia-e-publicidade-dos-dados-em-tecnologia-da-informacao-e-comunicacao\/","title":{"rendered":"Acesso \u00e0s informa\u00e7\u00f5es p\u00fablicas: Transpar\u00eancia e Publicidade dos dados em Tecnologia da Informa\u00e7\u00e3o e Comunica\u00e7\u00e3o"},"content":{"rendered":"\n<h2 class=\"wp-block-heading\">Empresas prestadoras de servi\u00e7os em Tecnologia da Informa\u00e7\u00e3o e Comunica\u00e7\u00e3o | IF Baiano <em>Campus<\/em> Santa In\u00eas<\/h2>\n\n\n\n<h3 class=\"wp-block-heading\">Per\u00edodo de 2026:<\/h3>\n\n\n\n<figure class=\"wp-block-table\"><table><tbody><tr><td>Contrato 13\/2024 &#8211; Servi\u00e7o Outsourcing de impress\u00f5es executado pela empresa Sol e Luz Com\u00e9rcio e Servi\u00e7os LTDA, inscrita sob o CNPJ n\u00famero: 17.974.034\/0001-80<\/td><\/tr><tr><td>Processos de Pagamentos e Notas Fiscais <\/td><\/tr><tr><td>Custo mensal do contrato | teto da franquia: R$ 4.045,00<br>Gr\u00e1fico dos consumos e dos custos<\/td><\/tr><\/tbody><\/table><figcaption class=\"wp-element-caption\">Servi\u00e7o Outsourcing de Impress\u00f5es<\/figcaption><\/figure>\n\n\n\n<p><\/p>\n\n\n\n<figure class=\"wp-block-table\"><table><tbody><tr><td>Contrato 10\/2022 &#8211; Termo aditivo 3: Empresa Park Place Technologie Brazil LTDA, de CNPJ: 32.578.387\/0001-54. Presta\u00e7\u00e3o de Servi\u00e7o de Manuten\u00e7\u00f5es Preventivas e Corretivas nos Servidores de Redes da marca\/modelo: DELL\/PowerEdge r720 e DELL\/PowerEdge r420<\/td><\/tr><tr><td>Processos de Pagamentos e Notas Fiscais<\/td><\/tr><tr><td>Custo mensal do contrato | franquia: R$ 343,36<br>Gr\u00e1ficos dos Consumos e dos custos<\/td><\/tr><\/tbody><\/table><figcaption class=\"wp-element-caption\">Servi\u00e7o de Manuten\u00e7\u00f5es Preventivas e Corretivas em Ativos de Redes de Computadores<\/figcaption><\/figure>\n\n\n\n<p><strong>N\u00facleo de Gest\u00e3o da Tecnologia da Informa\u00e7\u00e3o e Comunica\u00e7\u00e3o<br>IF Baiano &#8211; <em>Campus<\/em> Santa In\u00eas<\/strong><\/p>\n","protected":false},"excerpt":{"rendered":"<p>Empresas prestadoras de servi\u00e7os em Tecnologia da Informa\u00e7\u00e3o e Comunica\u00e7\u00e3o | IF Baiano Campus Santa In\u00eas Per\u00edodo de 2026: Contrato 13\/2024 &#8211; Servi\u00e7o Outsourcing de impress\u00f5es executado pela empresa Sol e Luz Com\u00e9rcio e Servi\u00e7os LTDA, inscrita sob o CNPJ n\u00famero: 17.974.034\/0001-80 Processos de Pagamentos e Notas Fiscais Custo mensal do contrato | teto da [&hellip;]<\/p>\n","protected":false},"author":7,"featured_media":0,"parent":0,"menu_order":0,"comment_status":"closed","ping_status":"closed","template":"","meta":[],"_links":{"self":[{"href":"https:\/\/www.ifbaiano.edu.br\/unidades\/santaines\/wp-json\/wp\/v2\/pages\/27612"}],"collection":[{"href":"https:\/\/www.ifbaiano.edu.br\/unidades\/santaines\/wp-json\/wp\/v2\/pages"}],"about":[{"href":"https:\/\/www.ifbaiano.edu.br\/unidades\/santaines\/wp-json\/wp\/v2\/types\/page"}],"author":[{"embeddable":true,"href":"https:\/\/www.ifbaiano.edu.br\/unidades\/santaines\/wp-json\/wp\/v2\/users\/7"}],"replies":[{"embeddable":true,"href":"https:\/\/www.ifbaiano.edu.br\/unidades\/santaines\/wp-json\/wp\/v2\/comments?post=27612"}],"version-history":[{"count":2,"href":"https:\/\/www.ifbaiano.edu.br\/unidades\/santaines\/wp-json\/wp\/v2\/pages\/27612\/revisions"}],"predecessor-version":[{"id":27615,"href":"https:\/\/www.ifbaiano.edu.br\/unidades\/santaines\/wp-json\/wp\/v2\/pages\/27612\/revisions\/27615"}],"wp:attachment":[{"href":"https:\/\/www.ifbaiano.edu.br\/unidades\/santaines\/wp-json\/wp\/v2\/media?parent=27612"}],"curies":[{"name":"wp","href":"https:\/\/api.w.org\/{rel}","templated":true}]}}