{"id":28,"date":"2017-05-26T18:10:26","date_gmt":"2017-05-26T21:10:26","guid":{"rendered":"http:\/\/localhost\/unidades\/bonfim\/?page_id=28"},"modified":"2026-03-19T08:55:42","modified_gmt":"2026-03-19T11:55:42","slug":"como-chegar","status":"publish","type":"page","link":"https:\/\/www.ifbaiano.edu.br\/unidades\/santaines\/como-chegar\/","title":{"rendered":"Localiza\u00e7\u00e3o"},"content":{"rendered":"<hr \/>\n<p data-start=\"1879\" data-end=\"2038\">O munic\u00edpio de <span class=\"hover:entity-accent entity-underline inline cursor-pointer align-baseline\"><span class=\"whitespace-normal\">Santa In\u00eas<\/span><\/span> est\u00e1 localizado no interior da Bahia, a aproximadamente 290 km de <span class=\"hover:entity-accent entity-underline inline cursor-pointer align-baseline\"><span class=\"whitespace-normal\">Salvador<\/span><\/span>.<\/p>\n<p data-start=\"2040\" data-end=\"2158\">De acordo com o IBGE, a popula\u00e7\u00e3o estimada em 2021 era de 10.583 habitantes, em uma \u00e1rea territorial de 379,270 km\u00b2.<\/p>\n<p data-start=\"2160\" data-end=\"2308\">O Campus Santa In\u00eas est\u00e1 situado no Km 2,5 da BR-420 (Rodovia Santa In\u00eas\u2013Uba\u00edra), na zona rural do munic\u00edpio:<br data-start=\"2269\" data-end=\"2272\" \/>\ud83d\udccd CEP: 45.320-000 \u2013 Santa In\u00eas\/BA<span style=\"color: #ffffff\">&#8230;&#8230;&#8230;&#8230;&#8230;&#8230;&#8230;&#8230;&#8230;&#8230;&#8230;&#8230;&#8230;&#8230;<\/span><\/p>\n<hr \/>\n<p align=\"justify\"><strong><span style=\"color: #000000\"><span style=\"font-family: Arial, sans-serif\"><span style=\"font-size: large\"><img decoding=\"async\" loading=\"lazy\" class=\"alignnone wp-image-9720 size-full\" src=\"http:\/\/www.ifbaiano.edu.br\/unidades\/santaines\/files\/2017\/05\/Como-Chegar.jpg\" alt=\"Como Chegar\" width=\"1524\" height=\"48\" \/><\/span><\/span><\/span><\/strong><\/p>\n<ul data-start=\"2330\" data-end=\"2588\">\n<li data-section-id=\"am1ji5\" data-start=\"2330\" data-end=\"2403\">\n<p data-start=\"2332\" data-end=\"2403\"><strong data-start=\"2332\" data-end=\"2345\">De carro:<\/strong> acesso pela BR-420, no trecho entre Santa In\u00eas e Uba\u00edra<\/p>\n<\/li>\n<li data-section-id=\"5qzvvo\" data-start=\"2404\" data-end=\"2516\">\n<p data-start=\"2406\" data-end=\"2516\"><strong data-start=\"2406\" data-end=\"2432\">De transporte p\u00fablico:<\/strong> linhas intermunicipais at\u00e9 Santa In\u00eas, com deslocamento complementar at\u00e9 o campus<\/p>\n<\/li>\n<li data-section-id=\"w654hu\" data-start=\"2517\" data-end=\"2588\">\n<p data-start=\"2519\" data-end=\"2588\"><strong data-start=\"2519\" data-end=\"2546\">Por transportes alternativos &#8211; t\u00e1xi:<\/strong> dispon\u00edvel a partir do centro da cidade<\/p>\n<\/li>\n<\/ul>\n<p>\u00a0<\/p>\n<div id=\"attachment_209\" style=\"width: 641px\" class=\"wp-caption alignleft\"><a href=\"https:\/\/goo.gl\/maps\/DW8xSGp6zDA2\"><img aria-describedby=\"caption-attachment-209\" decoding=\"async\" loading=\"lazy\" class=\"wp-image-209\" src=\"http:\/\/www.ifbaiano.edu.br\/unidades\/santaines\/files\/2011\/05\/mapa-localizacao-1024x791.jpg\" alt=\"Abrir em Google Maps\" width=\"631\" height=\"487\" srcset=\"https:\/\/www.ifbaiano.edu.br\/unidades\/santaines\/files\/2011\/05\/mapa-localizacao-1024x791.jpg 1024w, https:\/\/www.ifbaiano.edu.br\/unidades\/santaines\/files\/2011\/05\/mapa-localizacao-300x232.jpg 300w, https:\/\/www.ifbaiano.edu.br\/unidades\/santaines\/files\/2011\/05\/mapa-localizacao-400x309.jpg 400w, https:\/\/www.ifbaiano.edu.br\/unidades\/santaines\/files\/2011\/05\/mapa-localizacao.jpg 1346w\" sizes=\"(max-width: 631px) 100vw, 631px\" \/><\/a><p id=\"caption-attachment-209\" class=\"wp-caption-text\"><span style=\"color: #000000\"><strong>Obs.: Clique na imagem para abrir em Google Maps.<\/strong><\/span><\/p><\/div>\n<p>\u00a0<\/p>\n<p>\u00a0<\/p>\n<p>\u00a0<\/p>\n<p>\u00a0<\/p>\n<p>\u00a0<\/p>\n\n\n<hr class=\"wp-block-separator has-alpha-channel-opacity\" \/>\n","protected":false},"excerpt":{"rendered":"<p>O munic\u00edpio de Santa In\u00eas est\u00e1 localizado no interior da Bahia, a aproximadamente 290 km de Salvador. De acordo com o IBGE, a popula\u00e7\u00e3o estimada em 2021 era de 10.583 habitantes, em uma \u00e1rea territorial de 379,270 km\u00b2. O Campus Santa In\u00eas est\u00e1 situado no Km 2,5 da BR-420 (Rodovia Santa In\u00eas\u2013Uba\u00edra), na zona rural [&hellip;]<\/p>\n","protected":false},"author":1,"featured_media":0,"parent":0,"menu_order":0,"comment_status":"closed","ping_status":"closed","template":"","meta":[],"_links":{"self":[{"href":"https:\/\/www.ifbaiano.edu.br\/unidades\/santaines\/wp-json\/wp\/v2\/pages\/28"}],"collection":[{"href":"https:\/\/www.ifbaiano.edu.br\/unidades\/santaines\/wp-json\/wp\/v2\/pages"}],"about":[{"href":"https:\/\/www.ifbaiano.edu.br\/unidades\/santaines\/wp-json\/wp\/v2\/types\/page"}],"author":[{"embeddable":true,"href":"https:\/\/www.ifbaiano.edu.br\/unidades\/santaines\/wp-json\/wp\/v2\/users\/1"}],"replies":[{"embeddable":true,"href":"https:\/\/www.ifbaiano.edu.br\/unidades\/santaines\/wp-json\/wp\/v2\/comments?post=28"}],"version-history":[{"count":20,"href":"https:\/\/www.ifbaiano.edu.br\/unidades\/santaines\/wp-json\/wp\/v2\/pages\/28\/revisions"}],"predecessor-version":[{"id":27304,"href":"https:\/\/www.ifbaiano.edu.br\/unidades\/santaines\/wp-json\/wp\/v2\/pages\/28\/revisions\/27304"}],"wp:attachment":[{"href":"https:\/\/www.ifbaiano.edu.br\/unidades\/santaines\/wp-json\/wp\/v2\/media?parent=28"}],"curies":[{"name":"wp","href":"https:\/\/api.w.org\/{rel}","templated":true}]}}