{"id":30,"date":"2011-05-18T18:48:44","date_gmt":"2011-05-18T18:48:44","guid":{"rendered":"http:\/\/localhost\/unidades\/bonfim\/?page_id=30"},"modified":"2022-09-08T08:16:52","modified_gmt":"2022-09-08T11:16:52","slug":"funcionamento-horarios","status":"publish","type":"page","link":"https:\/\/www.ifbaiano.edu.br\/unidades\/santaines\/funcionamento-horarios\/","title":{"rendered":"O Campus Santa In\u00eas funciona nos seguintes per\u00edodos:"},"content":{"rendered":"\n<hr class=\"wp-block-separator\" \/>\n\n\n<p>\u00a0<\/p>\n<p><strong><span style=\"font-family: Arial, sans-serif\"><span style=\"font-size: x-large\"><span style=\"text-decoration: underline\">Administrativo<\/span>: <\/span><\/span><\/strong><span style=\"font-family: Arial, sans-serif\"><span style=\"font-size: x-large\">de segunda a sexta<\/span><\/span><\/p>\n<p><strong><span style=\"font-family: Arial, sans-serif\"><span style=\"font-size: x-large\">Manh\u00e3:<\/span><\/span><\/strong> <span style=\"font-family: Arial, sans-serif\"><span style=\"font-size: x-large\">07h30min \u00e0s 11h30min<\/span><\/span><\/p>\n<p><strong><span style=\"font-family: Arial, sans-serif\"><span style=\"font-size: x-large\">Tarde:<\/span><\/span><\/strong> <span style=\"font-family: Arial, sans-serif\"><span style=\"font-size: x-large\">13h30min \u00e0s 17h30min<\/span><\/span><\/p>\n<hr \/>\n<p><span style=\"color: #ffffff\">.<\/span><\/p>\n<p><strong><span style=\"font-family: Arial, sans-serif\"><span style=\"font-size: x-large\"><span style=\"text-decoration: underline\">Aulas<\/span>: <\/span><\/span><\/strong><span style=\"font-family: Arial, sans-serif\"><span style=\"font-size: x-large\">de segunda a sexta<\/span><\/span><\/p>\n<p><strong><span style=\"font-family: Arial, sans-serif\"><span style=\"font-size: x-large\">Manh\u00e3:<\/span><\/span><\/strong> <span style=\"font-family: Arial, sans-serif\"><span style=\"font-size: x-large\">07h30min \u00e0s 11h50min<\/span><\/span><\/p>\n<p><strong><span style=\"font-family: Arial, sans-serif\"><span style=\"font-size: x-large\">Tarde:<\/span><\/span><\/strong> <span style=\"font-family: Arial, sans-serif\"><span style=\"font-size: x-large\">13h30min \u00e0s 17h50min<\/span><\/span><\/p>\n<p><strong><span style=\"font-family: Arial, sans-serif\"><span style=\"font-size: x-large\">Noite:<\/span><\/span><\/strong> <span style=\"font-family: Arial, sans-serif\"><span style=\"font-size: x-large\">18h30min \u00e0s 22h30min<\/span><\/span><\/p>\n<hr \/>\n<p><span style=\"color: #ffffff\">.<\/span><\/p>\n<p><strong><span style=\"font-family: Arial, sans-serif\"><span style=\"font-size: x-large\"><span style=\"text-decoration: underline\">Biblioteca<\/span>: <\/span><\/span><\/strong><span style=\"font-family: Arial, sans-serif\"><span style=\"font-size: x-large\">de segunda a s\u00e1bado<\/span><\/span><\/p>\n<p><strong><span style=\"font-family: Arial, sans-serif\"><span style=\"font-size: x-large\">Segunda a sexta: <\/span><\/span><\/strong><span style=\"font-family: Arial, sans-serif\"><span style=\"font-size: x-large\">07h30min \u00e0s 22 h (ininterrupto)<\/span><\/span><\/p>\n<p><strong><span style=\"font-family: Arial, sans-serif\"><span style=\"font-size: x-large\">e aos S\u00e1bados:<\/span><\/span><\/strong> <span style=\"font-family: Arial, sans-serif\"><span style=\"font-size: x-large\">07h30min \u00e0s 11h30min<\/span><\/span><\/p>\n<hr \/>","protected":false},"excerpt":{"rendered":"<p>\u00a0 Administrativo: de segunda a sexta Manh\u00e3: 07h30min \u00e0s 11h30min Tarde: 13h30min \u00e0s 17h30min . Aulas: de segunda a sexta Manh\u00e3: 07h30min \u00e0s 11h50min Tarde: 13h30min \u00e0s 17h50min Noite: 18h30min \u00e0s 22h30min . Biblioteca: de segunda a s\u00e1bado Segunda a sexta: 07h30min \u00e0s 22 h (ininterrupto) e aos S\u00e1bados: 07h30min \u00e0s 11h30min<\/p>\n","protected":false},"author":1,"featured_media":0,"parent":0,"menu_order":0,"comment_status":"closed","ping_status":"closed","template":"","meta":[],"_links":{"self":[{"href":"https:\/\/www.ifbaiano.edu.br\/unidades\/santaines\/wp-json\/wp\/v2\/pages\/30"}],"collection":[{"href":"https:\/\/www.ifbaiano.edu.br\/unidades\/santaines\/wp-json\/wp\/v2\/pages"}],"about":[{"href":"https:\/\/www.ifbaiano.edu.br\/unidades\/santaines\/wp-json\/wp\/v2\/types\/page"}],"author":[{"embeddable":true,"href":"https:\/\/www.ifbaiano.edu.br\/unidades\/santaines\/wp-json\/wp\/v2\/users\/1"}],"replies":[{"embeddable":true,"href":"https:\/\/www.ifbaiano.edu.br\/unidades\/santaines\/wp-json\/wp\/v2\/comments?post=30"}],"version-history":[{"count":12,"href":"https:\/\/www.ifbaiano.edu.br\/unidades\/santaines\/wp-json\/wp\/v2\/pages\/30\/revisions"}],"predecessor-version":[{"id":17244,"href":"https:\/\/www.ifbaiano.edu.br\/unidades\/santaines\/wp-json\/wp\/v2\/pages\/30\/revisions\/17244"}],"wp:attachment":[{"href":"https:\/\/www.ifbaiano.edu.br\/unidades\/santaines\/wp-json\/wp\/v2\/media?parent=30"}],"curies":[{"name":"wp","href":"https:\/\/api.w.org\/{rel}","templated":true}]}}