{"id":3059,"date":"2013-05-08T08:07:36","date_gmt":"2013-05-08T11:07:36","guid":{"rendered":"http:\/\/www.ifbaiano.edu.br\/unidades\/santaines\/?page_id=3059"},"modified":"2013-07-16T11:38:06","modified_gmt":"2013-07-16T14:38:06","slug":"contatos-2","status":"publish","type":"page","link":"https:\/\/www.ifbaiano.edu.br\/unidades\/santaines\/contatos-2\/","title":{"rendered":"Contatos"},"content":{"rendered":"<p align=\"JUSTIFY\"><span style=\"font-family: Arial,serif\"><span style=\"font-size: small\"><em><strong>Coordena\u00e7\u00e3o do Curso<\/strong><\/em><\/span><\/span><\/p>\n<p align=\"JUSTIFY\"><span style=\"font-family: Arial,serif\"><span style=\"font-size: small\"><em>E-mail: cb@si.ifbaiano.edu.br<\/em><\/span><\/span><\/p>\n<p align=\"JUSTIFY\"><span style=\"font-family: Arial,serif\"><span style=\"font-size: small\"><em>Telefone: (73) 3536 1210 &#8211; Ramal 27<\/em><\/span><\/span><\/p>\n<p align=\"JUSTIFY\"><span style=\"font-family: Arial,serif\"><span style=\"font-size: small\"><em><strong>Coordenadora do Curso<\/strong><\/em><\/span><\/span><\/p>\n<p align=\"JUSTIFY\"><span style=\"font-family: Arial,serif\"><span style=\"font-size: small\"><em>Dra. Rosineide Braz Santos Fonseca<\/em><\/span><\/span><\/p>\n<p align=\"JUSTIFY\"><span style=\"font-family: Arial,serif\"><span style=\"font-size: small\"><em>E-mail:<\/em><\/span><\/span><span style=\"font-family: Arial,serif\"><span style=\"font-size: small\"><em>rosineide.fonseca@si.ifbaiano.edu.br<\/em><\/span><\/span><\/p>\n<p align=\"JUSTIFY\">\u00a0<span style=\"font-family: Arial,serif\"><span style=\"font-size: small\"><em><strong>T\u00e9cnico em Assuntos Educacionais<\/strong><\/em><\/span><\/span><\/p>\n<p align=\"JUSTIFY\"><span style=\"font-family: Arial,serif\"><span style=\"font-size: small\"><em>Anderson Coreia dos Santos<\/em><\/span><\/span><\/p>\n<p align=\"JUSTIFY\"><span style=\"font-family: Arial,serif\"><span style=\"font-size: small\"><em>E-mail:<\/em><\/span><\/span><span style=\"font-family: Arial,serif\"><span style=\"font-size: small\"><em>anderson.santos@ifbaiano.edu.br<\/em><\/span><\/span><\/p>\n<p align=\"JUSTIFY\"><span style=\"font-family: Arial,serif\"><span style=\"font-size: small\"><em><strong>T\u00e9cnico em Administra\u00e7\u00e3o<\/strong><\/em><\/span><\/span><\/p>\n<p align=\"JUSTIFY\"><span style=\"font-family: Arial,serif\"><span style=\"font-size: small\"><em>Natalie Sales dos Santos Vieira<\/em><\/span><\/span><\/p>\n<p align=\"JUSTIFY\"><span style=\"font-family: Arial,serif\"><span style=\"font-size: small\"><em>E-mail:<\/em><\/span><\/span><span style=\"font-family: Arial,serif\"><span style=\"font-size: small\"><em>natalie.vieira@si.ifbaiano.edu.br<\/em><\/span><\/span><\/p>\n<p align=\"JUSTIFY\">\u00a0<span style=\"font-family: Arial,serif\"><span style=\"font-size: small\"><em><strong>Secret\u00e1ria de Registros Acad\u00eamicos<\/strong><\/em><\/span><\/span><\/p>\n<p align=\"JUSTIFY\"><span style=\"font-family: Arial,serif\"><span style=\"font-size: small\"><em>Paula Regina dos Santos Souza<\/em><\/span><\/span><\/p>\n<p align=\"JUSTIFY\"><span style=\"font-family: Arial,serif\"><span style=\"font-size: small\"><em>E-mail:<\/em><\/span><\/span><span style=\"font-family: Arial,serif\"><span style=\"font-size: small\"><em>paula.souza@si.ifbaiano.edu.br<\/em><\/span><\/span><\/p>\n<p align=\"JUSTIFY\">\n","protected":false},"excerpt":{"rendered":"<p>Coordena\u00e7\u00e3o do Curso E-mail: cb@si.ifbaiano.edu.br Telefone: (73) 3536 1210 &#8211; Ramal 27 Coordenadora do Curso Dra. Rosineide Braz Santos Fonseca E-mail:rosineide.fonseca@si.ifbaiano.edu.br \u00a0T\u00e9cnico em Assuntos Educacionais Anderson Coreia dos Santos E-mail:anderson.santos@ifbaiano.edu.br T\u00e9cnico em Administra\u00e7\u00e3o Natalie Sales dos Santos Vieira E-mail:natalie.vieira@si.ifbaiano.edu.br \u00a0Secret\u00e1ria de Registros Acad\u00eamicos Paula Regina dos Santos Souza E-mail:paula.souza@si.ifbaiano.edu.br<\/p>\n","protected":false},"author":26,"featured_media":0,"parent":0,"menu_order":0,"comment_status":"closed","ping_status":"closed","template":"","meta":[],"_links":{"self":[{"href":"https:\/\/www.ifbaiano.edu.br\/unidades\/santaines\/wp-json\/wp\/v2\/pages\/3059"}],"collection":[{"href":"https:\/\/www.ifbaiano.edu.br\/unidades\/santaines\/wp-json\/wp\/v2\/pages"}],"about":[{"href":"https:\/\/www.ifbaiano.edu.br\/unidades\/santaines\/wp-json\/wp\/v2\/types\/page"}],"author":[{"embeddable":true,"href":"https:\/\/www.ifbaiano.edu.br\/unidades\/santaines\/wp-json\/wp\/v2\/users\/26"}],"replies":[{"embeddable":true,"href":"https:\/\/www.ifbaiano.edu.br\/unidades\/santaines\/wp-json\/wp\/v2\/comments?post=3059"}],"version-history":[{"count":5,"href":"https:\/\/www.ifbaiano.edu.br\/unidades\/santaines\/wp-json\/wp\/v2\/pages\/3059\/revisions"}],"predecessor-version":[{"id":3236,"href":"https:\/\/www.ifbaiano.edu.br\/unidades\/santaines\/wp-json\/wp\/v2\/pages\/3059\/revisions\/3236"}],"wp:attachment":[{"href":"https:\/\/www.ifbaiano.edu.br\/unidades\/santaines\/wp-json\/wp\/v2\/media?parent=3059"}],"curies":[{"name":"wp","href":"https:\/\/api.w.org\/{rel}","templated":true}]}}