{"id":3127,"date":"2013-06-05T18:42:06","date_gmt":"2013-06-05T21:42:06","guid":{"rendered":"http:\/\/www.ifbaiano.edu.br\/unidades\/santaines\/?page_id=3127"},"modified":"2017-11-14T10:42:23","modified_gmt":"2017-11-14T13:42:23","slug":"requerimentos_portal-do-aluno","status":"publish","type":"page","link":"https:\/\/www.ifbaiano.edu.br\/unidades\/santaines\/requerimentos_portal-do-aluno\/","title":{"rendered":"Requerimentos_Portal do Aluno"},"content":{"rendered":"<p align=\"justify\"><span style=\"color: #333333\"><span style=\"font-family: Arial, sans-serif\"><span style=\"font-size: large\">O estudante pode solicitar a Secretaria de Registros Acad\u00eamicos (SRA) diversos tipos de documentos e procedimentos, tais como: atestado de matr\u00edcula, hist\u00f3rico escolar, segunda chamada de avalia\u00e7\u00f5es, justificativa de faltas, aproveitamento de estudos, atividade domiciliar especial, trancamento e cancelamento de matr\u00edcula, dentre outros.<\/span><\/span><\/span><\/p>\n<p align=\"justify\"><span style=\"color: #333333\"><span style=\"font-family: Arial, sans-serif\"><span style=\"font-size: large\">O formul\u00e1rio de requerimento encontra-se dispon\u00edvel na SRA e no seguinte <\/span><\/span><\/span><em><span style=\"color: #333333\"><span style=\"font-family: Arial, sans-serif\"><span style=\"font-size: large\">link <\/span><\/span><\/span><\/em><em><a href=\"http:\/\/www.ifbaiano.edu.br\/unidades\/santaines\/files\/2013\/06\/Requerimento-Portal-Do-Aluno.pdf\" target=\"_blank\"><span style=\"color: #548dd4\"><span style=\"font-family: Arial, sans-serif\"><span style=\"font-size: large\"><u>Requerimento<\/u><\/span><\/span><\/span><\/a><\/em><span style=\"color: #333333\"><span style=\"font-family: Arial, sans-serif\"><span style=\"font-size: large\">. O mesmo deve ser preenchido corretamente e entregue <\/span><\/span><\/span><strong><span style=\"color: #333333\"><span style=\"font-family: Arial, sans-serif\"><span style=\"font-size: large\"><b>presencialmente <\/b><\/span><\/span><\/span><\/strong><span style=\"color: #333333\"><span style=\"font-family: Arial, sans-serif\"><span style=\"font-size: large\">na SRA pelo pr\u00f3prio estudante ou representante legal munido de procura\u00e7\u00e3o devidamente constitu\u00edda.<\/span><\/span><\/span><\/p>\n<p align=\"justify\"><span style=\"color: #333333\"><span style=\"font-family: Arial, sans-serif\"><span style=\"font-size: large\">\u00c9 importante observar que:<\/span><\/span><\/span><\/p>\n<p align=\"justify\"><strong><span style=\"color: #333333\"><span style=\"font-family: Arial, sans-serif\"><span style=\"font-size: large\"><b>1. <\/b><\/span><\/span><\/span><\/strong><span style=\"color: #333333\"><span style=\"font-family: Arial, sans-serif\"><span style=\"font-size: large\">H\u00e1 um prazo de entrega para cada tipo de documento, portanto, o aluno deve solicitar com anteced\u00eancia de acordo a sua necessidade. Seguem abaixo os principais:<\/span><\/span><\/span><\/p>\n<p align=\"justify\"><strong><span style=\"color: #333333\"><span style=\"font-family: Arial, sans-serif\"><span style=\"font-size: large\"><b>a) Atestado e Declara\u00e7\u00e3o <\/b><\/span><\/span><\/span><\/strong><span style=\"color: #333333\"><span style=\"font-family: Arial, sans-serif\"><span style=\"font-size: large\">&#8211; Tr\u00eas dias \u00fateis<\/span><\/span><\/span><\/p>\n<p align=\"justify\"><strong><span style=\"color: #333333\"><span style=\"font-family: Arial, sans-serif\"><span style=\"font-size: large\"><b>b) Hist\u00f3rico Parcial <\/b><\/span><\/span><\/span><\/strong><span style=\"color: #333333\"><span style=\"font-family: Arial, sans-serif\"><span style=\"font-size: large\">&#8211; Oito dias \u00fateis<\/span><\/span><\/span><\/p>\n<p align=\"justify\"><strong><span style=\"color: #333333\"><span style=\"font-family: Arial, sans-serif\"><span style=\"font-size: large\"><b>c) Hist\u00f3rico de Conclus\u00e3o <\/b><\/span><\/span><\/span><\/strong><span style=\"color: #333333\"><span style=\"font-family: Arial, sans-serif\"><span style=\"font-size: large\">&#8211; Trinta dias \u00fateis<\/span><\/span><\/span><\/p>\n<p align=\"justify\"><strong><span style=\"color: #333333\"><span style=\"font-family: Arial, sans-serif\"><span style=\"font-size: large\"><b>d) Certificado de Conclus\u00e3o de Curso <\/b><\/span><\/span><\/span><\/strong><span style=\"color: #333333\"><span style=\"font-family: Arial, sans-serif\"><span style=\"font-size: large\">&#8211; Quinze dias corridos<\/span><\/span><\/span><\/p>\n<p align=\"justify\"><strong><span style=\"color: #333333\"><span style=\"font-family: Arial, sans-serif\"><span style=\"font-size: large\"><b>e) Documentos para Transfer\u00eancia <\/b><\/span><\/span><\/span><\/strong><span style=\"color: #333333\"><span style=\"font-family: Arial, sans-serif\"><span style=\"font-size: large\">&#8211; Sessenta dias corridos<\/span><\/span><\/span><\/p>\n<p align=\"justify\"><strong><span style=\"color: #333333\"><span style=\"font-family: Arial, sans-serif\"><span style=\"font-size: large\"><b>f) Diploma <\/b><\/span><\/span><\/span><\/strong><span style=\"color: #333333\"><span style=\"font-family: Arial, sans-serif\"><span style=\"font-size: large\">&#8211; Noventa dias corridos<\/span><\/span><\/span><\/p>\n<p align=\"justify\"><strong><span style=\"color: #333333\"><span style=\"font-family: Arial, sans-serif\"><span style=\"font-size: large\"><b>g) Boletim <\/b><\/span><\/span><\/span><\/strong><span style=\"color: #333333\"><span style=\"font-family: Arial, sans-serif\"><span style=\"font-size: large\">&#8211; tr\u00eas dias \u00fateis<\/span><\/span><\/span><\/p>\n<p align=\"justify\"><em><span style=\"color: #333333\"><span style=\"font-family: Arial, sans-serif\"><span style=\"font-size: large\">Cada documento s\u00f3 poder\u00e1 ser solicitado uma \u00fanica vez por semestre letivo, salvo os casos avaliados pela SRA.<\/span><\/span><\/span><\/em><\/p>\n<p align=\"justify\"><strong><span style=\"color: #333333\"><span style=\"font-family: Arial, sans-serif\"><span style=\"font-size: large\"><b>2. <\/b><\/span><\/span><\/span><\/strong><span style=\"color: #333333\"><span style=\"font-family: Arial, sans-serif\"><span style=\"font-size: large\">H\u00e1 regras e prazos para cada procedimento, os quais devem ser observados na Organiza\u00e7\u00e3o Did\u00e1tica dos Cursos Superiores do IF Baiano. Seguem abaixo os principais:<\/span><\/span><\/span><\/p>\n<p align=\"justify\"><strong><span style=\"color: #333333\"><span style=\"font-family: Arial, sans-serif\"><span style=\"font-size: large\"><b>a) Segunda chamada de avalia\u00e7\u00f5es <\/b><\/span><\/span><\/span><\/strong><span style=\"color: #333333\"><span style=\"font-family: Arial, sans-serif\"><span style=\"font-size: large\">&#8211; Ser\u00e1 garantido o direito da segunda chamada, quando requerida na SRA no prazo m\u00e1ximo de 48 horas ap\u00f3s o t\u00e9rmino do afastamento, desde que comprove atrav\u00e9s de documentos, uma das situa\u00e7\u00f5es abaixo:<\/span><\/span><\/span><\/p>\n<p align=\"justify\"><span style=\"color: #333333\"><span style=\"font-family: Arial, sans-serif\"><span style=\"font-size: large\">I &#8211; problema de sa\u00fade;<\/span><\/span><\/span><\/p>\n<p align=\"justify\"><span style=\"color: #333333\"><span style=\"font-family: Arial, sans-serif\"><span style=\"font-size: large\">II &#8211; obriga\u00e7\u00f5es com o Servi\u00e7o Militar;<\/span><\/span><\/span><\/p>\n<p align=\"justify\"><span style=\"color: #333333\"><span style=\"font-family: Arial, sans-serif\"><span style=\"font-size: large\">III &#8211; pela comprova\u00e7\u00e3o do exerc\u00edcio do voto (um dia anterior e um dia posterior \u00e0 data da elei\u00e7\u00e3o se coincidentes com a realiza\u00e7\u00e3o da prova);<\/span><\/span><\/span><\/p>\n<p align=\"justify\"><span style=\"color: #333333\"><span style=\"font-family: Arial, sans-serif\"><span style=\"font-size: large\">IV &#8211; convoca\u00e7\u00e3o pelo Poder Judici\u00e1rio ou pela Justi\u00e7a Eleitoral;<\/span><\/span><\/span><\/p>\n<p align=\"justify\"><span style=\"color: #333333\"><span style=\"font-family: Arial, sans-serif\"><span style=\"font-size: large\">V &#8211; cumprimento extraordin\u00e1rio de hor\u00e1rio de trabalho devidamente comprovado atrav\u00e9s de documento oficial da empresa;<\/span><\/span><\/span><\/p>\n<p align=\"justify\"><span style=\"color: #333333\"><span style=\"font-family: Arial, sans-serif\"><span style=\"font-size: large\">VI &#8211; viagem, autorizada pela Institui\u00e7\u00e3o, para represent\u00e1-la em atividades desportivas, culturais, de ensino, extens\u00e3o ou pesquisa;<\/span><\/span><\/span><\/p>\n<p align=\"justify\"><span style=\"color: #333333\"><span style=\"font-family: Arial, sans-serif\"><span style=\"font-size: large\">VII &#8211; acompanhamento de parentes (c\u00f4njuge, pai, m\u00e3e e filho) em caso de defesa da sa\u00fade;<\/span><\/span><\/span><\/p>\n<p align=\"justify\"><span style=\"color: #333333\"><span style=\"font-family: Arial, sans-serif\"><span style=\"font-size: large\">VIII &#8211; falecimento de parente (c\u00f4njuge e parentes de primeiro grau), desde que a avalia\u00e7\u00e3o se realize em um per\u00edodo de at\u00e9 oito dias corridos ap\u00f3s a ocorr\u00eancia; e<\/span><\/span><\/span><\/p>\n<p align=\"justify\"><span style=\"color: #333333\"><span style=\"font-family: Arial, sans-serif\"><span style=\"font-size: large\">IX &#8211; outras situa\u00e7\u00f5es devidamente avaliadas pela Coordena\u00e7\u00e3o do Colegiado de Curso.<\/span><\/span><\/span><\/p>\n<p align=\"justify\"><strong><span style=\"color: #333333\"><span style=\"font-family: Arial, sans-serif\"><span style=\"font-size: large\"><b>Observa\u00e7\u00e3o: <\/b><\/span><\/span><\/span><\/strong><span style=\"color: #333333\"><span style=\"font-family: Arial, sans-serif\"><span style=\"font-size: large\">Na impossibilidade de anexar o documento original, anexar c\u00f3pia, apresentando o original na SRA.<\/span><\/span><\/span><\/p>\n<p align=\"justify\"><strong><span style=\"color: #333333\"><span style=\"font-family: Arial, sans-serif\"><span style=\"font-size: large\"><b>b) Aproveitamento de estudos ou atividade profissional <\/b><\/span><\/span><\/span><\/strong><span style=\"color: #333333\"><span style=\"font-family: Arial, sans-serif\"><span style=\"font-size: large\">&#8211; As solicita\u00e7\u00f5es de aproveitamento de estudo ou atividade profissional devem ser realizadas no per\u00edodo especificado no calend\u00e1rio acad\u00eamico e conter todos os documentos comprobat\u00f3rios necess\u00e1rios, de acordo a modalidade, a saber:<\/span><\/span><\/span><\/p>\n<p align=\"justify\"><span style=\"color: #333333\"><span style=\"font-family: Arial, sans-serif\"><span style=\"font-size: large\">I &#8211; Aproveitamento de disciplina &#8211; Hist\u00f3rico, conte\u00fado program\u00e1tico ou plano de ensino, com carga hor\u00e1ria e bibliografia utilizada.<\/span><\/span><\/span><\/p>\n<p align=\"justify\"><span style=\"color: #333333\"><span style=\"font-family: Arial, sans-serif\"><span style=\"font-size: large\">II &#8211; Aproveitamento de atividade profissional para redu\u00e7\u00e3o da carga hor\u00e1ria de Est\u00e1gio Supervisionado &#8211; documento comprobat\u00f3rio de v\u00ednculo empregat\u00edcio de experi\u00eancia de no m\u00ednimo um ano consecutivo e documento comprobat\u00f3rio de atua\u00e7\u00e3o na \u00e1rea de forma\u00e7\u00e3o no per\u00edodo da solicita\u00e7\u00e3o da redu\u00e7\u00e3o de carga hor\u00e1ria. Maiores informa\u00e7\u00f5es, sobre esta modalidade, devem ser observadas no Regulamento de Est\u00e1gio Supervisionado do Bacharelado em Zootecnia.<\/span><\/span><\/span><\/p>\n<p align=\"justify\"><span style=\"color: #333333\"><span style=\"font-family: Arial, sans-serif\"><span style=\"font-size: large\">III &#8211; Aproveitamento de atividade docente profissional para redu\u00e7\u00e3o da carga hor\u00e1ria de Est\u00e1gio Supervisionado &#8211; documento comprobat\u00f3rio de v\u00ednculo empregat\u00edcio de experi\u00eancia de no m\u00ednimo um ano consecutivo de doc\u00eancia; atestado\/declara\u00e7\u00e3o da Unidade Escolar explicitando o per\u00edodo, a(s) disciplina(s) e a(s) s\u00e9rie(s) que o(a) licenciando(a) atuou; atestado\/declara\u00e7\u00e3o da Unidade Escolar com parecer sobre a atua\u00e7\u00e3o do(a) licenciando(a). Maiores informa\u00e7\u00f5es, sobre esta modalidade, devem ser observadas no Regulamento de Est\u00e1gio das Licenciaturas.<\/span><\/span><\/span><\/p>\n<p align=\"justify\"><strong><span style=\"color: #333333\"><span style=\"font-family: Arial, sans-serif\"><span style=\"font-size: large\"><b>c) Atendimento domiciliar especial<\/b><\/span><\/span><\/span><\/strong><em><span style=\"color: #333333\"><span style=\"font-family: Arial, sans-serif\"><span style=\"font-size: large\">\u00a0&#8211;\u00a0<\/span><\/span><\/span><\/em><span style=\"color: #333333\"><span style=\"font-family: Arial, sans-serif\"><span style=\"font-size: large\">O estudante ter\u00e1 direito ao atendimento quando precisar se ausentar por um per\u00edodo superior a 15 dias nos seguintes casos: ser portador de doen\u00e7a infectocontagiosa, necessitar de tratamento e licen\u00e7a maternidade, a contar da data requerida.\u00a0A solicita\u00e7\u00e3o do atendimento domiciliar dever\u00e1 ser requerida pelo interessado, ou por seu representante legal, mediante apresenta\u00e7\u00e3o de atestado m\u00e9dico, na SRA do\u00a0<\/span><\/span><\/span><em><span style=\"color: #333333\"><span style=\"font-family: Arial, sans-serif\"><span style=\"font-size: large\">Campus.<\/span><\/span><\/span><\/em><\/p>\n<p align=\"justify\"><strong><span style=\"color: #333333\"><span style=\"font-family: Arial, sans-serif\"><span style=\"font-size: large\"><b>d) Trancamento volunt\u00e1rio<\/b><\/span><\/span><\/span><\/strong><em><span style=\"color: #333333\"><span style=\"font-family: Arial, sans-serif\"><span style=\"font-size: large\">\u00a0&#8211;\u00a0<\/span><\/span><\/span><\/em><span style=\"color: #333333\"><span style=\"font-family: Arial, sans-serif\"><span style=\"font-size: large\">Pode ser requerido no per\u00edodo especificado no calend\u00e1rio acad\u00eamico, ap\u00f3s integraliza\u00e7\u00e3o dos componentes curriculares do primeiro per\u00edodo letivo do curso.<\/span><\/span><\/span><\/p>\n<p align=\"justify\"><strong><span style=\"color: #333333\"><span style=\"font-family: Arial, sans-serif\"><span style=\"font-size: large\"><b>e) Trancamento compuls\u00f3rio<\/b><\/span><\/span><\/span><\/strong><em><span style=\"color: #333333\"><span style=\"font-family: Arial, sans-serif\"><span style=\"font-size: large\">\u00a0&#8211;\u00a0<\/span><\/span><\/span><\/em><span style=\"color: #333333\"><span style=\"font-family: Arial, sans-serif\"><span style=\"font-size: large\">Por motivos de sa\u00fade ou convoca\u00e7\u00e3o para servi\u00e7o militar, pode ser requerido em qualquer momento pelo estudante ou representante legal.<\/span><\/span><\/span><\/p>\n<p align=\"justify\"><strong><span style=\"color: #333333\"><span style=\"font-family: Arial, sans-serif\"><span style=\"font-size: large\"><b>f) Cancelamento de matr\u00edcula<\/b><\/span><\/span><\/span><\/strong><span style=\"color: #333333\"><span style=\"font-family: Arial, sans-serif\"><span style=\"font-size: large\">\u00a0&#8211; O cancelamento de matr\u00edcula pode se dar a qualquer tempo por iniciativa do pr\u00f3prio estudante. Sendo este menor de idade, exigir-se-\u00e1 a concord\u00e2ncia formal do respons\u00e1vel legal.<\/span><\/span><\/span><\/p>\n<hr \/>\n<p align=\"justify\">\n","protected":false},"excerpt":{"rendered":"<p>O estudante pode solicitar a Secretaria de Registros Acad\u00eamicos (SRA) diversos tipos de documentos e procedimentos, tais como: atestado de matr\u00edcula, hist\u00f3rico escolar, segunda chamada de avalia\u00e7\u00f5es, justificativa de faltas, aproveitamento de estudos, atividade domiciliar especial, trancamento e cancelamento de matr\u00edcula, dentre outros. O formul\u00e1rio de requerimento encontra-se dispon\u00edvel na SRA e no seguinte link [&hellip;]<\/p>\n","protected":false},"author":26,"featured_media":0,"parent":0,"menu_order":0,"comment_status":"closed","ping_status":"closed","template":"","meta":[],"_links":{"self":[{"href":"https:\/\/www.ifbaiano.edu.br\/unidades\/santaines\/wp-json\/wp\/v2\/pages\/3127"}],"collection":[{"href":"https:\/\/www.ifbaiano.edu.br\/unidades\/santaines\/wp-json\/wp\/v2\/pages"}],"about":[{"href":"https:\/\/www.ifbaiano.edu.br\/unidades\/santaines\/wp-json\/wp\/v2\/types\/page"}],"author":[{"embeddable":true,"href":"https:\/\/www.ifbaiano.edu.br\/unidades\/santaines\/wp-json\/wp\/v2\/users\/26"}],"replies":[{"embeddable":true,"href":"https:\/\/www.ifbaiano.edu.br\/unidades\/santaines\/wp-json\/wp\/v2\/comments?post=3127"}],"version-history":[{"count":9,"href":"https:\/\/www.ifbaiano.edu.br\/unidades\/santaines\/wp-json\/wp\/v2\/pages\/3127\/revisions"}],"predecessor-version":[{"id":9178,"href":"https:\/\/www.ifbaiano.edu.br\/unidades\/santaines\/wp-json\/wp\/v2\/pages\/3127\/revisions\/9178"}],"wp:attachment":[{"href":"https:\/\/www.ifbaiano.edu.br\/unidades\/santaines\/wp-json\/wp\/v2\/media?parent=3127"}],"curies":[{"name":"wp","href":"https:\/\/api.w.org\/{rel}","templated":true}]}}