{"id":355,"date":"2011-11-29T13:03:25","date_gmt":"2011-11-29T13:03:25","guid":{"rendered":"http:\/\/www.ifbaiano.edu.br\/unidades\/santaines\/?page_id=355"},"modified":"2011-12-12T15:41:31","modified_gmt":"2011-12-12T15:41:31","slug":"nucleo-de-gestao-de-pessoas","status":"publish","type":"page","link":"https:\/\/www.ifbaiano.edu.br\/unidades\/santaines\/nucleo-de-gestao-de-pessoas\/","title":{"rendered":"N\u00facleo de Gest\u00e3o de Pessoas"},"content":{"rendered":"<div class=\"no_align_corpo_todo\">\n<div class=\"no_conteudo_todo\">\n<div class=\"conteudo_todo_template\">\n<p style=\"text-align: justify\">O N\u00facleo de Apoio \u00e0 Gest\u00e3o de Pessoas \u2013 NAGP est\u00e1 voltado, principalmente, para o atendimento ao servidor, no <em>campus. <\/em>\u00c9 de relevante import\u00e2ncia em todo o processo que envolve a \u00e1rea de pessoal.<\/p>\n<p style=\"text-align: justify\">Est\u00e1 vinculado, tecnicamente, a Diretoria de Gest\u00e3o de Pessoas &#8211; DGP do IF Baiano, esta, tem a miss\u00e3o estrat\u00e9gica de planejar, democratizar, normatizar, organizar, orientar e controlar processos que efetivamente resultem numa eficaz administra\u00e7\u00e3o e desenvolvimento do servidor, primando sempre pelo cumprimento das prerrogativas estabelecidas na legisla\u00e7\u00e3o.<\/p>\n<p>O NAGP, no campus Santa In\u00eas, funciona oito horas di\u00e1rias &#8211; das 7h30min \u00e0s 11h30min e das 13h30min \u00e0s 17h30min, de segunda a sexta-feira.<\/p>\n<\/div>\n<div class=\"conteudo_todo_template\">\n<div class=\"conteudo_da_subpagina\">\n<div class=\"conteudo_pg_2\">\n<div class=\"outras_noticias\">\n<div class=\"demo\">\n<div>\n<p style=\"text-align: justify\"><strong>ATRIBUI\u00c7\u00d5ES DO N\u00daCLEO DE APOIO \u00c0 GEST\u00c3O DE PESSOAS \u2013 NAGP<\/strong><\/p>\n<p style=\"text-align: justify\">\u00a0&#8211; Atendimento a todos os servidores ativos, inativos e pensionistas do campus que necessitarem obter informa\u00e7\u00f5es e\/ou esclarecimentos;<\/p>\n<p style=\"text-align: justify\">\u00a0&#8211; Encaminhar \u00e0 DGP requerimentos de benef\u00edcios dos servidores e solicita\u00e7\u00f5es ou reclama\u00e7\u00f5es relativas \u00e0s quest\u00f5es de pessoal;<\/p>\n<p style=\"text-align: justify\">\u00a0&#8211; Orientar o servidor quanto aos documentos necess\u00e1rios para requerer benef\u00edcios;<\/p>\n<p style=\"text-align: justify\">\u00a0&#8211; Formalizar Processos, a partir do requerimento de benef\u00edcios, direitos e vantagens &#8211; RDBV e documentos do servidor;<\/p>\n<p style=\"text-align: justify\">\u00a0&#8211; Encaminhar os Processos formalizados e\/ou recebidos de outras unidades de trabalho para a DGP;<\/p>\n<p style=\"text-align: justify\">\u00a0&#8211; Realizar todas as atividades relativas \u00e0 viabiliza\u00e7\u00e3o e realiza\u00e7\u00e3o do registro de ponto e a avalia\u00e7\u00e3o da frequ\u00eancia dos servidores do campus;<\/p>\n<p style=\"text-align: justify\">\u00a0&#8211; Elaborar relat\u00f3rio de frequ\u00eancia de T\u00e9cnico-Administrativos e Docentes do <em>campus<\/em>, encaminhar ao Diretor para abono ou confirma\u00e7\u00e3o das faltas, fazer o lan\u00e7amento das faltas no Sistema Integrado de Administra\u00e7\u00e3o de Pessoal &#8211; SIAPE e encaminhar c\u00f3pia do relat\u00f3rio de faltas para a DGP;<\/p>\n<p style=\"text-align: justify\">\u00a0&#8211; Realizar todas as atividades relativas ao preenchimento do mapa de f\u00e9rias dos servidores do campus, encaminhar c\u00f3pia ao Diretor Geral para tomar ci\u00eancia, fazer lan\u00e7amento no SIAPE e encaminhar o mapa \u00e0 DGP;<\/p>\n<p style=\"text-align: justify\">\u00a0&#8211; Atendimento aos servidores aposentados ou pensionistas do campus, prestando esclarecimentos, dando informa\u00e7\u00f5es e formalizando processo de solicita\u00e7\u00f5es;<\/p>\n<p style=\"text-align: justify\">\u00a0&#8211; Realizar o recadastramento dos servidores aposentados ou pensionistas;<\/p>\n<p style=\"text-align: justify\">\u00a0&#8211; Receber e registrar atestados relativos \u00e0 licen\u00e7a m\u00e9dica e outras, formalizando e encaminhando os Processos \u00e0 DGP;<\/p>\n<p style=\"text-align: justify\">\u00a0&#8211; Informar aos servidores sobre o andamento de Processos, a partir das informa\u00e7\u00f5es repassadas pela DGP\/Coordena\u00e7\u00f5es;<\/p>\n<p style=\"text-align: justify\">\u00a0&#8211; Desenvolver atividades de suporte \u00e0s a\u00e7\u00f5es desenvolvidas pela DGP no \u00e2mbito do campus.<\/p>\n<h3><strong>Documentos<\/strong><\/h3>\n<p><span style=\"color: #ff0000\"><a href=\"http:\/\/www.ifbaiano.edu.br\/unidades\/santaines\/files\/2011\/11\/relacaodedocumentosparainvestidura1.pdf\" target=\"_blank\">Rela\u00e7\u00e3o de documentos para investidura<\/a><\/span><\/p>\n<p><a href=\"http:\/\/www.ifbaiano.edu.br\/unidades\/santaines\/files\/2011\/11\/MODELO-RELAToRIO-DE-VIAGEM.pdf\" target=\"_blank\">Relat\u00f3rio de Viagem<\/a><\/p>\n<p><span style=\"color: #ff0000\"><a href=\"http:\/\/www.ifbaiano.edu.br\/unidades\/santaines\/files\/2011\/11\/tiraduvidasressarcimentosaude1.pdf\" target=\"_blank\">Tira D\u00favidas sobre Ressarcimento Sa\u00fade<\/a><\/span><\/p>\n<h3><strong><strong><strong><strong>Declara\u00e7\u00f5es<\/strong><\/strong><\/strong><\/strong><\/h3>\n<p><span style=\"color: #ff0000\"><span style=\"color: #ff0000\"><a href=\"http:\/\/www.ifbaiano.edu.br\/unidades\/santaines\/files\/2011\/11\/acumulo_de_cargos1.pdf\" target=\"_blank\">Ac\u00famulo de Cargos<\/a><\/span><\/span><\/p>\n<p><a href=\"http:\/\/www.ifbaiano.edu.br\/unidades\/santaines\/files\/2011\/11\/ateracadeendereco.pdf\" target=\"_blank\">Altera\u00e7\u00e3o de Endere\u00e7o<\/a><\/p>\n<p><span style=\"color: #ff0000\"><a href=\"http:\/\/www.ifbaiano.edu.br\/unidades\/santaines\/files\/2011\/11\/autorizacao_acesso_declaracoes_irpf.pdf\" target=\"_blank\">Autoriza\u00e7\u00e3o de Acesso \u00e0s Declara\u00e7\u00f5es de IRPF<\/a><\/span><\/p>\n<p><span style=\"color: #ff0000\"><a href=\"http:\/\/www.ifbaiano.edu.br\/unidades\/santaines\/files\/2011\/11\/dados_bancarios1.pdf\" target=\"_blank\">Dados Banc\u00e1rios<\/a><\/span><\/p>\n<p><span style=\"color: #ff0000\"><a href=\"http:\/\/www.ifbaiano.edu.br\/unidades\/santaines\/files\/2011\/11\/conformidade-plano-de-saude.pdf\" target=\"_blank\">Declara\u00e7\u00e3o de Conformidade da Operadora de Plano de Assist\u00eancia \u00e0 Sa\u00fade<\/a><\/span><\/p>\n<p><span style=\"color: #ff0000\"><a href=\"http:\/\/www.ifbaiano.edu.br\/unidades\/santaines\/files\/2011\/11\/dependentes2.pdf\" target=\"_blank\">Dependentes<\/a><\/span><\/p>\n<p><span style=\"color: #ff0000\"><a href=\"http:\/\/www.ifbaiano.edu.br\/unidades\/santaines\/files\/2011\/11\/endereco2.pdf\" target=\"_blank\">Endere\u00e7o<\/a><\/span><\/p>\n<p><span style=\"color: #ff0000\"><a href=\"http:\/\/www.ifbaiano.edu.br\/unidades\/santaines\/files\/2011\/11\/Ficha-Cadastral.pdf\" target=\"_blank\">Ficha Cadastral<\/a><\/span><\/p>\n<p><span style=\"color: #ff0000\"><a href=\"http:\/\/www.ifbaiano.edu.br\/unidades\/santaines\/files\/2011\/11\/Isencao-de-Penalidade.pdf\" target=\"_blank\">Isen\u00e7\u00e3o de Penalidade<\/a><\/span><\/p>\n<p><span style=\"color: #ff0000\"><a href=\"http:\/\/www.ifbaiano.edu.br\/unidades\/santaines\/files\/2011\/11\/Nao-Acumulo-de-Cargos.pdf\" target=\"_blank\">N\u00e3o Ac\u00famulo de Cargos<\/a><\/span><\/p>\n<h3><strong><strong><strong><strong>Requerimentos<\/strong><\/strong><\/strong><\/strong><\/h3>\n<p><span style=\"color: #ff0000\"><a href=\"http:\/\/www.ifbaiano.edu.br\/unidades\/santaines\/files\/2011\/11\/Adicional-de-Insalubridade.pdf\" target=\"_blank\">Adicional de Insalubridade<\/a><\/span><\/p>\n<p><a href=\"http:\/\/www.ifbaiano.edu.br\/unidades\/santaines\/files\/2011\/11\/autorizacaoparaafastamentodopais.pdf\" target=\"_blank\">Autoriza\u00e7\u00e3o de Afastamento do Pa\u00eds<\/a><\/p>\n<p><span style=\"color: #ff0000\"><a href=\"http:\/\/www.ifbaiano.edu.br\/unidades\/santaines\/files\/2011\/11\/auxiliotransporte.pdf\">Aux\u00edlio Transporte<\/a><\/span><\/p>\n<p><span style=\"color: #ff0000\"><a href=\"http:\/\/www.ifbaiano.edu.br\/unidades\/santaines\/files\/2011\/11\/Benef%C3%ADcios-Direitos-e-Vantagens-Reitoria.pdf\">Benef\u00edcios, Direitos e Vantagens (Reitoria)<\/a><\/span><\/p>\n<p><span style=\"color: #ff0000\"><a href=\"http:\/\/www.ifbaiano.edu.br\/unidades\/santaines\/files\/2011\/11\/Benef%C3%ADcios-Direitos-e-Vantagens-Campus.pdf\">Benef\u00edcios, Direitos e Vantagens (Campus)<\/a><\/span><\/p>\n<p><span style=\"color: #ff0000\"><a href=\"http:\/\/www.ifbaiano.edu.br\/unidades\/santaines\/files\/2011\/11\/Cadastro-de-Dependentes.pdf\">Cadastro de Dependentes<\/a><\/span><\/p>\n<p><a href=\"http:\/\/www.ifbaiano.edu.br\/unidades\/santaines\/files\/2011\/11\/FORMUL%C3%81RIO-INDIVIDUAL-DE-F%C3%89RIAS.pdf\">F\u00e9rias<\/a><\/p>\n<p><a href=\"http:\/\/www.ifbaiano.edu.br\/unidades\/santaines\/files\/2011\/11\/GRATIFICA%C3%87%C3%83O-POR-ENCARGO-DE-CURSO-E-CONCURSO.pdf\">Gratifica\u00e7\u00e3o por Encargo de Curso e Concurso<\/a><\/p>\n<p><span style=\"color: #ff0000\"><a href=\"http:\/\/www.ifbaiano.edu.br\/unidades\/santaines\/files\/2011\/11\/Incentivo-\">Incentivo \u00e0 Qualifica\u00e7\u00e3o<\/a><\/span><\/p>\n<p><a href=\"http:\/\/www.ifbaiano.edu.br\/unidades\/santaines\/files\/2011\/11\/LICEN%C3%87A-PARA-CAPACITA%C3%87%C3%83O.pdf\">Licen\u00e7a para Capacita\u00e7\u00e3o<\/a><\/p>\n<p><span style=\"color: #ff0000\"><a href=\"..\/..\/..\/portal\/wp-content\/uploads\/2010\/05\/Modelo_Requerimento_de_enquadramento12.pdf\">Progress\u00e3o Funcional por Capacita\u00e7\u00e3o (TAE)<\/a><\/span><\/p>\n<p><span style=\"color: #ff0000\"><a href=\"http:\/\/www.ifbaiano.edu.br\/unidades\/santaines\/files\/2011\/11\/Ressarcimento-Reembolso-de-despesas-com-Sa%C3%BAde-Suplementar.pdf\">Ressarcimento (Reembolso de despesas com Sa\u00fade Suplementar)<\/a><\/span><\/p>\n<p><a href=\"http:\/\/www.ifbaiano.edu.br\/unidades\/santaines\/files\/2011\/11\/RESSARCIMENTO-DE-PASSAGEM.pdf\">Ressarcimento de Passagem<\/a><\/p>\n<p><a href=\"http:\/\/www.ifbaiano.edu.br\/unidades\/santaines\/files\/2011\/11\/SUBSTITUI%C3%87%C3%83O-REMUNERADA.pdf\">Substitui\u00e7\u00e3o Remunerada<\/a><\/p>\n<p>&nbsp;<\/p>\n<\/div>\n<\/div>\n<\/div>\n<\/div>\n<\/div>\n<\/div>\n<\/div>\n<\/div>\n","protected":false},"excerpt":{"rendered":"<p>O N\u00facleo de Apoio \u00e0 Gest\u00e3o de Pessoas \u2013 NAGP est\u00e1 voltado, principalmente, para o atendimento ao servidor, no campus. \u00c9 de relevante import\u00e2ncia em todo o processo que envolve a \u00e1rea de pessoal. Est\u00e1 vinculado, tecnicamente, a Diretoria de Gest\u00e3o de Pessoas &#8211; DGP do IF Baiano, esta, tem a miss\u00e3o estrat\u00e9gica de planejar, [&hellip;]<\/p>\n","protected":false},"author":26,"featured_media":0,"parent":0,"menu_order":0,"comment_status":"closed","ping_status":"closed","template":"","meta":[],"_links":{"self":[{"href":"https:\/\/www.ifbaiano.edu.br\/unidades\/santaines\/wp-json\/wp\/v2\/pages\/355"}],"collection":[{"href":"https:\/\/www.ifbaiano.edu.br\/unidades\/santaines\/wp-json\/wp\/v2\/pages"}],"about":[{"href":"https:\/\/www.ifbaiano.edu.br\/unidades\/santaines\/wp-json\/wp\/v2\/types\/page"}],"author":[{"embeddable":true,"href":"https:\/\/www.ifbaiano.edu.br\/unidades\/santaines\/wp-json\/wp\/v2\/users\/26"}],"replies":[{"embeddable":true,"href":"https:\/\/www.ifbaiano.edu.br\/unidades\/santaines\/wp-json\/wp\/v2\/comments?post=355"}],"version-history":[{"count":46,"href":"https:\/\/www.ifbaiano.edu.br\/unidades\/santaines\/wp-json\/wp\/v2\/pages\/355\/revisions"}],"predecessor-version":[{"id":621,"href":"https:\/\/www.ifbaiano.edu.br\/unidades\/santaines\/wp-json\/wp\/v2\/pages\/355\/revisions\/621"}],"wp:attachment":[{"href":"https:\/\/www.ifbaiano.edu.br\/unidades\/santaines\/wp-json\/wp\/v2\/media?parent=355"}],"curies":[{"name":"wp","href":"https:\/\/api.w.org\/{rel}","templated":true}]}}