{"id":5241,"date":"2015-02-06T13:24:24","date_gmt":"2015-02-06T16:24:24","guid":{"rendered":"http:\/\/www.ifbaiano.edu.br\/unidades\/santaines\/?page_id=5241"},"modified":"2015-02-06T14:15:40","modified_gmt":"2015-02-06T17:15:40","slug":"bibliografia-online-do-curso-de-zootecnia","status":"publish","type":"page","link":"https:\/\/www.ifbaiano.edu.br\/unidades\/santaines\/bibliografia-online-do-curso-de-zootecnia\/","title":{"rendered":"Bibliografia Online do Curso de Zootecnia"},"content":{"rendered":"<p>&nbsp;<\/p>\n<table width=\"687\" border=\"1\" cellspacing=\"0\" cellpadding=\"0\" align=\"left\">\n<tbody>\n<tr>\n<td valign=\"top\" width=\"64\">Semestre<\/td>\n<td valign=\"top\" width=\"170\">Disciplina<\/td>\n<td valign=\"top\" width=\"57\">B\u00e1sica<\/td>\n<td valign=\"top\" width=\"57\">Compl.<\/td>\n<td valign=\"top\" width=\"321\">REFER\u00caNCIA E SITE PARA PESQUISA<\/td>\n<\/tr>\n<tr>\n<td valign=\"top\" width=\"64\">&nbsp;<\/p>\n<p>1\u00ba<\/td>\n<td valign=\"top\" width=\"170\">&nbsp;<\/p>\n<p>&nbsp;<\/p>\n<p>INFORM\u00c1TICA B\u00c1SICA<\/p>\n<p align=\"center\">\n<\/td>\n<td valign=\"top\" width=\"57\">&nbsp;<\/td>\n<td valign=\"top\" width=\"57\">\u00a0x<\/td>\n<td valign=\"top\" width=\"321\">Associa\u00e7\u00e3o Brasileira de Agroinform\u00e1tica (SBIAgro). <a href=\"http:\/\/www.sbiagro.org.br\/\">http:\/\/www.sbiagro.org.br\/<\/a><\/p>\n<p>&nbsp;<\/td>\n<\/tr>\n<tr>\n<td valign=\"top\" width=\"64\">5\u00ba<\/td>\n<td valign=\"top\" width=\"170\">REPRODU\u00c7\u00c3O ANIMAL<\/td>\n<td valign=\"top\" width=\"57\">&nbsp;<\/td>\n<td valign=\"top\" width=\"57\">x<\/td>\n<td valign=\"top\" width=\"321\">\n<ul>\n<li><a href=\"http:\/\/www.portaleducacao.com.br\/veterinaria\/artigos\/2412\/producao-e-reproducao-animal#!1\">http:\/\/www.portaleducacao.com.br\/veterinaria\/artigos\/2412\/producao-e-reproducao-animal#!1<\/a><\/li>\n<\/ul>\n<p>&nbsp;<\/p>\n<ul>\n<li><a href=\"http:\/\/biotecanimal.cenargen.embrapa.br\/publicacoes\">http:\/\/biotecanimal.cenargen.embrapa.br\/publicacoes<\/a><\/li>\n<\/ul>\n<p>&nbsp;<\/p>\n<ul>\n<li><a href=\"http:\/\/www.fazu.br\/cgi-bin\/infoisisnet.cgi\/pesq?NIVEL=1000&amp;ASSUNTO=Reprodu%E7%E3o%20animal&amp;BASEISIS=1&amp;FROM=1&amp;COUNT=50&amp;FORMAT=simples&amp;ORDEMFORMATO=porautor&amp;PAGINAORIGEM=&amp;SITE\">http:\/\/www.fazu.br\/cgi-bin\/infoisisnet.cgi\/pesq?NIVEL=1000&amp;ASSUNTO=Reprodu%E7%E3o%20animal&amp;BASEISIS=1&amp;FROM=1&amp;COUNT=50&amp;FORMAT=simples&amp;ORDEMFORMATO=porautor&amp;PAGINAORIGEM=&amp;SITE<\/a><\/li>\n<\/ul>\n<\/td>\n<\/tr>\n<tr>\n<td valign=\"top\" width=\"64\">7\u00ba<\/td>\n<td valign=\"top\" width=\"170\">TECNOLOGIA DE LEITE E DERIVADOS<\/p>\n<p>&nbsp;<\/td>\n<td valign=\"top\" width=\"57\">&nbsp;<\/td>\n<td valign=\"top\" width=\"57\">x<\/td>\n<td valign=\"top\" width=\"321\">BRASIL. <strong>Regulamentos t\u00e9cnicos de identidade e qualidade dos produtos l\u00e1cteos<\/strong>. Bras\u00edlia: Minist\u00e9rio da Agricultura, Pecu\u00e1ria e Abastecimento. Dispon\u00edvel em: <a href=\"http:\/\/www.agricultura.gov.br\/sda\/dipoa\/legislacaoespecifica_leited.htm\">http:\/\/www.agricultura.gov.br\/sda\/dipoa\/legislacaoespecifica_leited.htm<\/a><\/p>\n<p>&nbsp;<\/td>\n<\/tr>\n<tr>\n<td valign=\"top\" width=\"64\">8\u00ba<\/td>\n<td valign=\"top\" width=\"170\">TIPIFICA\u00c7AO E CLASSIFICA\u00c7\u00c3O DE CARCA\u00c7AS<\/td>\n<td valign=\"top\" width=\"57\">&nbsp;<\/td>\n<td valign=\"top\" width=\"57\">x<\/td>\n<td valign=\"top\" width=\"321\">\n<ul>\n<li>Departamento de Inspe\u00e7\u00e3o de Produtos de Origem Animal. <strong>Regulamento da Inspe\u00e7\u00e3o Industrial e Sanit\u00e1ria de Produtos de Origem Animal (RIISPOA).<\/strong> Bras\u00edlia, 2013. 154p. URL: <a href=\"http:\/\/www.agricultura.gov.br\/arq_editor\/file\/Aniamal\/MercadoInterno\/Requisitos\/RegulamentoInspecaoIndustrial.pdf\">http:\/\/www.agricultura.gov.br\/arq_editor\/file\/Aniamal\/MercadoInterno\/Requisitos\/RegulamentoInspecaoIndustrial.pdf<\/a>&gt; Acesso em: 16 de jul de 2013.<strong><\/strong><\/li>\n<\/ul>\n<p>&nbsp;<\/p>\n<ul>\n<li>BRASIL. Minist\u00e9rio da Agricultura, Pecu\u00e1ria e Abastecimento. Instru\u00e7\u00e3o Normativa 9, de 4 de maio de 2004, D.O.U. 05\/05\/2004. <strong>Sistema de Classifica\u00e7\u00e3o de Bovinos<\/strong>. [Online] URL: &lt; <a href=\"http:\/\/sistemasweb.agricultura.gov.br\/sislegis\/action\/detalhaAto.do?method=consultarLegislacaoFederal\">http:\/\/sistemasweb.agricultura.gov.br\/sislegis\/action\/detalhaAto.do?method=consultarLegislacaoFederal<\/a>&gt;.<\/li>\n<\/ul>\n<p>&nbsp;<\/p>\n<ul>\n<li>LUDTKE, C.B.; CIOCCA, J.R.P.; DANDIN, T.; BARBALHO, P.C.; VILELA, J.A.; COSTA, O.A.D.<strong> Abate humanit\u00e1rio em su\u00ednos.<\/strong> Sociedade mundial de prote\u00e7\u00e3o animal &#8211; WSPA Brasil. Rio de Janeiro-RJ: WSPA, 2010. [Online] URL:&lt; <a href=\"http:\/\/www.agricultura.gov.br\/arq_editor\/Abate%20H_%20de%20Suinos%20-%20WSPA%20Brasil.pdf\">http:\/\/www.agricultura.gov.br\/arq_editor\/Abate%20H_%20de%20Suinos%20-%20WSPA%20Brasil.pdf<\/a><\/li>\n<\/ul>\n<p>&nbsp;<\/p>\n<p>&nbsp;<\/p>\n<ul>\n<li>LUDTKE, C.B.; CIOCCA, J.R.P.; DANDIN, T.; BARBALHO, P.C.; VILELA, J.A. <strong>Abate humanit\u00e1rio em aves. <\/strong>Sociedade mundial de prote\u00e7\u00e3o animal &#8211; WSPA Brasil. Rio de Janeiro-RJ: WSPA, 2010. [Online] <a href=\"\/www.agricultura.gov.br\/arq_editor\/Abate%20H_%20de%20Aves%20-%20WSPA%20Brasil.pdf\">URL:&lt;http:\/\/www.agricultura.gov.br\/arq_editor\/Abate%20H_%20de%20Aves%20-%20WSPA%20Brasil.pdf<\/a>&gt;.<\/li>\n<\/ul>\n<p>&nbsp;<\/p>\n<ul>\n<li>LUDTKE, C.B.; CIOCCA, J.R.P.; DANDIN, T.; BARBALHO, P.C.; VILELA, J.A.; FERRARINI, C. <strong>Abate humanit\u00e1rio em bovinos. <\/strong>Sociedade mundial de prote\u00e7\u00e3o animal &#8211; WSPA Brasil. Rio de Janeiro-RJ: WSPA, 2012. [Online] URL: <a href=\"http:\/\/www.agricultura.gov.br\/arq_editor\/Manual%20Bovinos.pdf\">http:\/\/www.agricultura.gov.br\/arq_editor\/Manual%20Bovinos.pdf<\/a><\/li>\n<\/ul>\n<\/td>\n<\/tr>\n<tr>\n<td valign=\"top\" width=\"64\">OPTATIVA<\/td>\n<td valign=\"top\" width=\"170\">BEM ESTAR ANIMAL<\/td>\n<td valign=\"top\" width=\"57\">&nbsp;<\/td>\n<td valign=\"top\" width=\"57\">x<\/td>\n<td valign=\"top\" width=\"321\">\n<ul>\n<li>LUDTKE, C.B.; CIOCCA, J.R.P.; DANDIN, T.; BARBALHO, P.C.; VILELA, J.A.; COSTA, O.A.D.<strong> Abate humanit\u00e1rio em su\u00ednos.<\/strong> Sociedade mundial de prote\u00e7\u00e3o animal &#8211; WSPA Brasil. Rio de Janeiro-RJ: WSPA, 2010. [Online] URL:&lt; <a href=\"http:\/\/www.agricultura.gov.br\/arq_editor\/Abate%20H_%20de%20Suinos%20-%20WSPA%20Brasil.pdf\">http:\/\/www.agricultura.gov.br\/arq_editor\/Abate%20H_%20de%20Suinos%20-%20WSPA%20Brasil.pdf<\/a>&gt;<\/li>\n<\/ul>\n<p>&nbsp;<\/p>\n<ul>\n<li>LUDTKE, C.B.; CIOCCA, J.R.P.; DANDIN, T.; BARBALHO, P.C.; VILELA, J.A. <strong>Abate humanit\u00e1rio em aves. <\/strong>Sociedade mundial de prote\u00e7\u00e3o animal &#8211; WSPA Brasil. Rio de Janeiro-RJ: WSPA, 2010. [Online] <a href=\"\/www.agricultura.gov.br\/arq_editor\/Abate%20H_%20de%20Aves%20-%20WSPA%20Brasil.pdf\">URL:&lt;http:\/\/www.agricultura.gov.br\/arq_editor\/Abate%20H_%20de%20Aves%20-%20WSPA%20Brasil.pdf<\/a>&gt;.<\/li>\n<\/ul>\n<p>&nbsp;<\/p>\n<ul>\n<li>LUDTKE, C.B.; CIOCCA, J.R.P.; DANDIN, T.; BARBALHO, P.C.; VILELA, J.A.; FERRARINI, C. <strong>Abate humanit\u00e1rio em bovinos. <\/strong>Sociedade mundial de prote\u00e7\u00e3o animal &#8211; WSPA Brasil. Rio de Janeiro-RJ: WSPA, 2012. [Online] URL: <a href=\"http:\/\/www.agricultura.gov.br\/arq_editor\/Manual%20Bovinos.pdf\">http:\/\/www.agricultura.gov.br\/arq_editor\/Manual%20Bovinos.pdf<\/a><\/li>\n<\/ul>\n<p>&nbsp;<\/td>\n<\/tr>\n<tr>\n<td valign=\"top\" width=\"64\">OPTATIVA<\/td>\n<td valign=\"top\" width=\"170\">CARCINICULTURA<\/td>\n<td valign=\"top\" width=\"57\">&nbsp;<\/td>\n<td valign=\"top\" width=\"57\">x<\/td>\n<td valign=\"top\" width=\"321\">MORALES, V.; J. CU\u00c9LLAR-ANJEL (eds.). <strong>Gu\u00eda T\u00e9cnica &#8211; Patolog\u00eda e Inmunolog\u00eda de Camarones Penaeidos.<\/strong>Programa CYTED Red II-D Vannamei, Panam\u00e1, Rep. de Panam\u00e1, 2008. 270 p. Dispon\u00edvel apenas Online. URL:<\/p>\n<table width=\"410\" cellspacing=\"0\" cellpadding=\"0\" align=\"center\">\n<tbody>\n<tr>\n<td align=\"left\" valign=\"top\"><a href=\"http:\/\/www.rr-americas.oie.int\/documentos\/PATOLOGIA%20E%20INMUNOLOGIA.pdf%3e\">http:\/\/www.rr-americas.oie.int\/documentos\/PATOLOGIA%20E%20INMUNOLOGIA.pdf&gt;<\/a><\/td>\n<\/tr>\n<\/tbody>\n<\/table>\n<div>\n<table width=\"410\" cellspacing=\"0\" cellpadding=\"0\" align=\"center\">\n<tbody>\n<tr>\n<td align=\"left\" valign=\"top\"><\/td>\n<\/tr>\n<\/tbody>\n<\/table>\n<\/div>\n<p>&nbsp;<\/td>\n<\/tr>\n<tr>\n<td valign=\"top\" width=\"64\">OPTATIVA<\/td>\n<td valign=\"top\" width=\"170\">MELIPONICULTURA<\/td>\n<td valign=\"top\" width=\"57\">x<\/td>\n<td valign=\"top\" width=\"57\">&nbsp;<\/td>\n<td valign=\"top\" width=\"321\">\n<ul>\n<li>SILVEIRA, F.A.; MELO, G.A.R.; ALMEIDA, E.A.B. Abelhas brasileiras: sistem\u00e1tica e identifica\u00e7\u00e3o. Belo Horizonte: Fernando A. Silveira, 2002. 253 p.: il. [Online] <a href=\"\/\/www.lojadomeliponicultor.com.br\/livros\/abelhas_brasileiras.pdf\">URL:&lt;http:\/\/www.lojadomeliponicultor.com.br\/livros\/abelhas_brasileiras.pdf<\/a>&gt;<\/li>\n<\/ul>\n<p>&nbsp;<\/p>\n<ul>\n<li>VENTURIERI, G.C. <strong>Cria\u00e7\u00e3o de abelhas ind\u00edgenas sem ferr\u00e3o.<\/strong> 2\u00aa ed. EMBRAPA Amaz\u00f4nia Oriental, 2008. [Online] URL:&lt; <a href=\"http:\/\/mel.cpatu.embrapa.br\/Criacao%20de%20abelhas%20indigenas%20sem%20ferrao.pdf\">http:\/\/mel.cpatu.embrapa.br\/Criacao%20de%20abelhas%20indigenas%20sem%20ferrao.pdf<\/a>&gt;<\/li>\n<\/ul>\n<p>&nbsp;<\/td>\n<\/tr>\n<tr>\n<td valign=\"top\" width=\"64\">OPTATIVA<\/td>\n<td valign=\"top\" width=\"170\">MELIPONICULTURA<\/td>\n<td valign=\"top\" width=\"57\">&nbsp;<\/td>\n<td valign=\"top\" width=\"57\">x<\/td>\n<td valign=\"top\" width=\"321\">BAQUERO, L.; STAMATTI, G. <strong>C<\/strong><strong>r\u00eda y manejo de abejas sin aguij\u00f3n<\/strong>. Ediciones del Subtr\u00f3pico, Julio de 2007. [Online] <a href=\"\/www.abelhanativa.com.br\/Down\/criaymanejodeabejassinaguijon.pdf\">URL:&lt;http:\/\/www.abelhanativa.com.br\/Down\/criaymanejodeabejassinaguijon.pdf<\/a>&gt;<\/p>\n<p>&nbsp;<\/td>\n<\/tr>\n<tr>\n<td valign=\"top\" width=\"64\">OPTATIVA<\/td>\n<td valign=\"top\" width=\"170\">RECURSOS FORRAGEIROS DA CAATINGA<\/td>\n<td valign=\"top\" width=\"57\">&nbsp;<\/td>\n<td valign=\"top\" width=\"57\">x<\/td>\n<td valign=\"top\" width=\"321\">LEAL, I.R.; TABARELLI, M.; SILVA, J.M.C. (editores). <strong>Ecologia e conserva\u00e7\u00e3o da caatinga.<\/strong> Recife-PE: Ed. Universit\u00e1ria da UFPE, 2003. 822 p.: il. [Online] <a href=\"\/\/www.mma.gov.br\/estruturas\/203\/_arquivos\/5_livro_ecologia_e_conservao_da_caatinga_203.pdf\">URL:&lt;http:\/\/www.mma.gov.br\/estruturas\/203\/_arquivos\/5_livro_ecologia_e_conservao_da_caatinga_203.pdf<\/a>&gt;<\/p>\n<p>&nbsp;<\/td>\n<\/tr>\n<tr>\n<td valign=\"top\" width=\"64\">OPTATIVA<\/p>\n<p>&nbsp;<\/p>\n<p>&nbsp;<\/p>\n<p>&nbsp;<\/p>\n<p>&nbsp;<\/p>\n<p>&nbsp;<\/p>\n<p>&nbsp;<\/p>\n<p>&nbsp;<\/p>\n<p>&nbsp;<\/p>\n<p>&nbsp;<\/p>\n<p>&nbsp;<\/p>\n<p>&nbsp;<\/p>\n<p>&nbsp;<\/p>\n<p>&nbsp;<\/td>\n<td valign=\"top\" width=\"170\">DEFESA SANIT\u00c1RIA ANIMAL<\/td>\n<td valign=\"top\" width=\"57\">&nbsp;<\/td>\n<td valign=\"top\" width=\"57\">x<\/td>\n<td valign=\"top\" width=\"321\">BRASIL. Minist\u00e9rio da Agricultura, Pecu\u00e1ria e Abastecimento. <strong>Controle da raiva dos herb\u00edvoros: manual t\u00e9cnico.<\/strong> Bras\u00edlia: Minist\u00e9rio da Agricultura, Pecu\u00e1ria e Abastecimento, 2009. 125 p. [Online] URL:&lt;<a>&#8220;&gt;http:\/\/www.agricultura.gov.br\/arq_editor\/file\/Aniamal\/programa%20nacional%20dos%20herbivoros\/manual%20tecnico%20para%20controle%20da%20raiva.pdf&gt;<\/a><\/td>\n<\/tr>\n<tr>\n<td valign=\"top\" width=\"64\">OPTATIVA<\/td>\n<td valign=\"top\" width=\"170\">TECNOLOGIA DE OVOS E PESCADOS<\/td>\n<td valign=\"top\" width=\"57\">&nbsp;<\/td>\n<td valign=\"top\" width=\"57\">x<\/td>\n<td valign=\"top\" width=\"321\">\n<ul>\n<li>Minist\u00e9rio da Agricultura, Pecu\u00e1ria e Abastecimento. <strong>Regulamento T\u00e9cnico de Identidade e Qualidade de Peixe Salgado e Peixe Salgado Seco<\/strong>. Dispon\u00edvel em: <a href=\"http:\/\/extranet.agricultura.gov.br\/sislegis-onsulta\/servlet\/VisualizarAnexo?id=3823\">http:\/\/extranet.agricultura.gov.br\/sislegis-onsulta\/servlet\/VisualizarAnexo?id=3823<\/a><\/li>\n<\/ul>\n<p>&nbsp;<\/p>\n<ul>\n<li>Minist\u00e9rio da Agricultura, Pecu\u00e1ria e Abastecimento. <strong>Regulamento T\u00e9cnico de Identidade e Qualidade de Conserva de Peixes<\/strong>. Dispon\u00edvel em: <a href=\"http:\/\/extranet.agricultura.gov.br\/sislegis-consulta\/servlet\/VisualizarAnexo?id=2484\">http:\/\/extranet.agricultura.gov.br\/sislegis-consulta\/servlet\/VisualizarAnexo?id=2484<\/a><\/li>\n<\/ul>\n<p>&nbsp;<\/p>\n<p>&nbsp;<\/p>\n<ul>\n<li>Minist\u00e9rio da Agricultura, Pecu\u00e1ria e Abastecimento. MAPA. Portaria n\u00ba 185, de 13 de maio de 1997. <strong>Aprova o Regulamento T\u00e9cnico de Identidade e Qualidade de Peixe Fresco (Inteiro e Eviscerado)<\/strong>. Dispon\u00edvel em: <a href=\"http:\/\/extranet.agricultura.gov.br\/sislegisconsulta\/consultarLegisla\u00e7\u00e3o.do?opera\u00e7ao=visualizar&amp;id=2453\">http:\/\/extranet.agricultura.gov.br\/sislegisconsulta\/consultarLegisla\u00e7\u00e3o.do?opera\u00e7ao=visualizar&amp;id=2453<\/a>.<\/li>\n<\/ul>\n<p>&nbsp;<\/p>\n<p>&nbsp;<\/p>\n<ul>\n<li>BRASIL. Minist\u00e9rio da Agricultura e do Abastecimento. Secretaria de Defesa Agropecu\u00e1ria. Departamento de Inspe\u00e7\u00e3o de Produtos de Origem Animal. <strong>Regulamento da Inspe\u00e7\u00e3o Industrial e Sanit\u00e1ria de Produtos de Origem Animal (RIISPOA).<\/strong> Bras\u00edlia, 2013. 154p. URL: <a href=\"http:\/\/www.agricultura.gov.br\/arq_editor\/file\/Aniamal\/MercadoInterno\/Requisitos\/RegulamentoInspecaoIndustrial.pdf\">http:\/\/www.agricultura.gov.br\/arq_editor\/file\/Aniamal\/MercadoInterno\/Requisitos\/RegulamentoInspecaoIndustrial.pdf<\/a>&gt; Acesso em: 16 de jul de 2013.<strong><\/strong><\/li>\n<\/ul>\n<p><strong>\u00a0<\/strong><\/p>\n<p>&nbsp;<\/td>\n<\/tr>\n<tr>\n<td valign=\"top\" width=\"64\">OPTATIVA<\/td>\n<td valign=\"top\" width=\"170\">AN\u00c1LISE QU\u00cdMICA DA \u00c1GUA<\/td>\n<td valign=\"top\" width=\"57\">&nbsp;<\/td>\n<td valign=\"top\" width=\"57\">x<\/td>\n<td valign=\"top\" width=\"321\">BRASIL. Minist\u00e9rio do Meio Ambiente.\u00a0Conselho Nacional do Meio Ambiente &#8211; CONAMA. <strong>Resolu\u00e7\u00e3o CONAMA n. 357, de 17 de mar\u00e7o de 2005<\/strong>. Dispon\u00edvel em: <a href=\"http:\/\/www.mma.gov.br\/port\/conama\/legiabre.cfm?codlegi=459\">http:\/\/www.mma.gov.br\/port\/conama\/legiabre.cfm?codlegi=459<\/a><\/p>\n<p>&nbsp;<\/td>\n<\/tr>\n<\/tbody>\n<\/table>\n<p>&nbsp;<\/p>\n<p>&nbsp;<\/p>\n<p>&nbsp;<\/p>\n","protected":false},"excerpt":{"rendered":"<p>&nbsp; Semestre Disciplina B\u00e1sica Compl. REFER\u00caNCIA E SITE PARA PESQUISA &nbsp; 1\u00ba &nbsp; &nbsp; INFORM\u00c1TICA B\u00c1SICA &nbsp; \u00a0x Associa\u00e7\u00e3o Brasileira de Agroinform\u00e1tica (SBIAgro). http:\/\/www.sbiagro.org.br\/ &nbsp; 5\u00ba REPRODU\u00c7\u00c3O ANIMAL &nbsp; x http:\/\/www.portaleducacao.com.br\/veterinaria\/artigos\/2412\/producao-e-reproducao-animal#!1 &nbsp; http:\/\/biotecanimal.cenargen.embrapa.br\/publicacoes &nbsp; http:\/\/www.fazu.br\/cgi-bin\/infoisisnet.cgi\/pesq?NIVEL=1000&amp;ASSUNTO=Reprodu%E7%E3o%20animal&amp;BASEISIS=1&amp;FROM=1&amp;COUNT=50&amp;FORMAT=simples&amp;ORDEMFORMATO=porautor&amp;PAGINAORIGEM=&amp;SITE 7\u00ba TECNOLOGIA DE LEITE E DERIVADOS &nbsp; &nbsp; x BRASIL. Regulamentos t\u00e9cnicos de identidade e qualidade dos produtos l\u00e1cteos. Bras\u00edlia: [&hellip;]<\/p>\n","protected":false},"author":1,"featured_media":0,"parent":0,"menu_order":0,"comment_status":"closed","ping_status":"closed","template":"","meta":[],"_links":{"self":[{"href":"https:\/\/www.ifbaiano.edu.br\/unidades\/santaines\/wp-json\/wp\/v2\/pages\/5241"}],"collection":[{"href":"https:\/\/www.ifbaiano.edu.br\/unidades\/santaines\/wp-json\/wp\/v2\/pages"}],"about":[{"href":"https:\/\/www.ifbaiano.edu.br\/unidades\/santaines\/wp-json\/wp\/v2\/types\/page"}],"author":[{"embeddable":true,"href":"https:\/\/www.ifbaiano.edu.br\/unidades\/santaines\/wp-json\/wp\/v2\/users\/1"}],"replies":[{"embeddable":true,"href":"https:\/\/www.ifbaiano.edu.br\/unidades\/santaines\/wp-json\/wp\/v2\/comments?post=5241"}],"version-history":[{"count":4,"href":"https:\/\/www.ifbaiano.edu.br\/unidades\/santaines\/wp-json\/wp\/v2\/pages\/5241\/revisions"}],"predecessor-version":[{"id":8142,"href":"https:\/\/www.ifbaiano.edu.br\/unidades\/santaines\/wp-json\/wp\/v2\/pages\/5241\/revisions\/8142"}],"wp:attachment":[{"href":"https:\/\/www.ifbaiano.edu.br\/unidades\/santaines\/wp-json\/wp\/v2\/media?parent=5241"}],"curies":[{"name":"wp","href":"https:\/\/api.w.org\/{rel}","templated":true}]}}