{"id":6033,"date":"2019-05-15T09:34:11","date_gmt":"2019-05-15T12:34:11","guid":{"rendered":"http:\/\/www.ifbaiano.edu.br\/unidades\/santaines\/?page_id=6033"},"modified":"2026-04-09T09:52:03","modified_gmt":"2026-04-09T12:52:03","slug":"ce-coordenacao-de-ensino","status":"publish","type":"page","link":"https:\/\/www.ifbaiano.edu.br\/unidades\/santaines\/ce-coordenacao-de-ensino\/","title":{"rendered":"Coordena\u00e7\u00e3o de Ensino &#8211; CE"},"content":{"rendered":"\n<hr class=\"wp-block-separator has-css-opacity\" \/>\n\n\n\n<p>A Coordena\u00e7\u00e3o de Ensino \u00e9 constitu\u00edda pelas Coordena\u00e7\u00f5es dos Cursos T\u00e9cnicos Integrados ao Ensino M\u00e9dio, Laborat\u00f3rios, N\u00facleo de Rela\u00e7\u00f5es Institucionais (NRI), Secretaria de Registros Acad\u00eamicos (SRA) e Setor de Biblioteca (STB).<\/p>\n\n\n\n<p class=\"has-background has-medium-font-size\" style=\"background-color:#ebebeb;border-top:4px solid #36b139\"><strong>Boletim Informativo Oficial da Coordena\u00e7\u00e3o de Ensino<\/strong><\/p>\n\n\n\n<p>O Boletim Informativo Oficial da Coordena\u00e7\u00e3o de Ensino prop\u00f5e divulgar informa\u00e7\u00f5es que aprimorem o fluxo de procedimentos e a comunica\u00e7\u00e3o entre a comunidade acad\u00eamica, permitindo, assim, o constante acesso \u00e0s informa\u00e7\u00f5es relacionadas \u00e0s atividades did\u00e1ticas e pedag\u00f3gicas.&nbsp;<\/p>\n\n\n\n<p><span style=\"color: #003300\"><strong>Para acesso ao Boletim Informativo clique <a href=\"https:\/\/www.ifbaiano.edu.br\/unidades\/santaines\/files\/2026\/03\/Boletim-informativo-2026.pdf\">AQUI<\/a>.<\/strong><\/span><\/p>\n\n\n\n<hr class=\"wp-block-separator has-alpha-channel-opacity\" \/>\n\n\n\n<p class=\"has-background has-medium-font-size\" style=\"background-color:#ebebeb;border-top:4px solid #36b139\"><strong>Relat\u00f3rios de Gest\u00e3o<\/strong><\/p>\n\n\n\n<p>Os relat\u00f3rios abaixo s\u00e3o documentos que detalham as atividades acad\u00eamicas desenvolvidas, anualmente, pela Coordena\u00e7\u00e3o de Ensino &#8211; CE, a partir do ano de 2022 <\/p>\n\n\n\n<p><span style=\"color: #003300\"><strong>Para acesso a cada relat\u00f3rio clique no ano correspondente<\/strong><\/span><\/p>\n\n\n\n<figure class=\"wp-block-table\"><table><tbody><tr><td class=\"has-text-align-center\" data-align=\"center\"><a href=\"https:\/\/www.ifbaiano.edu.br\/unidades\/santaines\/files\/2025\/10\/CE-relatorio-2022.pdf\"><strong>2022<\/strong><\/a><\/td><td class=\"has-text-align-center\" data-align=\"center\"><strong><a href=\"https:\/\/www.ifbaiano.edu.br\/unidades\/santaines\/files\/2025\/10\/CE-relatorio-ano-2023.pdf\">2023<\/a><\/strong><\/td><td class=\"has-text-align-center\" data-align=\"center\"><strong><a href=\"https:\/\/www.ifbaiano.edu.br\/unidades\/santaines\/files\/2025\/10\/CE-relatorio-ano-2024.pdf\">2024<\/a><\/strong><\/td><td class=\"has-text-align-center\" data-align=\"center\"><strong><a href=\"https:\/\/www.ifbaiano.edu.br\/unidades\/santaines\/files\/2026\/03\/relatorio-CE-ano-2025.pdf\">2025<\/a><\/strong><\/td><td class=\"has-text-align-center\" data-align=\"center\">2026&nbsp;<\/td><\/tr><\/tbody><\/table><figcaption class=\"wp-element-caption\">Relat\u00f3rios Anuais de Gest\u00e3o &#8211; CE<\/figcaption><\/figure>\n\n\n\n<hr class=\"wp-block-separator has-alpha-channel-opacity\" \/>\n\n\n\n<p class=\"has-background has-medium-font-size\" style=\"background-color:#ebebeb;border-top:4px solid #36b139\"><strong>Calend\u00e1rios Acad\u00eamicos de Anos Anteriores &#8211; 2015 a 2025<\/strong><\/p>\n\n\n\n<p>Os calend\u00e1rios acad\u00eamicos apresentam as datas e os prazos para realiza\u00e7\u00e3o das atividades acad\u00eamicas da Institui\u00e7\u00e3o.<\/p>\n\n\n\n<div class=\"wp-block-pb-accordion-item c-accordion__item js-accordion-item no-js\" data-initially-open=\"false\" data-click-to-close=\"true\" data-auto-close=\"true\" data-scroll=\"false\" data-scroll-offset=\"0\"><h2 id=\"at-60330\" class=\"c-accordion__title js-accordion-controller\" role=\"button\">Clique para visualizar os Calend\u00e1rios Acad\u00eamicos em seus respectivos Anos Letivos<\/h2><div id=\"ac-60330\" class=\"c-accordion__content\">\n<p>A metodologia utilizada para a constru\u00e7\u00e3o dos calend\u00e1rios abaixo seguiu a <a rel=\"noreferrer noopener\" href=\"https:\/\/www.ifbaiano.edu.br\/unidades\/santaines\/files\/2017\/09\/Resolu%C3%A7%C3%A3o-n%C2%BA-65-2.pdf\" target=\"_blank\">Resolu\u00e7\u00e3o n\u00ba 65, de 30 de novembro de 2016<\/a>&nbsp;do Conselho Superior, acrescido da aprecia\u00e7\u00e3o e contribui\u00e7\u00f5es da Comunidade Acad\u00eamica.<\/p>\n\n\n\n<hr class=\"wp-block-separator has-alpha-channel-opacity\" \/>\n\n\n\n<h3 class=\"wp-block-heading\">Calend\u00e1rios Ano Letivo 2015<\/h3>\n\n\n\n<ul>\n<li><a href=\"http:\/\/www.ifbaiano.edu.br\/unidades\/santaines\/files\/2013\/06\/Calendario-Academico-Integrado-2015-Santa-Ines.pdf\">Cursos T\u00e9cnicos Integrados<\/a><\/li>\n\n\n\n<li><a href=\"http:\/\/www.ifbaiano.edu.br\/unidades\/santaines\/files\/2013\/06\/Calendario-Informatica-modulo-I.pdf\">Curso T\u00e9cnico Subsequente &#8211; M\u00f3dulo I<\/a><\/li>\n\n\n\n<li><a href=\"http:\/\/www.ifbaiano.edu.br\/unidades\/santaines\/files\/2013\/06\/Calendario-Informaticamodulo-II.pdf\">Curso T\u00e9cnico Subsequente &#8211; M\u00f3dulo II<\/a><\/li>\n\n\n\n<li><a href=\"http:\/\/www.ifbaiano.edu.br\/unidades\/santaines\/files\/2013\/06\/Calendario-2015_Cursos-Superiores.pdf\">Cursos Superiores<\/a><\/li>\n<\/ul>\n\n\n\n<hr class=\"wp-block-separator has-alpha-channel-opacity\" \/>\n\n\n\n<h3 class=\"wp-block-heading\">Calend\u00e1rios Ano Letivo 2016<\/h3>\n\n\n\n<ul>\n<li><a href=\"http:\/\/www.ifbaiano.edu.br\/unidades\/santaines\/files\/2013\/06\/CALENDARIO-ACADEMICO-2016-CURSOS-INTEGRADOS-CAMPUS-SANTA-INES.pdf\">Cursos T\u00e9cnicos Integrados<\/a><\/li>\n\n\n\n<li><a href=\"http:\/\/www.ifbaiano.edu.br\/unidades\/santaines\/files\/2013\/06\/CALENDARIO-ACADEMICO-2016-PROEJA-CAMPUS-SANTA-INES.pdf\">Curso T\u00e9cnico em Agropecu\u00e1ria &#8211; PROEJA<\/a><\/li>\n\n\n\n<li><a href=\"http:\/\/www.ifbaiano.edu.br\/unidades\/santaines\/files\/2013\/06\/CALENDARIO-ACADEMICO-2016-SUBSEQUENTE-CAMPUS-SANTA-INES.pdf\">Curso T\u00e9cnico Subsequente<\/a><\/li>\n\n\n\n<li><a href=\"http:\/\/www.ifbaiano.edu.br\/unidades\/santaines\/files\/2013\/06\/CALEDARIO-ACADEMICO-2016-CURSOS-SUPERIORES-CAMPUS-SANTA-INES.pdf\">Cursos Superiores<\/a><\/li>\n<\/ul>\n\n\n\n<hr class=\"wp-block-separator has-alpha-channel-opacity\" \/>\n\n\n\n<h3 class=\"wp-block-heading\">Calend\u00e1rios Ano Letivo 2016 (P\u00f3s Greve)<\/h3>\n\n\n\n<ul>\n<li><a href=\"http:\/\/www.ifbaiano.edu.br\/unidades\/santaines\/files\/2013\/06\/Calendario-2016-INTEGRADO-Pos-Greve.pdf\">Cursos T\u00e9cnicos Integrados<\/a><\/li>\n\n\n\n<li><a href=\"http:\/\/www.ifbaiano.edu.br\/unidades\/santaines\/files\/2013\/06\/Calendario-2016-SUBSEQUENTE-Pos-Greve.pdf\">Curso T\u00e9cnico Subsequente<\/a><\/li>\n\n\n\n<li><a href=\"http:\/\/www.ifbaiano.edu.br\/unidades\/santaines\/files\/2013\/06\/Calendario-2016-SUBSEQUENTE-Pos-Greve.pdf\">Cursos Superiores<\/a><\/li>\n<\/ul>\n\n\n\n<hr class=\"wp-block-separator has-alpha-channel-opacity\" \/>\n\n\n\n<h3 class=\"wp-block-heading\">Calend\u00e1rios Ano Letivo 2017<\/h3>\n\n\n\n<ul>\n<li><a href=\"https:\/\/www.ifbaiano.edu.br\/unidades\/santaines\/files\/2013\/06\/Calend%C3%A1rio-2017-INTEGRADO.pdf\">Cursos T\u00e9cnicos Integrados<\/a><\/li>\n\n\n\n<li><a href=\"http:\/\/www.ifbaiano.edu.br\/unidades\/santaines\/files\/2013\/06\/Calend%C3%A1rio-2017-SUBSEQUENTE.pdf\">Curso T\u00e9cnico Subsequente<\/a><\/li>\n\n\n\n<li><a href=\"http:\/\/www.ifbaiano.edu.br\/unidades\/santaines\/files\/2013\/06\/Calend%C3%A1rio-2017-SUPERIOR.pdf\">Cursos Superiores<\/a><\/li>\n<\/ul>\n\n\n\n<hr class=\"wp-block-separator has-alpha-channel-opacity\" \/>\n\n\n\n<h3 class=\"wp-block-heading\">Calend\u00e1rios Ano Letivo 2018<\/h3>\n\n\n\n<ul>\n<li><a href=\"http:\/\/www.ifbaiano.edu.br\/unidades\/santaines\/files\/2013\/06\/Calend%C3%A1rio-2018-INTEGRADO-Santa-In%C3%AAs.pdf\">Cursos T\u00e9cnicos Integrados<\/a><\/li>\n\n\n\n<li><a href=\"http:\/\/www.ifbaiano.edu.br\/unidades\/santaines\/files\/2013\/06\/Calend%C3%A1rio-2018-SUBSEQUENTE-Santa-In%C3%AAs.pdf\">Curso T\u00e9cnico Subsequente<\/a><\/li>\n\n\n\n<li><a href=\"http:\/\/www.ifbaiano.edu.br\/unidades\/santaines\/files\/2013\/06\/Calend%C3%A1rio-2018-GRADUA%C3%87%C3%83O-Santa-In%C3%AAs.pdf\">Cursos Superiores<\/a><\/li>\n<\/ul>\n\n\n\n<hr class=\"wp-block-separator has-alpha-channel-opacity\" \/>\n\n\n\n<h3 class=\"wp-block-heading\">Calend\u00e1rios Ano Letivo 2019<\/h3>\n\n\n\n<ul>\n<li><a href=\"http:\/\/www.ifbaiano.edu.br\/unidades\/santaines\/files\/2019\/04\/Calend%C3%A1rio-Acad%C3%AAmico-Letivo-2019_Cursos-Integrados.pdf\">Cursos T\u00e9cnicos Integrados<\/a><\/li>\n\n\n\n<li><a href=\"http:\/\/www.ifbaiano.edu.br\/unidades\/santaines\/files\/2019\/04\/CALEND%C3%81RIO-SUBSEQUENTE-2019.pdf\">Curso T\u00e9cnico Subsequente<\/a><\/li>\n\n\n\n<li><a href=\"http:\/\/www.ifbaiano.edu.br\/unidades\/santaines\/files\/2019\/04\/CALEND%C3%81RIO-PROEJA-2019.pdf\">Curso T\u00e9cnico em Agropecu\u00e1ria &#8211; PROEJA<\/a><\/li>\n\n\n\n<li><a href=\"http:\/\/www.ifbaiano.edu.br\/unidades\/santaines\/files\/2019\/04\/Calend%C3%A1rio-Acad%C3%AAmico-2019_Gradua%C3%A7%C3%B5es.pdf\">Cursos Superiores<\/a><\/li>\n<\/ul>\n\n\n\n<h3 class=\"wp-block-heading\">Calend\u00e1rios Ano Letivo 2020<\/h3>\n\n\n\n<ul>\n<li><a href=\"https:\/\/www.ifbaiano.edu.br\/unidades\/santaines\/files\/2021\/07\/CALENDARIO-TECNICO-INTEGRADO-2020.pdf\">Cursos T\u00e9cnicos Integrados<\/a><\/li>\n\n\n\n<li><a href=\"https:\/\/www.ifbaiano.edu.br\/unidades\/santaines\/files\/2021\/07\/CALENDARIO-SUBSEQUENTE-DE-INFORMATICA-2020.pdf\">Curso T\u00e9cnico Subsequente<\/a><\/li>\n\n\n\n<li><a href=\"http:\/\/www.ifbaiano.edu.br\/unidades\/santaines\/files\/2020\/01\/CALENDARIO-EaD-2020-1.pdf\">Cursos T\u00e9cnicos EaD<\/a><\/li>\n\n\n\n<li><a href=\"https:\/\/www.ifbaiano.edu.br\/unidades\/santaines\/files\/2021\/07\/CALENDARIO-PROEJA-2020.pdf\">Curso T\u00e9cnico em Agropecu\u00e1ria &#8211; PROEJA<\/a><\/li>\n\n\n\n<li><a href=\"https:\/\/www.ifbaiano.edu.br\/unidades\/santaines\/files\/2020\/11\/CALENDARIO-APNP.pdf\">Calend\u00e1rio APNP<\/a> &#8211; Atividade Pedag\u00f3gica N\u00e3o Presencial<\/li>\n\n\n\n<li><a href=\"http:\/\/xn--calendrio%20apnp%20cursos%20integrados%20-%202020-07d\/\">Calend\u00e1rio APNP &#8211; Cursos Integrados<\/a><\/li>\n\n\n\n<li><a href=\"https:\/\/www.ifbaiano.edu.br\/unidades\/santaines\/files\/2021\/03\/CALENDARIO-APNP-PROEJA-2020.pdf\">Calend\u00e1rio APNP Curso Proeja<\/a><\/li>\n\n\n\n<li><a href=\"https:\/\/www.ifbaiano.edu.br\/unidades\/santaines\/files\/2021\/03\/CALENDARIO-APNP-SUBSEQUENTE-2020.pdf\">Calend\u00e1rio APNP &#8211; Curso Subsequente<\/a><\/li>\n\n\n\n<li><a href=\"https:\/\/www.ifbaiano.edu.br\/unidades\/santaines\/files\/2021\/07\/CALENDARIO-LICENCIATURAS-2020.pdf\">Cursos Superiores -Licenciaturas<\/a><\/li>\n\n\n\n<li><a href=\"https:\/\/www.ifbaiano.edu.br\/unidades\/santaines\/files\/2021\/07\/CALENDARIO-BACHARELADO-EM-ZOOTECNIA-2020.pdf\">Curso Superior &#8211; Bacharelado<\/a><\/li>\n<\/ul>\n\n\n\n<hr class=\"wp-block-separator has-alpha-channel-opacity\" \/>\n\n\n\n<h3 class=\"wp-block-heading\">Calend\u00e1rios Ano Letivo 2021<\/h3>\n\n\n\n<ul>\n<li><a href=\"https:\/\/www.ifbaiano.edu.br\/unidades\/santaines\/files\/2022\/01\/CALENDARIO-INTEGRADO-2021-Carga-Horaria.pdf\">Cursos T\u00e9cnicos Integrados<\/a><\/li>\n\n\n\n<li><a href=\"https:\/\/www.ifbaiano.edu.br\/unidades\/santaines\/files\/2022\/01\/CALENDARIO-SUBSEQUENTE-2021-1.pdf\">Curso T\u00e9cnico Subsequente<\/a><\/li>\n\n\n\n<li><a href=\"https:\/\/www.ifbaiano.edu.br\/unidades\/santaines\/files\/2021\/07\/CALENDARIO-PROEJA-2020.pdf\">Curso T\u00e9cnico em Agropecu\u00e1ria &#8211; PROEJA<\/a><\/li>\n\n\n\n<li><a href=\"https:\/\/www.ifbaiano.edu.br\/unidades\/santaines\/files\/2022\/01\/CALENDARIO-LICENCIATURAS-2021.pdf\">Cursos Superiores -Licenciaturas<\/a><\/li>\n\n\n\n<li><a href=\"https:\/\/ifbaiano.edu.br\/portal\/ciencias-biologicas-santa-ines\/wp-content\/uploads\/sites\/24\/2022\/05\/CALENDARIO-LICENCIATURAS-2021-Alterado-11.05.2022-1.pdf\">Licenciaturas <\/a>(Alterado)<\/li>\n\n\n\n<li><a href=\"https:\/\/www.ifbaiano.edu.br\/unidades\/santaines\/files\/2022\/01\/CALENDARIO-BACHARELADO-EM-ZOOTECNIA-2021.pdf\">Curso Superior &#8211; Bacharelado<\/a><\/li>\n<\/ul>\n\n\n\n<hr class=\"wp-block-separator has-alpha-channel-opacity\" \/>\n\n\n\n<h3 class=\"wp-block-heading\"><strong>Calend\u00e1rios Ano Letivo 2022&nbsp;<\/strong><\/h3>\n\n\n\n<ul>\n<li><a href=\"https:\/\/www.ifbaiano.edu.br\/unidades\/santaines\/files\/2025\/10\/CE-relatorio-2022.pdf\">Cursos T\u00e9cnicos Integrados<\/a><\/li>\n\n\n\n<li><a href=\"https:\/\/www.ifbaiano.edu.br\/unidades\/santaines\/files\/2022\/09\/calendario-PROEJA.pdf\">Curso T\u00e9cnico em Agropecu\u00e1ria &#8211; PROEJA<\/a><\/li>\n\n\n\n<li><a href=\"https:\/\/www.ifbaiano.edu.br\/unidades\/santaines\/files\/2022\/09\/calendario-subsequente.pdf\">Curso T\u00e9cnico Subsequente<\/a><\/li>\n\n\n\n<li><a href=\"https:\/\/www.ifbaiano.edu.br\/unidades\/santaines\/files\/2023\/08\/Calendario-Ano-Letivo-LICENCIATURAS-2022.pdf\">Cursos Superiores &#8211; Licenciaturas<\/a><\/li>\n\n\n\n<li><a href=\"https:\/\/www.ifbaiano.edu.br\/unidades\/santaines\/files\/2023\/08\/Calendario-Ano-Letivo-Bacharelado-Zootecnica-2022.2.pdf\">Curso Superior &#8211; Bacharelado<\/a><\/li>\n<\/ul>\n\n\n\n<hr class=\"wp-block-separator has-alpha-channel-opacity\" \/>\n\n\n\n<h3 class=\"wp-block-heading\"> <strong>Calend\u00e1rios Ano Letivo 2023&nbsp;<\/strong> <\/h3>\n\n\n\n<ul>\n<li><a href=\"https:\/\/www.ifbaiano.edu.br\/unidades\/santaines\/files\/2023\/08\/Calendario-Ano-Letivo-2023-1-Ano.pdf\">Curso T\u00e9cnico Integrado &#8211; 1\u00ba Ano &#8211; 2023.1<\/a><\/li>\n\n\n\n<li><a href=\"https:\/\/www.ifbaiano.edu.br\/unidades\/santaines\/files\/2023\/08\/CALENDARIO-ANO-LETIVO-3-ano-2023.pdf\">Curso T\u00e9cnico Integrado 3\u00ba Ano<\/a><\/li>\n\n\n\n<li><a href=\"https:\/\/www.ifbaiano.edu.br\/unidades\/santaines\/files\/2023\/08\/Calendario-Ano-Letivo-2023-PROEJA.pdf\">Curso T\u00e9cnico Integrado &#8211; PROEJA<\/a><\/li>\n\n\n\n<li><a href=\"https:\/\/www.ifbaiano.edu.br\/unidades\/santaines\/files\/2023\/08\/Calendario-Ano-Letivo-Subsequente-2023.1.pdf\">Calend\u00e1rio Ano Letivo Subsequente 2023.1<\/a><\/li>\n\n\n\n<li><a href=\"https:\/\/www.ifbaiano.edu.br\/unidades\/santaines\/files\/2023\/08\/Calendario-Ano-Letivo-LICENCIATURAS-2023.pdf\">Cursos Superiores &#8211; Licenciaturas<\/a><\/li>\n\n\n\n<li><a href=\"https:\/\/www.ifbaiano.edu.br\/unidades\/santaines\/files\/2023\/08\/Calendario-Ano-Letivo-bacharelado-zootecnia-2023.pdf\">Curso Superior &#8211; Zootecnia<\/a><\/li>\n<\/ul>\n\n\n\n<hr class=\"wp-block-separator has-alpha-channel-opacity\" \/>\n\n\n\n<h3 class=\"wp-block-heading\"><strong>Calend\u00e1rios Acad\u00eamicos Anos Letivos 2023\/2024<\/strong><\/h3>\n\n\n\n<ul>\n<li><a href=\"https:\/\/www.ifbaiano.edu.br\/unidades\/santaines\/files\/2024\/11\/Calendario-Ano-Letivo-cursos-superiores-2023.pdf\">Calend\u00e1rio Ano Letivo cursos superiores 2023<\/a><\/li>\n\n\n\n<li><a href=\"https:\/\/www.ifbaiano.edu.br\/unidades\/santaines\/files\/2025\/03\/Superior_20241.pdf\">Calend\u00e1rio Ano Letivo cursos superiores 2024<\/a><\/li>\n\n\n\n<li><a href=\"https:\/\/www.ifbaiano.edu.br\/unidades\/santaines\/files\/2024\/09\/Calendario-Ano-Letivo-cursos-informatica-subsequente-2023.pdf\">Calend\u00e1rio Ano Letivo Curso T\u00e9cnico Subsequente em Inform\u00e1tica &#8211; 2023<\/a><\/li>\n\n\n\n<li><a href=\"https:\/\/www.ifbaiano.edu.br\/unidades\/santaines\/files\/2024\/07\/Calendario-Ano-Letivo-cursos-Ensino-Medio-Integrado-2024.pdf\">Calend\u00e1rio Ano Letivo 2023 &#8211; Cursos T\u00e9cnicos Integrados ao Ensino M\u00e9dio- 2024<\/a><\/li>\n\n\n\n<li><a href=\"https:\/\/www.ifbaiano.edu.br\/unidades\/santaines\/files\/2024\/09\/Calendario-Ano-Letivo-cursos-Ensino-Medio-Integrado-2024.pdf\">Calend\u00e1rio Ano Letivo Cursos T\u00e9cnicos &#8211; Ensino M\u00e9dio Integrado 2024<\/a><\/li>\n\n\n\n<li><a href=\"https:\/\/www.ifbaiano.edu.br\/unidades\/santaines\/files\/2024\/09\/Calendario-Ano-Letivo-PROEJA-2024.pdf\">PROEJA 2024<\/a><\/li>\n<\/ul>\n\n\n\n<h3 class=\"wp-block-heading\"><strong>Calend\u00e1rios Acad\u00eamicos 2025<\/strong><\/h3>\n\n\n\n<hr class=\"wp-block-separator has-alpha-channel-opacity\" \/>\n\n\n\n<p>A metodologia de constru\u00e7\u00e3o dos Calend\u00e1rios Acad\u00eamicos do Ano Letivo 2025 segue a <a href=\"https:\/\/suap.ifbaiano.edu.br\/documento_eletronico\/visualizar_documento\/756012\/\">Instru\u00e7\u00e3o Normativa n\u00ba 4\/2025<\/a>, de 3 de outubro de 2025. <\/p>\n\n\n\n<hr class=\"wp-block-separator has-alpha-channel-opacity\" \/>\n\n\n\n<ul>\n<li><a href=\"https:\/\/www.ifbaiano.edu.br\/unidades\/santaines\/files\/2025\/03\/Superior_20251.pdf\">Calend\u00e1rio Ano Letivo cursos superiores 2025<\/a><\/li>\n\n\n\n<li><a href=\"https:\/\/www.ifbaiano.edu.br\/unidades\/santaines\/files\/2025\/03\/Curso_Tecnico_Subsequente_em_Informatica_11.pdf\">Calend\u00e1rio Ano Letivo Curso T\u00e9cnico Subsequente em Inform\u00e1tica &#8211; 2025<\/a><\/li>\n\n\n\n<li><a href=\"https:\/\/www.ifbaiano.edu.br\/unidades\/santaines\/files\/2025\/03\/Curso_Tecnico_Integrado_20251.pdf\">Calend\u00e1rio Ano Letivo Cursos T\u00e9cnicos &#8211; Ensino M\u00e9dio Integrado 2025<\/a><\/li>\n\n\n\n<li><a href=\"https:\/\/www.ifbaiano.edu.br\/unidades\/santaines\/files\/2025\/03\/Curso_Tecnico_Ensino_Medio_PROEJA_20251.pdf\">Calend\u00e1rio Ano Letivo Curso T\u00e9cnico em Agropecu\u00e1ria PROEJA 2025<\/a><\/li>\n<\/ul>\n\n\n\n<hr class=\"wp-block-separator has-alpha-channel-opacity\" \/>\n<\/div><\/div>\n\n\n\n<p class=\"has-background has-medium-font-size\" style=\"background-color:#ebebeb;border-top:4px solid #36b139\"><strong>Calend\u00e1rios Acad\u00eamicos 2026<\/strong><\/p>\n\n\n\n<h3 class=\"wp-block-heading\"><strong>Calend\u00e1rios Acad\u00eamicos Anos Letivos 2026<\/strong><\/h3>\n\n\n\n<ul>\n<li><a href=\"https:\/\/www.ifbaiano.edu.br\/unidades\/santaines\/files\/2026\/02\/GRADUACOES.pdf\">Cursos Superiores<\/a><\/li>\n\n\n\n<li><a href=\"https:\/\/www.ifbaiano.edu.br\/unidades\/santaines\/files\/2026\/02\/ENSINO-MEDIO-INTEGRADO.pdf\">Cursos T\u00e9cnicos Integrados ao Ensino M\u00e9dio<\/a><\/li>\n\n\n\n<li><a href=\"https:\/\/www.ifbaiano.edu.br\/unidades\/santaines\/files\/2026\/02\/PROEJA.pdf\">PROEJA<\/a><\/li>\n<\/ul>\n\n\n\n<hr class=\"wp-block-separator has-alpha-channel-opacity\" \/>\n\n\n\n<hr class=\"wp-block-separator has-alpha-channel-opacity\" \/>\n\n\n\n<p class=\"has-background has-medium-font-size\" style=\"background-color:#ebebeb;border-top:4px solid #36b139\"><strong>Calend\u00e1rios de Eventos, Atividades Pedag\u00f3gicas e S\u00e1bados Letivos<\/strong><\/p>\n\n\n\n<p><strong>Para acesso a cada Calend\u00e1rio, clique no respectivo Ano Letivo:<\/strong><\/p>\n\n\n\n<figure class=\"wp-block-table\"><table><tbody><tr><td class=\"has-text-align-center\" data-align=\"center\"><strong><a href=\"https:\/\/www.ifbaiano.edu.br\/unidades\/santaines\/files\/2017\/06\/Calend%C3%A1rio-de-Eventos-atividades-Pedag%C3%B3gicas-e-s%C3%A1bados-letivos-Cursos-T%C3%A9cnicos-Integrados.pdf\">2017<\/a><\/strong><\/td><td class=\"has-text-align-center\" data-align=\"center\"><strong><a href=\"https:\/\/www.ifbaiano.edu.br\/unidades\/santaines\/files\/2018\/07\/Calend%C3%A1rio-de-eventos-e-s%C3%A1bados-letivos-2018.pdf\">2018<\/a><\/strong><\/td><td class=\"has-text-align-center\" data-align=\"center\"><strong><a href=\"https:\/\/www.ifbaiano.edu.br\/unidades\/santaines\/files\/2019\/07\/CALEND%C3%81RIO-DE-EVENTOS-2019-e-PAA-2019.pdf\">2019<\/a><\/strong><\/td><td class=\"has-text-align-center\" data-align=\"center\">2020<\/td><\/tr><tr><td class=\"has-text-align-center\" data-align=\"center\">2021<\/td><td class=\"has-text-align-center\" data-align=\"center\"><a href=\"https:\/\/www.ifbaiano.edu.br\/unidades\/santaines\/files\/2022\/09\/Calendario-de-eventos-atividades-pedagogicas-e-sabados-letivos-2022.pdf\"><strong>2022<\/strong><\/a><\/td><td class=\"has-text-align-center\" data-align=\"center\"><strong><a href=\"https:\/\/www.ifbaiano.edu.br\/unidades\/santaines\/files\/2023\/08\/Calendario-de-Eventos-e-Sabados-Letivos-2023_2024.pdf\">2023\/2024<\/a><\/strong><\/td><td class=\"has-text-align-center\" data-align=\"center\">* <strong><a href=\"https:\/\/www.ifbaiano.edu.br\/unidades\/santaines\/files\/2024\/09\/Calendario-de-eventos-e-sabados-letivos-2024-pos-greve-atualizado-1.pdf\">2024<\/a><\/strong><\/td><\/tr><tr><td class=\"has-text-align-center\" data-align=\"center\"><strong><a href=\"https:\/\/www.ifbaiano.edu.br\/unidades\/santaines\/files\/2025\/11\/Calendario-de-eventos-e-sabados-letivos-2025-ATUALIZADO-03.11.2025.pdf\">2025<\/a><\/strong><\/td><td class=\"has-text-align-center\" data-align=\"center\"><strong><a href=\"https:\/\/www.ifbaiano.edu.br\/unidades\/santaines\/files\/2026\/03\/Calendario-de-eventos-e-sabados-letivos-2026-1.pdf\">2026<\/a><\/strong><\/td><td class=\"has-text-align-center\" data-align=\"center\">2027<\/td><td class=\"has-text-align-center\" data-align=\"center\">2028<\/td><\/tr><\/tbody><\/table><figcaption class=\"wp-element-caption\">* Calend\u00e1rio P\u00f3s Greve<\/figcaption><\/figure>\n\n\n\n<hr class=\"wp-block-separator has-css-opacity\" \/>\n\n\n\n<h3 class=\"wp-block-heading\"><strong>Contatos:<\/strong><\/h3>\n\n\n\n<p><strong>Coordenadora de Ensino: <\/strong>Rom\u00e1ria Pereira de Ara\u00fajo<\/p>\n\n\n\n<p><strong>Coordenadora Substituta: <\/strong>J\u00e9ssica Ferreira Lima<\/p>\n\n\n\n<p><strong>E-mail: <\/strong>coordenacaodeensino@si.ifbaiano.edu.br<\/p>\n\n\n\n<p><strong>Secret\u00e1ria:<\/strong> Ana Ang\u00e9lica Oliveira Santos<\/p>\n\n\n\n<p><strong>E-mail: <\/strong>ana.santos@si.ifbaiano.edu.br<\/p>\n","protected":false},"excerpt":{"rendered":"<p>A Coordena\u00e7\u00e3o de Ensino \u00e9 constitu\u00edda pelas Coordena\u00e7\u00f5es dos Cursos T\u00e9cnicos Integrados ao Ensino M\u00e9dio, Laborat\u00f3rios, N\u00facleo de Rela\u00e7\u00f5es Institucionais (NRI), Secretaria de Registros Acad\u00eamicos (SRA) e Setor de Biblioteca (STB). Boletim Informativo Oficial da Coordena\u00e7\u00e3o de Ensino O Boletim Informativo Oficial da Coordena\u00e7\u00e3o de Ensino prop\u00f5e divulgar informa\u00e7\u00f5es que aprimorem o fluxo de procedimentos [&hellip;]<\/p>\n","protected":false},"author":86,"featured_media":0,"parent":0,"menu_order":0,"comment_status":"closed","ping_status":"closed","template":"","meta":[],"_links":{"self":[{"href":"https:\/\/www.ifbaiano.edu.br\/unidades\/santaines\/wp-json\/wp\/v2\/pages\/6033"}],"collection":[{"href":"https:\/\/www.ifbaiano.edu.br\/unidades\/santaines\/wp-json\/wp\/v2\/pages"}],"about":[{"href":"https:\/\/www.ifbaiano.edu.br\/unidades\/santaines\/wp-json\/wp\/v2\/types\/page"}],"author":[{"embeddable":true,"href":"https:\/\/www.ifbaiano.edu.br\/unidades\/santaines\/wp-json\/wp\/v2\/users\/86"}],"replies":[{"embeddable":true,"href":"https:\/\/www.ifbaiano.edu.br\/unidades\/santaines\/wp-json\/wp\/v2\/comments?post=6033"}],"version-history":[{"count":87,"href":"https:\/\/www.ifbaiano.edu.br\/unidades\/santaines\/wp-json\/wp\/v2\/pages\/6033\/revisions"}],"predecessor-version":[{"id":27427,"href":"https:\/\/www.ifbaiano.edu.br\/unidades\/santaines\/wp-json\/wp\/v2\/pages\/6033\/revisions\/27427"}],"wp:attachment":[{"href":"https:\/\/www.ifbaiano.edu.br\/unidades\/santaines\/wp-json\/wp\/v2\/media?parent=6033"}],"curies":[{"name":"wp","href":"https:\/\/api.w.org\/{rel}","templated":true}]}}