{"id":6288,"date":"2015-12-11T08:51:08","date_gmt":"2015-12-11T11:51:08","guid":{"rendered":"http:\/\/www.ifbaiano.edu.br\/unidades\/santaines\/?page_id=6288"},"modified":"2017-11-14T10:34:04","modified_gmt":"2017-11-14T13:34:04","slug":"nucleo-de-nutricao-e-saude","status":"publish","type":"page","link":"https:\/\/www.ifbaiano.edu.br\/unidades\/santaines\/nucleo-de-nutricao-e-saude\/","title":{"rendered":"N\u00facleo de Nutri\u00e7\u00e3o e Sa\u00fade &#8211; NNS"},"content":{"rendered":"<hr \/>\n<p align=\"justify\"><span style=\"font-family: Times New Roman,serif\"><span style=\"font-size: medium\">O N\u00facleo de Nutri\u00e7\u00e3o e Sa\u00fade contribui para implementa\u00e7\u00e3o do Programa de Assist\u00eancia Integral \u00e0 Sa\u00fade (PRO-SA\u00daDE) que integra a Pol\u00edtica de Assist\u00eancia Estudantil do IF Baiano. <\/span><\/span><\/p>\n<p align=\"justify\"><span style=\"font-family: Times New Roman,serif\"><span style=\"font-size: medium\">O PRO-SA\u00daDE visa criar mecanismos para viabilizar assist\u00eancia ao estudante, atrav\u00e9s dos servi\u00e7os de atendimento m\u00e9dico, odontol\u00f3gico, psicol\u00f3gico, enfermagem e nutri\u00e7\u00e3o, incluindo a\u00e7\u00f5es de preven\u00e7\u00e3o, promo\u00e7\u00e3o, tratamento e vigil\u00e2ncia \u00e0 sa\u00fade da comunidade discente (como exemplos: campanhas de vacina\u00e7\u00e3o, doa\u00e7\u00e3o de sangue, riscos das doen\u00e7as sexualmente transmiss\u00edveis, sa\u00fade bucal, higiene corporal e orienta\u00e7\u00e3o nutricional). <\/span><\/span><\/p>\n<p align=\"justify\"><span style=\"font-family: Times New Roman,serif\"><span style=\"font-size: medium\">Atrav\u00e9s do PRO-SA\u00daDE, os campi dever\u00e3o buscar a cria\u00e7\u00e3o de conv\u00eanios com o Sistema \u00danico de Sa\u00fade (SUS), ou servi\u00e7os alternativos, para o encaminhamento de usu\u00e1rios que necessitem de assist\u00eancia \u00e0 sa\u00fade de n\u00edvel mais complexo.<\/span><\/span><\/p>\n<hr \/>\n<p align=\"justify\"><span style=\"font-family: Times New Roman,serif\"><span style=\"font-size: medium\"><strong>1. N\u00daCLEO DE NUTRI\u00c7\u00c3O<\/strong><\/span><\/span><\/p>\n<p align=\"justify\"><span style=\"font-family: Times New Roman,serif\"><span style=\"font-size: medium\">O N\u00facleo de Nutri\u00e7\u00e3o, composto por Nutricionista, Cozinheiros e Auxiliares, promove a\u00e7\u00f5es que visam o funcionamento adequando do Restaurante do IF Baiano <em>Campus <\/em>Santa In\u00eas (Refeit\u00f3rio).<\/span><\/span><\/p>\n<p align=\"justify\"><span style=\"font-family: Times New Roman,serif\"><span style=\"font-size: medium\">O Restaurante do IF Baiano <em>Campus<\/em> Santa In\u00eas tem fun\u00e7\u00e3o social e n\u00e3o visa lucros, tendo por finalidade: <\/span><\/span><\/p>\n<ul>\n<li>\n<p align=\"justify\"><span style=\"font-family: Times New Roman,serif\"><span style=\"font-size: medium\">fornecer alimenta\u00e7\u00e3o balanceada que atenda \u00e0s necessidades nutricionais b\u00e1sicas de seus usu\u00e1rios; <\/span><\/span><\/p>\n<\/li>\n<li>\n<p align=\"justify\"><span style=\"font-family: Times New Roman,serif\"><span style=\"font-size: medium\">contribuir com o desenvolvimento de programas de educa\u00e7\u00e3o nutricional e sanit\u00e1ria; <\/span><\/span><\/p>\n<\/li>\n<li>\n<p align=\"justify\"><span style=\"font-family: Times New Roman,serif\"><span style=\"font-size: medium\">atuar como um dos instrumentos de pol\u00edtica de perman\u00eancia e \u00eaxito estudantil.<\/span><\/span><\/p>\n<\/li>\n<\/ul>\n<p align=\"justify\"><span style=\"font-family: Times New Roman,serif\"><span style=\"font-size: medium\">Os hor\u00e1rios de funcionamento, regras de acesso e utiliza\u00e7\u00e3o, s\u00e3o institu\u00eddas por regulamento pr\u00f3prio, dispon\u00edvel no menu Conhe\u00e7a o Campus\/Documentos Institucionais\/<a href=\"http:\/\/www.ifbaiano.edu.br\/unidades\/santaines\/documentos-e-regulamentos-institucionais\/\" target=\"_blank\">Regulamento do Refeit\u00f3rio<\/a>.\u00a0<\/span><\/span><\/p>\n<p align=\"justify\"><span style=\"font-family: Times New Roman,serif\"><span style=\"font-size: medium\"><strong>Setor de Alimenta\u00e7\u00e3o e Nutri\u00e7\u00e3o <\/strong><\/span><\/span><\/p>\n<p align=\"justify\"><span style=\"font-family: Times New Roman,serif\"><span style=\"font-size: medium\">Servidores: Andr\u00e9ia Santos Carvalho \/ Valter Costa Silva<\/span><\/span><\/p>\n<p align=\"justify\"><span style=\"font-family: Times New Roman,serif\"><span style=\"font-size: medium\">Telefone: 73 3536 1210 \u2013 Ramal 111<\/span><\/span><\/p>\n<p align=\"justify\"><span style=\"font-family: Times New Roman,serif\"><span style=\"font-size: medium\">Endere\u00e7o eletr\u00f4nico: andreia.carvalho@ifbaiano.edu.br \/ valter.silva@ifbaiano.edu.br<\/span><\/span><\/p>\n<hr \/>\n<p align=\"justify\"><span style=\"font-family: Times New Roman,serif\"><span style=\"font-size: medium\"><strong>2. N\u00daCLEO SA\u00daDE<\/strong><\/span><\/span><\/p>\n<p align=\"justify\"><span style=\"font-family: Times New Roman,serif\"><span style=\"font-size: medium\">O N\u00facleo Sa\u00fade do IF Baiano <em>Campus<\/em> Santa In\u00eas \u00e9 composto por T\u00e9cnico em Enfermagem, Odont\u00f3logo, e Psic\u00f3logo. Promove atendimento ambulatorial em pequenas urg\u00eancias, avalia\u00e7\u00e3o, triagem e encaminhamentos necess\u00e1rios, preven\u00e7\u00e3o cl\u00ednica e educa\u00e7\u00e3o voltada para sa\u00fade.<\/span><\/span><\/p>\n<p align=\"justify\"><span style=\"font-family: Times New Roman,serif\"><span style=\"font-size: medium\"><strong>2.1. Enfermaria<\/strong><\/span><\/span><\/p>\n<p align=\"justify\"><span style=\"font-family: Times New Roman,serif\"><span style=\"font-size: medium\">A Enfermaria funciona de segunda a sexta, das 07h30min \u00e0s 22h30min, e tem como atribui\u00e7\u00f5es:<\/span><\/span><\/p>\n<ul>\n<li>\n<p align=\"justify\"><span style=\"font-family: Times New Roman,serif\"><span style=\"font-size: medium\">realizar primeiros socorros no \u00e2mbito de enfermagem;<\/span><\/span><\/p>\n<\/li>\n<li>\n<p align=\"justify\"><span style=\"font-family: Times New Roman,serif\"><span style=\"font-size: medium\">realizar acompanhamento em atendimentos hospitalares e ambulatoriais;<\/span><\/span><\/p>\n<\/li>\n<li>\n<p align=\"justify\"><span style=\"font-family: Times New Roman,serif\"><span style=\"font-size: medium\">assistir alunos em viagens em que necessite maior suporte em sa\u00fade;<\/span><\/span><\/p>\n<\/li>\n<li>\n<p align=\"justify\"><span style=\"font-family: Times New Roman,serif\"><span style=\"font-size: medium\">prestar atendimento e acompanhar alunos no interior dos alojamentos;<\/span><\/span><\/p>\n<\/li>\n<li>\n<p align=\"justify\"><span style=\"font-family: Times New Roman,serif\"><span style=\"font-size: medium\">orientar administra\u00e7\u00e3o de medica\u00e7\u00f5es prescritas atrav\u00e9s de receita m\u00e9dica;<\/span><\/span><\/p>\n<\/li>\n<li>\n<p align=\"justify\"><span style=\"font-family: Times New Roman,serif\"><span style=\"font-size: medium\">orientar pacientes a assumirem, com autonomia, a pr\u00f3pria sa\u00fade.<\/span><\/span><\/p>\n<\/li>\n<\/ul>\n<p align=\"justify\"><span style=\"font-family: Times New Roman,serif\"><span style=\"font-size: medium\"><strong>Enfermaria<\/strong><\/span><\/span><\/p>\n<p align=\"justify\"><span style=\"font-family: Times New Roman,serif\"><span style=\"font-size: medium\">Servidora: Suomi Juana Oliveira da Silva Fran\u00e7a<\/span><\/span><\/p>\n<p align=\"justify\"><span style=\"font-family: Times New Roman,serif\"><span style=\"font-size: medium\">Telefone: 73 3536 1210 \u2013 Ramal 28<\/span><\/span><\/p>\n<p align=\"justify\"><span style=\"font-family: Times New Roman,serif\"><span style=\"font-size: medium\">Endere\u00e7o eletr\u00f4nico: suomi.fran\u00e7a@ifbaiano.edu.br<\/span><\/span><\/p>\n<p align=\"justify\"><span style=\"font-family: Times New Roman,serif\"><span style=\"font-size: medium\"><strong>2.2. Consult\u00f3rio Odontol\u00f3gico<\/strong><\/span><\/span><\/p>\n<p align=\"justify\"><span style=\"font-family: Times New Roman,serif\"><span style=\"font-size: medium\">A assist\u00eancia odontol\u00f3gica compreende procedimentos cl\u00ednicos b\u00e1sicos e de urg\u00eancia, incluindo: diagn\u00f3stico, profilaxia (limpeza), restaura\u00e7\u00f5es e exodontias (extra\u00e7\u00f5es).<\/span><\/span><\/p>\n<p align=\"justify\"><span style=\"font-family: Times New Roman,serif\"><span style=\"font-size: medium\">O agendamento de consultas odontol\u00f3gicas ocorre quinzenalmente, nos dias de quarta-feira, sendo o atendimento em dia\/hor\u00e1rio de acordo o curso.<\/span><\/span><\/p>\n<p align=\"justify\"><span style=\"font-family: Times New Roman,serif\"><span style=\"font-size: medium\">Servidor: Anderson Jambeiro de Souza <\/span><\/span><\/p>\n<p align=\"justify\"><span style=\"font-family: Times New Roman,serif\"><span style=\"font-size: medium\">Telefone: 73 3536 1210 \u2013 Ramal 36<\/span><\/span><\/p>\n<p align=\"justify\"><span style=\"font-family: Times New Roman,serif\"><span style=\"font-size: medium\">Endere\u00e7o eletr\u00f4nico: anderson.souza@ifbaiano.edu.br<\/span><\/span><\/p>\n<hr \/>\n<p>&nbsp;<\/p>\n","protected":false},"excerpt":{"rendered":"<p>O N\u00facleo de Nutri\u00e7\u00e3o e Sa\u00fade contribui para implementa\u00e7\u00e3o do Programa de Assist\u00eancia Integral \u00e0 Sa\u00fade (PRO-SA\u00daDE) que integra a Pol\u00edtica de Assist\u00eancia Estudantil do IF Baiano. O PRO-SA\u00daDE visa criar mecanismos para viabilizar assist\u00eancia ao estudante, atrav\u00e9s dos servi\u00e7os de atendimento m\u00e9dico, odontol\u00f3gico, psicol\u00f3gico, enfermagem e nutri\u00e7\u00e3o, incluindo a\u00e7\u00f5es de preven\u00e7\u00e3o, promo\u00e7\u00e3o, tratamento e [&hellip;]<\/p>\n","protected":false},"author":1,"featured_media":0,"parent":0,"menu_order":0,"comment_status":"closed","ping_status":"closed","template":"","meta":[],"_links":{"self":[{"href":"https:\/\/www.ifbaiano.edu.br\/unidades\/santaines\/wp-json\/wp\/v2\/pages\/6288"}],"collection":[{"href":"https:\/\/www.ifbaiano.edu.br\/unidades\/santaines\/wp-json\/wp\/v2\/pages"}],"about":[{"href":"https:\/\/www.ifbaiano.edu.br\/unidades\/santaines\/wp-json\/wp\/v2\/types\/page"}],"author":[{"embeddable":true,"href":"https:\/\/www.ifbaiano.edu.br\/unidades\/santaines\/wp-json\/wp\/v2\/users\/1"}],"replies":[{"embeddable":true,"href":"https:\/\/www.ifbaiano.edu.br\/unidades\/santaines\/wp-json\/wp\/v2\/comments?post=6288"}],"version-history":[{"count":6,"href":"https:\/\/www.ifbaiano.edu.br\/unidades\/santaines\/wp-json\/wp\/v2\/pages\/6288\/revisions"}],"predecessor-version":[{"id":9176,"href":"https:\/\/www.ifbaiano.edu.br\/unidades\/santaines\/wp-json\/wp\/v2\/pages\/6288\/revisions\/9176"}],"wp:attachment":[{"href":"https:\/\/www.ifbaiano.edu.br\/unidades\/santaines\/wp-json\/wp\/v2\/media?parent=6288"}],"curies":[{"name":"wp","href":"https:\/\/api.w.org\/{rel}","templated":true}]}}