{"id":7837,"date":"2017-06-01T11:21:33","date_gmt":"2017-06-01T14:21:33","guid":{"rendered":"http:\/\/www.ifbaiano.edu.br\/unidades\/santaines\/?page_id=7837"},"modified":"2023-08-09T11:37:19","modified_gmt":"2023-08-09T14:37:19","slug":"historico-2","status":"publish","type":"page","link":"https:\/\/www.ifbaiano.edu.br\/unidades\/santaines\/historico-2\/","title":{"rendered":"HIST\u00d3RICO"},"content":{"rendered":"\n<hr class=\"wp-block-separator has-css-opacity\" \/>\n\n\n<div class=\"wp-block-image\">\n<figure class=\"aligncenter size-full is-resized\"><a href=\"https:\/\/www.ifbaiano.edu.br\/unidades\/santaines\/files\/2022\/09\/historico-santa-ines_.jpg\"><img decoding=\"async\" loading=\"lazy\" src=\"https:\/\/www.ifbaiano.edu.br\/unidades\/santaines\/files\/2022\/09\/historico-santa-ines_.jpg\" alt=\"\" class=\"wp-image-17255\" width=\"839\" height=\"285\" \/><\/a><figcaption class=\"wp-element-caption\">Pavilh\u00e3o Administrativo &#8211; Registros da \u00c9poca de Escola Agrot\u00e9cnica Federal de Santa In\u00eas e IF Baiano &#8211; <em>Campus <\/em>Santa In\u00eas<\/figcaption><\/figure><\/div>\n\n<hr \/>\n<p align=\"justify\">O Instituto Federal de Educa\u00e7\u00e3o, Ci\u00eancia e Tecnologia Baiano \u2013 <em>Campus<\/em> Santa In\u00eas, surgiu como Escola Agrot\u00e9cnica Federal de Santa In\u00eas, criada pela <a href=\"https:\/\/www.planalto.gov.br\/ccivil_03\/LEIS\/L8670.htm\">Lei n\u00ba 8.670, de 30 de junho de 1993<\/a>, publicada no DOU (Di\u00e1rio Oficial da Uni\u00e3o) de 01 de julho de 1993, transformada em Autarquia pela <a href=\"https:\/\/www.planalto.gov.br\/ccivil_03\/LEIS\/L8731.htm\">Lei n\u00ba 8.731, de 16 de novembro de 1993<\/a>, com autoriza\u00e7\u00e3o de funcionamento do Estabelecimento atrav\u00e9s da Portaria n\u00ba 51, de 12 de julho de 1999, da SEMTEC.<\/p>\n<p align=\"justify\">Com a cria\u00e7\u00e3o dos Institutos Federais, promulgada pela <a href=\"https:\/\/www.planalto.gov.br\/ccivil_03\/_ato2007-2010\/2008\/lei\/l11892.htm\">Lei n\u00ba 11.892, de 29 de dezembro de 2008<\/a>, publicada no DOU de 30 de dezembro de 2008, a antiga Escola Agrot\u00e9cnica Federal de Santa In\u00eas passa a configurar-se como o <em>Campus<\/em> Santa In\u00eas do Instituto Federal de Educa\u00e7\u00e3o, Ci\u00eancia e Tecnologia Baiano, com autoriza\u00e7\u00e3o de funcionamento da Unidade de Ensino, atrav\u00e9s da Portaria MEC n\u00ba 04, de 06 janeiro de 2009, publicada no DOU de 07 de janeiro de 2009.<\/p>\n<p align=\"justify\">O Instituto Federal de Educa\u00e7\u00e3o, Ci\u00eancia e Tecnologia Baiano &#8211; IF Baiano \u00e9 resultante da integra\u00e7\u00e3o das Escolas Agrot\u00e9cnicas Federais da Bahia e das Escolas M\u00e9dias de Agropecu\u00e1ria Regional da CEPLAC (Comiss\u00e3o Executiva do Plano da Lavoura Cacaueira).<\/p>\n<p align=\"justify\">Nesta nova configura\u00e7\u00e3o, o <em>Campus<\/em> Santa In\u00eas oferece os cursos de Educa\u00e7\u00e3o Profissional T\u00e9cnica de N\u00edvel M\u00e9dio nas formas integrada, subsequente e PROEJA; Educa\u00e7\u00e3o Superior, Gradua\u00e7\u00e3o e P\u00f3s-gradua\u00e7\u00e3o e cursos de Educa\u00e7\u00e3o \u00e0 Dist\u00e2ncia (EaD). Desta forma, busca atender \u00e0s necessidades espec\u00edficas da regi\u00e3o, possibilitando aos estudantes melhor inser\u00e7\u00e3o ou recoloca\u00e7\u00e3o no mercado de trabalho.<\/p>\n<hr \/>\n<p align=\"justify\">Conhe\u00e7a mais a hist\u00f3ria desta institui\u00e7\u00e3o e sua trajet\u00f3ria <strong><a href=\"https:\/\/eventos.ifbaiano.edu.br\/portal\/25-anos-campus-santa-ines\/\">CLICANDO AQUI.<\/a><\/strong><\/p>\n<hr \/>\n<p align=\"justify\">\u00a0<\/p>","protected":false},"excerpt":{"rendered":"<p>O Instituto Federal de Educa\u00e7\u00e3o, Ci\u00eancia e Tecnologia Baiano \u2013 Campus Santa In\u00eas, surgiu como Escola Agrot\u00e9cnica Federal de Santa In\u00eas, criada pela Lei n\u00ba 8.670, de 30 de junho de 1993, publicada no DOU (Di\u00e1rio Oficial da Uni\u00e3o) de 01 de julho de 1993, transformada em Autarquia pela Lei n\u00ba 8.731, de 16 de [&hellip;]<\/p>\n","protected":false},"author":86,"featured_media":0,"parent":0,"menu_order":0,"comment_status":"closed","ping_status":"closed","template":"","meta":[],"_links":{"self":[{"href":"https:\/\/www.ifbaiano.edu.br\/unidades\/santaines\/wp-json\/wp\/v2\/pages\/7837"}],"collection":[{"href":"https:\/\/www.ifbaiano.edu.br\/unidades\/santaines\/wp-json\/wp\/v2\/pages"}],"about":[{"href":"https:\/\/www.ifbaiano.edu.br\/unidades\/santaines\/wp-json\/wp\/v2\/types\/page"}],"author":[{"embeddable":true,"href":"https:\/\/www.ifbaiano.edu.br\/unidades\/santaines\/wp-json\/wp\/v2\/users\/86"}],"replies":[{"embeddable":true,"href":"https:\/\/www.ifbaiano.edu.br\/unidades\/santaines\/wp-json\/wp\/v2\/comments?post=7837"}],"version-history":[{"count":11,"href":"https:\/\/www.ifbaiano.edu.br\/unidades\/santaines\/wp-json\/wp\/v2\/pages\/7837\/revisions"}],"predecessor-version":[{"id":19060,"href":"https:\/\/www.ifbaiano.edu.br\/unidades\/santaines\/wp-json\/wp\/v2\/pages\/7837\/revisions\/19060"}],"wp:attachment":[{"href":"https:\/\/www.ifbaiano.edu.br\/unidades\/santaines\/wp-json\/wp\/v2\/media?parent=7837"}],"curies":[{"name":"wp","href":"https:\/\/api.w.org\/{rel}","templated":true}]}}