{"id":7856,"date":"2017-06-01T15:50:08","date_gmt":"2017-06-01T18:50:08","guid":{"rendered":"http:\/\/www.ifbaiano.edu.br\/unidades\/santaines\/?page_id=7856"},"modified":"2026-03-09T15:16:25","modified_gmt":"2026-03-09T18:16:25","slug":"diarias-e-passagens","status":"publish","type":"page","link":"https:\/\/www.ifbaiano.edu.br\/unidades\/santaines\/diarias-e-passagens\/","title":{"rendered":"Di\u00e1rias e Passagens"},"content":{"rendered":"<hr \/>\n<h3><\/h3>\n<div class=\"rtejustify\" style=\"text-align: justify\">\n<div class=\"rtejustify\"><\/div>\n<div class=\"rtejustify\"><strong><img decoding=\"async\" loading=\"lazy\" class=\"alignnone wp-image-9752 size-full\" src=\"http:\/\/www.ifbaiano.edu.br\/unidades\/santaines\/files\/2017\/06\/Sistema-de-Concess\u00e3o-de-Di\u00e1rias-e-Passagens-\u2013-SCDP.jpg\" alt=\"Sistema de Concess\u00e3o de Di\u00e1rias e Passagens \u2013 SCDP\" width=\"1524\" height=\"48\" \/><\/strong><span style=\"color: #ffffff\">.<\/span><\/div>\n<div class=\"rtejustify\">O Sistema de Concess\u00e3o de Di\u00e1rias e Passagens \u2013 SCDP viabiliza a administra\u00e7\u00e3o das solicita\u00e7\u00f5es e pagamentos de Di\u00e1rias e Passagens, possibilitando que as requisi\u00e7\u00f5es sejam feitas por meio de terminais eletr\u00f4nicos, diminuindo o tempo de emiss\u00e3o e melhorando as condi\u00e7\u00f5es de atendimento e consulta dos usu\u00e1rios.<br \/>\nO sistema possibilita, ainda, o compartilhamento de uma base de dados \u00fanica, administrada pelo Gestor Central do Minist\u00e9rio do Planejamento e pelos Gestores Setoriais de cada Minist\u00e9rio ou \u00f3rg\u00e3o, o que permite um maior controle f\u00edsico e financeiro das di\u00e1rias e passagens emitidas no \u00e2mbito do Minist\u00e9rio do Planejamento.<\/div>\n<\/div>\n<div><\/div>\n<div><span style=\"color: #ffffff\">&#8230;<\/span><\/div>\n<div class=\"rtejustify\" style=\"text-align: justify\"><strong><img decoding=\"async\" loading=\"lazy\" class=\"alignnone wp-image-9753 size-full\" src=\"http:\/\/www.ifbaiano.edu.br\/unidades\/santaines\/files\/2017\/06\/Trabalhos-e-outros-eventos-fora-da-sede.jpg\" alt=\"Trabalhos e outros eventos fora da sede\" width=\"1524\" height=\"48\" \/><\/strong><span style=\"color: #ffffff\">.<\/span><\/div>\n<div class=\"rtejustify\" style=\"text-align: justify\">Todo trabalho ou evento (reuni\u00f5es, visitas t\u00e9cnicas, capacita\u00e7\u00f5es etc.) realizado fora da sede dever\u00e1 estar acobertado por di\u00e1rias para custeio das despesas extras de alimenta\u00e7\u00e3o, hospedagem e locomo\u00e7\u00e3o urbana. O cadastro das di\u00e1rias \u00e9 feito no Sistema de Concess\u00e3o de Di\u00e1rias e Passagens \u2013 SCDP.<br \/>\nEm nenhuma hip\u00f3tese, o servidor dever\u00e1 ausentar-se da sede sem ter di\u00e1rias lan\u00e7adas no sistema, exceto nos casos em que n\u00e3o \u00e9 devida a di\u00e1ria, os quais dever\u00e3o ter o afastamento documentado por outros meios.<\/div>\n<div class=\"rtejustify\" style=\"text-align: justify\"><span style=\"color: #ffffff\">&#8230;<\/span><\/div>\n<div class=\"rtejustify\" style=\"text-align: justify\"><\/div>\n<div class=\"rtejustify\" style=\"text-align: justify\"><\/div>\n<hr \/>\n<h3><strong><span style=\"text-decoration: underline\"><img decoding=\"async\" loading=\"lazy\" class=\"alignnone wp-image-9754 size-full\" src=\"http:\/\/www.ifbaiano.edu.br\/unidades\/santaines\/files\/2017\/06\/Documentos-necess\u00e1rios-para-concess\u00e3o.jpg\" alt=\"Documentos necess\u00e1rios para concess\u00e3o\" width=\"1524\" height=\"48\" \/><\/span><\/strong><\/h3>\n<h3><span style=\"color: #ffffff\">..<\/span><\/h3>\n<h3><span style=\"text-decoration: underline\"><a href=\"http:\/\/www.ifbaiano.edu.br\/unidades\/santaines\/files\/2017\/06\/PROPOSTA_CONCESSAO_DIARIAS-1.pdf\">Formul\u00e1rio de Concess\u00e3o de Di\u00e1rias<\/a><\/span><\/h3>\n<h3><span style=\"text-decoration: underline\"><a href=\"http:\/\/www.ifbaiano.edu.br\/unidades\/santaines\/files\/2017\/06\/Formul\u00e1rio-Relat\u00f3rio-de-Viagem.pdf\" target=\"_blank\" rel=\"noopener\">Formul\u00e1rio Relat\u00f3rio de Viagem<\/a><\/span><\/h3>\n<h3><a href=\"http:\/\/www.ifbaiano.edu.br\/unidades\/santaines\/files\/2017\/06\/ATUALIZADO-Formul\u00e1riO-Requisi\u00e7\u00e3o-de-Ressarcimento-ATUALIZADO.pdf\" target=\"_blank\" rel=\"noopener\">Formul\u00e1rio Requisi\u00e7\u00e3o de Ressarcimento de Passagem<\/a><\/h3>\n<h3><a href=\"http:\/\/www.ifbaiano.edu.br\/unidades\/santaines\/files\/2017\/06\/Termo-de-renuncia-de-diarias.pdf\" target=\"_blank\" rel=\"noopener\">Termo de Ren\u00fancia de Di\u00e1rias e\/ou Passagens<\/a><\/h3>\n<h3><span style=\"text-decoration: underline\"><a href=\"http:\/\/www.ifbaiano.edu.br\/unidades\/santaines\/formularios\/\" target=\"_blank\" rel=\"noopener\">Outros Formul\u00e1rios para concess\u00e3o de Di\u00e1rias e\/ou Passagens<\/a><\/span><\/h3>\n<hr \/>\n<div><u><strong><img decoding=\"async\" loading=\"lazy\" class=\"alignnone wp-image-9755 size-full\" src=\"http:\/\/www.ifbaiano.edu.br\/unidades\/santaines\/files\/2017\/06\/Saiba-mais.jpg\" alt=\"Saiba mais\" width=\"1524\" height=\"48\" \/><\/strong><\/u><span style=\"color: #ffffff\">.<\/span><\/div>\n<div class=\"rtejustify\"><a href=\"https:\/\/www.scdp.gov.br\/manual\/fo_inicial.htm\" target=\"_blank\" rel=\"noopener\">Acesso aos Manuais e Portarias do Sistema de Concess\u00e3o de Di\u00e1rias e Passagens\u00a0&#8211; SCDP<\/a><br \/>\n<a href=\"https:\/\/consulta.tesouro.fazenda.gov.br\/gru\/gru_simples.asp\" target=\"_blank\" rel=\"noopener\">Acesso ao sistema da Guia de Recolhimento da Uni\u00e3o<\/a><\/div>\n<hr \/>\n<div class=\"rtejustify\">\n<div>\n<div><strong>Servidor Respons\u00e1vel: <\/strong>Gilberto Muniz Santos<br \/>\n<strong>Hor\u00e1rio de atendimento:<\/strong>\u00a0De 07h30min \u00e0s 11h30min e de 13h30min \u00e0s 17h30min.<br \/>\n<strong>E-mail:\u00a0<\/strong><span style=\"text-decoration: underline;color: #0000ff\">cgaf@si.ifbaiano.edu.br<\/span><\/div>\n<div><strong>Telefone:<\/strong>\u00a0(73) 3536-1210 &#8211; Ramal 57<\/div>\n<div><span style=\"color: #ffffff\">&#8230;<\/span><\/div>\n<\/div>\n<\/div>\n<div><\/div>\n<div><\/div>\n","protected":false},"excerpt":{"rendered":"<p>. O Sistema de Concess\u00e3o de Di\u00e1rias e Passagens \u2013 SCDP viabiliza a administra\u00e7\u00e3o das solicita\u00e7\u00f5es e pagamentos de Di\u00e1rias e Passagens, possibilitando que as requisi\u00e7\u00f5es sejam feitas por meio de terminais eletr\u00f4nicos, diminuindo o tempo de emiss\u00e3o e melhorando as condi\u00e7\u00f5es de atendimento e consulta dos usu\u00e1rios. O sistema possibilita, ainda, o compartilhamento de [&hellip;]<\/p>\n","protected":false},"author":86,"featured_media":0,"parent":0,"menu_order":0,"comment_status":"closed","ping_status":"closed","template":"","meta":[],"_links":{"self":[{"href":"https:\/\/www.ifbaiano.edu.br\/unidades\/santaines\/wp-json\/wp\/v2\/pages\/7856"}],"collection":[{"href":"https:\/\/www.ifbaiano.edu.br\/unidades\/santaines\/wp-json\/wp\/v2\/pages"}],"about":[{"href":"https:\/\/www.ifbaiano.edu.br\/unidades\/santaines\/wp-json\/wp\/v2\/types\/page"}],"author":[{"embeddable":true,"href":"https:\/\/www.ifbaiano.edu.br\/unidades\/santaines\/wp-json\/wp\/v2\/users\/86"}],"replies":[{"embeddable":true,"href":"https:\/\/www.ifbaiano.edu.br\/unidades\/santaines\/wp-json\/wp\/v2\/comments?post=7856"}],"version-history":[{"count":23,"href":"https:\/\/www.ifbaiano.edu.br\/unidades\/santaines\/wp-json\/wp\/v2\/pages\/7856\/revisions"}],"predecessor-version":[{"id":27136,"href":"https:\/\/www.ifbaiano.edu.br\/unidades\/santaines\/wp-json\/wp\/v2\/pages\/7856\/revisions\/27136"}],"wp:attachment":[{"href":"https:\/\/www.ifbaiano.edu.br\/unidades\/santaines\/wp-json\/wp\/v2\/media?parent=7856"}],"curies":[{"name":"wp","href":"https:\/\/api.w.org\/{rel}","templated":true}]}}