{"id":7922,"date":"2017-06-08T08:13:59","date_gmt":"2017-06-08T11:13:59","guid":{"rendered":"http:\/\/www.ifbaiano.edu.br\/unidades\/santaines\/?page_id=7922"},"modified":"2024-12-11T19:37:20","modified_gmt":"2024-12-11T22:37:20","slug":"eventos-3","status":"publish","type":"page","link":"https:\/\/www.ifbaiano.edu.br\/unidades\/santaines\/eventos-3\/","title":{"rendered":"Eventos"},"content":{"rendered":"\n<hr class=\"wp-block-separator has-css-opacity\" \/>\n\n\n<p><a href=\"http:\/\/www.ifbaiano.edu.br\/unidades\/santaines\/files\/2017\/06\/CALEND\u00c1RIOS-DE-EVENTOS.jpg\"><img decoding=\"async\" loading=\"lazy\" class=\"alignnone size-full wp-image-10520\" src=\"http:\/\/www.ifbaiano.edu.br\/unidades\/santaines\/files\/2017\/06\/CALEND\u00c1RIOS-DE-EVENTOS.jpg\" alt=\"CALEND\u00c1RIOS DE EVENTOS\" width=\"1363\" height=\"373\"><\/a>Disponibilizamos abaixo os calend\u00e1rios de Eventos, Atividades Pedag\u00f3gicas e S\u00e1bados Letivos.<\/p>\n\n\n<p><strong>Para acesso a cada documento, clique no link do respectivo Ano Letivo:<\/strong><\/p>\n\n\n\n<figure class=\"wp-block-table\"><table><tbody><tr><td><strong><a href=\"https:\/\/www.ifbaiano.edu.br\/unidades\/santaines\/files\/2017\/06\/Calend%C3%A1rio-de-Eventos-atividades-Pedag%C3%B3gicas-e-s%C3%A1bados-letivos-Cursos-T%C3%A9cnicos-Integrados.pdf\">2017<\/a><\/strong><\/td><td><strong><a href=\"https:\/\/www.ifbaiano.edu.br\/unidades\/santaines\/files\/2018\/07\/Calend%C3%A1rio-de-eventos-e-s%C3%A1bados-letivos-2018.pdf\">2018<\/a><\/strong><\/td><td><strong><a href=\"https:\/\/www.ifbaiano.edu.br\/unidades\/santaines\/files\/2019\/07\/CALEND%C3%81RIO-DE-EVENTOS-2019-e-PAA-2019.pdf\">2019<\/a><\/strong><\/td><td>2020<\/td><\/tr><tr><td>2021<\/td><td><a href=\"https:\/\/www.ifbaiano.edu.br\/unidades\/santaines\/files\/2022\/09\/Calendario-de-eventos-atividades-pedagogicas-e-sabados-letivos-2022.pdf\"><strong>2022<\/strong><\/a><\/td><td><strong><a href=\"https:\/\/www.ifbaiano.edu.br\/unidades\/santaines\/files\/2023\/08\/Calendario-de-Eventos-e-Sabados-Letivos-2023_2024.pdf\">2023\/2024<\/a><\/strong><\/td><td>*\u00a0<strong><a href=\"https:\/\/www.ifbaiano.edu.br\/unidades\/santaines\/files\/2024\/09\/Calendario-de-eventos-e-sabados-letivos-2024-pos-greve-atualizado-1.pdf\">2024<\/a><\/strong><\/td><\/tr><tr><td>2025<\/td><td>2026<\/td><td>2027<\/td><td>2028<\/td><\/tr><\/tbody><\/table><\/figure>\n\n\n\n<p>* Calend\u00e1rio P\u00f3s-Greve \u2013 atualizado<\/p>\n","protected":false},"excerpt":{"rendered":"<p>Disponibilizamos abaixo os calend\u00e1rios de Eventos, Atividades Pedag\u00f3gicas e S\u00e1bados Letivos. Para acesso a cada documento, clique no link do respectivo Ano Letivo: 2017 2018 2019 2020 2021 2022 2023\/2024 *\u00a02024 2025 2026 2027 2028 * Calend\u00e1rio P\u00f3s-Greve \u2013 atualizado<\/p>\n","protected":false},"author":86,"featured_media":0,"parent":0,"menu_order":0,"comment_status":"closed","ping_status":"closed","template":"","meta":[],"_links":{"self":[{"href":"https:\/\/www.ifbaiano.edu.br\/unidades\/santaines\/wp-json\/wp\/v2\/pages\/7922"}],"collection":[{"href":"https:\/\/www.ifbaiano.edu.br\/unidades\/santaines\/wp-json\/wp\/v2\/pages"}],"about":[{"href":"https:\/\/www.ifbaiano.edu.br\/unidades\/santaines\/wp-json\/wp\/v2\/types\/page"}],"author":[{"embeddable":true,"href":"https:\/\/www.ifbaiano.edu.br\/unidades\/santaines\/wp-json\/wp\/v2\/users\/86"}],"replies":[{"embeddable":true,"href":"https:\/\/www.ifbaiano.edu.br\/unidades\/santaines\/wp-json\/wp\/v2\/comments?post=7922"}],"version-history":[{"count":17,"href":"https:\/\/www.ifbaiano.edu.br\/unidades\/santaines\/wp-json\/wp\/v2\/pages\/7922\/revisions"}],"predecessor-version":[{"id":22935,"href":"https:\/\/www.ifbaiano.edu.br\/unidades\/santaines\/wp-json\/wp\/v2\/pages\/7922\/revisions\/22935"}],"wp:attachment":[{"href":"https:\/\/www.ifbaiano.edu.br\/unidades\/santaines\/wp-json\/wp\/v2\/media?parent=7922"}],"curies":[{"name":"wp","href":"https:\/\/api.w.org\/{rel}","templated":true}]}}