{"id":811,"date":"2011-12-26T11:40:22","date_gmt":"2011-12-26T14:40:22","guid":{"rendered":"http:\/\/www.ifbaiano.edu.br\/unidades\/santaines\/?page_id=811"},"modified":"2012-03-23T10:39:31","modified_gmt":"2012-03-23T13:39:31","slug":"contatos","status":"publish","type":"page","link":"https:\/\/www.ifbaiano.edu.br\/unidades\/santaines\/contatos\/","title":{"rendered":"Contatos"},"content":{"rendered":"<p><strong>DIRETOR GERAL<\/strong><\/p>\n<p>Nelson Vieira da Silva Filho<\/p>\n<p><a href=\"mailto:nelson.silva@si.ifbaiano.edu.br\">nelson.silva@si.ifbaiano.edu.br<\/a><\/p>\n<p>Fone: (73) 3536-1210<\/p>\n<p>Fax: (73) 3536-1212 \/ 1499<\/p>\n<p>&nbsp;<\/p>\n<p><strong>GABINETE DO DIRETOR GERAL \u2013 Ramal 48<\/strong><br \/>\nMara Evangelista Souza<a href=\"mailto:gabinete@si.ifbaiano.edu.br\"><br \/>\ngabinete@si.ifbaiano.edu.br<\/a><\/p>\n<p>&nbsp;<\/p>\n<p><strong>DEPARTAMENTO DE ADMINISTRA\u00c7\u00c3O E PLANEJAMENTO &#8211; Ramal 31<\/strong><br \/>\nMarco Antonio Reis Rodrigues<a href=\"mailto:dap@si.ifbaiano.edu.br\"><br \/>\ndap@si.ifbaiano.edu.br<\/a><\/p>\n<p><strong>DEPARTAMENTO DE DESENVOLVIMENTO EDUCACIONAL \u2013 Ramal 19<\/strong><br \/>\nAndr\u00e9 Leonardo Vasconcelos Souza<a href=\"mailto:dde@si.ifbaiano.edu.br\"><br \/>\ndde@si.ifbaiano.edu.br<\/a><\/p>\n<p><strong>COORDENA\u00c7\u00c3O GERAL DE ENSINO &#8211; Ramal 19<\/strong><br \/>\nSebasti\u00e3o de Oliveira<a href=\"mailto:cge@si.ifbaiano.edu.br\"><br \/>\ncge@si.ifbaiano.edu.br<\/a><\/p>\n<p><strong>COORDENA\u00c7\u00c3O T\u00c9CNICO-PEDAG\u00d3GICA<\/strong><strong> &#8211; Ramal 35<\/strong><br \/>\nRosangela Lima de Neves Rodrigues<a href=\"mailto:cge@si.ifbaiano.edu.br\"><br \/>\npedagogico@si.ifbaiano.edu.br<\/a><\/p>\n<p><strong>SETOR DE\u00a0 COMUNICA\u00c7\u00c3O E AUDIOVISUAL \u2013 Ramal 49<\/strong><br \/>\nLuiz Eduardo da Silva e Silva<br \/>\n<a href=\"mailto:stav@si.ifbaiano.edu.br\">comunicacao@si.ifbaiano.edu.br<\/a><\/p>\n<p><strong>N\u00daCLEO DE APOIO \u00c0 GEST\u00c3O DE PESSOAS \u2013 Ramal 13<\/strong><br \/>\nT\u00e2nia de Santana Nunes<a href=\"mailto:nagp@si.ifbaiano.edu.br\"><br \/>\nnagp@si.ifbaiano.edu.br<\/a><\/p>\n<p><strong>COORDENA\u00c7\u00c3O DO CURSO DE BIOLOGIA \u2013 Ramal 17<\/strong><br \/>\nV\u00edvian Fransozo Cunha<br \/>\n<a href=\"mailto:cb@si.ifbaiano.edu.br\">cb@si.ifbaiano.edu.br<\/a><\/p>\n<p><strong>COORDENA\u00c7\u00c3O DO CURSO DE GEOGRAFIA \u2013 Ramal 17<\/strong><br \/>\nAline dos Santos Lima<br \/>\n<a href=\"mailto:cg@si.ifbaiano.edu.br\">cg@si.ifbaiano.edu.br<\/a><\/p>\n<p><strong>COORDENA\u00c7\u00c3O DO CURSO DE ZOOTECNIA \u2013 Ramal 17<\/strong><br \/>\nDaniela de Almeida<br \/>\n<a href=\"mailto:cz@si.ifbaiano.edu.br\">cz@si.ifbaiano.edu.br<\/a><\/p>\n<p><strong>N\u00daCLEO DE EXTENS\u00c3O \u2013 Ramal 55<\/strong><br \/>\nF\u00e1bio Carvalho Nunes<br \/>\n<a href=\"mailto:fabio.nunes@si.ifbaiano.edu.br\" target=\"_blank\">fabio.nunes@si.ifbaiano.edu.br<\/a><\/p>\n<p><strong>N\u00daCLEO DE PESQUISA \u2013 Ramal 55<\/strong><br \/>\nFred da Silva Juli\u00e3o<br \/>\n<a href=\"mailto:fred.juliao@si.ifbaiano.edu.br\">fred.juliao@si.ifbaiano.edu.br<\/a><\/p>\n<p><strong>SECRETARIA DE REGISTROS ACAD\u00caMICOS \u2013 Ramal 29<\/strong><br \/>\nDiogo de Jesus<a href=\"mailto:secretaria@si.ifbaiano.edu.br\"><br \/>\nsecretaria@si.ifbaiano.edu.br<\/a><\/p>\n<p><strong>COORDENA\u00c7\u00c3O GERAL DE ASSIST\u00caNCIA AO EDUCANDO &#8211; Ramal 58<\/strong><br \/>\nEdney Concei\u00e7\u00e3o<br \/>\n<a href=\"mailto:cgae@si.ifbaiano.edu.br\">cgae@si.ifbaiano.edu.br<\/a><\/p>\n<p><strong>COORDENA\u00c7\u00c3O DE ATENDIMENTO AO EDUCANDO \u2013 Ramal 27<\/strong><br \/>\n\u00c2ngelo Francisco de Souza Andrade<br \/>\n<a href=\"mailto:cae@si.ifbaiano.edu.br\">cae@si.ifbaiano.edu.br<\/a><\/p>\n<p><strong>SETOR DE ALIMENTA\u00c7\u00c3O E NUTRI\u00c7\u00c3O \u2013 Ramal 44<\/strong><br \/>\nValter Costa Silva<br \/>\n<a href=\"mailto:valter.silva@si.ifbaiano.edu.br\">valter.silva@si.ifbaiano.edu.br<\/a><\/p>\n<p><strong>COORDENA\u00c7\u00c3O DE INTEGRA\u00c7\u00c3O ESCOLA-COMUNIDADE \u2013 Ramal 15<\/strong><br \/>\nJos\u00e9 Maria Barbosa dos Santos<br \/>\n<a href=\"mailto:ciec@si.ifbaiano.edu.br\">ciec@si.ifbaiano.edu.br<\/a><\/p>\n<p><strong>COORDENA\u00c7\u00c3O DE CURSOS NOTURNOS E EVENTOS \u2013 Ramal 25<\/strong><br \/>\nEveraldo dos Santos<br \/>\n<a href=\"mailto:cne@si.ifbaiano.edu.br\">cne@si.ifbaiano.edu.br<\/a><\/p>\n<p><strong>COORDENA\u00c7\u00c3O DE EST\u00c1GIO E EGRESSOS <\/strong><br \/>\nF\u00e1bio Oliveira Barreto<br \/>\n<a href=\"mailto:nelian.nascimento@si.ifbaiano.edu.br\">fabio.barreto@si.ifbaiano.edu.br<\/a><\/p>\n<p><strong>UNIDADE DE TECNOLOGIA DE INFORMA\u00c7\u00c3O E COMUNICA\u00c7\u00c3O<\/strong> &#8211;<strong> Ramal 26<\/strong><br \/>\nCl\u00e1udia Bocchese de Lima<a href=\"mailto:utic@si.ifbaiano.edu.br\"><br \/>\nutic@si.ifbaiano.edu.br<\/a><\/p>\n<p><strong>SETOR DE BIBLIOTECA \u2013 Ramal 34\/41<\/strong><br \/>\nAnderson Silva da Rocha<br \/>\n<a href=\"mailto:stb@si.ifbaiano.edu.br\">stb@si.ifbaiano.edu.br<\/a><\/p>\n<p><strong>COORDENA\u00c7\u00c3O GERAL DE PRODU\u00c7\u00c3O E PESQUISA &#8211; Ramal 42<\/strong><br \/>\nCl\u00f3vis Vaz Sampaio Filho<br \/>\n<a href=\"mailto:cgpp@si.ifbaiano.edu.br\">cgpp@si.ifbaiano.edu.br<\/a><\/p>\n<p><strong>COORDENA\u00c7\u00c3O GERAL ADMINISTRA\u00c7\u00c3O E FINAN\u00c7AS &#8211; Ramal 57<\/strong><br \/>\nHugo Jos\u00e9 dos Santos<a href=\"mailto:cgaf@si.ifbaiano.edu.br\"><br \/>\ncgaf@si.ifbaiano.edu.br<\/a><\/p>\n<p><strong>SE\u00c7\u00c3O DE EXECU\u00c7\u00c3O OR\u00c7AMENT\u00c1RIA E FINANCEIRA \u2013 Ramal 57<\/strong><br \/>\nAnt\u00f4nio Santos Souza<br \/>\n<a href=\"mailto:sceof@si.ifbaiano.edu.br\">sceof@si.ifbaiano.edu.br<\/a><\/p>\n<p><strong>COORDENA\u00c7\u00c3O DE COMPRAS \u2013 Ramal 43<\/strong><br \/>\nSimone de Souza Carvalho<a href=\"mailto:licitacoes@si.ifbaiano.edu.br\"><br \/>\nlicitacoes@si.ifbaiano.edu.br<\/a><\/p>\n<p><strong>COORDENA\u00c7\u00c3O DE SERVI\u00c7OS DE APOIO &#8211; Ramal 20<\/strong><br \/>\nAndr\u00e9 Bastos de Queiroz<br \/>\n<a href=\"mailto:csa@si.ifbaiano.edu.br\">csa@si.ifbaiano.edu.br<\/a><\/p>\n<p><strong>SETOR DE ALMOXARIFADO \u2013 Ramal 14<\/strong><br \/>\nEmerson dos Santos Nunes<br \/>\n<a href=\"mailto:emerson.nunes@si.ifbaiano.edu.br\">emerson.nunes@si.ifbaiano.edu.br<\/a><\/p>\n<p><strong>SETOR DE PATRIM\u00d4NIO \u2013 Ramal 14<\/strong><br \/>\nBartolomeu Jos\u00e9 de Barros Filho<br \/>\n<a href=\"mailto:bartolomeu.barros@si.ifbaiano.edu.br\">bartolomeu.barros@si.ifbaiano.edu.br<\/a><\/p>\n<p><strong>SETOR DE OFICINAS \u2013 Ramal 39<\/strong><br \/>\nRomilson de Souza Barreto<br \/>\n<a href=\"mailto:bartolomeu.barros@si.ifbaiano.edu.br\">romilson.barreto@si.ifbaiano.edu.br<\/a><\/p>\n","protected":false},"excerpt":{"rendered":"<p>DIRETOR GERAL Nelson Vieira da Silva Filho nelson.silva@si.ifbaiano.edu.br Fone: (73) 3536-1210 Fax: (73) 3536-1212 \/ 1499 &nbsp; GABINETE DO DIRETOR GERAL \u2013 Ramal 48 Mara Evangelista Souza gabinete@si.ifbaiano.edu.br &nbsp; DEPARTAMENTO DE ADMINISTRA\u00c7\u00c3O E PLANEJAMENTO &#8211; Ramal 31 Marco Antonio Reis Rodrigues dap@si.ifbaiano.edu.br DEPARTAMENTO DE DESENVOLVIMENTO EDUCACIONAL \u2013 Ramal 19 Andr\u00e9 Leonardo Vasconcelos Souza dde@si.ifbaiano.edu.br COORDENA\u00c7\u00c3O [&hellip;]<\/p>\n","protected":false},"author":26,"featured_media":0,"parent":0,"menu_order":0,"comment_status":"closed","ping_status":"closed","template":"","meta":[],"_links":{"self":[{"href":"https:\/\/www.ifbaiano.edu.br\/unidades\/santaines\/wp-json\/wp\/v2\/pages\/811"}],"collection":[{"href":"https:\/\/www.ifbaiano.edu.br\/unidades\/santaines\/wp-json\/wp\/v2\/pages"}],"about":[{"href":"https:\/\/www.ifbaiano.edu.br\/unidades\/santaines\/wp-json\/wp\/v2\/types\/page"}],"author":[{"embeddable":true,"href":"https:\/\/www.ifbaiano.edu.br\/unidades\/santaines\/wp-json\/wp\/v2\/users\/26"}],"replies":[{"embeddable":true,"href":"https:\/\/www.ifbaiano.edu.br\/unidades\/santaines\/wp-json\/wp\/v2\/comments?post=811"}],"version-history":[{"count":8,"href":"https:\/\/www.ifbaiano.edu.br\/unidades\/santaines\/wp-json\/wp\/v2\/pages\/811\/revisions"}],"predecessor-version":[{"id":1470,"href":"https:\/\/www.ifbaiano.edu.br\/unidades\/santaines\/wp-json\/wp\/v2\/pages\/811\/revisions\/1470"}],"wp:attachment":[{"href":"https:\/\/www.ifbaiano.edu.br\/unidades\/santaines\/wp-json\/wp\/v2\/media?parent=811"}],"curies":[{"name":"wp","href":"https:\/\/api.w.org\/{rel}","templated":true}]}}