{"id":8123,"date":"2017-07-06T11:12:29","date_gmt":"2017-07-06T14:12:29","guid":{"rendered":"http:\/\/www.ifbaiano.edu.br\/unidades\/santaines\/?page_id=8123"},"modified":"2025-10-20T20:11:21","modified_gmt":"2025-10-20T23:11:21","slug":"biblioteca","status":"publish","type":"page","link":"https:\/\/www.ifbaiano.edu.br\/unidades\/santaines\/biblioteca\/","title":{"rendered":"Acesso as informa\u00e7\u00f5es"},"content":{"rendered":"<p>A Biblioteca do Campus Santa In\u00eas funciona com atendimento ao p\u00fablico das 07h30min \u00e0s 22h. Para saber como acontece a realiza\u00e7\u00e3o das atividades no setor <a href=\"https:\/\/suap.ifbaiano.edu.br\/documento_eletronico\/visualizar_documento\/758933\/\"><strong>CLIQUE AQUI<\/strong>.<\/a><\/p>\n<hr \/>\n<table style=\"height: 379px\" width=\"851\" cellspacing=\"0\" cellpadding=\"4\">\n<colgroup>\n<col width=\"64*\" \/>\n<col width=\"64*\" \/>\n<col width=\"64*\" \/>\n<col width=\"64*\" \/> <\/colgroup>\n<tbody>\n<tr valign=\"top\">\n<td width=\"25%\">\n<p><div id=\"attachment_8122\" style=\"width: 107px\" class=\"wp-caption aligncenter\"><a href=\"http:\/\/www.ifbaiano.edu.br\/unidades\/santaines\/apresentacao-2\/\"><img aria-describedby=\"caption-attachment-8122\" decoding=\"async\" loading=\"lazy\" class=\"wp-image-8122\" src=\"http:\/\/www.ifbaiano.edu.br\/unidades\/santaines\/files\/2011\/05\/bibliotec.png\" alt=\"bibliotec\" width=\"97\" height=\"86\" \/><\/a><p id=\"caption-attachment-8122\" class=\"wp-caption-text\"><a href=\"http:\/\/www.ifbaiano.edu.br\/unidades\/santaines\/apresentacao-2\/\" target=\"_blank\" rel=\"noopener\"><strong>Apresenta\u00e7\u00e3o<\/strong><\/a><\/p><\/div><\/td>\n<td width=\"25%\">\n<p><div id=\"attachment_8126\" style=\"width: 101px\" class=\"wp-caption aligncenter\"><a href=\"http:\/\/pergamum.ifbaiano.edu.br\" target=\"_blank\" rel=\"noopener\"><img aria-describedby=\"caption-attachment-8126\" decoding=\"async\" loading=\"lazy\" class=\"wp-image-8126\" src=\"http:\/\/www.ifbaiano.edu.br\/unidades\/santaines\/files\/2017\/07\/acervo.png\" alt=\"acervo\" width=\"91\" height=\"91\" \/><\/a><p id=\"caption-attachment-8126\" class=\"wp-caption-text\"><a href=\"http:\/\/pergamum.ifbaiano.edu.br\" target=\"_blank\" rel=\"noopener\"><strong>Acervo Bibliogr\u00e1fico<\/strong><\/a><\/p><\/div><\/td>\n<td width=\"25%\">\n<p><div id=\"attachment_8128\" style=\"width: 103px\" class=\"wp-caption aligncenter\"><a href=\"http:\/\/www.ifbaiano.edu.br\/unidades\/santaines\/acervo\/acesso_base_dados\/\" target=\"_blank\" rel=\"noopener\"><img aria-describedby=\"caption-attachment-8128\" decoding=\"async\" loading=\"lazy\" class=\"wp-image-8128\" src=\"http:\/\/www.ifbaiano.edu.br\/unidades\/santaines\/files\/2017\/07\/livros.png\" alt=\"livros\" width=\"93\" height=\"89\" \/><\/a><p id=\"caption-attachment-8128\" class=\"wp-caption-text\"><a href=\"http:\/\/www.ifbaiano.edu.br\/unidades\/santaines\/acervo\/acesso_base_dados\/\" target=\"_blank\" rel=\"noopener\"><strong>Acesso \u00e0 Base de Dados<\/strong><\/a><\/p><\/div><\/td>\n<td width=\"25%\">\n<p><div id=\"attachment_8129\" style=\"width: 114px\" class=\"wp-caption aligncenter\"><a href=\"http:\/\/www.ifbaiano.edu.br\/unidades\/santaines\/bibliografia-online-do-curso-de-zootecnia\/\" target=\"_blank\" rel=\"noopener\"><img aria-describedby=\"caption-attachment-8129\" decoding=\"async\" loading=\"lazy\" class=\"wp-image-8129\" src=\"http:\/\/www.ifbaiano.edu.br\/unidades\/santaines\/files\/2017\/07\/ler.png\" alt=\"ler\" width=\"104\" height=\"69\" \/><\/a><p id=\"caption-attachment-8129\" class=\"wp-caption-text\"><a href=\"http:\/\/www.ifbaiano.edu.br\/unidades\/santaines\/bibliografia-online-do-curso-de-zootecnia\/\" target=\"_blank\" rel=\"noopener\"><strong>Bibliografia Online do Curso de Zootecnia<\/strong><\/a><\/p><\/div><\/td>\n<\/tr>\n<tr valign=\"top\">\n<td width=\"25%\"><\/td>\n<td width=\"25%\"><\/td>\n<td width=\"25%\"><\/td>\n<td width=\"25%\"><\/td>\n<\/tr>\n<tr valign=\"top\">\n<td width=\"25%\">\n<p><div id=\"attachment_8130\" style=\"width: 102px\" class=\"wp-caption aligncenter\"><a href=\"http:\/\/www.ifbaiano.edu.br\/unidades\/santaines\/equipe\/\" target=\"_blank\" rel=\"noopener\"><img aria-describedby=\"caption-attachment-8130\" decoding=\"async\" loading=\"lazy\" class=\"wp-image-8130\" src=\"http:\/\/www.ifbaiano.edu.br\/unidades\/santaines\/files\/2017\/07\/grupo.png\" alt=\"grupo\" width=\"92\" height=\"81\" \/><\/a><p id=\"caption-attachment-8130\" class=\"wp-caption-text\"><a href=\"http:\/\/www.ifbaiano.edu.br\/unidades\/santaines\/equipe\/\" target=\"_blank\" rel=\"noopener\"><strong>Equipe e Contato<\/strong><\/a><\/p><\/div><\/td>\n<td width=\"25%\">\n<p><div id=\"attachment_8046\" style=\"width: 93px\" class=\"wp-caption aligncenter\"><a href=\"http:\/\/www.ifbaiano.edu.br\/unidades\/santaines\/files\/2011\/11\/Regulamento-da-Biblioteca-2010.pdf\"><img aria-describedby=\"caption-attachment-8046\" decoding=\"async\" loading=\"lazy\" class=\"wp-image-8046\" src=\"http:\/\/www.ifbaiano.edu.br\/unidades\/santaines\/files\/2017\/06\/aluna.png\" alt=\"aluna\" width=\"83\" height=\"99\" \/><\/a><p id=\"caption-attachment-8046\" class=\"wp-caption-text\"><strong><a href=\"http:\/\/www.ifbaiano.edu.br\/unidades\/santaines\/files\/2011\/11\/Regulamento-da-Biblioteca-2010.pdf\">Regulamento da Biblioteca<\/a><\/strong><\/p><\/div><\/td>\n<td width=\"25%\">\n<p><div id=\"attachment_8131\" style=\"width: 98px\" class=\"wp-caption aligncenter\"><a href=\"http:\/\/www.ifbaiano.edu.br\/unidades\/santaines\/acesso_revistas_eletronicas\/\"><img aria-describedby=\"caption-attachment-8131\" decoding=\"async\" loading=\"lazy\" class=\"wp-image-8131\" src=\"http:\/\/www.ifbaiano.edu.br\/unidades\/santaines\/files\/2017\/07\/revista.png\" alt=\"revista\" width=\"88\" height=\"89\" \/><\/a><p id=\"caption-attachment-8131\" class=\"wp-caption-text\"><a href=\"http:\/\/www.ifbaiano.edu.br\/unidades\/santaines\/acesso_revistas_eletronicas\/\" target=\"_blank\" rel=\"noopener\"><strong>Revistas Eletr\u00f4nicas<\/strong><\/a><\/p><\/div><\/td>\n<td width=\"25%\">\n<p><div id=\"attachment_8132\" style=\"width: 97px\" class=\"wp-caption aligncenter\"><a href=\"http:\/\/www.ifbaiano.edu.br\/unidades\/santaines\/servicos-2\/\" target=\"_blank\" rel=\"noopener\"><img aria-describedby=\"caption-attachment-8132\" decoding=\"async\" loading=\"lazy\" class=\"wp-image-8132\" src=\"http:\/\/www.ifbaiano.edu.br\/unidades\/santaines\/files\/2017\/07\/servi\u00e7o.png\" alt=\"servi\u00e7o\" width=\"87\" height=\"80\" \/><\/a><p id=\"caption-attachment-8132\" class=\"wp-caption-text\"><a href=\"http:\/\/www.ifbaiano.edu.br\/unidades\/santaines\/servicos-2\/\" target=\"_blank\" rel=\"noopener\"><strong>Servi\u00e7os<\/strong><\/a><\/p><\/div><\/td>\n<\/tr>\n<\/tbody>\n<\/table>\n<hr \/>\n<hr \/>\n<table style=\"height: 170px\" width=\"300\" cellspacing=\"0\" cellpadding=\"4\">\n<colgroup>\n<col width=\"128*\" \/>\n<col width=\"128*\" \/><\/colgroup>\n<tbody>\n<tr valign=\"top\">\n<td width=\"50%\">\n<p><div id=\"attachment_8462\" style=\"width: 90px\" class=\"wp-caption aligncenter\"><a href=\"http:\/\/bibliotecaifbaiano-santaines.blogspot.com\/\" target=\"_blank\" rel=\"noopener\"><img aria-describedby=\"caption-attachment-8462\" decoding=\"async\" loading=\"lazy\" class=\"wp-image-8462\" src=\"http:\/\/www.ifbaiano.edu.br\/unidades\/santaines\/files\/2017\/07\/Blog.png\" alt=\"Blog\" width=\"80\" height=\"80\" \/><\/a><p id=\"caption-attachment-8462\" class=\"wp-caption-text\">Acesse nosso Blog<\/p><\/div><\/td>\n<td width=\"50%\">\n<p><div id=\"attachment_8463\" style=\"width: 90px\" class=\"wp-caption aligncenter\"><a href=\"https:\/\/www.facebook.com\/pages\/Biblioteca-IF-Baiano-campus-Santa-In%C3%AAs\/178290095678272\" target=\"_blank\" rel=\"noopener\"><img aria-describedby=\"caption-attachment-8463\" decoding=\"async\" loading=\"lazy\" class=\"wp-image-8463\" src=\"http:\/\/www.ifbaiano.edu.br\/unidades\/santaines\/files\/2017\/07\/facebook.png\" alt=\"facebook\" width=\"80\" height=\"73\" \/><\/a><p id=\"caption-attachment-8463\" class=\"wp-caption-text\">Siga nossa P\u00e1gina no Facebook<\/p><\/div><\/td>\n<\/tr>\n<tr valign=\"top\">\n<td width=\"50%\"><\/td>\n<td width=\"50%\"><\/td>\n<\/tr>\n<\/tbody>\n<\/table>\n<h5><strong>\u00a0 \u00a0<\/strong><\/h5>\n<h5><\/h5>\n","protected":false},"excerpt":{"rendered":"<p>A Biblioteca do Campus Santa In\u00eas funciona com atendimento ao p\u00fablico das 07h30min \u00e0s 22h. Para saber como acontece a realiza\u00e7\u00e3o das atividades no setor CLIQUE AQUI. \u00a0 \u00a0<\/p>\n","protected":false},"author":86,"featured_media":0,"parent":0,"menu_order":0,"comment_status":"closed","ping_status":"closed","template":"","meta":[],"_links":{"self":[{"href":"https:\/\/www.ifbaiano.edu.br\/unidades\/santaines\/wp-json\/wp\/v2\/pages\/8123"}],"collection":[{"href":"https:\/\/www.ifbaiano.edu.br\/unidades\/santaines\/wp-json\/wp\/v2\/pages"}],"about":[{"href":"https:\/\/www.ifbaiano.edu.br\/unidades\/santaines\/wp-json\/wp\/v2\/types\/page"}],"author":[{"embeddable":true,"href":"https:\/\/www.ifbaiano.edu.br\/unidades\/santaines\/wp-json\/wp\/v2\/users\/86"}],"replies":[{"embeddable":true,"href":"https:\/\/www.ifbaiano.edu.br\/unidades\/santaines\/wp-json\/wp\/v2\/comments?post=8123"}],"version-history":[{"count":11,"href":"https:\/\/www.ifbaiano.edu.br\/unidades\/santaines\/wp-json\/wp\/v2\/pages\/8123\/revisions"}],"predecessor-version":[{"id":26048,"href":"https:\/\/www.ifbaiano.edu.br\/unidades\/santaines\/wp-json\/wp\/v2\/pages\/8123\/revisions\/26048"}],"wp:attachment":[{"href":"https:\/\/www.ifbaiano.edu.br\/unidades\/santaines\/wp-json\/wp\/v2\/media?parent=8123"}],"curies":[{"name":"wp","href":"https:\/\/api.w.org\/{rel}","templated":true}]}}