{"id":8174,"date":"2017-07-07T15:38:36","date_gmt":"2017-07-07T18:38:36","guid":{"rendered":"http:\/\/www.ifbaiano.edu.br\/unidades\/santaines\/?page_id=8174"},"modified":"2026-03-19T08:49:50","modified_gmt":"2026-03-19T11:49:50","slug":"infraestrutura","status":"publish","type":"page","link":"https:\/\/www.ifbaiano.edu.br\/unidades\/santaines\/infraestrutura\/","title":{"rendered":"Infraestrutura"},"content":{"rendered":"<hr \/>\n<p><a href=\"http:\/\/www.ifbaiano.edu.br\/unidades\/santaines\/files\/2017\/07\/IFS.gif\"><img decoding=\"async\" loading=\"lazy\" class=\"alignnone wp-image-8358\" src=\"http:\/\/www.ifbaiano.edu.br\/unidades\/santaines\/files\/2017\/07\/IFS.gif\" alt=\"IFS\" width=\"913\" height=\"150\" \/><\/a><\/p>\n<hr \/><hr \/>\n<p data-start=\"1152\" data-end=\"1317\">O Campus Santa In\u00eas disp\u00f5e de uma infraestrutura moderna e acolhedora, pensada para proporcionar qualidade no ensino, na conviv\u00eancia e no bem-estar dos estudantes.<\/p>\n<p data-start=\"1319\" data-end=\"1371\">Entre os principais espa\u00e7os e recursos, destacam-se:<\/p>\n<ul data-start=\"1372\" data-end=\"1758\">\n<li data-section-id=\"mhpd4k\" data-start=\"1372\" data-end=\"1438\">\n<p data-start=\"1374\" data-end=\"1438\">Salas de aula climatizadas e equipadas com recursos multim\u00eddia<\/p>\n<\/li>\n<li data-section-id=\"1x5ujez\" data-start=\"1439\" data-end=\"1491\">\n<p data-start=\"1441\" data-end=\"1491\">Laborat\u00f3rios com equipamentos de alta tecnologia<\/p>\n<\/li>\n<li data-section-id=\"1x5ujez\" data-start=\"1439\" data-end=\"1491\">Unidades Educativas de Campo &#8211; UEP<\/li>\n<li data-section-id=\"1agargk\" data-start=\"1492\" data-end=\"1519\">\n<p data-start=\"1494\" data-end=\"1519\">Biblioteca e audit\u00f3rio<\/p>\n<\/li>\n<li data-section-id=\"e2j81r\" data-start=\"1520\" data-end=\"1550\">\n<p data-start=\"1522\" data-end=\"1550\">Sala de v\u00eddeo e telecentro<\/p>\n<\/li>\n<li data-section-id=\"x68gxi\" data-start=\"1551\" data-end=\"1592\">\n<p data-start=\"1553\" data-end=\"1592\">Consult\u00f3rio odontol\u00f3gico e enfermaria<\/p>\n<\/li>\n<li data-section-id=\"1tj43tf\" data-start=\"1593\" data-end=\"1630\">\n<p data-start=\"1595\" data-end=\"1630\">Academia e espa\u00e7os de conviv\u00eancia<\/p>\n<\/li>\n<li data-section-id=\"tbmgpk\" data-start=\"1631\" data-end=\"1659\">\n<p data-start=\"1633\" data-end=\"1659\">Restaurante e lanchonetes<\/p>\n<\/li>\n<li data-section-id=\"ah1f1j\" data-start=\"1660\" data-end=\"1687\">\n<p data-start=\"1662\" data-end=\"1687\">Acesso \u00e0 internet Wi-Fi<\/p>\n<\/li>\n<li data-section-id=\"1851yl8\" data-start=\"1688\" data-end=\"1758\">\n<p data-start=\"1690\" data-end=\"1758\">Alojamentos com capacidade para at\u00e9 200 estudantes do ensino m\u00e9dio<\/p>\n<\/li>\n<\/ul>\n<p data-start=\"1760\" data-end=\"1852\">Essa estrutura contribui para uma forma\u00e7\u00e3o completa, integrando ensino, pesquisa e extens\u00e3o.<\/p>\n<p align=\"justify\">\u00a0<\/p>\n<hr \/>\n<p align=\"justify\"><span style=\"text-decoration: underline;color: #008000\"><strong><span style=\"font-family: Arial, sans-serif\"><span style=\"font-size: large\">Clique nas imagens e conhe\u00e7a um pouco da nossa infraestrutura.<\/span><\/span><\/strong><\/span><\/p>\n<table width=\"100%\" cellspacing=\"0\" cellpadding=\"4\"><colgroup> <col width=\"64*\" \/> <col width=\"64*\" \/> <col width=\"64*\" \/> <col width=\"64*\" \/> <\/colgroup>\n<tbody>\n<tr valign=\"top\">\n<td width=\"25%\"><a href=\"http:\/\/www.ifbaiano.edu.br\/unidades\/santaines\/files\/2017\/07\/DJI_0108.jpg\"><img decoding=\"async\" loading=\"lazy\" class=\"alignnone wp-image-9225\" src=\"http:\/\/www.ifbaiano.edu.br\/unidades\/santaines\/files\/2017\/07\/DJI_0108.jpg\" alt=\"DCIM100MEDIADJI_0108.JPG\" width=\"284\" height=\"160\" \/><\/a><\/td>\n<td width=\"25%\"><a href=\"http:\/\/www.ifbaiano.edu.br\/unidades\/santaines\/files\/2017\/07\/DJI_0112.MP4_snapshot_00.03_2017.09.26_11.22.10.jpg\"><img decoding=\"async\" loading=\"lazy\" class=\"alignnone  wp-image-9226\" src=\"http:\/\/www.ifbaiano.edu.br\/unidades\/santaines\/files\/2017\/07\/DJI_0112.MP4_snapshot_00.03_2017.09.26_11.22.10.jpg\" alt=\"DJI_0112.MP4_snapshot_00.03_[2017.09.26_11.22.10]\" width=\"276\" height=\"155\" \/><\/a><\/td>\n<td width=\"25%\">\u00a0<a href=\"http:\/\/www.ifbaiano.edu.br\/unidades\/santaines\/files\/2017\/07\/DJI_0053.MOV_snapshot_00.12_2017.09.26_11.16.38.jpg\"><img decoding=\"async\" loading=\"lazy\" class=\"alignnone  wp-image-9224\" src=\"http:\/\/www.ifbaiano.edu.br\/unidades\/santaines\/files\/2017\/07\/DJI_0053.MOV_snapshot_00.12_2017.09.26_11.16.38.jpg\" alt=\"DJI_0053.MOV_snapshot_00.12_[2017.09.26_11.16.38]\" width=\"267\" height=\"150\" \/><\/a><\/td>\n<td width=\"25%\">\u00a0<\/td>\n<\/tr>\n<tr valign=\"top\">\n<td width=\"25%\">\u00a0<\/td>\n<td width=\"25%\">\u00a0<\/td>\n<td width=\"25%\">\u00a0<\/td>\n<td width=\"25%\">\u00a0<\/td>\n<\/tr>\n<tr valign=\"top\">\n<td width=\"25%\">\u00a0<a href=\"http:\/\/www.ifbaiano.edu.br\/unidades\/santaines\/files\/2017\/07\/IMG_20170105_082538415.jpg\"><img decoding=\"async\" loading=\"lazy\" class=\"alignnone  wp-image-9235\" src=\"http:\/\/www.ifbaiano.edu.br\/unidades\/santaines\/files\/2017\/07\/IMG_20170105_082538415.jpg\" alt=\"IMG_20170105_082538415\" width=\"273\" height=\"153\" \/><\/a><\/td>\n<td width=\"25%\">\u00a0<a href=\"http:\/\/www.ifbaiano.edu.br\/unidades\/santaines\/files\/2017\/07\/IMG_20170105_075903029.jpg\"><img decoding=\"async\" loading=\"lazy\" class=\"alignnone  wp-image-9234\" src=\"http:\/\/www.ifbaiano.edu.br\/unidades\/santaines\/files\/2017\/07\/IMG_20170105_075903029.jpg\" alt=\"IMG_20170105_075903029\" width=\"265\" height=\"148\" \/><\/a><\/td>\n<td width=\"25%\">\u00a0<a href=\"http:\/\/www.ifbaiano.edu.br\/unidades\/santaines\/files\/2017\/07\/00206.MTS_snapshot_00.00_2017.09.26_11.27.12.jpg\"><img decoding=\"async\" loading=\"lazy\" class=\"alignnone  wp-image-9223\" src=\"http:\/\/www.ifbaiano.edu.br\/unidades\/santaines\/files\/2017\/07\/00206.MTS_snapshot_00.00_2017.09.26_11.27.12.jpg\" alt=\"00206.MTS_snapshot_00.00_[2017.09.26_11.27.12]\" width=\"262\" height=\"146\" \/><\/a><\/td>\n<td width=\"25%\">\u00a0<\/td>\n<\/tr>\n<tr valign=\"top\">\n<td width=\"25%\">\u00a0<\/td>\n<td width=\"25%\">\u00a0<\/td>\n<td width=\"25%\">\u00a0<\/td>\n<td width=\"25%\">\u00a0<\/td>\n<\/tr>\n<tr valign=\"top\">\n<td width=\"25%\">\u00a0<a href=\"http:\/\/www.ifbaiano.edu.br\/unidades\/santaines\/files\/2017\/07\/IMG_20170104_143407425.jpg\"><img decoding=\"async\" loading=\"lazy\" class=\"alignnone  wp-image-9229\" src=\"http:\/\/www.ifbaiano.edu.br\/unidades\/santaines\/files\/2017\/07\/IMG_20170104_143407425.jpg\" alt=\"IMG_20170104_143407425\" width=\"271\" height=\"152\" \/><\/a><\/td>\n<td width=\"25%\">\u00a0<a href=\"http:\/\/www.ifbaiano.edu.br\/unidades\/santaines\/files\/2017\/07\/DSC_7422.jpg\"><img decoding=\"async\" loading=\"lazy\" class=\"alignnone  wp-image-9227\" src=\"http:\/\/www.ifbaiano.edu.br\/unidades\/santaines\/files\/2017\/07\/DSC_7422.jpg\" alt=\"DSC_7422\" width=\"250\" height=\"165\" \/><\/a><\/td>\n<td width=\"25%\">\u00a0<a href=\"http:\/\/www.ifbaiano.edu.br\/unidades\/santaines\/files\/2017\/07\/DSC_7467.jpg\"><img decoding=\"async\" loading=\"lazy\" class=\"alignnone  wp-image-9228\" src=\"http:\/\/www.ifbaiano.edu.br\/unidades\/santaines\/files\/2017\/07\/DSC_7467.jpg\" alt=\"DSC_7467\" width=\"250\" height=\"164\" \/><\/a><\/td>\n<td width=\"25%\">\u00a0<\/td>\n<\/tr>\n<tr valign=\"top\">\n<td width=\"25%\">\u00a0<\/td>\n<td width=\"25%\">\u00a0<\/td>\n<td width=\"25%\">\u00a0<\/td>\n<td width=\"25%\">\u00a0<\/td>\n<\/tr>\n<tr valign=\"top\">\n<td width=\"25%\">\u00a0<a href=\"http:\/\/www.ifbaiano.edu.br\/unidades\/santaines\/files\/2017\/07\/IMG_20170105_093212391.jpg\"><img decoding=\"async\" loading=\"lazy\" class=\"alignnone  wp-image-9239\" src=\"http:\/\/www.ifbaiano.edu.br\/unidades\/santaines\/files\/2017\/07\/IMG_20170105_093212391.jpg\" alt=\"IMG_20170105_093212391\" width=\"269\" height=\"151\" \/><\/a><\/td>\n<td width=\"25%\">\u00a0<a href=\"http:\/\/www.ifbaiano.edu.br\/unidades\/santaines\/files\/2017\/07\/IMG_20170105_093007129.jpg\"><img decoding=\"async\" loading=\"lazy\" class=\"alignnone  wp-image-9238\" src=\"http:\/\/www.ifbaiano.edu.br\/unidades\/santaines\/files\/2017\/07\/IMG_20170105_093007129.jpg\" alt=\"IMG_20170105_093007129\" width=\"264\" height=\"148\" \/><\/a><\/td>\n<td width=\"25%\">\u00a0<a href=\"http:\/\/www.ifbaiano.edu.br\/unidades\/santaines\/files\/2017\/07\/IMG_20170105_090118794.jpg\"><img decoding=\"async\" loading=\"lazy\" class=\"alignnone  wp-image-9237\" src=\"http:\/\/www.ifbaiano.edu.br\/unidades\/santaines\/files\/2017\/07\/IMG_20170105_090118794.jpg\" alt=\"IMG_20170105_090118794\" width=\"258\" height=\"145\" \/><\/a><\/td>\n<td width=\"25%\">\u00a0<\/td>\n<\/tr>\n<tr valign=\"top\">\n<td width=\"25%\">\u00a0<\/td>\n<td width=\"25%\">\u00a0<\/td>\n<td width=\"25%\">\u00a0<\/td>\n<td width=\"25%\">\u00a0<\/td>\n<\/tr>\n<tr valign=\"top\">\n<td width=\"25%\">\u00a0<a href=\"http:\/\/www.ifbaiano.edu.br\/unidades\/santaines\/files\/2017\/07\/IMG_20170104_143847223.jpg\"><img decoding=\"async\" loading=\"lazy\" class=\"alignnone  wp-image-9231\" src=\"http:\/\/www.ifbaiano.edu.br\/unidades\/santaines\/files\/2017\/07\/IMG_20170104_143847223.jpg\" alt=\"IMG_20170104_143847223\" width=\"260\" height=\"146\" \/><\/a><\/td>\n<td width=\"25%\"><a href=\"http:\/\/www.ifbaiano.edu.br\/unidades\/santaines\/files\/2017\/07\/IMG_20170104_144549920.jpg\"><img decoding=\"async\" loading=\"lazy\" class=\"alignnone  wp-image-9232\" src=\"http:\/\/www.ifbaiano.edu.br\/unidades\/santaines\/files\/2017\/07\/IMG_20170104_144549920.jpg\" alt=\"IMG_20170104_144549920\" width=\"271\" height=\"153\" \/><\/a><\/td>\n<td width=\"25%\">\u00a0<a href=\"http:\/\/www.ifbaiano.edu.br\/unidades\/santaines\/files\/2017\/07\/IMG_20170104_143754258.jpg\"><img decoding=\"async\" loading=\"lazy\" class=\"alignnone  wp-image-9230\" src=\"http:\/\/www.ifbaiano.edu.br\/unidades\/santaines\/files\/2017\/07\/IMG_20170104_143754258.jpg\" alt=\"IMG_20170104_143754258\" width=\"256\" height=\"144\" \/><\/a><\/td>\n<td width=\"25%\">\u00a0<\/td>\n<\/tr>\n<\/tbody>\n<\/table>\n<hr \/>\n<p>Fotos: ASCOM Reitoria<\/p>\n\n\n<h2 class=\"wp-block-heading\">Fotos A\u00e9reas &#8211; 2020<\/h2>\n\n\n\n<figure class=\"wp-block-gallery has-nested-images columns-default is-cropped wp-block-gallery-1 is-layout-flex\">\n<figure class=\"wp-block-image size-large\"><a href=\"https:\/\/www.ifbaiano.edu.br\/unidades\/santaines\/files\/2023\/02\/Imagem-aerea-do-Campus__Portaria_.jpg\"><img decoding=\"async\" loading=\"lazy\" width=\"1716\" height=\"879\" data-id=\"18119\"  src=\"https:\/\/www.ifbaiano.edu.br\/unidades\/santaines\/files\/2023\/02\/Imagem-aerea-do-Campus__Portaria_.jpg\" alt=\"\" class=\"wp-image-18119\" \/><\/a><\/figure>\n\n\n\n<figure class=\"wp-block-image size-large\"><a href=\"https:\/\/www.ifbaiano.edu.br\/unidades\/santaines\/files\/2023\/02\/Imagem-aerea-do-Campus__Portaria.jpg\"><img decoding=\"async\" loading=\"lazy\" width=\"1701\" height=\"879\" data-id=\"18118\"  src=\"https:\/\/www.ifbaiano.edu.br\/unidades\/santaines\/files\/2023\/02\/Imagem-aerea-do-Campus__Portaria.jpg\" alt=\"\" class=\"wp-image-18118\" \/><\/a><\/figure>\n\n\n\n<figure class=\"wp-block-image size-large\"><a href=\"https:\/\/www.ifbaiano.edu.br\/unidades\/santaines\/files\/2023\/02\/Imagem-aerea-do-Campus_Portaria.jpg\"><img decoding=\"async\" loading=\"lazy\" width=\"1757\" height=\"975\" data-id=\"18120\"  src=\"https:\/\/www.ifbaiano.edu.br\/unidades\/santaines\/files\/2023\/02\/Imagem-aerea-do-Campus_Portaria.jpg\" alt=\"\" class=\"wp-image-18120\" \/><\/a><\/figure>\n\n\n\n<figure class=\"wp-block-image size-large\"><a href=\"https:\/\/www.ifbaiano.edu.br\/unidades\/santaines\/files\/2023\/02\/Imagem-aerea-do-Campus-Frente-Portaria.jpg\"><img decoding=\"async\" loading=\"lazy\" width=\"1757\" height=\"906\" data-id=\"18116\"  src=\"https:\/\/www.ifbaiano.edu.br\/unidades\/santaines\/files\/2023\/02\/Imagem-aerea-do-Campus-Frente-Portaria.jpg\" alt=\"\" class=\"wp-image-18116\" \/><\/a><\/figure>\n\n\n\n<figure class=\"wp-block-image size-large\"><a href=\"https:\/\/www.ifbaiano.edu.br\/unidades\/santaines\/files\/2023\/02\/Imagem-aerea-do-Campus-Portaria.jpg\"><img decoding=\"async\" loading=\"lazy\" width=\"1757\" height=\"893\" data-id=\"18117\"  src=\"https:\/\/www.ifbaiano.edu.br\/unidades\/santaines\/files\/2023\/02\/Imagem-aerea-do-Campus-Portaria.jpg\" alt=\"\" class=\"wp-image-18117\" \/><\/a><\/figure>\n\n\n\n<figure class=\"wp-block-image size-large\"><a href=\"https:\/\/www.ifbaiano.edu.br\/unidades\/santaines\/files\/2023\/02\/Imagem-aerea-Portaria-do-Campus.jpg\"><img decoding=\"async\" loading=\"lazy\" width=\"1757\" height=\"893\" data-id=\"18123\"  src=\"https:\/\/www.ifbaiano.edu.br\/unidades\/santaines\/files\/2023\/02\/Imagem-aerea-Portaria-do-Campus.jpg\" alt=\"\" class=\"wp-image-18123\" \/><\/a><\/figure>\n\n\n\n<figure class=\"wp-block-image size-large\"><a href=\"https:\/\/www.ifbaiano.edu.br\/unidades\/santaines\/files\/2023\/02\/Imagem-aerea-do-Campus-Chegada.jpg\"><img decoding=\"async\" loading=\"lazy\" width=\"1757\" height=\"906\" data-id=\"18115\"  src=\"https:\/\/www.ifbaiano.edu.br\/unidades\/santaines\/files\/2023\/02\/Imagem-aerea-do-Campus-Chegada.jpg\" alt=\"\" class=\"wp-image-18115\" \/><\/a><\/figure>\n\n\n\n<figure class=\"wp-block-image size-large\"><a href=\"https:\/\/www.ifbaiano.edu.br\/unidades\/santaines\/files\/2023\/02\/Campus-SI.jpg\"><img decoding=\"async\" loading=\"lazy\" width=\"1757\" height=\"893\" data-id=\"18104\"  src=\"https:\/\/www.ifbaiano.edu.br\/unidades\/santaines\/files\/2023\/02\/Campus-SI.jpg\" alt=\"\" class=\"wp-image-18104\" \/><\/a><\/figure>\n\n\n\n<figure class=\"wp-block-image size-large\"><a href=\"https:\/\/www.ifbaiano.edu.br\/unidades\/santaines\/files\/2023\/02\/Campus__-SI.jpg\"><img decoding=\"async\" loading=\"lazy\" width=\"1757\" height=\"906\" data-id=\"18109\"  src=\"https:\/\/www.ifbaiano.edu.br\/unidades\/santaines\/files\/2023\/02\/Campus__-SI.jpg\" alt=\"\" class=\"wp-image-18109\" \/><\/a><\/figure>\n\n\n\n<figure class=\"wp-block-image size-large\"><a href=\"https:\/\/www.ifbaiano.edu.br\/unidades\/santaines\/files\/2023\/02\/Campus-.jpg\"><img decoding=\"async\" loading=\"lazy\" width=\"1757\" height=\"893\" data-id=\"18106\"  src=\"https:\/\/www.ifbaiano.edu.br\/unidades\/santaines\/files\/2023\/02\/Campus-.jpg\" alt=\"\" class=\"wp-image-18106\" \/><\/a><\/figure>\n\n\n\n<figure class=\"wp-block-image size-large\"><a href=\"https:\/\/www.ifbaiano.edu.br\/unidades\/santaines\/files\/2023\/02\/Foto-aerea_Pavilhao-superior.jpg\"><img decoding=\"async\" loading=\"lazy\" width=\"1743\" height=\"893\" data-id=\"18114\"  src=\"https:\/\/www.ifbaiano.edu.br\/unidades\/santaines\/files\/2023\/02\/Foto-aerea_Pavilhao-superior.jpg\" alt=\"\" class=\"wp-image-18114\" \/><\/a><\/figure>\n\n\n\n<figure class=\"wp-block-image size-large\"><a href=\"https:\/\/www.ifbaiano.edu.br\/unidades\/santaines\/files\/2023\/02\/Pavilhao-superior-Frente.jpg\"><img decoding=\"async\" loading=\"lazy\" width=\"1757\" height=\"879\" data-id=\"18127\"  src=\"https:\/\/www.ifbaiano.edu.br\/unidades\/santaines\/files\/2023\/02\/Pavilhao-superior-Frente.jpg\" alt=\"\" class=\"wp-image-18127\" \/><\/a><\/figure>\n\n\n\n<figure class=\"wp-block-image size-large\"><a href=\"https:\/\/www.ifbaiano.edu.br\/unidades\/santaines\/files\/2023\/02\/Residencias.jpg\"><img decoding=\"async\" loading=\"lazy\" width=\"1757\" height=\"906\" data-id=\"18130\"  src=\"https:\/\/www.ifbaiano.edu.br\/unidades\/santaines\/files\/2023\/02\/Residencias.jpg\" alt=\"\" class=\"wp-image-18130\" \/><\/a><\/figure>\n\n\n\n<figure class=\"wp-block-image size-large\"><a href=\"https:\/\/www.ifbaiano.edu.br\/unidades\/santaines\/files\/2023\/02\/Campus-STa-Ines.jpg\"><img decoding=\"async\" loading=\"lazy\" width=\"1757\" height=\"893\" data-id=\"18105\"  src=\"https:\/\/www.ifbaiano.edu.br\/unidades\/santaines\/files\/2023\/02\/Campus-STa-Ines.jpg\" alt=\"\" class=\"wp-image-18105\" \/><\/a><\/figure>\n\n\n\n<figure class=\"wp-block-image size-large\"><a href=\"https:\/\/www.ifbaiano.edu.br\/unidades\/santaines\/files\/2023\/02\/CampusSI.jpg\"><img decoding=\"async\" loading=\"lazy\" width=\"1757\" height=\"907\" data-id=\"18111\"  src=\"https:\/\/www.ifbaiano.edu.br\/unidades\/santaines\/files\/2023\/02\/CampusSI.jpg\" alt=\"\" class=\"wp-image-18111\" \/><\/a><\/figure>\n\n\n\n<figure class=\"wp-block-image size-large\"><a href=\"https:\/\/www.ifbaiano.edu.br\/unidades\/santaines\/files\/2023\/02\/Foto-aerea.jpg\"><img decoding=\"async\" loading=\"lazy\" width=\"1757\" height=\"919\" data-id=\"18113\"  src=\"https:\/\/www.ifbaiano.edu.br\/unidades\/santaines\/files\/2023\/02\/Foto-aerea.jpg\" alt=\"\" class=\"wp-image-18113\" \/><\/a><\/figure>\n\n\n\n<figure class=\"wp-block-image size-large\"><a href=\"https:\/\/www.ifbaiano.edu.br\/unidades\/santaines\/files\/2023\/02\/Residencias-1.jpg\"><img decoding=\"async\" loading=\"lazy\" width=\"1757\" height=\"906\" data-id=\"18129\"  src=\"https:\/\/www.ifbaiano.edu.br\/unidades\/santaines\/files\/2023\/02\/Residencias-1.jpg\" alt=\"\" class=\"wp-image-18129\" \/><\/a><\/figure>\n\n\n\n<figure class=\"wp-block-image size-large\"><a href=\"https:\/\/www.ifbaiano.edu.br\/unidades\/santaines\/files\/2023\/02\/Campus-SI-1.jpg\"><img decoding=\"async\" loading=\"lazy\" width=\"1757\" height=\"975\" data-id=\"18107\"  src=\"https:\/\/www.ifbaiano.edu.br\/unidades\/santaines\/files\/2023\/02\/Campus-SI-1.jpg\" alt=\"\" class=\"wp-image-18107\" \/><\/a><\/figure>\n\n\n\n<figure class=\"wp-block-image size-large\"><a href=\"https:\/\/www.ifbaiano.edu.br\/unidades\/santaines\/files\/2023\/02\/Campus.jpg\"><img decoding=\"async\" loading=\"lazy\" width=\"1757\" height=\"893\" data-id=\"18108\"  src=\"https:\/\/www.ifbaiano.edu.br\/unidades\/santaines\/files\/2023\/02\/Campus.jpg\" alt=\"\" class=\"wp-image-18108\" \/><\/a><\/figure>\n\n\n\n<figure class=\"wp-block-image size-large\"><a href=\"https:\/\/www.ifbaiano.edu.br\/unidades\/santaines\/files\/2023\/02\/Campus_SI.jpg\"><img decoding=\"async\" loading=\"lazy\" width=\"1757\" height=\"975\" data-id=\"18110\"  src=\"https:\/\/www.ifbaiano.edu.br\/unidades\/santaines\/files\/2023\/02\/Campus_SI.jpg\" alt=\"\" class=\"wp-image-18110\" \/><\/a><\/figure>\n\n\n\n<figure class=\"wp-block-image size-large\"><a href=\"https:\/\/www.ifbaiano.edu.br\/unidades\/santaines\/files\/2023\/02\/Imagem-aerea-entrada.jpg\"><img decoding=\"async\" loading=\"lazy\" width=\"1757\" height=\"893\" data-id=\"18121\"  src=\"https:\/\/www.ifbaiano.edu.br\/unidades\/santaines\/files\/2023\/02\/Imagem-aerea-entrada.jpg\" alt=\"\" class=\"wp-image-18121\" \/><\/a><\/figure>\n\n\n\n<figure class=\"wp-block-image size-large\"><a href=\"https:\/\/www.ifbaiano.edu.br\/unidades\/santaines\/files\/2023\/02\/Imagem-aerea-entrada_-Adm.jpg\"><img decoding=\"async\" loading=\"lazy\" width=\"1757\" height=\"893\" data-id=\"18122\"  src=\"https:\/\/www.ifbaiano.edu.br\/unidades\/santaines\/files\/2023\/02\/Imagem-aerea-entrada_-Adm.jpg\" alt=\"\" class=\"wp-image-18122\" \/><\/a><\/figure>\n\n\n\n<figure class=\"wp-block-image size-large\"><a href=\"https:\/\/www.ifbaiano.edu.br\/unidades\/santaines\/files\/2023\/02\/Imagem-aerea-residencias.jpg\"><img decoding=\"async\" loading=\"lazy\" width=\"1743\" height=\"893\" data-id=\"18124\"  src=\"https:\/\/www.ifbaiano.edu.br\/unidades\/santaines\/files\/2023\/02\/Imagem-aerea-residencias.jpg\" alt=\"\" class=\"wp-image-18124\" \/><\/a><\/figure>\n\n\n\n<figure class=\"wp-block-image size-large\"><a href=\"https:\/\/www.ifbaiano.edu.br\/unidades\/santaines\/files\/2023\/02\/Imagem-aerea.jpg\"><img decoding=\"async\" loading=\"lazy\" width=\"1757\" height=\"906\" data-id=\"18125\"  src=\"https:\/\/www.ifbaiano.edu.br\/unidades\/santaines\/files\/2023\/02\/Imagem-aerea.jpg\" alt=\"\" class=\"wp-image-18125\" \/><\/a><\/figure>\n\n\n\n<figure class=\"wp-block-image size-large\"><a href=\"https:\/\/www.ifbaiano.edu.br\/unidades\/santaines\/files\/2023\/02\/Foto-Aerea-P-Adm.png\"><img decoding=\"async\" loading=\"lazy\" width=\"1769\" height=\"981\" data-id=\"18135\"  src=\"https:\/\/www.ifbaiano.edu.br\/unidades\/santaines\/files\/2023\/02\/Foto-Aerea-P-Adm.png\" alt=\"\" class=\"wp-image-18135\" \/><\/a><\/figure>\n\n\n\n<figure class=\"wp-block-image size-large\"><a href=\"https:\/\/www.ifbaiano.edu.br\/unidades\/santaines\/files\/2023\/02\/1.jpg\"><img decoding=\"async\" loading=\"lazy\" width=\"1769\" height=\"991\" data-id=\"18131\"  src=\"https:\/\/www.ifbaiano.edu.br\/unidades\/santaines\/files\/2023\/02\/1.jpg\" alt=\"\" class=\"wp-image-18131\" \/><\/a><\/figure>\n\n\n\n<figure class=\"wp-block-image size-large\"><a href=\"https:\/\/www.ifbaiano.edu.br\/unidades\/santaines\/files\/2023\/02\/Foto-Aerea-ADM.jpg\"><img decoding=\"async\" loading=\"lazy\" width=\"1769\" height=\"981\" data-id=\"18133\"  src=\"https:\/\/www.ifbaiano.edu.br\/unidades\/santaines\/files\/2023\/02\/Foto-Aerea-ADM.jpg\" alt=\"\" class=\"wp-image-18133\" \/><\/a><\/figure>\n\n\n\n<figure class=\"wp-block-image size-large\"><a href=\"https:\/\/www.ifbaiano.edu.br\/unidades\/santaines\/files\/2023\/02\/1111.jpg\"><img decoding=\"async\" loading=\"lazy\" width=\"1739\" height=\"901\" data-id=\"18139\"  src=\"https:\/\/www.ifbaiano.edu.br\/unidades\/santaines\/files\/2023\/02\/1111.jpg\" alt=\"\" class=\"wp-image-18139\" \/><\/a><\/figure>\n\n\n\n<figure class=\"wp-block-image size-large\"><a href=\"https:\/\/www.ifbaiano.edu.br\/unidades\/santaines\/files\/2023\/02\/Foto-Aerea-IF.jpg\"><img decoding=\"async\" loading=\"lazy\" width=\"1769\" height=\"991\" data-id=\"18134\"  src=\"https:\/\/www.ifbaiano.edu.br\/unidades\/santaines\/files\/2023\/02\/Foto-Aerea-IF.jpg\" alt=\"\" class=\"wp-image-18134\" \/><\/a><\/figure>\n\n\n\n<figure class=\"wp-block-image size-large\"><a href=\"https:\/\/www.ifbaiano.edu.br\/unidades\/santaines\/files\/2023\/02\/2.jpg\"><img decoding=\"async\" loading=\"lazy\" width=\"1769\" height=\"991\" data-id=\"18132\"  src=\"https:\/\/www.ifbaiano.edu.br\/unidades\/santaines\/files\/2023\/02\/2.jpg\" alt=\"\" class=\"wp-image-18132\" \/><\/a><\/figure>\n\n\n\n<figure class=\"wp-block-image size-large\"><a href=\"https:\/\/www.ifbaiano.edu.br\/unidades\/santaines\/files\/2023\/02\/Foto-Aerea.jpg\"><img decoding=\"async\" loading=\"lazy\" width=\"1779\" height=\"1001\" data-id=\"18136\"  src=\"https:\/\/www.ifbaiano.edu.br\/unidades\/santaines\/files\/2023\/02\/Foto-Aerea.jpg\" alt=\"\" class=\"wp-image-18136\" \/><\/a><\/figure>\n\n\n\n<figure class=\"wp-block-image size-large\"><a href=\"https:\/\/www.ifbaiano.edu.br\/unidades\/santaines\/files\/2023\/02\/Quadra.jpg\"><img decoding=\"async\" loading=\"lazy\" width=\"1759\" height=\"981\" data-id=\"18137\"  src=\"https:\/\/www.ifbaiano.edu.br\/unidades\/santaines\/files\/2023\/02\/Quadra.jpg\" alt=\"\" class=\"wp-image-18137\" \/><\/a><\/figure>\n\n\n\n<figure class=\"wp-block-image size-large\"><a href=\"https:\/\/www.ifbaiano.edu.br\/unidades\/santaines\/files\/2023\/02\/333333333.jpg\"><img decoding=\"async\" loading=\"lazy\" width=\"1769\" height=\"991\" data-id=\"18140\"  src=\"https:\/\/www.ifbaiano.edu.br\/unidades\/santaines\/files\/2023\/02\/333333333.jpg\" alt=\"\" class=\"wp-image-18140\" \/><\/a><\/figure>\n<\/figure>\n\n\n\n<hr class=\"wp-block-separator has-css-opacity\" \/>\n","protected":false},"excerpt":{"rendered":"<p>O Campus Santa In\u00eas disp\u00f5e de uma infraestrutura moderna e acolhedora, pensada para proporcionar qualidade no ensino, na conviv\u00eancia e no bem-estar dos estudantes. Entre os principais espa\u00e7os e recursos, destacam-se: Salas de aula climatizadas e equipadas com recursos multim\u00eddia Laborat\u00f3rios com equipamentos de alta tecnologia Unidades Educativas de Campo &#8211; UEP Biblioteca e audit\u00f3rio [&hellip;]<\/p>\n","protected":false},"author":86,"featured_media":0,"parent":0,"menu_order":0,"comment_status":"closed","ping_status":"closed","template":"","meta":[],"_links":{"self":[{"href":"https:\/\/www.ifbaiano.edu.br\/unidades\/santaines\/wp-json\/wp\/v2\/pages\/8174"}],"collection":[{"href":"https:\/\/www.ifbaiano.edu.br\/unidades\/santaines\/wp-json\/wp\/v2\/pages"}],"about":[{"href":"https:\/\/www.ifbaiano.edu.br\/unidades\/santaines\/wp-json\/wp\/v2\/types\/page"}],"author":[{"embeddable":true,"href":"https:\/\/www.ifbaiano.edu.br\/unidades\/santaines\/wp-json\/wp\/v2\/users\/86"}],"replies":[{"embeddable":true,"href":"https:\/\/www.ifbaiano.edu.br\/unidades\/santaines\/wp-json\/wp\/v2\/comments?post=8174"}],"version-history":[{"count":12,"href":"https:\/\/www.ifbaiano.edu.br\/unidades\/santaines\/wp-json\/wp\/v2\/pages\/8174\/revisions"}],"predecessor-version":[{"id":27301,"href":"https:\/\/www.ifbaiano.edu.br\/unidades\/santaines\/wp-json\/wp\/v2\/pages\/8174\/revisions\/27301"}],"wp:attachment":[{"href":"https:\/\/www.ifbaiano.edu.br\/unidades\/santaines\/wp-json\/wp\/v2\/media?parent=8174"}],"curies":[{"name":"wp","href":"https:\/\/api.w.org\/{rel}","templated":true}]}}