{"id":8287,"date":"2017-07-20T13:17:18","date_gmt":"2017-07-20T16:17:18","guid":{"rendered":"http:\/\/www.ifbaiano.edu.br\/unidades\/santaines\/?page_id=8287"},"modified":"2025-05-10T23:47:49","modified_gmt":"2025-05-11T02:47:49","slug":"manuais-academicos","status":"publish","type":"page","link":"https:\/\/www.ifbaiano.edu.br\/unidades\/santaines\/manuais-academicos\/","title":{"rendered":"Manuais Acad\u00eamicos"},"content":{"rendered":"<hr \/>\n<p align=\"justify\"><span style=\"color: #333333\"><span style=\"font-family: Arial, sans-serif\"><span style=\"font-size: large\">Caro(a) Estudante,<\/span><\/span><\/span><\/p>\n<p align=\"justify\"><span style=\"color: #333333\"><span style=\"font-family: Arial, sans-serif\"><span style=\"font-size: large\">Nos manuais abaixo constam orienta\u00e7\u00f5es e informa\u00e7\u00f5es b\u00e1sicas necess\u00e1rias aos discentes das respectivas modalidades de Ensino do IF Baiano &#8211; Campus Santa In\u00eas.<\/span><\/span><\/span><\/p>\n<p align=\"justify\"><span style=\"color: #333333\"><span style=\"font-family: Arial, sans-serif\"><span style=\"font-size: large\">Sua leitura atenta \u00e9 imprescind\u00edvel para que voc\u00eas participem efetivamente do seu processo de forma\u00e7\u00e3o e contribuam para consolidar nossa Institui\u00e7\u00e3o.<\/span><\/span><\/span><\/p>\n<p align=\"justify\"><span style=\"color: #333333\"><span style=\"font-family: Arial, sans-serif\"><span style=\"font-size: large\">Quaisquer d\u00favidas, colocamo-nos \u00e0 disposi\u00e7\u00e3o para esclarecimentos.<\/span><\/span><\/span><\/p>\n<hr \/>\n<p><a href=\"https:\/\/www.ifbaiano.edu.br\/unidades\/santaines\/files\/2025\/05\/Manual-do-Estudante-Ingressante.pdf\">1. Manual do Estudante Ingressante &#8211; Cursos T\u00e9cnicos Integrados<\/a> (NOVO)<\/p>\n<p><a href=\"http:\/\/www.ifbaiano.edu.br\/unidades\/santaines\/files\/2017\/07\/1.-Manual-do-Estudante-dos-Cursos-T\u00e9cnicos.pdf\">2. Manual do Estudante dos Cursos T\u00e9cnicos Integrados<\/a><\/p>\n<p><a href=\"http:\/\/www.ifbaiano.edu.br\/unidades\/santaines\/files\/2017\/07\/2.-Manual-Acad\u00eamico-dos-Cursos-Superiores.pdf\">3. Manual Acad\u00eamico dos Cursos Superiores<\/a><\/p>\n<p><a href=\"http:\/\/www.ifbaiano.edu.br\/unidades\/santaines\/files\/2017\/07\/3.-Manual-de-TCC.pdf\">4. Manual de TCC<\/a><\/p>\n<p><a href=\"http:\/\/www.ifbaiano.edu.br\/unidades\/santaines\/files\/2017\/07\/4.-Manual-do-Curso-de-Licenciatura-em-Ci\u00eancias-Biol\u00f3gicos.pdf\">5. Manual do Curso de Licenciatura em Ci\u00eancias Biol\u00f3gicos<\/a><\/p>\n<p><a href=\"http:\/\/www.ifbaiano.edu.br\/unidades\/santaines\/files\/2017\/07\/5.-Manual-do-Curso-de-Licenciatura-em-Geografia.pdf\">6. Manual do Curso de Licenciatura em Geografia<\/a><\/p>\n<p><a href=\"http:\/\/www.ifbaiano.edu.br\/unidades\/santaines\/files\/2017\/07\/6.-Manual-do-Curso-de-Bacharelado-em-Zootecnia.pdf\">7. Manual do Curso de Bacharelado em Zootecnia<\/a><\/p>\n","protected":false},"excerpt":{"rendered":"<p>Caro(a) Estudante, Nos manuais abaixo constam orienta\u00e7\u00f5es e informa\u00e7\u00f5es b\u00e1sicas necess\u00e1rias aos discentes das respectivas modalidades de Ensino do IF Baiano &#8211; Campus Santa In\u00eas. Sua leitura atenta \u00e9 imprescind\u00edvel para que voc\u00eas participem efetivamente do seu processo de forma\u00e7\u00e3o e contribuam para consolidar nossa Institui\u00e7\u00e3o. Quaisquer d\u00favidas, colocamo-nos \u00e0 disposi\u00e7\u00e3o para esclarecimentos. 1. Manual [&hellip;]<\/p>\n","protected":false},"author":86,"featured_media":0,"parent":0,"menu_order":0,"comment_status":"closed","ping_status":"closed","template":"","meta":[],"_links":{"self":[{"href":"https:\/\/www.ifbaiano.edu.br\/unidades\/santaines\/wp-json\/wp\/v2\/pages\/8287"}],"collection":[{"href":"https:\/\/www.ifbaiano.edu.br\/unidades\/santaines\/wp-json\/wp\/v2\/pages"}],"about":[{"href":"https:\/\/www.ifbaiano.edu.br\/unidades\/santaines\/wp-json\/wp\/v2\/types\/page"}],"author":[{"embeddable":true,"href":"https:\/\/www.ifbaiano.edu.br\/unidades\/santaines\/wp-json\/wp\/v2\/users\/86"}],"replies":[{"embeddable":true,"href":"https:\/\/www.ifbaiano.edu.br\/unidades\/santaines\/wp-json\/wp\/v2\/comments?post=8287"}],"version-history":[{"count":3,"href":"https:\/\/www.ifbaiano.edu.br\/unidades\/santaines\/wp-json\/wp\/v2\/pages\/8287\/revisions"}],"predecessor-version":[{"id":24000,"href":"https:\/\/www.ifbaiano.edu.br\/unidades\/santaines\/wp-json\/wp\/v2\/pages\/8287\/revisions\/24000"}],"wp:attachment":[{"href":"https:\/\/www.ifbaiano.edu.br\/unidades\/santaines\/wp-json\/wp\/v2\/media?parent=8287"}],"curies":[{"name":"wp","href":"https:\/\/api.w.org\/{rel}","templated":true}]}}