{"id":8338,"date":"2017-07-24T13:10:00","date_gmt":"2017-07-24T16:10:00","guid":{"rendered":"http:\/\/www.ifbaiano.edu.br\/unidades\/santaines\/?page_id=8338"},"modified":"2025-12-16T10:35:30","modified_gmt":"2025-12-16T13:35:30","slug":"formularios","status":"publish","type":"page","link":"https:\/\/www.ifbaiano.edu.br\/unidades\/santaines\/formularios\/","title":{"rendered":"Formul\u00e1rios"},"content":{"rendered":"<pre><\/pre>\n<hr \/>\n<p><a href=\"http:\/\/www.ifbaiano.edu.br\/unidades\/santaines\/files\/2017\/07\/Boletim-de-Atividades-Fora-da-Sede.pdf\" target=\"_blank\" rel=\"noopener\"><span style=\"color: #000000\"><span style=\"font-family: 'Times New Roman', serif\"><span style=\"font-size: x-large\">Boletim de Atividades Fora da Sede<\/span><\/span><\/span><\/a><\/p>\n<p><a href=\"http:\/\/www.ifbaiano.edu.br\/unidades\/santaines\/files\/2017\/07\/Formul%C3%A1rios-Grupo-de-Estudo.pdf\" target=\"_blank\" rel=\"noopener\"><span style=\"color: #000000\"><span style=\"font-family: 'Times New Roman', serif\"><span style=\"font-size: x-large\">Formul\u00e1rios &#8211; Grupo de Estudo<\/span><\/span><\/span><\/a><\/p>\n<p><a href=\"http:\/\/www.ifbaiano.edu.br\/unidades\/santaines\/files\/2018\/03\/ANEXO-Regulamento-Visita-T%C3%A9cnica-1.pdf\"><span style=\"color: #000000\"><span style=\"font-family: 'Times New Roman', serif\"><span style=\"font-size: x-large\">Formul\u00e1rios &#8211; Visita T\u00e9cnica<\/span><\/span><\/span><\/a><\/p>\n<p><a href=\"https:\/\/www.ifbaiano.edu.br\/unidades\/santaines\/files\/2018\/10\/Regulamento-Utiliza%C3%A7%C3%A3o-Laborat%C3%B3rios-2018.pdf\"><span style=\"color: #000000\"><span style=\"font-family: 'Times New Roman', serif\"><span style=\"font-size: x-large\">Regulamento dos Laborat\u00f3rios<\/span><\/span><\/span><\/a><\/p>\n<p><a href=\"http:\/\/www.ifbaiano.edu.br\/unidades\/santaines\/files\/2018\/10\/Regulamento-Sa%C3%ADda-para-Curso-Evento-de-Capacita%C3%A7%C3%A3o.pdf\"><span style=\"color: #000000\"><span style=\"font-family: 'Times New Roman', serif\"><span style=\"font-size: x-large\">Regulamento_ Sa\u00edda para Cursos\/Eventos de Capacita\u00e7\u00e3o<\/span><\/span><\/span><\/a><\/p>\n<p><a href=\"http:\/\/www.ifbaiano.edu.br\/unidades\/santaines\/files\/2017\/06\/6.-Regulamento-de-Aux%C3%ADlio-ao-Discente-para-Participar-de-Eventos.pdf\" target=\"_blank\" rel=\"noopener\"><span style=\"color: #000000\"><span style=\"font-family: 'Times New Roman', serif\"><span style=\"font-size: x-large\">Regulamento de Aux\u00edlio ao Discente para Participar de Eventos<\/span><\/span><\/span><\/a><\/p>\n<p><a href=\"http:\/\/www.ifbaiano.edu.br\/unidades\/santaines\/files\/2017\/07\/Regulamento-de-Visitas-T%C3%A9cnicas.pdf\"><span style=\"color: #000000\"><span style=\"font-family: 'Times New Roman', serif\"><span style=\"font-size: x-large\">Regulamento de Visitas T\u00e9cnicas\u00a0<\/span><\/span><\/span><\/a><\/p>\n<p><a href=\"http:\/\/www.ifbaiano.edu.br\/unidades\/santaines\/files\/2017\/07\/Roteiro-de-Aula-Pr%C3%A1tica.pdf\" target=\"_blank\" rel=\"noopener\"><span style=\"color: #000000\"><span style=\"font-family: 'Times New Roman', serif\"><span style=\"font-size: x-large\">Roteiro de Aula Pr\u00e1tica<\/span><\/span><\/span><\/a><\/p>\n<p><a href=\"http:\/\/www.ifbaiano.edu.br\/unidades\/santaines\/files\/2017\/07\/Solicita%C3%A7%C3%A3o-de-Aux%C3%ADlio-para-Colaborador-Eventual.pdf\" target=\"_blank\" rel=\"noopener\"><span style=\"color: #000000\"><span style=\"font-family: 'Times New Roman', serif\"><span style=\"font-size: x-large\">Solicita\u00e7\u00e3o de Aux\u00edlio para Colaborador Eventual<\/span><\/span><\/span><\/a><\/p>\n<p><a href=\"http:\/\/www.ifbaiano.edu.br\/unidades\/santaines\/files\/2017\/07\/Solicita%C3%A7%C3%A3o-de-Sa%C3%ADda-para-Eventos-Docentes.pdf\" target=\"_blank\" rel=\"noopener\"><span style=\"color: #000000\"><span style=\"font-family: 'Times New Roman', serif\"><span style=\"font-size: x-large\">Solicita\u00e7\u00e3o de Sa\u00edda para Eventos &#8211; Docentes<\/span><\/span><\/span><\/a><\/p>\n<p><a href=\"http:\/\/www.ifbaiano.edu.br\/unidades\/santaines\/files\/2017\/07\/Solicita%C3%A7%C3%A3o-de-Sa%C3%ADda-para-Eventos-TAE.pdf\" target=\"_blank\" rel=\"noopener\"><span style=\"color: #000000\"><span style=\"font-family: 'Times New Roman', serif\"><span style=\"font-size: x-large\">Solicita\u00e7\u00e3o de Sa\u00edda para Eventos &#8211; TAE<\/span><\/span><\/span><\/a><\/p>\n<hr \/>\n","protected":false},"excerpt":{"rendered":"<p>Boletim de Atividades Fora da Sede Formul\u00e1rios &#8211; Grupo de Estudo Formul\u00e1rios &#8211; Visita T\u00e9cnica Regulamento dos Laborat\u00f3rios Regulamento_ Sa\u00edda para Cursos\/Eventos de Capacita\u00e7\u00e3o Regulamento de Aux\u00edlio ao Discente para Participar de Eventos Regulamento de Visitas T\u00e9cnicas\u00a0 Roteiro de Aula Pr\u00e1tica Solicita\u00e7\u00e3o de Aux\u00edlio para Colaborador Eventual Solicita\u00e7\u00e3o de Sa\u00edda para Eventos &#8211; Docentes Solicita\u00e7\u00e3o [&hellip;]<\/p>\n","protected":false},"author":86,"featured_media":0,"parent":0,"menu_order":0,"comment_status":"closed","ping_status":"closed","template":"","meta":[],"_links":{"self":[{"href":"https:\/\/www.ifbaiano.edu.br\/unidades\/santaines\/wp-json\/wp\/v2\/pages\/8338"}],"collection":[{"href":"https:\/\/www.ifbaiano.edu.br\/unidades\/santaines\/wp-json\/wp\/v2\/pages"}],"about":[{"href":"https:\/\/www.ifbaiano.edu.br\/unidades\/santaines\/wp-json\/wp\/v2\/types\/page"}],"author":[{"embeddable":true,"href":"https:\/\/www.ifbaiano.edu.br\/unidades\/santaines\/wp-json\/wp\/v2\/users\/86"}],"replies":[{"embeddable":true,"href":"https:\/\/www.ifbaiano.edu.br\/unidades\/santaines\/wp-json\/wp\/v2\/comments?post=8338"}],"version-history":[{"count":11,"href":"https:\/\/www.ifbaiano.edu.br\/unidades\/santaines\/wp-json\/wp\/v2\/pages\/8338\/revisions"}],"predecessor-version":[{"id":26594,"href":"https:\/\/www.ifbaiano.edu.br\/unidades\/santaines\/wp-json\/wp\/v2\/pages\/8338\/revisions\/26594"}],"wp:attachment":[{"href":"https:\/\/www.ifbaiano.edu.br\/unidades\/santaines\/wp-json\/wp\/v2\/media?parent=8338"}],"curies":[{"name":"wp","href":"https:\/\/api.w.org\/{rel}","templated":true}]}}