{"id":8418,"date":"2017-07-27T09:38:44","date_gmt":"2017-07-27T12:38:44","guid":{"rendered":"http:\/\/www.ifbaiano.edu.br\/unidades\/santaines\/?page_id=8418"},"modified":"2023-02-03T13:18:12","modified_gmt":"2023-02-03T16:18:12","slug":"documentos-e-regulamentos-institucionais","status":"publish","type":"page","link":"https:\/\/www.ifbaiano.edu.br\/unidades\/santaines\/documentos-e-regulamentos-institucionais\/","title":{"rendered":"Conhe\u00e7a os Documentos e Regulamentos Institucionais"},"content":{"rendered":"<p><img decoding=\"async\" loading=\"lazy\" class=\"alignnone wp-image-9714 size-full\" src=\"http:\/\/www.ifbaiano.edu.br\/unidades\/santaines\/files\/2017\/07\/Documentos-e-Regulamentos-Institucionais.jpg\" alt=\"Documentos e Regulamentos Institucionais\" width=\"1524\" height=\"48\" \/><\/p>\n<p><span style=\"color: #ffffff\">.<\/span><\/p>\n<ul>\n<li>\n<p align=\"justify\"><a href=\"http:\/\/www.planalto.gov.br\/ccivil_03\/_ato2007-2010\/2008\/lei\/l11892.htm\" target=\"_blank\" rel=\"noopener noreferrer\"><span style=\"color: #000000\"><span style=\"font-family: Arial, sans-serif\"><span style=\"font-size: large\">Lei n\u00ba 11.892\/2008 (Cria\u00e7\u00e3o dos Institutos Federais)<\/span><\/span><\/span><\/a><\/p>\n<\/li>\n<li>\n<p align=\"justify\"><a href=\"http:\/\/www.ifbaiano.edu.br\/unidades\/santaines\/files\/2017\/07\/1.-Regimento-Geral.pdf\"><span style=\"color: #000000\"><span style=\"font-family: Arial, sans-serif\"><span style=\"font-size: large\">Regimento Geral do IF Baiano<\/span><\/span><\/span><\/a><\/p>\n<\/li>\n<li>\n<p align=\"justify\"><a href=\"http:\/\/www.ifbaiano.edu.br\/unidades\/santaines\/files\/2017\/07\/2.-Estatuto.pdf\"><span style=\"color: #000000\"><span style=\"font-family: Arial, sans-serif\"><span style=\"font-size: large\"><span lang=\"pt-BR\">Estatuto do IF Baiano<\/span><\/span><\/span><\/span><\/a><\/p>\n<\/li>\n<li>\n<p align=\"justify\"><a href=\"http:\/\/www.ifbaiano.edu.br\/unidades\/santaines\/files\/2017\/07\/3.-Plano-de-Desenvolvimento-Institucional-PDI.pdf\"><span style=\"color: #000000\"><span style=\"font-family: Arial, sans-serif\"><span style=\"font-size: large\">Plano de Desenvolvimento Institucional (PDI)<\/span><\/span><\/span><\/a><\/p>\n<\/li>\n<li>\n<p align=\"justify\"><a href=\"http:\/\/www.ifbaiano.edu.br\/unidades\/santaines\/files\/2017\/07\/4.-Projeto-Pol%C3%ADtico-Pedag%C3%B3gico-Institucional-PPPI.pdf\"><span style=\"color: #000000\"><span style=\"font-family: Arial, sans-serif\"><span style=\"font-size: large\">Projeto Pol\u00edtico Pedag\u00f3gico Institucional (PPPI)<\/span><\/span><\/span><\/a><\/p>\n<\/li>\n<li>\n<p align=\"justify\"><a href=\"http:\/\/www.ifbaiano.edu.br\/unidades\/santaines\/files\/2017\/07\/5.-Organiza%C3%A7%C3%A3o-Did%C3%A1tica-dos-Cursos-EPTNM.pdf\"><span style=\"color: #000000\"><span style=\"font-family: Arial, sans-serif\"><span style=\"font-size: large\">Organiza\u00e7\u00e3o Did\u00e1tica dos Cursos de Educa\u00e7\u00e3o Profissional T\u00e9cnica\u00a0 de N\u00edvel M\u00e9dio (EPTNM)<\/span><\/span><\/span><\/a><\/p>\n<\/li>\n<li>\n<p align=\"justify\"><a href=\"http:\/\/www.ifbaiano.edu.br\/unidades\/santaines\/files\/2017\/07\/6.-Organizac%C3%A3o-Did%C3%A1tica-dos-Cursos-Superiores.pdf\"><span style=\"color: #000000\"><span style=\"font-family: Arial, sans-serif\"><span style=\"font-size: large\">Organiza\u00e7\u00e3o Did\u00e1tica dos Cursos Superiores<\/span><\/span><\/span><\/a><\/p>\n<\/li>\n<li>\n<p align=\"justify\"><a href=\"http:\/\/www.ifbaiano.edu.br\/unidades\/santaines\/files\/2017\/07\/7.-Pol%C3%ADtica-de-Qualidade-de-Ensino.pdf\"><span style=\"color: #000000\"><span style=\"font-family: Arial, sans-serif\"><span style=\"font-size: large\">Pol\u00edtica de Qualidade de Ensino<\/span><\/span><\/span><\/a><\/p>\n<\/li>\n<li>\n<p align=\"justify\"><a href=\"http:\/\/www.ifbaiano.edu.br\/unidades\/santaines\/files\/2017\/07\/8.-Pol%C3%ADtica-da-Diversidade-e-Inclus%C3%A3o.pdf\"><span style=\"color: #000000\"><span style=\"font-family: Arial, sans-serif\"><span style=\"font-size: large\">Pol\u00edtica da Diversidade e Inclus\u00e3o<\/span><\/span><\/span><\/a><\/p>\n<\/li>\n<li>\n<p align=\"justify\"><a href=\"http:\/\/www.ifbaiano.edu.br\/unidades\/santaines\/files\/2017\/07\/9.-Pol%C3%ADtica-de-Assist%C3%AAncia-Estudantil.pdf\"><span style=\"color: #000000\"><span style=\"font-family: Arial, sans-serif\"><span style=\"font-size: large\">Pol\u00edtica de Assist\u00eancia Estudantil<\/span><\/span><\/span><\/a><\/p>\n<\/li>\n<li>\n<p align=\"justify\"><a href=\"http:\/\/www.ifbaiano.edu.br\/unidades\/santaines\/files\/2017\/07\/10.-Programa-de-Nivelamento-e-Aprimoramento-da-Aprendizagem.pdf\"><span style=\"color: #000000\"><span style=\"font-family: Arial, sans-serif\"><span style=\"font-size: large\">Programa de Nivelamento e Aprimoramento da Aprendizagem<\/span><\/span><\/span><\/a><\/p>\n<\/li>\n<li>\n<p align=\"justify\"><a href=\"http:\/\/www.ifbaiano.edu.br\/unidades\/santaines\/files\/2017\/07\/11.-Regulamento-de-Monitoria-de-Ensino.pdf\"><span style=\"color: #000000\"><span style=\"font-family: Arial, sans-serif\"><span style=\"font-size: large\">Regulamento de Monitoria de Ensino<\/span><\/span><\/span><\/a><\/p>\n<\/li>\n<li>\n<p align=\"justify\"><a href=\"http:\/\/www.ifbaiano.edu.br\/unidades\/santaines\/files\/2017\/11\/12.-Regulamento-de-Tutoria-Acad\u00eamica.pdf\"><span style=\"color: #000000\"><span style=\"font-family: Arial, sans-serif\"><span style=\"font-size: large\">Regulamento de Tutoria Acad\u00eamica<\/span><\/span><\/span><\/a><\/p>\n<\/li>\n<li>\n<p align=\"justify\"><a href=\"http:\/\/www.ifbaiano.edu.br\/unidades\/santaines\/files\/2017\/07\/13.-Regulamento-de-Est%C3%A1gio-dos-Cursos-T%C3%A9cnicos.pdf\"><span style=\"color: #000000\"><span style=\"font-family: Arial, sans-serif\"><span style=\"font-size: large\">Regulamento de Est\u00e1gio dos Cursos T\u00e9cnicos<\/span><\/span><\/span><\/a><\/p>\n<\/li>\n<li>\n<p align=\"justify\"><a href=\"http:\/\/www.ifbaiano.edu.br\/unidades\/santaines\/files\/2017\/07\/14.-Regulamento-de-Est%C3%A1gio-dos-Cursos-de-Gradua%C3%A7%C3%A3o.pdf\"><span style=\"color: #000000\"><span style=\"font-family: Arial, sans-serif\"><span style=\"font-size: large\">Regulamento de Est\u00e1gio dos Cursos de Gradua\u00e7\u00e3o<\/span><\/span><\/span><\/a><\/p>\n<\/li>\n<li>\n<p align=\"justify\"><a href=\"http:\/\/www.ifbaiano.edu.br\/unidades\/santaines\/files\/2017\/07\/15.-Regulamento-de-Atividades-Complementares-dos-Cursos-de-Gradua%C3%A7%C3%A3o.pdf\"><span style=\"color: #000000\"><span style=\"font-family: Arial, sans-serif\"><span style=\"font-size: large\">Regulamento de Atividades Complementares (AC) dos Cursos de Gradua\u00e7\u00e3o<\/span><\/span><\/span><\/a><\/p>\n<\/li>\n<li>\n<p align=\"justify\"><a href=\"http:\/\/www.ifbaiano.edu.br\/unidades\/santaines\/files\/2017\/11\/16.-Regulamento-de-Trabalho-de-Conclus\u00e3o-dos-Cursos-TCC-de-Gradua\u00e7\u00e3o.pdf\"><span style=\"color: #000000\"><span style=\"font-family: Arial, sans-serif\"><span style=\"font-size: large\">Regulamento de Trabalho de Conclus\u00e3o de Curso (TCC) dos Cursos de Gradua\u00e7\u00e3o<\/span><\/span><\/span><\/a><\/p>\n<\/li>\n<li>\n<p align=\"justify\"><a href=\"http:\/\/www.ifbaiano.edu.br\/unidades\/santaines\/files\/2017\/07\/17.-Normatiza%C3%A7%C3%A3o-da-Atividade-Docente.pdf\"><span style=\"color: #000000\"><span style=\"font-family: Arial, sans-serif\"><span style=\"font-size: large\">Normatiza\u00e7\u00e3o da Atividade Docente<\/span><\/span><\/span><\/a><\/p>\n<\/li>\n<li>\n<p align=\"justify\"><a href=\"http:\/\/www.ifbaiano.edu.br\/unidades\/santaines\/files\/2017\/07\/18.-Instru%C3%A7%C3%A3o-Normativa-das-Atribui%C3%A7%C3%B5es-das-Coordena%C3%A7%C3%B5es-dos-Cursos-EPTNM.pdf\"><span style=\"color: #000000\"><span style=\"font-family: Arial, sans-serif\"><span style=\"font-size: large\">Instru\u00e7\u00e3o Normativa das Atribui\u00e7\u00f5es das Coordena\u00e7\u00f5es dos Cursos de Educa\u00e7\u00e3o Profissional T\u00e9cnica de N\u00edvel M\u00e9dio\u00a0 (EPTNM)<\/span><\/span><\/span><\/a><\/p>\n<\/li>\n<li>\n<p align=\"justify\"><a href=\"http:\/\/www.ifbaiano.edu.br\/unidades\/santaines\/files\/2017\/07\/19.-Regimento-do-NAPNE.pdf\"><span style=\"color: #000000\"><span style=\"font-family: Arial, sans-serif\"><span style=\"font-size: large\">Regimento do N\u00facleo de\u00a0Atendimento\u00a0\u00e0s Pessoas com Necessidades Espec\u00edficas (NAPNE)<\/span><\/span><\/span><\/a><\/p>\n<\/li>\n<li>\n<p align=\"justify\"><a href=\"http:\/\/www.ifbaiano.edu.br\/unidades\/santaines\/files\/2017\/07\/20.-Regulamento-Disciplinar-Discente.pdf\"><span style=\"color: #000000\"><span style=\"font-family: Arial, sans-serif\"><span style=\"font-size: large\">Regulamento Disciplinar Discente<\/span><\/span><\/span><\/a><\/p>\n<\/li>\n<li>\n<p align=\"justify\"><a href=\"http:\/\/www.ifbaiano.edu.br\/unidades\/santaines\/files\/2017\/07\/21.-Regimento-Geral-das-Resid%C3%AAncias-Estudantis.pdf\"><span style=\"color: #000000\"><span style=\"font-family: Arial, sans-serif\"><span style=\"font-size: large\">Regimento Geral das Resid\u00eancias Estudantis<\/span><\/span><\/span><\/a><\/p>\n<\/li>\n<li>\n<p align=\"justify\"><a href=\"http:\/\/www.ifbaiano.edu.br\/unidades\/santaines\/files\/2017\/07\/22.-Plano-Estrat%C3%A9gico-de-A%C3%A7%C3%B5es-de-Perman%C3%AAncia-e-%C3%8Axito.pdf\"><span style=\"color: #000000\"><span style=\"font-family: Arial, sans-serif\"><span style=\"font-size: large\">Plano Estrat\u00e9gico de A\u00e7\u00f5es de Perman\u00eancia e \u00caxito<\/span><\/span><\/span><\/a><\/p>\n<\/li>\n<li>\n<p align=\"justify\"><a href=\"http:\/\/www.ifbaiano.edu.br\/unidades\/santaines\/files\/2017\/07\/23.-Regulamenta%C3%A7%C3%A3o-de-Nome-Social-aos-Discentes-no-IF-Baiano.pdf\"><span style=\"color: #000000\"><span style=\"font-family: Arial, sans-serif\"><span style=\"font-size: large\">Regulamenta\u00e7\u00e3o de Nome Social aos Discentes no IF Baiano<\/span><\/span><\/span><\/a><\/p>\n<\/li>\n<li>\n<p align=\"justify\"><a href=\"http:\/\/www.ifbaiano.edu.br\/unidades\/santaines\/files\/2017\/07\/24.-Normas-e-Procedimentos-de-Cria%C3%A7%C3%A3o-Altera%C3%A7%C3%A3o-Reformula%C3%A7%C3%A3o-e-Extin%C3%A7%C3%A3o-dos-Cursos-de-Gradua%C3%A7%C3%A3o.pdf\"><span style=\"color: #000000\"><span style=\"font-family: Arial, sans-serif\"><span style=\"font-size: large\">Normas e Procedimentos de Cria\u00e7\u00e3o, Altera\u00e7\u00e3o, Reformula\u00e7\u00e3o e Extin\u00e7\u00e3o dos Cursos de Gradua\u00e7\u00e3o<\/span><\/span><\/span><\/a><\/p>\n<\/li>\n<li>\n<p align=\"justify\"><a href=\"http:\/\/www.ifbaiano.edu.br\/unidades\/santaines\/files\/2017\/07\/26.-Normas-e-Procedimentos-de-Cria%C3%A7%C3%A3o-Altera%C3%A7%C3%A3o-Reformula%C3%A7%C3%A3o-e-Extin%C3%A7%C3%A3o-de-Cursos-EPTNM-Altera%C3%A7%C3%A3o.pdf\"><span style=\"color: #000000\"><span style=\"font-family: Arial, sans-serif\"><span style=\"font-size: large\">Normas e Procedimentos de Cria\u00e7\u00e3o, Altera\u00e7\u00e3o, Reformula\u00e7\u00e3o e Extin\u00e7\u00e3o de Cursos de Educa\u00e7\u00e3o Profissional T\u00e9cnica de N\u00edvel M\u00e9dio (EPTNM) \u2013 Altera\u00e7\u00e3o<\/span><\/span><\/span><\/a><\/p>\n<\/li>\n<li>\n<p align=\"justify\"><a href=\"http:\/\/www.ifbaiano.edu.br\/unidades\/santaines\/files\/2017\/07\/27.-Diretrizes-para-Elabora%C3%A7%C3%A3o-do-Calend%C3%A1rio-Unificado-e-de-Campus.pdf\"><span style=\"color: #000000\"><span style=\"font-family: Arial, sans-serif\"><span style=\"font-size: large\">Diretrizes para Elabora\u00e7\u00e3o do Calend\u00e1rio Unificado e de Campus<\/span><\/span><\/span><\/a><\/p>\n<\/li>\n<li>\n<p align=\"justify\"><a href=\"http:\/\/www.ifbaiano.edu.br\/unidades\/santaines\/files\/2017\/07\/28.-Carta-de-Servi%C3%A7os-ao-Cidad%C3%A3o.pdf\"><span style=\"color: #000000\"><span style=\"font-family: Arial, sans-serif\"><span style=\"font-size: large\">Carta de Servi\u00e7os ao Cidad\u00e3o<\/span><\/span><\/span><\/a><\/p>\n<p align=\"justify\"><span style=\"color: #ffffff\">.<\/span><\/p>\n<p><img decoding=\"async\" loading=\"lazy\" class=\"alignleft wp-image-9713 size-full\" src=\"http:\/\/www.ifbaiano.edu.br\/unidades\/santaines\/files\/2017\/07\/Documentos-e-Regulamentos-do-Campus.jpg\" alt=\"Documentos e Regulamentos do Campus\" width=\"1524\" height=\"48\" \/><br \/>\n<span style=\"color: #ffffff\">.<\/span><\/p>\n<ul>\n<li><a href=\"https:\/\/www.ifbaiano.edu.br\/unidades\/santaines\/files\/2020\/09\/Projeto-Politico-Pedagogico-do-Campus.pdf\"><span style=\"color: #000000\"><span style=\"font-family: Arial, sans-serif\"><span style=\"font-size: large\">Projeto Pol\u00edtico Pedag\u00f3gico &#8211; PPP do Campus<\/span><\/span><\/span><\/a><\/li>\n<li>\n<p align=\"justify\"><a href=\"http:\/\/www.ifbaiano.edu.br\/unidades\/santaines\/files\/2017\/06\/2.-Regulamento-do-Audit%C3%B3rio.pdf\" target=\"_blank\" rel=\"noopener noreferrer\"><span style=\"color: #000000\"><span style=\"font-family: Arial, sans-serif\"><span style=\"font-size: large\">Regulamento do Audit\u00f3rio<\/span><\/span><\/span><\/a><\/p>\n<\/li>\n<li><a href=\"http:\/\/www.ifbaiano.edu.br\/unidades\/santaines\/files\/2017\/07\/Regulamento-dos-Laborat\u00f3rios.pdf\"><span style=\"color: #000000\"><span style=\"font-family: Arial, sans-serif\"><span style=\"font-size: large\">Regulamento dos Laborat\u00f3rios<\/span><\/span><\/span><\/a>\n<p align=\"justify\"><a href=\"http:\/\/www.ifbaiano.edu.br\/unidades\/santaines\/files\/2018\/10\/Regulamento-Utiliza\u00e7\u00e3o-Laborat\u00f3rios-2018.pdf\"><span style=\"color: #000000\"><span style=\"font-family: Arial, sans-serif\"><span style=\"font-size: large\">Regulamento de Utiliza\u00e7\u00e3o dos Laborat\u00f3rios 2018<\/span><\/span><\/span><\/a><\/p>\n<\/li>\n<li><a href=\"http:\/\/www.ifbaiano.edu.br\/unidades\/santaines\/files\/2017\/06\/3.-Regulamento-do-Refeit%C3%B3rio.pdf\"><span style=\"color: #000000\"><span style=\"font-family: Arial, sans-serif\"><span style=\"font-size: large\">Regulamento do Refeit\u00f3rio<\/span><\/span><\/span><\/a><\/li>\n<li>\n<p align=\"justify\"><a href=\"http:\/\/www.ifbaiano.edu.br\/unidades\/santaines\/files\/2017\/06\/4.-Regulamento-de-Grupos-de-Estudo.pdf\" target=\"_blank\" rel=\"noopener noreferrer\"><span style=\"color: #000000\"><span style=\"font-family: Arial, sans-serif\"><span style=\"font-size: large\">Regulamento de Grupos de Estudo<\/span><\/span><\/span><\/a><\/p>\n<\/li>\n<li>\n<p align=\"justify\"><a href=\"http:\/\/www.ifbaiano.edu.br\/unidades\/santaines\/files\/2017\/06\/5.-Regulamento-Geral-de-Funcionamento-das-Comiss%C3%B5es.pdf\" target=\"_blank\" rel=\"noopener noreferrer\"><span style=\"color: #000000\"><span style=\"font-family: Arial, sans-serif\"><span style=\"font-size: large\">Regulamento Geral de Funcionamento das Comiss\u00f5es<\/span><\/span><\/span><\/a><\/p>\n<\/li>\n<li>\n<p align=\"justify\"><a href=\"http:\/\/www.ifbaiano.edu.br\/unidades\/santaines\/files\/2017\/06\/6.-Regulamento-de-Aux%C3%ADlio-ao-Discente-para-Participar-de-Eventos.pdf\" target=\"_blank\" rel=\"noopener noreferrer\"><span style=\"color: #000000\"><span style=\"font-family: Arial, sans-serif\"><span style=\"font-size: large\">Regulamento de Aux\u00edlio ao Discente para Participar de Eventos<\/span><\/span><\/span><\/a><\/p>\n<\/li>\n<li>\n<p align=\"justify\"><a href=\"http:\/\/www.ifbaiano.edu.br\/unidades\/santaines\/files\/2017\/06\/7.-Regulamento-de-Acompanhamento-da-Frequ%C3%AAncia-Discente.pdf\" target=\"_blank\" rel=\"noopener noreferrer\"><span style=\"color: #000000\"><span style=\"font-family: Arial, sans-serif\"><span style=\"font-size: large\">Regulamento de Acompanhamento da Frequ\u00eancia Discente<\/span><\/span><\/span><\/a><\/p>\n<\/li>\n<li>\n<p align=\"justify\"><a href=\"https:\/\/www.ifbaiano.edu.br\/unidades\/santaines\/files\/2020\/10\/Anexo-da-Portaria-N\u00ba-042-2014-REGULAMENTO-DOS-COLEGIADOS-DAS-LICENCIATURAS.pdf\"><span style=\"color: #000000\"><span style=\"font-family: Arial, sans-serif\"><span style=\"font-size: large\">Regulamento dos Colegiados dos Cursos Superiores<\/span><\/span><\/span><\/a><\/p>\n<\/li>\n<li>\n<p align=\"justify\"><a href=\"https:\/\/www.ifbaiano.edu.br\/unidades\/santaines\/files\/2020\/10\/Anexo-da-Portaria-N\u00ba-043-2014-REGULAMENTO-DO-NDE-DAS-LICENCIATURAS.pdf\"><span style=\"color: #000000\"><span style=\"font-family: Arial, sans-serif\"><span style=\"font-size: large\">Regulamento do N\u00facleo Docente Estruturante (NDE)<\/span><\/span><\/span><\/a><\/p>\n<\/li>\n<li>\n<p align=\"justify\"><a href=\"http:\/\/www.ifbaiano.edu.br\/unidades\/santaines\/files\/2017\/06\/10.-Regulamento-de-Est%C3%A1gio-Licenciaturas.pdf\" target=\"_blank\" rel=\"noopener noreferrer\"><span style=\"color: #000000\"><span style=\"font-family: Arial, sans-serif\"><span style=\"font-size: large\">Regulamento de Est\u00e1gio \u2013 Licenciaturas<\/span><\/span><\/span><\/a><\/p>\n<\/li>\n<li>\n<p align=\"justify\"><a href=\"http:\/\/www.ifbaiano.edu.br\/unidades\/santaines\/files\/2017\/06\/11.-Regulamento-de-Est%C3%A1gio-Bacharelado-em-Zootecnia.pdf\" target=\"_blank\" rel=\"noopener noreferrer\"><span style=\"color: #000000\"><span style=\"font-family: Arial, sans-serif\"><span style=\"font-size: large\">Regulamento de Est\u00e1gio \u2013 Bacharelado em Zootecnia<\/span><\/span><\/span><\/a><\/p>\n<\/li>\n<li>\n<p align=\"justify\"><a href=\"http:\/\/www.ifbaiano.edu.br\/unidades\/santaines\/files\/2017\/06\/12.-Regulamento-de-AC-Licenciaturas.pdf\" target=\"_blank\" rel=\"noopener noreferrer\"><span style=\"color: #000000\"><span style=\"font-family: Arial, sans-serif\"><span style=\"font-size: large\">Regulamento de A<\/span><\/span><\/span><span style=\"color: #000000\"><span style=\"font-family: Arial, sans-serif\"><span style=\"font-size: large\">tividades <\/span><\/span><\/span><span style=\"color: #000000\"><span style=\"font-family: Arial, sans-serif\"><span style=\"font-size: large\">C<\/span><\/span><\/span><span style=\"color: #000000\"><span style=\"font-family: Arial, sans-serif\"><span style=\"font-size: large\">omplementares<\/span><\/span><\/span><span style=\"color: #000000\"><span style=\"font-family: Arial, sans-serif\"><span style=\"font-size: large\"> \u2013 Licenciaturas<\/span><\/span><\/span><\/a><\/p>\n<\/li>\n<li>\n<p align=\"justify\"><a href=\"http:\/\/www.ifbaiano.edu.br\/unidades\/santaines\/files\/2017\/06\/13.-Regulamento-de-AC-Bacharelado-em-Zootecnia.pdf\" target=\"_blank\" rel=\"noopener noreferrer\"><span style=\"color: #000000\"><span style=\"font-family: Arial, sans-serif\"><span style=\"font-size: large\">Regulamento de A<\/span><\/span><\/span><span style=\"color: #000000\"><span style=\"font-family: Arial, sans-serif\"><span style=\"font-size: large\">tividades <\/span><\/span><\/span><span style=\"color: #000000\"><span style=\"font-family: Arial, sans-serif\"><span style=\"font-size: large\">C<\/span><\/span><\/span><span style=\"color: #000000\"><span style=\"font-family: Arial, sans-serif\"><span style=\"font-size: large\">omplementares<\/span><\/span><\/span><span style=\"color: #000000\"><span style=\"font-family: Arial, sans-serif\"><span style=\"font-size: large\"> \u2013 Bacharelado em Zootecnia<\/span><\/span><\/span><\/a><\/p>\n<\/li>\n<li>\n<p align=\"justify\"><a href=\"http:\/\/www.ifbaiano.edu.br\/unidades\/santaines\/files\/2017\/06\/14.-Regulamento-de-TCC-Licenciaturas.pdf\" target=\"_blank\" rel=\"noopener noreferrer\"><span style=\"color: #000000\"><span style=\"font-family: Arial, sans-serif\"><span style=\"font-size: large\">Regulamento de T<\/span><\/span><\/span><span style=\"color: #000000\"><span style=\"font-family: Arial, sans-serif\"><span style=\"font-size: large\">rabalho de <\/span><\/span><\/span><span style=\"color: #000000\"><span style=\"font-family: Arial, sans-serif\"><span style=\"font-size: large\">C<\/span><\/span><\/span><span style=\"color: #000000\"><span style=\"font-family: Arial, sans-serif\"><span style=\"font-size: large\">onclus\u00e3o de <\/span><\/span><\/span><span style=\"color: #000000\"><span style=\"font-family: Arial, sans-serif\"><span style=\"font-size: large\">C<\/span><\/span><\/span><span style=\"color: #000000\"><span style=\"font-family: Arial, sans-serif\"><span style=\"font-size: large\">urso<\/span><\/span><\/span><span style=\"color: #000000\"><span style=\"font-family: Arial, sans-serif\"><span style=\"font-size: large\"> \u2013 Licenciaturas<\/span><\/span><\/span><\/a><\/p>\n<\/li>\n<li>\n<p align=\"justify\"><a href=\"http:\/\/www.ifbaiano.edu.br\/unidades\/santaines\/files\/2017\/06\/15.-Regulamento-de-TCC-Bacharelado-em-Zootecnia-Em-reformula%C3%A7%C3%A3o.pdf\" target=\"_blank\" rel=\"noopener noreferrer\"><span style=\"color: #000000\"><span style=\"font-family: Arial, sans-serif\"><span style=\"font-size: large\">Regulamento de T<\/span><\/span><\/span><span style=\"color: #000000\"><span style=\"font-family: Arial, sans-serif\"><span style=\"font-size: large\">rabalho de <\/span><\/span><\/span><span style=\"color: #000000\"><span style=\"font-family: Arial, sans-serif\"><span style=\"font-size: large\">C<\/span><\/span><\/span><span style=\"color: #000000\"><span style=\"font-family: Arial, sans-serif\"><span style=\"font-size: large\">onclus\u00e3o de <\/span><\/span><\/span><span style=\"color: #000000\"><span style=\"font-family: Arial, sans-serif\"><span style=\"font-size: large\">C<\/span><\/span><\/span><span style=\"color: #000000\"><span style=\"font-family: Arial, sans-serif\"><span style=\"font-size: large\">urso <\/span><\/span><\/span><span style=\"color: #000000\"><span style=\"font-family: Arial, sans-serif\"><span style=\"font-size: large\">\u2013 Bacharelado em Zootecnia \u2013 Em reformula\u00e7\u00e3o<\/span><\/span><\/span><\/a><\/p>\n<\/li>\n<li>\n<p align=\"justify\"><a href=\"http:\/\/www.ifbaiano.edu.br\/unidades\/santaines\/files\/2017\/06\/16.-Regulamento-de-Conclus%C3%A3o-dos-Cursos-Superiores.pdf\" target=\"_blank\" rel=\"noopener noreferrer\"><span style=\"color: #000000\"><span style=\"font-family: Arial, sans-serif\"><span style=\"font-size: large\">Regulamento de Conclus\u00e3o dos Cursos Superiores<\/span><\/span><\/span><\/a><\/p>\n<\/li>\n<li>\n<p align=\"justify\"><a href=\"http:\/\/www.ifbaiano.edu.br\/unidades\/santaines\/files\/2017\/11\/Portaria-N\u00ba-070-Sa\u00edda-de-discente-do-Campus.pdf\"><span style=\"color: #000000\"><span style=\"font-family: Arial, sans-serif\"><span style=\"font-size: large\">Regulamento de Registro e Concess\u00e3o de Licen\u00e7a do Recinto Escolar de discentes dos Cursos T\u00e9cnicos de N\u00edvel M\u00e9dio, Modalidade Integrada<\/span><\/span><\/span><\/a><\/p>\n<\/li>\n<li><a href=\"http:\/\/www.ifbaiano.edu.br\/unidades\/santaines\/files\/2018\/12\/Regulamento-de-Visitas-T\u00e9cnicas.pdf\"><span style=\"color: #000000\"><span style=\"font-family: Arial, sans-serif\"><span style=\"font-size: large\">Regulamento de Visitas T\u00e9cnicas<\/span><\/span><\/span><\/a><\/li>\n<li>\n<p align=\"justify\"><a href=\"http:\/\/www.ifbaiano.edu.br\/unidades\/santaines\/files\/2017\/07\/REGULAMENTO-DE-UTILIZA\u00c7\u00c3O-DAS-UEC-PARA-ATIVIDADES-PEDAG\u00d3GICAS.pdf\"><span style=\"color: #000000\"><span style=\"font-family: Arial, sans-serif\"><span style=\"font-size: large\">Regulamento de Utiliza\u00e7\u00e3o das Unidades Educativas de Campo (UEC) para Atividades Pedag\u00f3gicas<\/span><\/span><\/span><\/a><\/p>\n<\/li>\n<li><a href=\"http:\/\/www.ifbaiano.edu.br\/unidades\/santaines\/files\/2019\/04\/REGULAMENTO-DE-UTILIZA\u00c7\u00c3O-DAS-UNIDADES-EDUCATIVAS-DE-CAMPO.pdf\"><span style=\"color: #000000\"><span style=\"font-family: Arial, sans-serif\"><span style=\"font-size: large\">Regulamento de Utiliza\u00e7\u00e3o das Unidades Educativas de Campo (UEC)\u00a0<span style=\"color: #ff0000\">(Novo)<\/span><\/span><\/span><\/span><\/a><\/li>\n<li><a href=\"http:\/\/www.ifbaiano.edu.br\/unidades\/santaines\/files\/2018\/10\/Regulamento-Sa\u00edda-para-Curso-Evento-de-Capacita\u00e7\u00e3o.pdf\"><span style=\"color: #000000\"><span style=\"font-family: Arial, sans-serif\"><span style=\"font-size: large\">Regulamento _ Sa\u00edda para Cursos\/Eventos de Capacita\u00e7\u00e3o<\/span><\/span><\/span><\/a><\/li>\n<\/ul>\n<\/li>\n<\/ul>\n","protected":false},"excerpt":{"rendered":"<p>. Lei n\u00ba 11.892\/2008 (Cria\u00e7\u00e3o dos Institutos Federais) Regimento Geral do IF Baiano Estatuto do IF Baiano Plano de Desenvolvimento Institucional (PDI) Projeto Pol\u00edtico Pedag\u00f3gico Institucional (PPPI) Organiza\u00e7\u00e3o Did\u00e1tica dos Cursos de Educa\u00e7\u00e3o Profissional T\u00e9cnica\u00a0 de N\u00edvel M\u00e9dio (EPTNM) Organiza\u00e7\u00e3o Did\u00e1tica dos Cursos Superiores Pol\u00edtica de Qualidade de Ensino Pol\u00edtica da Diversidade e Inclus\u00e3o Pol\u00edtica [&hellip;]<\/p>\n","protected":false},"author":86,"featured_media":0,"parent":0,"menu_order":0,"comment_status":"closed","ping_status":"closed","template":"","meta":[],"_links":{"self":[{"href":"https:\/\/www.ifbaiano.edu.br\/unidades\/santaines\/wp-json\/wp\/v2\/pages\/8418"}],"collection":[{"href":"https:\/\/www.ifbaiano.edu.br\/unidades\/santaines\/wp-json\/wp\/v2\/pages"}],"about":[{"href":"https:\/\/www.ifbaiano.edu.br\/unidades\/santaines\/wp-json\/wp\/v2\/types\/page"}],"author":[{"embeddable":true,"href":"https:\/\/www.ifbaiano.edu.br\/unidades\/santaines\/wp-json\/wp\/v2\/users\/86"}],"replies":[{"embeddable":true,"href":"https:\/\/www.ifbaiano.edu.br\/unidades\/santaines\/wp-json\/wp\/v2\/comments?post=8418"}],"version-history":[{"count":31,"href":"https:\/\/www.ifbaiano.edu.br\/unidades\/santaines\/wp-json\/wp\/v2\/pages\/8418\/revisions"}],"predecessor-version":[{"id":18170,"href":"https:\/\/www.ifbaiano.edu.br\/unidades\/santaines\/wp-json\/wp\/v2\/pages\/8418\/revisions\/18170"}],"wp:attachment":[{"href":"https:\/\/www.ifbaiano.edu.br\/unidades\/santaines\/wp-json\/wp\/v2\/media?parent=8418"}],"curies":[{"name":"wp","href":"https:\/\/api.w.org\/{rel}","templated":true}]}}