{"id":8508,"date":"2019-10-07T11:05:13","date_gmt":"2019-10-07T14:05:13","guid":{"rendered":"http:\/\/www.ifbaiano.edu.br\/unidades\/santaines\/?page_id=8508"},"modified":"2026-03-09T14:59:05","modified_gmt":"2026-03-09T17:59:05","slug":"licitacao_construcao","status":"publish","type":"page","link":"https:\/\/www.ifbaiano.edu.br\/unidades\/santaines\/licitacao_construcao\/","title":{"rendered":"Licita\u00e7\u00f5es e Contratos"},"content":{"rendered":"<div id=\"content-core\">\n<hr \/>\n<p><a href=\"http:\/\/www.ifbaiano.edu.br\/unidades\/santaines\/files\/2017\/08\/Licita\u00e7\u00e3o1-2.jpg\"><img decoding=\"async\" loading=\"lazy\" class=\"alignnone size-full wp-image-9696\" src=\"http:\/\/www.ifbaiano.edu.br\/unidades\/santaines\/files\/2017\/08\/Licita\u00e7\u00e3o1-2.jpg\" alt=\"Licita\u00e7\u00e3o1\" width=\"853\" height=\"144\" \/><\/a><\/p>\n<hr \/>\n<\/div>\n<div>\n<p><span style=\"color: #000000\"><span style=\"font-family: Arial, sans-serif\"><span style=\"font-size: large\">O N\u00facleo de Licita\u00e7\u00f5es (NL) do IF Baiano Campus Santa In\u00eas \u00e9 respons\u00e1vel pela gest\u00e3o dos processos de aquisi\u00e7\u00e3o de materiais e contrata\u00e7\u00e3o de obras e servi\u00e7os, conforme a <a href=\"https:\/\/www.planalto.gov.br\/ccivil_03\/_ato2019-2022\/2021\/lei\/l14133.htm\">Lei Federal n\u00ba 14.133\/2021.<\/a><\/span><\/span><\/span><\/p>\n<p align=\"justify\"><span style=\"color: #000000\"><span style=\"font-family: Arial, sans-serif\"><span style=\"font-size: large\"><a href=\"http:\/\/ifbaiano.edu.br\/portal\/orientacoes-para-o-processo-de-compra\/\" target=\"_blank\" rel=\"noopener noreferrer\">Orienta\u00e7\u00f5es para o processo de compra<\/a> | <a href=\"https:\/\/www.gov.br\/compras\/pt-br\/nllc\/modelos-de-licitacoes-e-contratos\">Documentos Padronizados (Templates)<\/a> | <a href=\"http:\/\/www.ifbaiano.edu.br\/unidades\/santaines\/files\/2019\/10\/Procedimentos-compras-SUAP.pdf\">Procedimentos para solicita\u00e7\u00e3o de compras e servi\u00e7os no SUAP<\/a><\/span><\/span><\/span><\/p>\n<ul>\n<li><a href=\"https:\/\/pncp.gov.br\/app\/pca\/10724903000179\/2025\/5\"><span style=\"color: #ffffff\"><span style=\"color: #3366ff\"><span style=\"font-family: Arial, sans-serif\"><span style=\"font-size: large\">PCA &#8211; Plano de Contrata\u00e7\u00f5es Anuais &#8211; 2025<\/span><\/span><\/span><\/span><\/a><\/li>\n<li><a href=\"https:\/\/pncp.gov.br\/app\/pca\/10724903000179\/2026\/8\"><strong>PCA &#8211; Plano de Contrata\u00e7\u00f5es Anuais &#8211; 2026<\/strong><\/a><\/li>\n<\/ul>\n<hr \/>\n<p align=\"justify\"><span style=\"color: #000000\"><span style=\"font-family: Arial, sans-serif\"><span style=\"font-size: large\">As empresas interessadas em participar dos Processos Licitat\u00f3rios dever\u00e3o estar cadastradas no <strong><a href=\"https:\/\/www.gov.br\/compras\/pt-br\/fornecedor\">SICAF &#8211; <span style=\"text-decoration: underline\">Sistema Unificado de Cadastramento de Fornecedores<\/span><\/a>.<\/strong><\/span><\/span><\/span><\/p>\n<\/div>\n<div id=\"content-core\">\n<div id=\"content-core\">\n<hr \/>\n<p align=\"justify\"><img decoding=\"async\" loading=\"lazy\" class=\"alignnone wp-image-9698 size-full\" src=\"http:\/\/www.ifbaiano.edu.br\/unidades\/santaines\/files\/2017\/08\/Tenha-Acesso-as-Licita\u00e7\u00f5es-Realizadas-por-Ano.jpg\" alt=\"Tenha Acesso as Licita\u00e7\u00f5es Realizadas por Ano\" width=\"1524\" height=\"48\" \/><\/p>\n<p align=\"justify\"><span style=\"color: #ffffff\">.<\/span><\/p>\n<\/div>\n<table style=\"height: 68px\" width=\"757\" cellspacing=\"0\" cellpadding=\"4\">\n<colgroup>\n<col width=\"37*\" \/>\n<col width=\"37*\" \/>\n<col width=\"37*\" \/>\n<col width=\"37*\" \/>\n<col width=\"37*\" \/>\n<col width=\"37*\" \/>\n<col width=\"37*\" \/> <\/colgroup>\n<tbody>\n<tr valign=\"top\">\n<td style=\"text-align: center\" bgcolor=\"#cccccc\" width=\"14%\">\n<h5><strong><span style=\"color: #0000ff\">\u00a0<span style=\"color: #000000\"><a style=\"color: #000000\" href=\"https:\/\/www.ifbaiano.edu.br\/unidades\/santaines\/2013-3\/\"><span style=\"font-size: large\">2013<\/span><\/a><\/span><\/span><\/strong><\/h5>\n<\/td>\n<td style=\"text-align: center\" bgcolor=\"#cccccc\" width=\"14%\">\n<h5><span style=\"color: #000000\"><strong>\u00a0<a style=\"color: #000000\" href=\"https:\/\/www.ifbaiano.edu.br\/unidades\/santaines\/?page_id=14245\"><span style=\"font-size: large\">2014<\/span><\/a><\/strong><\/span><\/h5>\n<\/td>\n<td style=\"text-align: center\" bgcolor=\"#cccccc\" width=\"14%\">\n<h5><a href=\"https:\/\/www.ifbaiano.edu.br\/unidades\/santaines\/2015-2\/\"><span style=\"color: #000000\"><strong><span style=\"font-size: large\">2015<\/span><\/strong><\/span><\/a><\/h5>\n<\/td>\n<td style=\"text-align: center\" bgcolor=\"#cccccc\" width=\"14%\">\n<h5><a href=\"https:\/\/www.ifbaiano.edu.br\/unidades\/santaines\/2016-2\/\"><span style=\"color: #000000\"><strong><span style=\"font-size: large\">2016<\/span><\/strong><\/span><\/a><\/h5>\n<\/td>\n<td style=\"text-align: center\" bgcolor=\"#cccccc\" width=\"14%\">\n<h5><span style=\"color: #000000\"><strong>\u00a0<a style=\"color: #000000\" href=\"http:\/\/www.ifbaiano.edu.br\/unidades\/santaines\/2017-2\/\"><span style=\"font-size: large\">2017<\/span><\/a><\/strong><\/span><\/h5>\n<\/td>\n<td style=\"text-align: center\" bgcolor=\"#cccccc\" width=\"14%\">\n<h5><span style=\"color: #000000\"><strong>\u00a0<a style=\"color: #000000\" href=\"http:\/\/www.ifbaiano.edu.br\/unidades\/santaines\/2018-2\/\"><span style=\"font-size: large\">2018<\/span><\/a><\/strong><\/span><\/h5>\n<\/td>\n<td style=\"text-align: center\" bgcolor=\"#cccccc\" width=\"14%\">\n<h5><span style=\"color: #000000\"><strong>\u00a0<a style=\"color: #000000\" href=\"http:\/\/www.ifbaiano.edu.br\/unidades\/santaines\/?page_id=11636&amp;preview=true\"><span style=\"font-size: large\">2019<\/span><\/a><\/strong><\/span><\/h5>\n<\/td>\n<\/tr>\n<tr valign=\"top\">\n<td style=\"text-align: center\" width=\"14%\">\n<h5><span style=\"color: #000000\"><strong><a style=\"color: #000000\" href=\"https:\/\/www.ifbaiano.edu.br\/unidades\/santaines\/2020-2\/\"><span style=\"font-size: large\">2020<\/span><\/a><\/strong><\/span><\/h5>\n<\/td>\n<td style=\"text-align: center\" width=\"14%\">\n<h5><a href=\"https:\/\/www.ifbaiano.edu.br\/unidades\/santaines\/2021-2\/\"><span style=\"color: #000000\"><strong><span style=\"font-size: large\">2021<\/span><\/strong><\/span><\/a><\/h5>\n<\/td>\n<td style=\"text-align: center\" width=\"14%\">\n<h5><a href=\"https:\/\/www.ifbaiano.edu.br\/unidades\/santaines\/2022-2\/\"><span style=\"color: #000000\"><strong><span style=\"font-size: large\">2022<\/span><\/strong><\/span><\/a><\/h5>\n<\/td>\n<td style=\"text-align: center\" width=\"14%\">\n<h5><a href=\"https:\/\/www.ifbaiano.edu.br\/unidades\/santaines\/2023-2\/\"><span style=\"color: #000000\"><strong><span style=\"font-size: large\">2023<\/span><\/strong><\/span><\/a><\/h5>\n<\/td>\n<td style=\"text-align: center\" width=\"14%\">\n<h5><a href=\"https:\/\/www.ifbaiano.edu.br\/unidades\/santaines\/2024-2\/\"><span style=\"color: #000000\"><strong><span style=\"font-size: large\">2024<\/span><\/strong><\/span><\/a><\/h5>\n<\/td>\n<td style=\"text-align: center\" width=\"14%\">\n<h5><a href=\"https:\/\/www.ifbaiano.edu.br\/unidades\/santaines\/2025-2\/\"><span style=\"color: #000000\"><strong><span style=\"font-size: large\">2025<\/span><\/strong><\/span><\/a><\/h5>\n<\/td>\n<td style=\"text-align: center\" width=\"14%\">\n<h5><a href=\"https:\/\/www.ifbaiano.edu.br\/unidades\/santaines\/2026-2\/\"><span style=\"color: #000000\"><strong><span style=\"font-size: large\">2026<\/span><\/strong><\/span><\/a><\/h5>\n<\/td>\n<\/tr>\n<\/tbody>\n<\/table>\n<p>Passo a passo para localiza\u00e7\u00e3o das informa\u00e7\u00f5es sobre IF Baiano no Portal da Transpar\u00eancia<\/p>\n<\/div>\n<hr \/>\n<p>1. Acesse o site Porta da Transpar\u00eancia<br \/>\n2. Na parte superior direita da p\u00e1gina, encontra-se o quadro de busca. Digite IF Baiano e clique no s\u00edmbolo de busca representado por uma lupa.<br \/>\n3. Clique no link Painel do \u00d3rg\u00e3o Inst. Fed. de Educ., Cienc. e Tec. Baiano.<\/p>\n<p>Para acessar direto as informa\u00e7\u00f5es do Instituto dispon\u00edveis no Portal da Transpar\u00eancia, basta clicar <a href=\"http:\/\/www.portaltransparencia.gov.br\/orgaos\/26404-inst-fed-de-educ--cienc-e-tec-baiano\">aqui<\/a>.<\/p>\n<hr \/>\n<p align=\"justify\"><strong>Para maiores informa\u00e7\u00f5es entre em contato:<\/strong><\/p>\n<p align=\"justify\"><strong>E-mail:<\/strong> compras@si.ifbaiano.edu.br<\/p>\n","protected":false},"excerpt":{"rendered":"<p>O N\u00facleo de Licita\u00e7\u00f5es (NL) do IF Baiano Campus Santa In\u00eas \u00e9 respons\u00e1vel pela gest\u00e3o dos processos de aquisi\u00e7\u00e3o de materiais e contrata\u00e7\u00e3o de obras e servi\u00e7os, conforme a Lei Federal n\u00ba 14.133\/2021. Orienta\u00e7\u00f5es para o processo de compra | Documentos Padronizados (Templates) | Procedimentos para solicita\u00e7\u00e3o de compras e servi\u00e7os no SUAP PCA &#8211; [&hellip;]<\/p>\n","protected":false},"author":86,"featured_media":0,"parent":0,"menu_order":0,"comment_status":"closed","ping_status":"closed","template":"","meta":[],"_links":{"self":[{"href":"https:\/\/www.ifbaiano.edu.br\/unidades\/santaines\/wp-json\/wp\/v2\/pages\/8508"}],"collection":[{"href":"https:\/\/www.ifbaiano.edu.br\/unidades\/santaines\/wp-json\/wp\/v2\/pages"}],"about":[{"href":"https:\/\/www.ifbaiano.edu.br\/unidades\/santaines\/wp-json\/wp\/v2\/types\/page"}],"author":[{"embeddable":true,"href":"https:\/\/www.ifbaiano.edu.br\/unidades\/santaines\/wp-json\/wp\/v2\/users\/86"}],"replies":[{"embeddable":true,"href":"https:\/\/www.ifbaiano.edu.br\/unidades\/santaines\/wp-json\/wp\/v2\/comments?post=8508"}],"version-history":[{"count":78,"href":"https:\/\/www.ifbaiano.edu.br\/unidades\/santaines\/wp-json\/wp\/v2\/pages\/8508\/revisions"}],"predecessor-version":[{"id":27135,"href":"https:\/\/www.ifbaiano.edu.br\/unidades\/santaines\/wp-json\/wp\/v2\/pages\/8508\/revisions\/27135"}],"wp:attachment":[{"href":"https:\/\/www.ifbaiano.edu.br\/unidades\/santaines\/wp-json\/wp\/v2\/media?parent=8508"}],"curies":[{"name":"wp","href":"https:\/\/api.w.org\/{rel}","templated":true}]}}