{"id":8889,"date":"2017-09-25T16:58:33","date_gmt":"2017-09-25T19:58:33","guid":{"rendered":"http:\/\/www.ifbaiano.edu.br\/unidades\/santaines\/?page_id=8889"},"modified":"2017-09-25T16:58:33","modified_gmt":"2017-09-25T19:58:33","slug":"programa-de-incentivo-a-cultura-esporte-e-lazer-pincel","status":"publish","type":"page","link":"https:\/\/www.ifbaiano.edu.br\/unidades\/santaines\/programa-de-incentivo-a-cultura-esporte-e-lazer-pincel\/","title":{"rendered":"Programa de Incentivo \u00e0 Cultura, Esporte e Lazer (PINCEL)"},"content":{"rendered":"<hr \/>\n<p align=\"JUSTIFY\">O PINCEL \u00e9 um Programa de Incentivo \u00e0 Cultura, Esporte e Lazer visa propiciar aos estudantes a participa\u00e7\u00e3o em atividades art\u00edsticas culturais, esportivas e de lazer, visando \u00e0 melhoria do desempenho acad\u00eamico, \u00e0 produ\u00e7\u00e3o do conhecimento e \u00e0 plena forma\u00e7\u00e3o cidad\u00e3.<\/p>\n<p align=\"JUSTIFY\">S\u00e3o Aux\u00edlios ofertados pelo PINCEL: Aux\u00edlio Participa\u00e7\u00e3o em Atividades Esportivas e aux\u00edlio Participa\u00e7\u00e3o em Atividades Art\u00edsticas e Culturais.<\/p>\n<hr \/>\n<p align=\"JUSTIFY\">\n","protected":false},"excerpt":{"rendered":"<p>O PINCEL \u00e9 um Programa de Incentivo \u00e0 Cultura, Esporte e Lazer visa propiciar aos estudantes a participa\u00e7\u00e3o em atividades art\u00edsticas culturais, esportivas e de lazer, visando \u00e0 melhoria do desempenho acad\u00eamico, \u00e0 produ\u00e7\u00e3o do conhecimento e \u00e0 plena forma\u00e7\u00e3o cidad\u00e3. S\u00e3o Aux\u00edlios ofertados pelo PINCEL: Aux\u00edlio Participa\u00e7\u00e3o em Atividades Esportivas e aux\u00edlio Participa\u00e7\u00e3o em [&hellip;]<\/p>\n","protected":false},"author":86,"featured_media":0,"parent":0,"menu_order":0,"comment_status":"closed","ping_status":"closed","template":"","meta":[],"_links":{"self":[{"href":"https:\/\/www.ifbaiano.edu.br\/unidades\/santaines\/wp-json\/wp\/v2\/pages\/8889"}],"collection":[{"href":"https:\/\/www.ifbaiano.edu.br\/unidades\/santaines\/wp-json\/wp\/v2\/pages"}],"about":[{"href":"https:\/\/www.ifbaiano.edu.br\/unidades\/santaines\/wp-json\/wp\/v2\/types\/page"}],"author":[{"embeddable":true,"href":"https:\/\/www.ifbaiano.edu.br\/unidades\/santaines\/wp-json\/wp\/v2\/users\/86"}],"replies":[{"embeddable":true,"href":"https:\/\/www.ifbaiano.edu.br\/unidades\/santaines\/wp-json\/wp\/v2\/comments?post=8889"}],"version-history":[{"count":1,"href":"https:\/\/www.ifbaiano.edu.br\/unidades\/santaines\/wp-json\/wp\/v2\/pages\/8889\/revisions"}],"predecessor-version":[{"id":8890,"href":"https:\/\/www.ifbaiano.edu.br\/unidades\/santaines\/wp-json\/wp\/v2\/pages\/8889\/revisions\/8890"}],"wp:attachment":[{"href":"https:\/\/www.ifbaiano.edu.br\/unidades\/santaines\/wp-json\/wp\/v2\/media?parent=8889"}],"curies":[{"name":"wp","href":"https:\/\/api.w.org\/{rel}","templated":true}]}}