{"id":8891,"date":"2017-09-25T17:01:17","date_gmt":"2017-09-25T20:01:17","guid":{"rendered":"http:\/\/www.ifbaiano.edu.br\/unidades\/santaines\/?page_id=8891"},"modified":"2017-09-25T17:01:17","modified_gmt":"2017-09-25T20:01:17","slug":"programa-de-incentivo-a-participacao-politico-academica-propac","status":"publish","type":"page","link":"https:\/\/www.ifbaiano.edu.br\/unidades\/santaines\/programa-de-incentivo-a-participacao-politico-academica-propac\/","title":{"rendered":"Programa de Incentivo \u00e0 Participa\u00e7\u00e3o Pol\u00edtico Acad\u00eamica (PROPAC)"},"content":{"rendered":"<hr \/>\n<p align=\"JUSTIFY\">O PROPAC \u00e9 um Programa de Incentivo \u00e0 Participa\u00e7\u00e3o Pol\u00edtico Acad\u00eamica que visa apoiar \u00e0 realiza\u00e7\u00e3o de a\u00e7\u00f5es que contribuam para o exerc\u00edcio da cidadania e do direito de organiza\u00e7\u00e3o pol\u00edtica do estudante.<\/p>\n<p align=\"JUSTIFY\">S\u00e3o Aux\u00edlio ofertados pelo PROPAC: Aux\u00edlio participa\u00e7\u00e3o em eventos de car\u00e1ter cient\u00edfico, acad\u00eamico, tecnol\u00f3gico e de organiza\u00e7\u00e3o estudantil; aux\u00edlio Formaliza\u00e7\u00e3o de entidades estudantis e aux\u00edlio Realiza\u00e7\u00e3o de eventos.<\/p>\n<hr \/>\n<p align=\"JUSTIFY\">\n","protected":false},"excerpt":{"rendered":"<p>O PROPAC \u00e9 um Programa de Incentivo \u00e0 Participa\u00e7\u00e3o Pol\u00edtico Acad\u00eamica que visa apoiar \u00e0 realiza\u00e7\u00e3o de a\u00e7\u00f5es que contribuam para o exerc\u00edcio da cidadania e do direito de organiza\u00e7\u00e3o pol\u00edtica do estudante. S\u00e3o Aux\u00edlio ofertados pelo PROPAC: Aux\u00edlio participa\u00e7\u00e3o em eventos de car\u00e1ter cient\u00edfico, acad\u00eamico, tecnol\u00f3gico e de organiza\u00e7\u00e3o estudantil; aux\u00edlio Formaliza\u00e7\u00e3o de entidades [&hellip;]<\/p>\n","protected":false},"author":86,"featured_media":0,"parent":0,"menu_order":0,"comment_status":"closed","ping_status":"closed","template":"","meta":[],"_links":{"self":[{"href":"https:\/\/www.ifbaiano.edu.br\/unidades\/santaines\/wp-json\/wp\/v2\/pages\/8891"}],"collection":[{"href":"https:\/\/www.ifbaiano.edu.br\/unidades\/santaines\/wp-json\/wp\/v2\/pages"}],"about":[{"href":"https:\/\/www.ifbaiano.edu.br\/unidades\/santaines\/wp-json\/wp\/v2\/types\/page"}],"author":[{"embeddable":true,"href":"https:\/\/www.ifbaiano.edu.br\/unidades\/santaines\/wp-json\/wp\/v2\/users\/86"}],"replies":[{"embeddable":true,"href":"https:\/\/www.ifbaiano.edu.br\/unidades\/santaines\/wp-json\/wp\/v2\/comments?post=8891"}],"version-history":[{"count":1,"href":"https:\/\/www.ifbaiano.edu.br\/unidades\/santaines\/wp-json\/wp\/v2\/pages\/8891\/revisions"}],"predecessor-version":[{"id":8892,"href":"https:\/\/www.ifbaiano.edu.br\/unidades\/santaines\/wp-json\/wp\/v2\/pages\/8891\/revisions\/8892"}],"wp:attachment":[{"href":"https:\/\/www.ifbaiano.edu.br\/unidades\/santaines\/wp-json\/wp\/v2\/media?parent=8891"}],"curies":[{"name":"wp","href":"https:\/\/api.w.org\/{rel}","templated":true}]}}