{"id":8893,"date":"2017-09-25T17:05:13","date_gmt":"2017-09-25T20:05:13","guid":{"rendered":"http:\/\/www.ifbaiano.edu.br\/unidades\/santaines\/?page_id=8893"},"modified":"2017-09-25T17:05:13","modified_gmt":"2017-09-25T20:05:13","slug":"programa-de-prevencao-e-assistencia-a-saude-pro-saude","status":"publish","type":"page","link":"https:\/\/www.ifbaiano.edu.br\/unidades\/santaines\/programa-de-prevencao-e-assistencia-a-saude-pro-saude\/","title":{"rendered":"Programa de Preven\u00e7\u00e3o e Assist\u00eancia \u00e0 Sa\u00fade (PR\u00d3-SA\u00daDE)"},"content":{"rendered":"<hr \/>\n<p align=\"JUSTIFY\">O Pr\u00f3-Sa\u00fade \u00e9 um programa de Preven\u00e7\u00e3o e Assist\u00eancia \u00e0 Sa\u00fade visa criar mecanismos para viabilizar a sa\u00fade preventiva do(a) estudante, por meio dos servi\u00e7os de atendimento psicol\u00f3gico, de enfermagem, odontol\u00f3gico e nutricional.<\/p>\n<hr \/>\n<p align=\"JUSTIFY\">\n","protected":false},"excerpt":{"rendered":"<p>O Pr\u00f3-Sa\u00fade \u00e9 um programa de Preven\u00e7\u00e3o e Assist\u00eancia \u00e0 Sa\u00fade visa criar mecanismos para viabilizar a sa\u00fade preventiva do(a) estudante, por meio dos servi\u00e7os de atendimento psicol\u00f3gico, de enfermagem, odontol\u00f3gico e nutricional.<\/p>\n","protected":false},"author":86,"featured_media":0,"parent":0,"menu_order":0,"comment_status":"closed","ping_status":"closed","template":"","meta":[],"_links":{"self":[{"href":"https:\/\/www.ifbaiano.edu.br\/unidades\/santaines\/wp-json\/wp\/v2\/pages\/8893"}],"collection":[{"href":"https:\/\/www.ifbaiano.edu.br\/unidades\/santaines\/wp-json\/wp\/v2\/pages"}],"about":[{"href":"https:\/\/www.ifbaiano.edu.br\/unidades\/santaines\/wp-json\/wp\/v2\/types\/page"}],"author":[{"embeddable":true,"href":"https:\/\/www.ifbaiano.edu.br\/unidades\/santaines\/wp-json\/wp\/v2\/users\/86"}],"replies":[{"embeddable":true,"href":"https:\/\/www.ifbaiano.edu.br\/unidades\/santaines\/wp-json\/wp\/v2\/comments?post=8893"}],"version-history":[{"count":1,"href":"https:\/\/www.ifbaiano.edu.br\/unidades\/santaines\/wp-json\/wp\/v2\/pages\/8893\/revisions"}],"predecessor-version":[{"id":8894,"href":"https:\/\/www.ifbaiano.edu.br\/unidades\/santaines\/wp-json\/wp\/v2\/pages\/8893\/revisions\/8894"}],"wp:attachment":[{"href":"https:\/\/www.ifbaiano.edu.br\/unidades\/santaines\/wp-json\/wp\/v2\/media?parent=8893"}],"curies":[{"name":"wp","href":"https:\/\/api.w.org\/{rel}","templated":true}]}}