{"id":8895,"date":"2017-09-25T17:06:54","date_gmt":"2017-09-25T20:06:54","guid":{"rendered":"http:\/\/www.ifbaiano.edu.br\/unidades\/santaines\/?page_id=8895"},"modified":"2017-09-25T17:07:36","modified_gmt":"2017-09-25T20:07:36","slug":"programa-de-acompanhamento-psicossocial-e-pedagogico-proap","status":"publish","type":"page","link":"https:\/\/www.ifbaiano.edu.br\/unidades\/santaines\/programa-de-acompanhamento-psicossocial-e-pedagogico-proap\/","title":{"rendered":"Programa de Acompanhamento Psicossocial e Pedag\u00f3gico (PROAP)"},"content":{"rendered":"<hr \/>\n<p align=\"JUSTIFY\">O PROAP \u00e9 Programa de Acompanhamento Psicossocial e Pedag\u00f3gico visa propiciar a perman\u00eancia e \u00eaxito do estudante, por meio da identifica\u00e7\u00e3o das dificuldades que influenciam na evas\u00e3o e reten\u00e7\u00e3o, buscando formas de super\u00e1-las por meio do acompanhamento pedag\u00f3gico e o atendimento psicossocial.<\/p>\n<hr \/>\n<p align=\"JUSTIFY\">\n","protected":false},"excerpt":{"rendered":"<p>O PROAP \u00e9 Programa de Acompanhamento Psicossocial e Pedag\u00f3gico visa propiciar a perman\u00eancia e \u00eaxito do estudante, por meio da identifica\u00e7\u00e3o das dificuldades que influenciam na evas\u00e3o e reten\u00e7\u00e3o, buscando formas de super\u00e1-las por meio do acompanhamento pedag\u00f3gico e o atendimento psicossocial.<\/p>\n","protected":false},"author":86,"featured_media":0,"parent":0,"menu_order":0,"comment_status":"closed","ping_status":"closed","template":"","meta":[],"_links":{"self":[{"href":"https:\/\/www.ifbaiano.edu.br\/unidades\/santaines\/wp-json\/wp\/v2\/pages\/8895"}],"collection":[{"href":"https:\/\/www.ifbaiano.edu.br\/unidades\/santaines\/wp-json\/wp\/v2\/pages"}],"about":[{"href":"https:\/\/www.ifbaiano.edu.br\/unidades\/santaines\/wp-json\/wp\/v2\/types\/page"}],"author":[{"embeddable":true,"href":"https:\/\/www.ifbaiano.edu.br\/unidades\/santaines\/wp-json\/wp\/v2\/users\/86"}],"replies":[{"embeddable":true,"href":"https:\/\/www.ifbaiano.edu.br\/unidades\/santaines\/wp-json\/wp\/v2\/comments?post=8895"}],"version-history":[{"count":1,"href":"https:\/\/www.ifbaiano.edu.br\/unidades\/santaines\/wp-json\/wp\/v2\/pages\/8895\/revisions"}],"predecessor-version":[{"id":8896,"href":"https:\/\/www.ifbaiano.edu.br\/unidades\/santaines\/wp-json\/wp\/v2\/pages\/8895\/revisions\/8896"}],"wp:attachment":[{"href":"https:\/\/www.ifbaiano.edu.br\/unidades\/santaines\/wp-json\/wp\/v2\/media?parent=8895"}],"curies":[{"name":"wp","href":"https:\/\/api.w.org\/{rel}","templated":true}]}}