{"id":8897,"date":"2017-09-25T17:08:16","date_gmt":"2017-09-25T20:08:16","guid":{"rendered":"http:\/\/www.ifbaiano.edu.br\/unidades\/santaines\/?page_id=8897"},"modified":"2017-10-03T11:16:22","modified_gmt":"2017-10-03T14:16:22","slug":"residencia-estudantil","status":"publish","type":"page","link":"https:\/\/www.ifbaiano.edu.br\/unidades\/santaines\/residencia-estudantil\/","title":{"rendered":"Resid\u00eancia Estudantil"},"content":{"rendered":"<hr \/>\n<p style=\"text-align: justify\">A resid\u00eancia estudantil viabiliza a perman\u00eancia integral do estudante oriundo de munic\u00edpios distantes e\/ou que tenham dificuldades para o translado di\u00e1rio. Este benef\u00edcio atende a estudantes de ambos os sexos e, preferencialmente, aqueles adolescentes (entre 12 e 18 anos)\u00a0em situa\u00e7\u00e3o de vulnerabilidade social e\/ou baixa condi\u00e7\u00e3o econ\u00f4mica.<\/p>\n<p style=\"text-align: justify\">Aos residentes\u00a0s\u00e3o\u00a0asseguradas as tr\u00eas refei\u00e7\u00f5es di\u00e1rias (caf\u00e9-da-manh\u00e3, almo\u00e7o e jantar) enquanto permanecerem no\u00a0<em>Campus<\/em>.<\/p>\n<hr \/>\n<p><strong>Conhe\u00e7a as Normas\u00a0Regulamentares sobre a Resid\u00eancia Estudantil:<\/strong><\/p>\n<p><a href=\"http:\/\/www.ifbaiano.edu.br\/unidades\/santaines\/files\/2017\/07\/21.-Regimento-Geral-das-Resid%C3%AAncias-Estudantis.pdf\" target=\"_blank\">Regimento Geral das Resid\u00eancias<\/a><\/p>\n<p><a href=\"http:\/\/www.ifbaiano.edu.br\/unidades\/santaines\/files\/2017\/07\/20.-Regulamento-Disciplinar-Discente.pdf\" target=\"_blank\">Regulamento Disciplinar Discente<\/a><\/p>\n<hr \/>\n<p><strong>Entre em contato com a Coordena\u00e7\u00e3o de Assuntos Estudantis \u2013 CAE \u2013\u00a0Campus Santa In\u00eas<\/strong><\/p>\n<p>Coordenador: \u00c2ngelo Francisco de Souza Andrade<\/p>\n<p>Telefone: (73) 3536-1210 \u2013 Ramal: 17<\/p>\n<p>E-mail:\u00a0 cae@si.ifbaiano.edu.br<\/p>\n<hr \/>\n<p>&nbsp;<\/p>\n","protected":false},"excerpt":{"rendered":"<p>A resid\u00eancia estudantil viabiliza a perman\u00eancia integral do estudante oriundo de munic\u00edpios distantes e\/ou que tenham dificuldades para o translado di\u00e1rio. Este benef\u00edcio atende a estudantes de ambos os sexos e, preferencialmente, aqueles adolescentes (entre 12 e 18 anos)\u00a0em situa\u00e7\u00e3o de vulnerabilidade social e\/ou baixa condi\u00e7\u00e3o econ\u00f4mica. Aos residentes\u00a0s\u00e3o\u00a0asseguradas as tr\u00eas refei\u00e7\u00f5es di\u00e1rias (caf\u00e9-da-manh\u00e3, almo\u00e7o [&hellip;]<\/p>\n","protected":false},"author":86,"featured_media":0,"parent":0,"menu_order":0,"comment_status":"closed","ping_status":"closed","template":"","meta":[],"_links":{"self":[{"href":"https:\/\/www.ifbaiano.edu.br\/unidades\/santaines\/wp-json\/wp\/v2\/pages\/8897"}],"collection":[{"href":"https:\/\/www.ifbaiano.edu.br\/unidades\/santaines\/wp-json\/wp\/v2\/pages"}],"about":[{"href":"https:\/\/www.ifbaiano.edu.br\/unidades\/santaines\/wp-json\/wp\/v2\/types\/page"}],"author":[{"embeddable":true,"href":"https:\/\/www.ifbaiano.edu.br\/unidades\/santaines\/wp-json\/wp\/v2\/users\/86"}],"replies":[{"embeddable":true,"href":"https:\/\/www.ifbaiano.edu.br\/unidades\/santaines\/wp-json\/wp\/v2\/comments?post=8897"}],"version-history":[{"count":3,"href":"https:\/\/www.ifbaiano.edu.br\/unidades\/santaines\/wp-json\/wp\/v2\/pages\/8897\/revisions"}],"predecessor-version":[{"id":8941,"href":"https:\/\/www.ifbaiano.edu.br\/unidades\/santaines\/wp-json\/wp\/v2\/pages\/8897\/revisions\/8941"}],"wp:attachment":[{"href":"https:\/\/www.ifbaiano.edu.br\/unidades\/santaines\/wp-json\/wp\/v2\/media?parent=8897"}],"curies":[{"name":"wp","href":"https:\/\/api.w.org\/{rel}","templated":true}]}}