{"id":8899,"date":"2017-09-25T17:09:23","date_gmt":"2017-09-25T20:09:23","guid":{"rendered":"http:\/\/www.ifbaiano.edu.br\/unidades\/santaines\/?page_id=8899"},"modified":"2017-09-25T17:09:23","modified_gmt":"2017-09-25T20:09:23","slug":"programa-de-alimentacao-estudantil","status":"publish","type":"page","link":"https:\/\/www.ifbaiano.edu.br\/unidades\/santaines\/programa-de-alimentacao-estudantil\/","title":{"rendered":"Programa de Alimenta\u00e7\u00e3o Estudantil"},"content":{"rendered":"<hr \/>\n<p>A alimenta\u00e7\u00e3o estudantil consiste na garantia das refei\u00e7\u00f5es di\u00e1rias (caf\u00e9 da manh\u00e3, almo\u00e7o, jantar e ceia) durante o ano letivo, prioritariamente para estudantes residentes.<\/p>\n<hr \/>\n<p>&nbsp;<\/p>\n","protected":false},"excerpt":{"rendered":"<p>A alimenta\u00e7\u00e3o estudantil consiste na garantia das refei\u00e7\u00f5es di\u00e1rias (caf\u00e9 da manh\u00e3, almo\u00e7o, jantar e ceia) durante o ano letivo, prioritariamente para estudantes residentes. &nbsp;<\/p>\n","protected":false},"author":86,"featured_media":0,"parent":0,"menu_order":0,"comment_status":"closed","ping_status":"closed","template":"","meta":[],"_links":{"self":[{"href":"https:\/\/www.ifbaiano.edu.br\/unidades\/santaines\/wp-json\/wp\/v2\/pages\/8899"}],"collection":[{"href":"https:\/\/www.ifbaiano.edu.br\/unidades\/santaines\/wp-json\/wp\/v2\/pages"}],"about":[{"href":"https:\/\/www.ifbaiano.edu.br\/unidades\/santaines\/wp-json\/wp\/v2\/types\/page"}],"author":[{"embeddable":true,"href":"https:\/\/www.ifbaiano.edu.br\/unidades\/santaines\/wp-json\/wp\/v2\/users\/86"}],"replies":[{"embeddable":true,"href":"https:\/\/www.ifbaiano.edu.br\/unidades\/santaines\/wp-json\/wp\/v2\/comments?post=8899"}],"version-history":[{"count":1,"href":"https:\/\/www.ifbaiano.edu.br\/unidades\/santaines\/wp-json\/wp\/v2\/pages\/8899\/revisions"}],"predecessor-version":[{"id":8900,"href":"https:\/\/www.ifbaiano.edu.br\/unidades\/santaines\/wp-json\/wp\/v2\/pages\/8899\/revisions\/8900"}],"wp:attachment":[{"href":"https:\/\/www.ifbaiano.edu.br\/unidades\/santaines\/wp-json\/wp\/v2\/media?parent=8899"}],"curies":[{"name":"wp","href":"https:\/\/api.w.org\/{rel}","templated":true}]}}