{"id":9651,"date":"2018-02-08T10:36:07","date_gmt":"2018-02-08T13:36:07","guid":{"rendered":"http:\/\/www.ifbaiano.edu.br\/unidades\/santaines\/?page_id=9651"},"modified":"2018-04-25T12:39:57","modified_gmt":"2018-04-25T15:39:57","slug":"2018-2","status":"publish","type":"page","link":"https:\/\/www.ifbaiano.edu.br\/unidades\/santaines\/2018-2\/","title":{"rendered":"2018"},"content":{"rendered":"<p>&nbsp;<\/p>\n<p class=\"western\" align=\"JUSTIFY\"><a href=\"http:\/\/www.ifbaiano.edu.br\/unidades\/santaines\/files\/2017\/08\/Licita\u00e7\u00e3o1-2.jpg\"><img decoding=\"async\" loading=\"lazy\" class=\"alignnone size-full wp-image-9696\" src=\"http:\/\/www.ifbaiano.edu.br\/unidades\/santaines\/files\/2017\/08\/Licita\u00e7\u00e3o1-2.jpg\" alt=\"Licita\u00e7\u00e3o1\" width=\"853\" height=\"144\" \/><\/a><\/p>\n<hr \/>\n<h3 class=\"western\" align=\"JUSTIFY\"><span style=\"color: #ffffff\">.<\/span><\/h3>\n<h3 class=\"western\" align=\"JUSTIFY\"><img decoding=\"async\" loading=\"lazy\" class=\"alignnone wp-image-9700 size-full\" src=\"http:\/\/www.ifbaiano.edu.br\/unidades\/santaines\/files\/2017\/12\/Escolha-a-Modalidade-de-Licita\u00e7\u00e3o.jpg\" alt=\"Escolha a Modalidade de Licita\u00e7\u00e3o\" width=\"1524\" height=\"48\" \/><\/h3>\n<h3 class=\"western\" align=\"JUSTIFY\"><span style=\"color: #ffffff\">.<\/span><\/h3>\n<ul>\n<li>Convite<\/li>\n<li>Tomada de Pre\u00e7os<\/li>\n<li>Concorr\u00eancia<\/li>\n<li>Leil\u00e3o<\/li>\n<li><a href=\"http:\/\/www.ifbaiano.edu.br\/unidades\/santaines\/modalidade-pregao-eletronico-2018\/\">Preg\u00e3o Eletr\u00f4nico<\/a><\/li>\n<li>Regime Diferenciado de Contrata\u00e7\u00e3o &#8211; RDC<\/li>\n<li><a href=\"http:\/\/www.ifbaiano.edu.br\/unidades\/santaines\/modalidade-dispensa-de-licitacao2018\/\">Dispensa de Licita\u00e7\u00e3o<\/a><\/li>\n<li>Inexigibilidade de Licita\u00e7\u00e3o<\/li>\n<li>Ades\u00e3o \u00e0 Ata de Registro de Pre\u00e7os<\/li>\n<\/ul>\n<p><span style=\"color: #ffffff\">.<\/span><\/p>\n<hr \/>\n<p align=\"justify\"><strong>Contato:<\/strong><\/p>\n<p align=\"justify\"><strong>E-mail:<\/strong>\u00a0compras@si.ifbaiano.edu.br<\/p>\n<p align=\"justify\"><strong>Telefone:<\/strong>\u00a0(73) 3536- 1212 \/ (73) 3536-1210 \u2013 Ramal: 43<\/p>\n","protected":false},"excerpt":{"rendered":"<p>&nbsp; . . Convite Tomada de Pre\u00e7os Concorr\u00eancia Leil\u00e3o Preg\u00e3o Eletr\u00f4nico Regime Diferenciado de Contrata\u00e7\u00e3o &#8211; RDC Dispensa de Licita\u00e7\u00e3o Inexigibilidade de Licita\u00e7\u00e3o Ades\u00e3o \u00e0 Ata de Registro de Pre\u00e7os . Contato: E-mail:\u00a0compras@si.ifbaiano.edu.br Telefone:\u00a0(73) 3536- 1212 \/ (73) 3536-1210 \u2013 Ramal: 43<\/p>\n","protected":false},"author":86,"featured_media":0,"parent":0,"menu_order":0,"comment_status":"closed","ping_status":"closed","template":"","meta":[],"_links":{"self":[{"href":"https:\/\/www.ifbaiano.edu.br\/unidades\/santaines\/wp-json\/wp\/v2\/pages\/9651"}],"collection":[{"href":"https:\/\/www.ifbaiano.edu.br\/unidades\/santaines\/wp-json\/wp\/v2\/pages"}],"about":[{"href":"https:\/\/www.ifbaiano.edu.br\/unidades\/santaines\/wp-json\/wp\/v2\/types\/page"}],"author":[{"embeddable":true,"href":"https:\/\/www.ifbaiano.edu.br\/unidades\/santaines\/wp-json\/wp\/v2\/users\/86"}],"replies":[{"embeddable":true,"href":"https:\/\/www.ifbaiano.edu.br\/unidades\/santaines\/wp-json\/wp\/v2\/comments?post=9651"}],"version-history":[{"count":5,"href":"https:\/\/www.ifbaiano.edu.br\/unidades\/santaines\/wp-json\/wp\/v2\/pages\/9651\/revisions"}],"predecessor-version":[{"id":10132,"href":"https:\/\/www.ifbaiano.edu.br\/unidades\/santaines\/wp-json\/wp\/v2\/pages\/9651\/revisions\/10132"}],"wp:attachment":[{"href":"https:\/\/www.ifbaiano.edu.br\/unidades\/santaines\/wp-json\/wp\/v2\/media?parent=9651"}],"curies":[{"name":"wp","href":"https:\/\/api.w.org\/{rel}","templated":true}]}}