{"id":9688,"date":"2018-02-09T15:44:34","date_gmt":"2018-02-09T18:44:34","guid":{"rendered":"http:\/\/www.ifbaiano.edu.br\/unidades\/santaines\/?page_id=9688"},"modified":"2025-04-14T17:01:37","modified_gmt":"2025-04-14T20:01:37","slug":"extensao-2","status":"publish","type":"page","link":"https:\/\/www.ifbaiano.edu.br\/unidades\/santaines\/extensao-2\/","title":{"rendered":"Coordena\u00e7\u00e3o de Extens\u00e3o"},"content":{"rendered":"\n<figure class=\"wp-block-image size-full\"><a href=\"https:\/\/www.ifbaiano.edu.br\/unidades\/santaines\/files\/2022\/08\/Sobre.jpg\"><img decoding=\"async\" loading=\"lazy\" width=\"1524\" height=\"47\" src=\"https:\/\/www.ifbaiano.edu.br\/unidades\/santaines\/files\/2022\/08\/Sobre.jpg\" alt=\"\" class=\"wp-image-17015\" \/><\/a><\/figure>\n\n\n<p class=\"ng-star-inserted\"><span class=\"ng-star-inserted\">As atividades de Extens\u00e3o no Instituto Federal Baiano (IF Baiano) seguem as diretrizes da <a href=\"https:\/\/www.in.gov.br\/materia\/-\/asset_publisher\/Kujrw0TZC2Mb\/content\/id\/55877808\">Resolu\u00e7\u00e3o n\u00ba 7\/2018<\/a> do Conselho Nacional de Educa\u00e7\u00e3o e s\u00e3o detalhadas no Regulamento de Extens\u00e3o institucional <a href=\"https:\/\/ifbaiano.edu.br\/portal\/wp-content\/uploads\/2019\/09\/Resolu%C3%A7ao-46.pdf\">(Resolu\u00e7\u00e3o n\u00ba 46\/2019<\/a>).<\/span><\/p>\n<p class=\"ng-star-inserted\"><span class=\"ng-star-inserted\">Conforme este regulamento, a extens\u00e3o \u00e9 entendida como um&nbsp;<\/span><strong class=\"ng-star-inserted\"><span class=\"ng-star-inserted\">processo educativo, cultural, social, cient\u00edfico e tecnol\u00f3gico<\/span><\/strong><span class=\"ng-star-inserted\">. Sua ess\u00eancia est\u00e1 na&nbsp;<\/span><strong class=\"ng-star-inserted\"><span class=\"ng-star-inserted\">intera\u00e7\u00e3o<\/span><\/strong><span class=\"ng-star-inserted\">&nbsp;entre o IF Baiano, a sociedade e o mundo do trabalho. O foco principal \u00e9 a produ\u00e7\u00e3o, desenvolvimento e dissemina\u00e7\u00e3o de conhecimento cient\u00edfico e tecnol\u00f3gico, sempre com o objetivo de promover o&nbsp;<\/span><strong class=\"ng-star-inserted\"><span class=\"ng-star-inserted\">desenvolvimento socioecon\u00f4mico sustent\u00e1vel<\/span><\/strong><span class=\"ng-star-inserted\">&nbsp;em n\u00edveis local, regional e territorial.<\/span><\/p>\n<p class=\"ng-star-inserted\"><span class=\"ng-star-inserted\">Fundamentalmente, as a\u00e7\u00f5es de extens\u00e3o no IF Baiano enfatizam a&nbsp;<\/span><strong class=\"ng-star-inserted\"><span class=\"ng-star-inserted\">necessidade de di\u00e1logo e relacionamento com a sociedade<\/span><\/strong><span class=\"ng-star-inserted\">. Buscam atender \u00e0s demandas sociais por meio de um modelo inclusivo, assegurando que os avan\u00e7os cient\u00edficos e tecnol\u00f3gicos produzidos pela institui\u00e7\u00e3o sejam compartilhados e contribuam para um desenvolvimento mais igualit\u00e1rio.<\/span><\/p>\n\n\n<hr class=\"wp-block-separator has-css-opacity\" \/>\n\n\n\n<figure class=\"wp-block-image size-full\"><a href=\"https:\/\/www.ifbaiano.edu.br\/unidades\/santaines\/files\/2022\/08\/Editais-e-documentos.jpg\"><img decoding=\"async\" loading=\"lazy\" width=\"1524\" height=\"47\" src=\"https:\/\/www.ifbaiano.edu.br\/unidades\/santaines\/files\/2022\/08\/Editais-e-documentos.jpg\" alt=\"\" class=\"wp-image-17016\" \/><\/a><\/figure>\n\n\n\n<p>Clique <strong><a href=\"https:\/\/ifbaiano.edu.br\/portal\/extensao\/2025-2\/\">AQUI<\/a><\/strong> para acessar os Editais dispon\u00edveis no ano de 2025 no portal da PROEX &#8211; Pr\u00f3-reitora de Extens\u00e3o.<\/p>\n\n\n\n<p><\/p>\n\n\n\n<hr class=\"wp-block-separator has-css-opacity\" \/>\n\n\n\n<figure class=\"wp-block-image size-full\"><a href=\"https:\/\/www.ifbaiano.edu.br\/unidades\/santaines\/files\/2022\/08\/Acoes-programas-e-projetos.jpg\"><img decoding=\"async\" loading=\"lazy\" width=\"1524\" height=\"47\" src=\"https:\/\/www.ifbaiano.edu.br\/unidades\/santaines\/files\/2022\/08\/Acoes-programas-e-projetos.jpg\" alt=\"\" class=\"wp-image-17017\" \/><\/a><\/figure>\n\n\n\n<h2 class=\"wp-block-heading\">A\u00e7\u00f5es<\/h2>\n\n\n\n<p>&#8230;<\/p>\n\n\n\n<p>&#8230;<\/p>\n\n\n\n<p>&#8230;<\/p>\n\n\n\n<p><\/p>\n\n\n\n<h2 class=\"wp-block-heading\">Programas e Projetos<\/h2>\n\n\n\n<p>Saiba mais sobre programas e projetos de extens\u00e3o no IF Baiano:<\/p>\n\n\n\n<ul>\n<li><a href=\"https:\/\/ifbaiano.edu.br\/portal\/extensao\/pibiex-2\/\">PIBIEX- Programa\u00a0Institucional de Bolsas de Inicia\u00e7\u00e3o em Extens\u00e3o<\/a><\/li>\n\n\n\n<li><a href=\"https:\/\/ifbaiano.edu.br\/portal\/extensao\/pet-2\/\">PET &#8211; Programa de Extens\u00e3o Tecnol\u00f3gica<\/a> <\/li>\n\n\n\n<li><a href=\"https:\/\/ifbaiano.edu.br\/portal\/extensao\/pro-extensao\/\">Pr\u00f3-Extens\u00e3o &#8211; Programa de Fomento \u00e0s A\u00e7\u00f5es de Extens\u00e3o do IF Baiano<\/a><\/li>\n\n\n\n<li><a href=\"https:\/\/ifbaiano.edu.br\/portal\/extensao\/margaridas\/\">Margaridas &#8211; Projeto Margaridas<\/a><\/li>\n<\/ul>\n\n\n\n<p><\/p>\n\n\n\n<h2 class=\"wp-block-heading\">Projetos em Execu\u00e7\u00e3o<\/h2>\n\n\n\n<p>Abaixo est\u00e3o dispon\u00edveis os Projetos de extens\u00e3o que se encontram em execu\u00e7\u00e3o no \u00e2mbito do Campus Santa In\u00eas. Ao clicar no nome do projeto ser\u00e3o disponibilizados detalhes do mesmo com sua respectiva coordena\u00e7\u00e3o.<\/p>\n\n\n\n<ul>\n<li><a href=\"https:\/\/www.ifbaiano.edu.br\/unidades\/santaines\/files\/2025\/04\/Ciencia-na-Feira.pdf\">Ci\u00eancia na Feira<\/a><\/li>\n\n\n\n<li><a href=\"https:\/\/www.ifbaiano.edu.br\/unidades\/santaines\/files\/2025\/04\/Farmacia-Viva-em-Acao.pdf\">Farm\u00e1cia Viva em A\u00e7\u00e3o: produ\u00e7\u00e3o e dissemina\u00e7\u00e3o de conhecimentos sobre plantas medicinais em Santa In\u00eas \u2013 BA<\/a><\/li>\n\n\n\n<li><a href=\"https:\/\/www.ifbaiano.edu.br\/unidades\/santaines\/files\/2025\/04\/Melipovale.pdf\">Melipovale: Educa\u00e7\u00e3o Ambiental e Conserva\u00e7\u00e3o de Abelhas Nativas em Santa In\u00eas \u2013 Bahia<\/a><\/li>\n<\/ul>\n\n\n\n<p>Projetos de Extens\u00e3o de anos anteriores est\u00e3o elencados e podem ser consultados na <a href=\"https:\/\/ifbaiano.edu.br\/portal\/extensao\/2017-2\/\">P\u00e1gina da PROEX<\/a><\/p>\n\n\n\n<hr class=\"wp-block-separator has-css-opacity\" \/>\n\n\n\n<hr class=\"wp-block-separator has-css-opacity\" \/>\n\n\n\n<h2 class=\"wp-block-heading\"><strong>Contato:<\/strong><\/h2>\n\n\n\n<p><strong>Fabiane Barreto Souza<\/strong> &#8211; Coordenadora de Extens\u00e3o<\/p>\n\n\n\n<p><strong>E-mail:<\/strong>&nbsp;coordenacaodeextens\u00e3o@si.ifbaiano.edu.br<\/p>\n\n\n\n<p><\/p>\n","protected":false},"excerpt":{"rendered":"<p>As atividades de Extens\u00e3o no Instituto Federal Baiano (IF Baiano) seguem as diretrizes da Resolu\u00e7\u00e3o n\u00ba 7\/2018 do Conselho Nacional de Educa\u00e7\u00e3o e s\u00e3o detalhadas no Regulamento de Extens\u00e3o institucional (Resolu\u00e7\u00e3o n\u00ba 46\/2019). Conforme este regulamento, a extens\u00e3o \u00e9 entendida como um&nbsp;processo educativo, cultural, social, cient\u00edfico e tecnol\u00f3gico. Sua ess\u00eancia est\u00e1 na&nbsp;intera\u00e7\u00e3o&nbsp;entre o IF Baiano, [&hellip;]<\/p>\n","protected":false},"author":86,"featured_media":0,"parent":0,"menu_order":0,"comment_status":"closed","ping_status":"closed","template":"","meta":[],"_links":{"self":[{"href":"https:\/\/www.ifbaiano.edu.br\/unidades\/santaines\/wp-json\/wp\/v2\/pages\/9688"}],"collection":[{"href":"https:\/\/www.ifbaiano.edu.br\/unidades\/santaines\/wp-json\/wp\/v2\/pages"}],"about":[{"href":"https:\/\/www.ifbaiano.edu.br\/unidades\/santaines\/wp-json\/wp\/v2\/types\/page"}],"author":[{"embeddable":true,"href":"https:\/\/www.ifbaiano.edu.br\/unidades\/santaines\/wp-json\/wp\/v2\/users\/86"}],"replies":[{"embeddable":true,"href":"https:\/\/www.ifbaiano.edu.br\/unidades\/santaines\/wp-json\/wp\/v2\/comments?post=9688"}],"version-history":[{"count":31,"href":"https:\/\/www.ifbaiano.edu.br\/unidades\/santaines\/wp-json\/wp\/v2\/pages\/9688\/revisions"}],"predecessor-version":[{"id":23791,"href":"https:\/\/www.ifbaiano.edu.br\/unidades\/santaines\/wp-json\/wp\/v2\/pages\/9688\/revisions\/23791"}],"wp:attachment":[{"href":"https:\/\/www.ifbaiano.edu.br\/unidades\/santaines\/wp-json\/wp\/v2\/media?parent=9688"}],"curies":[{"name":"wp","href":"https:\/\/api.w.org\/{rel}","templated":true}]}}