{"id":9928,"date":"2018-03-22T12:43:31","date_gmt":"2018-03-22T15:43:31","guid":{"rendered":"http:\/\/www.ifbaiano.edu.br\/unidades\/santaines\/?page_id=9928"},"modified":"2018-03-22T12:52:13","modified_gmt":"2018-03-22T15:52:13","slug":"requerimento-do-campus-santa-ines","status":"publish","type":"page","link":"https:\/\/www.ifbaiano.edu.br\/unidades\/santaines\/requerimento-do-campus-santa-ines\/","title":{"rendered":"Requerimento do Campus Santa In\u00eas"},"content":{"rendered":"<hr \/>\n<p style=\"text-align: justify\"><strong>Clique\u00a0<a href=\"http:\/\/www.ifbaiano.edu.br\/unidades\/santaines\/files\/2018\/03\/BENEFICIOS-DIREITOS-E-VANTAGENS_Santa-In\u00eas.pdf\">AQUI<\/a>\u00a0para acessar o REQUERIMENTO DE BENEF\u00cdCIOS, DIREITOS E VANTAGENS do Campus.<\/strong><\/p>\n<p style=\"text-align: justify\"><span style=\"color: #ffffff\">.<\/span><\/p>\n<p style=\"text-align: justify\"><strong>O formul\u00e1rio de SOLICITA\u00c7\u00c3O DE DI\u00c1RIAS poder\u00e1 ser acessado atrav\u00e9s do\u00a0menu Diretoria Administrativa\/<a href=\"http:\/\/www.ifbaiano.edu.br\/unidades\/santaines\/diarias-e-passagens\/\" target=\"_blank\">Di\u00e1rias e Passagens<\/a>\u00a0(localizado do lado direito da p\u00e1gina principal)<\/strong><\/p>\n<p style=\"text-align: justify\"><span style=\"color: #ffffff\">.<\/span><\/p>\n<p style=\"text-align: justify\"><strong>Os formul\u00e1rios, requerimentos, documentos e\u00a0informes gerais referentes \u00e0 Gest\u00e3o de Pessoas poder\u00e3o ser acessados\u00a0atrav\u00e9s do \u00edcone &#8220;SERVIDOR&#8221;, disponibilizado\u00a0no canto superior direito da p\u00e1gina principal do Campus. Como mostrado na figura:<\/strong><img decoding=\"async\" loading=\"lazy\" class=\"alignleft wp-image-9934\" src=\"http:\/\/www.ifbaiano.edu.br\/unidades\/santaines\/files\/2018\/03\/\u00edcone.jpg\" alt=\"\u00edcone\" width=\"229\" height=\"153\" \/><\/p>\n<p style=\"text-align: justify\"><span style=\"color: #ffffff\">\u2026..<\/span><\/p>\n<p style=\"text-align: justify\">\n<p style=\"text-align: justify\"><span style=\"color: #ffffff\">\u2026..<\/span><\/p>\n<p>&nbsp;<\/p>\n","protected":false},"excerpt":{"rendered":"<p>Clique\u00a0AQUI\u00a0para acessar o REQUERIMENTO DE BENEF\u00cdCIOS, DIREITOS E VANTAGENS do Campus. . O formul\u00e1rio de SOLICITA\u00c7\u00c3O DE DI\u00c1RIAS poder\u00e1 ser acessado atrav\u00e9s do\u00a0menu Diretoria Administrativa\/Di\u00e1rias e Passagens\u00a0(localizado do lado direito da p\u00e1gina principal) . Os formul\u00e1rios, requerimentos, documentos e\u00a0informes gerais referentes \u00e0 Gest\u00e3o de Pessoas poder\u00e3o ser acessados\u00a0atrav\u00e9s do \u00edcone &#8220;SERVIDOR&#8221;, disponibilizado\u00a0no canto superior direito [&hellip;]<\/p>\n","protected":false},"author":86,"featured_media":0,"parent":0,"menu_order":0,"comment_status":"closed","ping_status":"closed","template":"","meta":[],"_links":{"self":[{"href":"https:\/\/www.ifbaiano.edu.br\/unidades\/santaines\/wp-json\/wp\/v2\/pages\/9928"}],"collection":[{"href":"https:\/\/www.ifbaiano.edu.br\/unidades\/santaines\/wp-json\/wp\/v2\/pages"}],"about":[{"href":"https:\/\/www.ifbaiano.edu.br\/unidades\/santaines\/wp-json\/wp\/v2\/types\/page"}],"author":[{"embeddable":true,"href":"https:\/\/www.ifbaiano.edu.br\/unidades\/santaines\/wp-json\/wp\/v2\/users\/86"}],"replies":[{"embeddable":true,"href":"https:\/\/www.ifbaiano.edu.br\/unidades\/santaines\/wp-json\/wp\/v2\/comments?post=9928"}],"version-history":[{"count":4,"href":"https:\/\/www.ifbaiano.edu.br\/unidades\/santaines\/wp-json\/wp\/v2\/pages\/9928\/revisions"}],"predecessor-version":[{"id":9935,"href":"https:\/\/www.ifbaiano.edu.br\/unidades\/santaines\/wp-json\/wp\/v2\/pages\/9928\/revisions\/9935"}],"wp:attachment":[{"href":"https:\/\/www.ifbaiano.edu.br\/unidades\/santaines\/wp-json\/wp\/v2\/media?parent=9928"}],"curies":[{"name":"wp","href":"https:\/\/api.w.org\/{rel}","templated":true}]}}