{"id":1156,"date":"2017-05-10T21:15:44","date_gmt":"2017-05-10T21:15:44","guid":{"rendered":"http:\/\/www.ifbaiano.edu.br\/unidades\/serrinha\/?page_id=1156"},"modified":"2020-02-18T19:57:25","modified_gmt":"2020-02-18T19:57:25","slug":"conad","status":"publish","type":"page","link":"https:\/\/www.ifbaiano.edu.br\/unidades\/serrinha\/conad\/","title":{"rendered":"CONAD"},"content":{"rendered":"<h1><strong>Conselho de Administra\u00e7\u00e3o \u2013 CONAD<\/strong><\/h1>\n<p align=\"justify\"><span style=\"font-family: Arial, sans-serif\"><strong>Comunicado Importante<\/strong> \u2013 Em 17\/02\/2020: Desde o primeiro semestre de 2018, foi encaminhado ao Col\u00e9gio de Dirigentes e Conselho Superior o novo Regimento do Conselho de Administra\u00e7\u00e3o \u2013 CONAD. Enquanto n\u00e3o for aprovado o Regimento, pelo CONSUP, as atividades deste Conselho continuar\u00e3o suspensas.<\/span><\/p>\n<p align=\"right\"><em>07\/06\/2017<\/em><\/p>\n<p><a href=\"http:\/\/www.ifbaiano.edu.br\/unidades\/serrinha\/files\/2017\/05\/Regimento_Geral_CONAD.pdf\">Regimento Geral do IF Baiano<\/a>\u00a0que, em seu Cap\u00edtulo IV, Se\u00e7\u00e3o III, prev\u00ea a cria\u00e7\u00e3o, composi\u00e7\u00e3o e compet\u00eancia do CONAD<\/p>\n<p><a href=\"http:\/\/www.ifbaiano.edu.br\/unidades\/serrinha\/files\/2017\/05\/REGULAMENTO-ELEITORAL-CONAD-CAMPUS-SERRINHA.pdf\">Regulamento Interno do Processo Eleitoral<\/a><\/p>\n<p><a href=\"http:\/\/www.ifbaiano.edu.br\/unidades\/serrinha\/files\/2017\/05\/Retifica\u00e7\u00e3o-do-Regulamento-Eleitoral.pdf\">Retifica\u00e7\u00e3o do Cronograma de Atividades<\/a><\/p>\n<p><a href=\"http:\/\/www.ifbaiano.edu.br\/unidades\/serrinha\/files\/2017\/05\/Convoca\u00e7\u00e3o-02_2017-CONAD-pais-2.pdf\">Convoca\u00e7\u00e3o aos pais ou respons\u00e1veis<\/a><\/p>\n<p><a href=\"http:\/\/www.ifbaiano.edu.br\/unidades\/serrinha\/files\/2017\/05\/Convoca\u00e7\u00e3o-01_2017-CONAD-sociedade-civil.pdf\">Convoca\u00e7\u00e3o a sociedade civil<\/a><\/p>\n<p><a href=\"http:\/\/www.ifbaiano.edu.br\/unidades\/serrinha\/files\/2017\/05\/Convoca\u00e7\u00e3o-03_2017-CONAD-t\u00e9cnicos.pdf\">Convoca\u00e7\u00e3o aos t\u00e9cnicos administrativos<\/a><\/p>\n<p><a href=\"http:\/\/www.ifbaiano.edu.br\/unidades\/serrinha\/files\/2017\/05\/Convoca\u00e7\u00e3o-04_2017-CONAD-docentes.pdf\">Convoca\u00e7\u00e3o aos docentes<\/a><\/p>\n<p><a href=\"http:\/\/www.ifbaiano.edu.br\/unidades\/serrinha\/files\/2017\/05\/Convoca\u00e7\u00e3o-05_2017-CONAD-discente-superior.pdf\">Convoca\u00e7\u00e3o aos discentes de curso superior<\/a><\/p>\n<p><a href=\"http:\/\/www.ifbaiano.edu.br\/unidades\/serrinha\/files\/2017\/05\/Convoca\u00e7\u00e3o-06_2017-CONAD-discente-cursos-t\u00e9cnico.pdf\">Convoca\u00e7\u00e3o aos discentes de curso t\u00e9cnico<\/a><\/p>\n<p><a href=\"http:\/\/www.ifbaiano.edu.br\/unidades\/serrinha\/files\/2017\/05\/RESULTADO-1.pdf\">Resultado CONAD<\/a><\/p>\n<p><a href=\"http:\/\/www.ifbaiano.edu.br\/unidades\/serrinha\/files\/2017\/05\/Composi\u00e7\u00e3o-CONAD.pdf\">Composi\u00e7\u00e3o CONAD<\/a><\/p>\n<p><strong>Agenda de Reuni\u00f5es:<\/strong><\/p>\n<p>08\/08\/17 \u00e0s 14hs<\/p>\n<p>26\/09\/17 \u00e0s 13hs<\/p>\n<p>04\/12\/17\u00a0\u00e0s 13hs<\/p>\n<p>&#8212;&#8212;&#8212;&#8212;&#8212;&#8212;&#8212;&#8212;&#8212;&#8212;&#8212;&#8212;&#8212;&#8212;&#8212;&#8212;&#8212;&#8212;&#8212;&#8212;&#8212;&#8212;&#8212;&#8212;&#8212;&#8212;&#8212;&#8212;&#8212;&#8212;&#8212;&#8212;&#8212;&#8212;&#8212;&#8212;&#8212;&#8212;&#8212;&#8212;&#8212;&#8212;&#8212;&#8212;&#8212;&#8212;&#8212;&#8212;&#8212;&#8212;&#8212;&#8212;&#8211;<\/p>\n<p><strong>O que \u00e9 o CONAD?<\/strong><\/p>\n<p>O Conselho Administrativo (CONAD) \u00e9 um \u00f3rg\u00e3o colegiado consultivo m\u00e1ximo do <em>Campus<\/em>, que tem por finalidade colaborar para o aperfei\u00e7oamento do processo educativo com informa\u00e7\u00f5es da comunidade e zelar pela correta execu\u00e7\u00e3o das pol\u00edticas do Instituto na respectiva Unidade de Ensino.<\/p>\n<p><strong>\u00a0<\/strong><\/p>\n<p><strong>O Conselho de Administra\u00e7\u00e3o ter\u00e1 a seguinte composi\u00e7\u00e3o:<\/strong><\/p>\n<p>I \u2013 Diretor (a) Geral do <em>Campus<\/em>, presidente;<\/p>\n<p>II \u2013 Diretor (a) Acad\u00eamico (a);<\/p>\n<p>III \u2013 Diretor (a) Administrativo (a);<\/p>\n<p>IV \u2013 02 (dois) representantes docentes;<\/p>\n<p>V \u2013 02 (dois) representantes discentes (b\u00e1sico e superior);<\/p>\n<p>VI \u2013 02 (dois) representantes t\u00e9cnico-administrativos em educa\u00e7\u00e3o;<\/p>\n<p>VII \u2013 01 (um) representante dos pais ou respons\u00e1veis pelos estudantes;<\/p>\n<p>VIII \u2013 01(um) representante dos egressos;<\/p>\n<p>IX \u2013 02 (dois) representantes da sociedade civil organizada.<\/p>\n<p><strong>\u00a0<\/strong><\/p>\n<p><strong>Ao CONAD compete:<\/strong><\/p>\n<p>I \u2013 apreciar o Plano de A\u00e7\u00e3o Anual do <em>Campus<\/em>, considerando as diretrizes do PDI, os objetivos institucionais e as metas anuais do IF Baiano;<\/p>\n<p>II \u2013 acompanhar a cada quadrimestre a execu\u00e7\u00e3o do Plano de A\u00e7\u00e3o Anual, atrav\u00e9s de Relat\u00f3rio Quadrimestral das Diretorias Acad\u00eamica e Administrativa;<\/p>\n<p>III \u2013 apreciar o Relat\u00f3rio de Gest\u00e3o e a Tomada de Contas Anual com base no Plano de A\u00e7\u00e3o e no Or\u00e7amento do <em>Campus <\/em>para o referido ano;<\/p>\n<p>IV \u2013 apreciar ou recomendar mat\u00e9rias de responsabilidade ou interesse do <em>Campus<\/em>, apresentada pelo (a) Diretor (a) Geral ou por vontade expressa de \u00be (tr\u00eas quartos) dos Conselheiros;<\/p>\n<p>V \u2013 Participar do processo de elabora\u00e7\u00e3o da Proposta Or\u00e7ament\u00e1ria do <em>Campus<\/em>.<\/p>\n<p>(Fonte: Regimento Geral do IF Baiano aprovado pela Resolu\u00e7\u00e3o n\u00ba 19 de 14 de dezembro de 2012)<\/p>\n","protected":false},"excerpt":{"rendered":"<p>Conselho de Administra\u00e7\u00e3o \u2013 CONAD Comunicado Importante \u2013 Em 17\/02\/2020: Desde o primeiro semestre de 2018, foi encaminhado ao Col\u00e9gio de Dirigentes e Conselho Superior o novo Regimento do Conselho de Administra\u00e7\u00e3o \u2013 CONAD. Enquanto n\u00e3o for aprovado o Regimento, pelo CONSUP, as atividades deste Conselho continuar\u00e3o suspensas. 07\/06\/2017 Regimento Geral do IF Baiano\u00a0que, em [&hellip;]<\/p>\n","protected":false},"author":70,"featured_media":0,"parent":0,"menu_order":0,"comment_status":"closed","ping_status":"closed","template":"","meta":[],"_links":{"self":[{"href":"https:\/\/www.ifbaiano.edu.br\/unidades\/serrinha\/wp-json\/wp\/v2\/pages\/1156"}],"collection":[{"href":"https:\/\/www.ifbaiano.edu.br\/unidades\/serrinha\/wp-json\/wp\/v2\/pages"}],"about":[{"href":"https:\/\/www.ifbaiano.edu.br\/unidades\/serrinha\/wp-json\/wp\/v2\/types\/page"}],"author":[{"embeddable":true,"href":"https:\/\/www.ifbaiano.edu.br\/unidades\/serrinha\/wp-json\/wp\/v2\/users\/70"}],"replies":[{"embeddable":true,"href":"https:\/\/www.ifbaiano.edu.br\/unidades\/serrinha\/wp-json\/wp\/v2\/comments?post=1156"}],"version-history":[{"count":26,"href":"https:\/\/www.ifbaiano.edu.br\/unidades\/serrinha\/wp-json\/wp\/v2\/pages\/1156\/revisions"}],"predecessor-version":[{"id":3827,"href":"https:\/\/www.ifbaiano.edu.br\/unidades\/serrinha\/wp-json\/wp\/v2\/pages\/1156\/revisions\/3827"}],"wp:attachment":[{"href":"https:\/\/www.ifbaiano.edu.br\/unidades\/serrinha\/wp-json\/wp\/v2\/media?parent=1156"}],"curies":[{"name":"wp","href":"https:\/\/api.w.org\/{rel}","templated":true}]}}