{"id":160,"date":"2015-10-21T20:01:08","date_gmt":"2015-10-21T20:01:08","guid":{"rendered":"http:\/\/www.ifbaiano.edu.br\/unidades\/serrinha\/?page_id=160"},"modified":"2016-01-28T15:04:44","modified_gmt":"2016-01-28T15:04:44","slug":"ouvidoria-interna","status":"publish","type":"page","link":"https:\/\/www.ifbaiano.edu.br\/unidades\/serrinha\/ouvidoria-interna\/","title":{"rendered":"Ouvidoria"},"content":{"rendered":"<p style=\"text-align:justify\">As Ouvidorias p\u00fablicas s\u00e3o unidades de controle e participa\u00e7\u00e3o social, respons\u00e1veis pelo tratamento das reclama\u00e7\u00f5es, solicita\u00e7\u00f5es, den\u00fancias, sugest\u00f5es e elogios relativos \u00e0s pol\u00edticas e aos servi\u00e7os p\u00fablicos, prestados sob qualquer forma ou regime, com vistas ao aprimoramento da gest\u00e3o p\u00fablica.<\/p>\n<p style=\"text-align:justify\">A Ouvidoria \u00e9 um \u00f3rg\u00e3o mediador que estabelece o elo entre a comunidade e o Instituto Federal Baiano (IF Baiano).<\/p>\n<p><strong>Tipos de Manifesta\u00e7\u00e3o<\/strong><\/p>\n<p>Elogio<\/p>\n<p style=\"text-align:justify\">Demonstra\u00e7\u00e3o de apre\u00e7o, reconhecimento ou satisfa\u00e7\u00e3o sobre o servi\u00e7o recebido ou sobre as pessoas que participam do servi\u00e7o\/atendimento.<\/p>\n<p>Den\u00fancia<\/p>\n<p style=\"text-align:justify\">Comunica\u00e7\u00e3o de irregularidades ocorridas na administra\u00e7\u00e3o p\u00fablica ou ocorridas em raz\u00e3o do exerc\u00edcio negligente ou abusivo dos cargos, empregos e fun\u00e7\u00f5es.<\/p>\n<p style=\"text-align:justify\">Comunica\u00e7\u00e3o de infra\u00e7\u00f5es disciplinares pr\u00e1tica de atos de corrup\u00e7\u00e3o ou improbidade administrativa que venham ferir a \u00e9tica e a legisla\u00e7\u00e3o.<\/p>\n<p>Reclama\u00e7\u00e3o<\/p>\n<p style=\"text-align:justify\">Manifesta\u00e7\u00e3o de desagrado ou protesto sobre um servi\u00e7o prestado, a\u00e7\u00e3o ou omiss\u00e3o da administra\u00e7\u00e3o e\/ou do servidor p\u00fablico, considerado ineficiente, ineficaz ou n\u00e3o efetivo.<\/p>\n<p>Sugest\u00e3o<\/p>\n<p style=\"text-align:justify\">Manifesta\u00e7\u00e3o que apresenta uma ideia ou proposta para aprimoramento dos servi\u00e7os prestados pela Administra\u00e7\u00e3o P\u00fablica, ainda que associada a uma reclama\u00e7\u00e3o espec\u00edfica.<\/p>\n<p><strong>Como se manifestar?<\/strong><\/p>\n<p style=\"text-align:justify\">Qualquer cidad\u00e3o pode entrar em contato com a Ouvidoria do IF Baiano, que utiliza o e-Ouv (Sistema de Ouvidorias do Poder Executivo Federal) para formalizar as manifesta\u00e7\u00f5es pela internet.<\/p>\n<p>Para registrar sua manifesta\u00e7\u00e3o, <a href=\"https:\/\/sistema.ouvidorias.gov.br\/publico\/Manifestacao\/RegistrarManifestacao.aspx\" target=\"_blank\">clique aqui.<\/a><\/p>\n<p>Outros canais de comunica\u00e7\u00e3o:<\/p>\n<p>As manifesta\u00e7\u00f5es tamb\u00e9m podem ser feitas, pessoalmente, ou atrav\u00e9s de carta, pelo endere\u00e7o:<\/p>\n<p>Ouvidoria do IF Baiano \u2013 Reitoria<br \/>\nRua do Rouxinol, n\u00ba 115 \u2013 Bairro: Imbu\u00ed | Salvador-BA CEP: 41720-052<\/p>\n<p><strong>Orienta\u00e7\u00f5es Complementares:<\/strong><\/p>\n<p>Pelo sistema, a(o) cidad\u00e3(o) pode se manifestar de forma an\u00f4nima ou identificada, neste \u00faltimo caso, ao final do registro da manifesta\u00e7\u00e3o, um n\u00famero de protocolo \u00e9 gerado automaticamente, permitindo que o usu\u00e1rio consulte o andamento de sua manifesta\u00e7\u00e3o. As respostas poder\u00e3o ser visualizadas no sistema ou no e-mail informado durante o registro.<\/p>\n<p><strong>Contato:<\/strong><\/p>\n<p>E-mail: ouvidoria@ifbaiano.edu.br<\/p>\n<p>Telefone: (71) 3186-0049<\/p>\n","protected":false},"excerpt":{"rendered":"<p>As Ouvidorias p\u00fablicas s\u00e3o unidades de controle e participa\u00e7\u00e3o social, respons\u00e1veis pelo tratamento das reclama\u00e7\u00f5es, solicita\u00e7\u00f5es, den\u00fancias, sugest\u00f5es e elogios relativos \u00e0s pol\u00edticas e aos servi\u00e7os p\u00fablicos, prestados sob qualquer forma ou regime, com vistas ao aprimoramento da gest\u00e3o p\u00fablica. A Ouvidoria \u00e9 um \u00f3rg\u00e3o mediador que estabelece o elo entre a comunidade e o [&hellip;]<\/p>\n","protected":false},"author":73,"featured_media":0,"parent":0,"menu_order":0,"comment_status":"open","ping_status":"open","template":"","meta":[],"_links":{"self":[{"href":"https:\/\/www.ifbaiano.edu.br\/unidades\/serrinha\/wp-json\/wp\/v2\/pages\/160"}],"collection":[{"href":"https:\/\/www.ifbaiano.edu.br\/unidades\/serrinha\/wp-json\/wp\/v2\/pages"}],"about":[{"href":"https:\/\/www.ifbaiano.edu.br\/unidades\/serrinha\/wp-json\/wp\/v2\/types\/page"}],"author":[{"embeddable":true,"href":"https:\/\/www.ifbaiano.edu.br\/unidades\/serrinha\/wp-json\/wp\/v2\/users\/73"}],"replies":[{"embeddable":true,"href":"https:\/\/www.ifbaiano.edu.br\/unidades\/serrinha\/wp-json\/wp\/v2\/comments?post=160"}],"version-history":[{"count":4,"href":"https:\/\/www.ifbaiano.edu.br\/unidades\/serrinha\/wp-json\/wp\/v2\/pages\/160\/revisions"}],"predecessor-version":[{"id":503,"href":"https:\/\/www.ifbaiano.edu.br\/unidades\/serrinha\/wp-json\/wp\/v2\/pages\/160\/revisions\/503"}],"wp:attachment":[{"href":"https:\/\/www.ifbaiano.edu.br\/unidades\/serrinha\/wp-json\/wp\/v2\/media?parent=160"}],"curies":[{"name":"wp","href":"https:\/\/api.w.org\/{rel}","templated":true}]}}