{"id":1753,"date":"2017-12-14T18:29:30","date_gmt":"2017-12-14T18:29:30","guid":{"rendered":"http:\/\/www.ifbaiano.edu.br\/unidades\/serrinha\/?page_id=1753"},"modified":"2020-02-18T19:39:50","modified_gmt":"2020-02-18T19:39:50","slug":"como-chegar","status":"publish","type":"page","link":"https:\/\/www.ifbaiano.edu.br\/unidades\/serrinha\/como-chegar\/","title":{"rendered":"Como chegar"},"content":{"rendered":"\n<div class=\"wp-block-group\"><div class=\"wp-block-group__inner-container is-layout-flow\">\n<p><strong>Como chegar<\/strong><\/p>\n\n\n\n<p>O Instituto Federal Baiano \u2013 Campus Serrinha, localiza-se na Estrada Vicinal de Aparecida, S\/N, bairro Aparecida, logo ap\u00f3s o bairro de Vaquejada. Como pontos de refer\u00eancia podemos citar o SENAI, o CESOL e o antigo galp\u00e3o da Itaipava, todos eles localizados em frente ao supermercado Assa\u00ed, na entrada da cidade.<\/p>\n\n\n\n<p>Segue abaixo a localiza\u00e7\u00e3o (Clique na imagem para acessar no Google Maps)<\/p>\n\n\n\n<a href=\"https:\/\/www.google.com\/maps\/place\/IF+Baiano+-+Campus+Serrinha\/@-11.6778018,-39.0015654,15z\/data=!4m5!3m4!1s0x0:0x89abd5c04df7a877!8m2!3d-11.6804495!4d-38.9839272\">\n<figure class=\"wp-block-image size-large is-resized\"><img decoding=\"async\" loading=\"lazy\" src=\"http:\/\/www.ifbaiano.edu.br\/unidades\/serrinha\/files\/2020\/02\/Mapa-Campus.jpg\" alt=\"\" class=\"wp-image-3821\" width=\"512\" height=\"380\" \/><\/figure><\/a>\n<\/div><\/div>\n","protected":false},"excerpt":{"rendered":"<p>Como chegar O Instituto Federal Baiano \u2013 Campus Serrinha, localiza-se na Estrada Vicinal de Aparecida, S\/N, bairro Aparecida, logo ap\u00f3s o bairro de Vaquejada. Como pontos de refer\u00eancia podemos citar o SENAI, o CESOL e o antigo galp\u00e3o da Itaipava, todos eles localizados em frente ao supermercado Assa\u00ed, na entrada da cidade. Segue abaixo a [&hellip;]<\/p>\n","protected":false},"author":92,"featured_media":0,"parent":0,"menu_order":0,"comment_status":"closed","ping_status":"closed","template":"","meta":[],"_links":{"self":[{"href":"https:\/\/www.ifbaiano.edu.br\/unidades\/serrinha\/wp-json\/wp\/v2\/pages\/1753"}],"collection":[{"href":"https:\/\/www.ifbaiano.edu.br\/unidades\/serrinha\/wp-json\/wp\/v2\/pages"}],"about":[{"href":"https:\/\/www.ifbaiano.edu.br\/unidades\/serrinha\/wp-json\/wp\/v2\/types\/page"}],"author":[{"embeddable":true,"href":"https:\/\/www.ifbaiano.edu.br\/unidades\/serrinha\/wp-json\/wp\/v2\/users\/92"}],"replies":[{"embeddable":true,"href":"https:\/\/www.ifbaiano.edu.br\/unidades\/serrinha\/wp-json\/wp\/v2\/comments?post=1753"}],"version-history":[{"count":14,"href":"https:\/\/www.ifbaiano.edu.br\/unidades\/serrinha\/wp-json\/wp\/v2\/pages\/1753\/revisions"}],"predecessor-version":[{"id":3822,"href":"https:\/\/www.ifbaiano.edu.br\/unidades\/serrinha\/wp-json\/wp\/v2\/pages\/1753\/revisions\/3822"}],"wp:attachment":[{"href":"https:\/\/www.ifbaiano.edu.br\/unidades\/serrinha\/wp-json\/wp\/v2\/media?parent=1753"}],"curies":[{"name":"wp","href":"https:\/\/api.w.org\/{rel}","templated":true}]}}