{"id":1775,"date":"2017-12-18T13:12:04","date_gmt":"2017-12-18T13:12:04","guid":{"rendered":"http:\/\/www.ifbaiano.edu.br\/unidades\/serrinha\/?page_id=1775"},"modified":"2019-06-11T19:22:12","modified_gmt":"2019-06-11T19:22:12","slug":"licenciatura-em-ciencias-biologicas","status":"publish","type":"page","link":"https:\/\/www.ifbaiano.edu.br\/unidades\/serrinha\/licenciatura-em-ciencias-biologicas\/","title":{"rendered":"Licenciatura em Ci\u00eancias Biol\u00f3gicas"},"content":{"rendered":"<p>LICENCIATURA EM CI\u00caNCIAS BIOL\u00d3GICAS<\/p>\n<p><a href=\"http:\/\/www.ifbaiano.edu.br\/unidades\/serrinha\/files\/2019\/03\/Calend\u00e1rio-Acad\u00eamico-Cursos-Superiores-2019.pdf\">Calend\u00e1rio Acad\u00eamico &#8211; Cursos Superiores 2019<\/a><\/p>\n<table border=\"\u201d1\u201d\">\n<tbody>\n<tr>\n<th><\/th>\n<th><\/th>\n<\/tr>\n<tr>\n<td>Curso<\/td>\n<td>Licenciatura em Ci\u00eancias Biol\u00f3gicas<\/td>\n<\/tr>\n<tr>\n<td>Tipo de Curso<\/td>\n<td>Ensino Superior<\/td>\n<\/tr>\n<tr>\n<td>Ato Autorizativo<\/td>\n<td>00000000000000<\/td>\n<\/tr>\n<tr>\n<td>T\u00edtulo acad\u00eamico conferido<\/td>\n<td>Licenciado em Ci\u00eancias Biol\u00f3gicas<\/td>\n<\/tr>\n<tr>\n<td>Turno(s) de funcionamento<\/td>\n<td>Noturno<\/td>\n<\/tr>\n<tr>\n<td>Regime acad\u00eamico<\/td>\n<td>Periodiza\u00e7\u00e3o Semestral (cada semestre tem dura\u00e7\u00e3o de 100 dias letivos)<\/td>\n<\/tr>\n<tr>\n<td>N\u00famero de Vagas<\/td>\n<td>40<\/td>\n<\/tr>\n<tr>\n<td>Tempo de integraliza\u00e7\u00e3o<\/td>\n<td>M\u00ednimo: 09 semestres (4,5 anos) e M\u00e1ximo: 16 semestres (8 anos)<\/td>\n<\/tr>\n<tr>\n<td>Forma de ingresso<\/td>\n<td>Sisu<\/td>\n<\/tr>\n<tr>\n<td>Carga Hor\u00e1ria<\/td>\n<td>3.275 horas<\/td>\n<\/tr>\n<tr>\n<td>Perfil do Curso<\/td>\n<td>\n<p align=\"justify\">O Curso Superior de Licenciatura em Biologia do Instituto Federal Baiano, Campus Serrinha propiciar\u00e1 forma\u00e7\u00e3o profissional para a atua\u00e7\u00e3o como docente de Ci\u00eancias Naturais e Biologia na educa\u00e7\u00e3o b\u00e1sica, no Ensino Fundamental e M\u00e9dio. Assim, a forma\u00e7\u00e3o estar\u00e1 amparada em amplos conhecimentos sobre o funcionamento, classifica\u00e7\u00e3o e evolu\u00e7\u00e3o dos sistemas biol\u00f3gicos, de conhecimentos pedag\u00f3gicos, bem como das \u00e1reas das ci\u00eancias exatas, da terra e da natureza. Espera-se que os(as) licenciados(as) possam, al\u00e9m de contribuir nos processos educacionais, tenham autonomia e capacidade de se posicionar eticamente e criticamente em rela\u00e7\u00e3o a quest\u00f5es sociais, ambientais, econ\u00f4micas, pol\u00edticas e culturais.<\/p>\n<\/td>\n<\/tr>\n<\/tbody>\n<\/table>\n<p>&nbsp;<\/p>\n<p>&nbsp;<\/p>\n","protected":false},"excerpt":{"rendered":"<p>LICENCIATURA EM CI\u00caNCIAS BIOL\u00d3GICAS Calend\u00e1rio Acad\u00eamico &#8211; Cursos Superiores 2019 Curso Licenciatura em Ci\u00eancias Biol\u00f3gicas Tipo de Curso Ensino Superior Ato Autorizativo 00000000000000 T\u00edtulo acad\u00eamico conferido Licenciado em Ci\u00eancias Biol\u00f3gicas Turno(s) de funcionamento Noturno Regime acad\u00eamico Periodiza\u00e7\u00e3o Semestral (cada semestre tem dura\u00e7\u00e3o de 100 dias letivos) N\u00famero de Vagas 40 Tempo de integraliza\u00e7\u00e3o M\u00ednimo: 09 [&hellip;]<\/p>\n","protected":false},"author":92,"featured_media":0,"parent":0,"menu_order":0,"comment_status":"closed","ping_status":"closed","template":"","meta":[],"_links":{"self":[{"href":"https:\/\/www.ifbaiano.edu.br\/unidades\/serrinha\/wp-json\/wp\/v2\/pages\/1775"}],"collection":[{"href":"https:\/\/www.ifbaiano.edu.br\/unidades\/serrinha\/wp-json\/wp\/v2\/pages"}],"about":[{"href":"https:\/\/www.ifbaiano.edu.br\/unidades\/serrinha\/wp-json\/wp\/v2\/types\/page"}],"author":[{"embeddable":true,"href":"https:\/\/www.ifbaiano.edu.br\/unidades\/serrinha\/wp-json\/wp\/v2\/users\/92"}],"replies":[{"embeddable":true,"href":"https:\/\/www.ifbaiano.edu.br\/unidades\/serrinha\/wp-json\/wp\/v2\/comments?post=1775"}],"version-history":[{"count":3,"href":"https:\/\/www.ifbaiano.edu.br\/unidades\/serrinha\/wp-json\/wp\/v2\/pages\/1775\/revisions"}],"predecessor-version":[{"id":3050,"href":"https:\/\/www.ifbaiano.edu.br\/unidades\/serrinha\/wp-json\/wp\/v2\/pages\/1775\/revisions\/3050"}],"wp:attachment":[{"href":"https:\/\/www.ifbaiano.edu.br\/unidades\/serrinha\/wp-json\/wp\/v2\/media?parent=1775"}],"curies":[{"name":"wp","href":"https:\/\/api.w.org\/{rel}","templated":true}]}}