{"id":1780,"date":"2017-12-18T13:12:48","date_gmt":"2017-12-18T13:12:48","guid":{"rendered":"http:\/\/www.ifbaiano.edu.br\/unidades\/serrinha\/?page_id=1780"},"modified":"2019-03-19T12:43:03","modified_gmt":"2019-03-19T12:43:03","slug":"gestao-de-cooperativas","status":"publish","type":"page","link":"https:\/\/www.ifbaiano.edu.br\/unidades\/serrinha\/gestao-de-cooperativas\/","title":{"rendered":"Gest\u00e3o de Cooperativas"},"content":{"rendered":"<h2 align=\"center\"><span style=\"color: #b40431\">Curso Superior de Tecnologia em Gest\u00e3o de Cooperativas<\/span><\/h2>\n<p align=\"justify\"><strong><span style=\"color: #343434\"><span style=\"font-family: Arial, sans-serif\"><span style=\"font-size: medium\"><b>Objetivo do curso:<\/b><\/span><\/span><\/span><\/strong><\/p>\n<p align=\"justify\">Formar profissionais capazes de planejar e gerenciar as atividades de cooperativas e seus respectivos neg\u00f3cios, al\u00e9m de promover a otimiza\u00e7\u00e3o de recursos organizacionais e o bem-estar social por meio de sua atua\u00e7\u00e3o profissional como gestor de cooperativas. Dessa forma, o curso visa propor ao estudante conhecimentos acerca de sua responsabilidade social, considerando as especificidades de constitui\u00e7\u00e3o e desenvolvimento das diversas formas organizacionais dentro do cooperativismo e associacionismo, suas necessidades na rela\u00e7\u00e3o com o ambiente e suas estruturas internas atrav\u00e9s de um processo integrado de ensino, pesquisa e extens\u00e3o.<\/p>\n<p align=\"justify\"><strong><span style=\"color: #343434\"><span style=\"font-family: Arial, sans-serif\"><span style=\"font-size: medium\">\u00a0<\/span><\/span><\/span><\/strong><span style=\"color: #000000\"><span style=\"font-family: Arial, sans-serif\"><span style=\"font-size: medium\"><span style=\"color: #343434\"><br \/>\n<\/span><\/span><\/span><\/span><\/p>\n<p align=\"justify\"><span style=\"color: #000000\"><span style=\"font-family: Arial, sans-serif\"><span style=\"font-size: medium\"><span style=\"color: #343434\">\u00a0<\/span><\/span><\/span><\/span><\/p>\n<table border=\"0\" align=\"center\">\n<tbody>\n<tr>\n<td>\n<table style=\"border-style: solid;border-color: #298A08\" border=\"4\" align=\"center\">\n<tbody>\n<tr>\n<td align=\"center\"><i>Modalidade do Cu<\/i><i>rso:<\/i><br \/>\n<b>Presencial<\/b><\/td>\n<\/tr>\n<\/tbody>\n<\/table>\n<\/td>\n<td><\/td>\n<td>\n<table style=\"border-style: solid;border-color: #298A08\" border=\"4\" align=\"center\">\n<tbody>\n<tr>\n<td align=\"center\"><i>N\u00famero de Vagas:<\/i><br \/>\n<b>40 vagas anuais<\/b><\/td>\n<\/tr>\n<\/tbody>\n<\/table>\n<\/td>\n<td><\/td>\n<td>\n<table style=\"border-style: solid;border-color: #298A08\" border=\"4\" align=\"center\">\n<tbody>\n<tr>\n<td align=\"center\"><i>Regime Acad\u00eamico:<\/i><br \/>\n<b>Semestral<\/b><\/td>\n<\/tr>\n<\/tbody>\n<\/table>\n<\/td>\n<\/tr>\n<\/tbody>\n<\/table>\n<table border=\"0\" align=\"center\">\n<tbody>\n<tr>\n<td>\n<table style=\"border-style: solid;border-color: #298A08\" border=\"4\" align=\"center\">\n<tbody>\n<tr>\n<td><i>Turno: <\/i><b>Noturno<\/b><\/td>\n<\/tr>\n<\/tbody>\n<\/table>\n<\/td>\n<td><\/td>\n<td>\n<table style=\"border-style: solid;border-color: #298A08\" border=\"4\" align=\"center\">\n<tbody>\n<tr>\n<td><i>Dura\u00e7\u00e3o: <\/i><b>3 anos<\/b><\/td>\n<\/tr>\n<\/tbody>\n<\/table>\n<\/td>\n<\/tr>\n<\/tbody>\n<\/table>\n<p>&nbsp;<\/p>\n<p>&nbsp;<\/p>\n<p><strong><span style=\"color: #343434\"><span style=\"font-family: Arial, sans-serif\"><span style=\"font-size: medium\"><b>Perfil do egresso:<\/b><\/span><\/span><\/span><\/strong><\/p>\n<p align=\"justify\">O(a) Tecn\u00f3logo(a) em Gest\u00e3o de Cooperativas dever\u00e1 ser um(a) profissional com forma\u00e7\u00e3o human\u00edstica, proativo(a) com vis\u00e3o estrat\u00e9gica, sist\u00eamica e com esp\u00edrito empreendedor.<span style=\"color: #343434\"> Dever\u00e1 ser capaz de interagir nas especificidades regionais e locais, enfatizando empreendimentos com caracter\u00edsticas rurais, em conex\u00e3o ao contexto mundial, atuando como agente de mudan\u00e7a na ger\u00eancia de sistemas organizacionais cooperativados, de forma inovadora e pautada nos princ\u00edpios de justi\u00e7a, equidade e \u00e9tica profissional. Dever\u00e1 articular m\u00e9todos entre a teoria e a pr\u00e1tica, mobilizando-os de maneira eficiente e eficaz para atender fun\u00e7\u00f5es de natureza estrat\u00e9gica e tecnol\u00f3gica, requeridas nos empreendimentos, demonstrando sua forma\u00e7\u00e3o intelectual, cultural, cr\u00edtica, criativa, reflexiva e transformadora, nas a\u00e7\u00f5es de gest\u00e3o de cooperativas ou outro empreendimento solid\u00e1rio.<\/span><\/p>\n<p>&nbsp;<\/p>\n<p><strong><span style=\"color: #343434\"><span style=\"font-family: Arial, sans-serif\"><span style=\"font-size: medium\"><b>Atua\u00e7\u00e3o Profissional:<\/b><\/span><\/span><\/span><\/strong><\/p>\n<p>&#8211; Cooperativas singulares, centrais ou federa\u00e7\u00f5es, e confedera\u00e7\u00f5es;<br \/>\n&#8211; Sistemas cooperados diversos;<br \/>\n&#8211; Associa\u00e7\u00f5es;<br \/>\n&#8211; Empresas de planejamento, desenvolvimento de projetos, assessoramento t\u00e9cnico e consultoria;<br \/>\n&#8211; Institui\u00e7\u00f5es p\u00fablicas;<br \/>\n&#8211; Organiza\u00e7\u00f5es n\u00e3o governamentais (ONGs);<br \/>\n&#8211; Institutos e Centros de Pesquisa;<br \/>\n&#8211; Institui\u00e7\u00f5es de Ensino, conforme forma\u00e7\u00e3o requerida por legisla\u00e7\u00e3o.<\/p>\n<p><strong><span style=\"color: #343434\"><span style=\"font-family: Arial, sans-serif\"><span style=\"font-size: medium\"><b>Carga Hor\u00e1ria:<\/b><\/span><\/span><\/span><\/strong><\/p>\n<p>1.720 horas<\/p>\n<p><strong><span style=\"color: #343434\"><span style=\"font-family: Arial, sans-serif\"><span style=\"font-size: medium\"><b>Hor\u00e1rio das aulas:<\/b><\/span><\/span><\/span><\/strong><\/p>\n<p>Segunda a sexta-feira das 18:30h \u00e0s 22:30h e aos s\u00e1bados das 7:30h \u00e0s 11:30h (os s\u00e1bados letivos s\u00e3o definidos no calend\u00e1rio acad\u00eamico).<\/p>\n<p><a href=\"http:\/\/www.ifbaiano.edu.br\/unidades\/serrinha\/files\/2019\/03\/Calend\u00e1rio-Acad\u00eamico-Cursos-Superiores-2019.pdf\">Calend\u00e1rio Acad\u00eamico &#8211; Cursos Superiores 2019<\/a><\/p>\n<p><strong><span style=\"color: #343434\"><span style=\"font-family: Arial, sans-serif\"><span style=\"font-size: medium\"><b>Formas de ingresso:<\/b><\/span><\/span><\/span><\/strong><\/p>\n<p>O ingresso anual do graduando no Curso de Tecnologia em Gest\u00e3o de Cooperativas dar-se-\u00e1 mediante:<br \/>\n&#8211; Sistema de Sele\u00e7\u00e3o Unificada (SiSU), considerando o desempenho obtido no Exame Nacional do Ensino M\u00e9dio (ENEM);<br \/>\n&#8211; Transfer\u00eancia interna por reop\u00e7\u00e3o de curso;<br \/>\n&#8211; Transfer\u00eancia externa de outras Institui\u00e7\u00f5es devidamente credenciadas pelo Minist\u00e9rio da Educa\u00e7\u00e3o (MEC);<br \/>\n&#8211; Portador de diploma de cursos superiores de gradua\u00e7\u00e3o em \u00e1reas afins;<br \/>\n&#8211; Outras formas de ingresso, de acordo com orienta\u00e7\u00f5es e\/ou regulamenta\u00e7\u00f5es internas ou externas vigentes.<\/p>\n<table border=\"0\" align=\"center\">\n<tbody>\n<tr>\n<td><b>Coordena\u00e7\u00e3o: \u00a0 \u00a0\u00a0 <\/b><\/td>\n<td>Prof. Dr\u00aa Tatiane Tagino Comin<br \/>\ngestao.cooperativas@serrinha.ifbaiano.edu.br<\/td>\n<\/tr>\n<\/tbody>\n<\/table>\n<p>&nbsp;<\/p>\n<p>&nbsp;<\/p>\n<h2 align=\"left\"><span style=\"color: #b40431\">QUEM PODE SE CANDIDATAR NO PROCESSO SELETIVO?<\/span><\/h2>\n<p align=\"justify\">Poder\u00e1 participar do processo seletivo o candidato que tenha:<\/p>\n<p>&#8211; 2\u00ba grau ou equivalente completo<br \/>\n&#8211; E que tenha feito o ENEM<\/p>\n<p>&nbsp;<\/p>\n<h2 align=\"left\"><span style=\"color: #b40431\">COMO E QUANDO POSSO ME INSCREVER?<\/span><\/h2>\n<p align=\"justify\">As inscri\u00e7\u00f5es ser\u00e3o feitas EXCLUSIVAMENTE pelo Sistema de Sele\u00e7\u00e3o Unificada (SISU), considerando o desempenho obtido no Exame Nacional do Ensino M\u00e9dio (ENEM).<\/p>\n<p align=\"justify\">Para mais informa\u00e7\u00f5es acesse: <a href=\"http:\/\/sisu.mec.gov.br\">sisu.mec.gov.br<\/a><\/p>\n<table border=\"0\" align=\"center\">\n<tbody>\n<tr>\n<td><\/td>\n<td><\/td>\n<\/tr>\n<\/tbody>\n<\/table>\n<p>&nbsp;<\/p>\n<h3 align=\"left\"><span style=\"color: #b40431\">Mais informa\u00e7\u00f5es:<\/span><\/h3>\n<h2 align=\"left\"><span style=\"color: #b40431\">O QUE \u00c9 UM CURSO TECNOL\u00d3GICO?<\/span><\/h2>\n<p align=\"justify\">Diferente do bacharelado (forma\u00e7\u00e3o superior generalista) e da licenciatura (forma\u00e7\u00e3o superior de professores para atuar na educa\u00e7\u00e3o b\u00e1sica), o curso tecnol\u00f3gico \u00e9 um curso superior de forma\u00e7\u00e3o especializada em \u00e1reas cient\u00edficas e tecnol\u00f3gicas, que confere ao diplomado compet\u00eancias para atuar em \u00e1reas profissionais espec\u00edficas, caracterizadas por eixos tecnol\u00f3gicos, com o grau de tecn\u00f3logo (Fonte: SISU).<\/p>\n<h2 align=\"left\"><span style=\"color: #b40431\">POR QUE FAZER O CURSO DE TECNOLOGIA EM GEST\u00c3O DE COOPERATIVAS?<\/span><\/h2>\n<p align=\"justify\">Segundo dados da Secretaria Nacional de Economia Solid\u00e1ria \u2013 SENAES do Minist\u00e9rio do Trabalho e Emprego, em parceria com o F\u00f3rum Nacional de Economia Solid\u00e1ria, s\u00e3o aproximadamente 15 mil empreendimentos cooperativos no Brasil, sendo mais de sete mil no Nordeste, e mais de 1.000 na Bahia. \u00c9 mais oportunidade de emprego para voc\u00ea!:<\/p>\n<p>&nbsp;<\/p>\n","protected":false},"excerpt":{"rendered":"<p>Curso Superior de Tecnologia em Gest\u00e3o de Cooperativas Objetivo do curso: Formar profissionais capazes de planejar e gerenciar as atividades de cooperativas e seus respectivos neg\u00f3cios, al\u00e9m de promover a otimiza\u00e7\u00e3o de recursos organizacionais e o bem-estar social por meio de sua atua\u00e7\u00e3o profissional como gestor de cooperativas. Dessa forma, o curso visa propor ao [&hellip;]<\/p>\n","protected":false},"author":92,"featured_media":0,"parent":0,"menu_order":0,"comment_status":"closed","ping_status":"closed","template":"","meta":[],"_links":{"self":[{"href":"https:\/\/www.ifbaiano.edu.br\/unidades\/serrinha\/wp-json\/wp\/v2\/pages\/1780"}],"collection":[{"href":"https:\/\/www.ifbaiano.edu.br\/unidades\/serrinha\/wp-json\/wp\/v2\/pages"}],"about":[{"href":"https:\/\/www.ifbaiano.edu.br\/unidades\/serrinha\/wp-json\/wp\/v2\/types\/page"}],"author":[{"embeddable":true,"href":"https:\/\/www.ifbaiano.edu.br\/unidades\/serrinha\/wp-json\/wp\/v2\/users\/92"}],"replies":[{"embeddable":true,"href":"https:\/\/www.ifbaiano.edu.br\/unidades\/serrinha\/wp-json\/wp\/v2\/comments?post=1780"}],"version-history":[{"count":57,"href":"https:\/\/www.ifbaiano.edu.br\/unidades\/serrinha\/wp-json\/wp\/v2\/pages\/1780\/revisions"}],"predecessor-version":[{"id":7440,"href":"https:\/\/www.ifbaiano.edu.br\/unidades\/serrinha\/wp-json\/wp\/v2\/pages\/1780\/revisions\/7440"}],"wp:attachment":[{"href":"https:\/\/www.ifbaiano.edu.br\/unidades\/serrinha\/wp-json\/wp\/v2\/media?parent=1780"}],"curies":[{"name":"wp","href":"https:\/\/api.w.org\/{rel}","templated":true}]}}