{"id":1879,"date":"2018-01-25T14:21:59","date_gmt":"2018-01-25T14:21:59","guid":{"rendered":"http:\/\/www.ifbaiano.edu.br\/unidades\/serrinha\/?page_id=1879"},"modified":"2018-01-29T17:42:04","modified_gmt":"2018-01-29T17:42:04","slug":"servico","status":"publish","type":"page","link":"https:\/\/www.ifbaiano.edu.br\/unidades\/serrinha\/servico\/","title":{"rendered":"Servi\u00e7os"},"content":{"rendered":"<p><a href=\"http:\/\/www.ifbaiano.edu.br\/unidades\/serrinha\/files\/2018\/01\/img4.png\"><img decoding=\"async\" loading=\"lazy\" class=\"wp-image-1880 aligncenter\" src=\"http:\/\/www.ifbaiano.edu.br\/unidades\/serrinha\/files\/2018\/01\/img4.png\" alt=\"img4\" width=\"260\" height=\"260\" \/><\/a><br \/>\n<strong>SERVI\u00c7O DE REFER\u00caNCIA<\/strong><\/p>\n<p class=\"western\"><span style=\"font-family: 'Times New Roman', serif\"><span style=\"font-size: small\">Consiste no aux\u00edlio \u00e0 busca da informa\u00e7\u00e3o pelo usu\u00e1rio e orienta\u00e7\u00e3o quanto ao uso dos recursos informacionais e operacionais dispon\u00edveis na Biblioteca.<\/span><\/span><\/p>\n<p><strong>CONSULTA E PESQUISA NA INTERNET<\/strong><\/p>\n<p class=\"western\"><span style=\"font-family: 'Times New Roman', serif\"><span style=\"font-size: small\">A Biblioteca disponibiliza de um computador com acesso \u00e0 internet e com recursos multim\u00eddia possibilitando ao usu\u00e1rio ampliar suas fontes e recursos de pesquisa. \u00c9 destinada a comunidade interna e externa, devendo o interessado dirigir-se ao balc\u00e3o de atendimento para solicitar autoriza\u00e7\u00e3o.<\/span><\/span><\/p>\n<p><strong>ORIENTA\u00c7\u00c3O NA APRESENTA\u00c7\u00c3O DE TRABALHOS ACAD\u00caMICOS<\/strong><\/p>\n<p class=\"western\"><span style=\"font-family: 'Times New Roman', serif\"><span style=\"font-size: small\">A Biblioteca oferece aos seus usu\u00e1rios assist\u00eancia para normaliza\u00e7\u00e3o de trabalhos acad\u00eamico-cient\u00edficos, seguindo as recomenda\u00e7\u00f5es da ABNT (Associa\u00e7\u00e3o Brasileira de Normas T\u00e9cnicas) e normas institucionais.<\/span><\/span><\/p>\n<p class=\"western\"><span style=\"font-family: 'Times New Roman', serif\"><span style=\"font-size: small\"><b>Obs<\/b><\/span><\/span><span style=\"font-family: 'Times New Roman', serif\"><span style=\"font-size: small\">.: Este servi\u00e7o dever\u00e1 ser agendado com o Bibliotec\u00e1rio.<\/span><\/span><\/p>\n<p class=\"western\" align=\"center\"><span style=\"font-family: 'Times New Roman', serif\"><span style=\"font-size: medium\"><b>Hor\u00e1rio para orienta\u00e7\u00e3o e normaliza\u00e7\u00e3o de documentos<\/b><\/span><\/span><\/p>\n<p class=\"western\" align=\"center\"><span style=\"font-family: 'Times New Roman', serif\"><span style=\"font-size: small\">Ter\u00e7a-feira: das\u00a0<\/span><\/span>10h as 12h<\/p>\n<p><strong>ELABORA\u00c7\u00c3O DE FICHA CATALOGR\u00c1FICA<\/strong><\/p>\n<p class=\"western\"><span style=\"font-family: 'Times New Roman', serif\"><span style=\"font-size: small\"> Entrar em contato com a equipe da biblioteca com uma anteced\u00eancia de 24 horas para a elabora\u00e7\u00e3o da ficha catalogr\u00e1fica. <\/span><\/span><\/p>\n<p><strong>REALIZA\u00c7\u00c3O DE EXPOSI\u00c7\u00d5ES<\/strong><\/p>\n<p class=\"western\"><span style=\"font-family: 'Times New Roman', serif\"><span style=\"font-size: small\">Uso do espa\u00e7o da Biblioteca para lan\u00e7amentos de livros, exposi\u00e7\u00f5es art\u00edsticas e tem\u00e1ticas que contribuam para o crescimento intelectual e cultural da comunidade usu\u00e1ria.<\/span><\/span><\/p>\n<p><strong>DISSEMINA\u00c7\u00c3O SELETIVA DA INFORMA\u00c7\u00c3O<\/strong><\/p>\n<p class=\"western\"><span style=\"font-family: 'Times New Roman', serif\"><span style=\"font-size: small\">Divulga\u00e7\u00e3o das novas aquisi\u00e7\u00f5es bibliogr\u00e1ficas, eventos de interesse da comunidade usu\u00e1ria entre outros em diversos meios de comunica\u00e7\u00e3o.<\/span><\/span><\/p>\n<p><strong>EMPR\u00c9STIMO, CONSULTA E RESERVA BIBLIOGR\u00c1FICA<\/strong><\/p>\n<p class=\"western\"><span style=\"font-family: 'Times New Roman', serif\"><span style=\"font-size: small\"><b>Empr\u00e9stimo domiciliar<\/b><\/span><\/span><span style=\"font-family: 'Times New Roman', serif\"><span style=\"font-size: small\"> \u2013 disponibiliza as publica\u00e7\u00f5es para uso dom\u00e9stico.<\/span><\/span><\/p>\n<table width=\"640\" cellspacing=\"0\" cellpadding=\"7\">\n<colgroup>\n<col width=\"112\" \/>\n<col width=\"114\" \/>\n<col width=\"114\" \/>\n<col width=\"114\" \/>\n<col width=\"114\" \/> <\/colgroup>\n<tbody>\n<tr valign=\"top\">\n<td bgcolor=\"#ffffff\" width=\"112\" height=\"4\">\n<p class=\"western\" align=\"center\"><span style=\"font-family: 'Times New Roman', serif\"><span style=\"font-size: small\"><b>Usu\u00e1rio <\/b><\/span><\/span><\/p>\n<\/td>\n<td bgcolor=\"#ffffff\" width=\"114\">\n<p class=\"western\" align=\"center\"><span style=\"font-family: 'Times New Roman', serif\"><span style=\"font-size: small\"><b>Livros<\/b><\/span><\/span><\/p>\n<\/td>\n<td bgcolor=\"#ffffff\" width=\"114\">\n<p class=\"western\" align=\"center\"><span style=\"font-family: 'Times New Roman', serif\"><span style=\"font-size: small\"><b>Prazo<\/b><\/span><\/span><\/p>\n<\/td>\n<td bgcolor=\"#ffffff\" width=\"114\">\n<p class=\"western\" align=\"center\"><span style=\"font-family: 'Times New Roman', serif\"><span style=\"font-size: small\"><b>CD e DVD<\/b><\/span><\/span><\/p>\n<\/td>\n<td bgcolor=\"#ffffff\" width=\"114\">\n<p class=\"western\" align=\"center\"><span style=\"font-family: 'Times New Roman', serif\"><span style=\"font-size: small\"><b>Prazo<\/b><\/span><\/span><\/p>\n<\/td>\n<\/tr>\n<tr valign=\"top\">\n<td bgcolor=\"#ffffff\" width=\"112\" height=\"5\">\n<p class=\"western\" align=\"center\"><span style=\"font-family: 'Times New Roman', serif\"><span style=\"font-size: small\">Alunos<\/span><\/span><\/p>\n<\/td>\n<td bgcolor=\"#ffffff\" width=\"114\">\n<p class=\"western\" align=\"center\"><span style=\"font-family: 'Times New Roman', serif\"><span style=\"font-size: small\">03<\/span><\/span><\/p>\n<\/td>\n<td bgcolor=\"#ffffff\" width=\"114\">\n<p class=\"western\" align=\"center\"><span style=\"font-family: 'Times New Roman', serif\"><span style=\"font-size: small\">7 dias<\/span><\/span><\/p>\n<\/td>\n<td bgcolor=\"#ffffff\" width=\"114\">\n<p class=\"western\" align=\"center\"><span style=\"font-family: 'Times New Roman', serif\"><span style=\"font-size: small\">01<\/span><\/span><\/p>\n<\/td>\n<td bgcolor=\"#ffffff\" width=\"114\">\n<p class=\"western\" align=\"center\"><span style=\"font-family: 'Times New Roman', serif\"><span style=\"font-size: small\">02 dias<\/span><\/span><\/p>\n<\/td>\n<\/tr>\n<tr valign=\"top\">\n<td bgcolor=\"#ffffff\" width=\"112\" height=\"5\">\n<p class=\"western\" align=\"center\"><span style=\"font-family: 'Times New Roman', serif\"><span style=\"font-size: small\">Professores<\/span><\/span><\/p>\n<\/td>\n<td bgcolor=\"#ffffff\" width=\"114\">\n<p class=\"western\" align=\"center\"><span style=\"font-family: 'Times New Roman', serif\"><span style=\"font-size: small\">05<\/span><\/span><\/p>\n<\/td>\n<td bgcolor=\"#ffffff\" width=\"114\">\n<p class=\"western\" align=\"center\"><span style=\"font-family: 'Times New Roman', serif\"><span style=\"font-size: small\">7 dias<\/span><\/span><\/p>\n<\/td>\n<td bgcolor=\"#ffffff\" width=\"114\">\n<p class=\"western\" align=\"center\"><span style=\"font-family: 'Times New Roman', serif\"><span style=\"font-size: small\">01<\/span><\/span><\/p>\n<\/td>\n<td bgcolor=\"#ffffff\" width=\"114\">\n<p class=\"western\" align=\"center\"><span style=\"font-family: 'Times New Roman', serif\"><span style=\"font-size: small\">02 dias<\/span><\/span><\/p>\n<\/td>\n<\/tr>\n<tr valign=\"top\">\n<td bgcolor=\"#ffffff\" width=\"112\" height=\"28\">\n<p class=\"western\" align=\"center\"><span style=\"font-family: 'Times New Roman', serif\"><span style=\"font-size: small\">T\u00e9c. administrativos<\/span><\/span><\/p>\n<\/td>\n<td bgcolor=\"#ffffff\" width=\"114\">\n<p class=\"western\" align=\"center\"><span style=\"font-family: 'Times New Roman', serif\"><span style=\"font-size: small\">03<\/span><\/span><\/p>\n<\/td>\n<td bgcolor=\"#ffffff\" width=\"114\">\n<p class=\"western\" align=\"center\"><span style=\"font-family: 'Times New Roman', serif\"><span style=\"font-size: small\">7 dias<\/span><\/span><\/p>\n<\/td>\n<td bgcolor=\"#ffffff\" width=\"114\">\n<p class=\"western\" align=\"center\"><span style=\"font-family: 'Times New Roman', serif\"><span style=\"font-size: small\">01<\/span><\/span><\/p>\n<\/td>\n<td bgcolor=\"#ffffff\" width=\"114\">\n<p class=\"western\" align=\"center\"><span style=\"font-family: 'Times New Roman', serif\"><span style=\"font-size: small\">02 dias<\/span><\/span><\/p>\n<\/td>\n<\/tr>\n<\/tbody>\n<\/table>\n<p class=\"western\"><span style=\"font-family: 'Times New Roman', serif\"><span style=\"font-size: small\"><b>Obs<\/b><\/span><\/span><span style=\"font-family: 'Times New Roman', serif\"><span style=\"font-size: medium\">. Os CDs e DVDs n\u00e3o poder\u00e3o ser renovados pelo sistema Meu Pergamum.<\/span><\/span><\/p>\n<p class=\"western\"><span style=\"font-family: 'Times New Roman', serif\"><span style=\"font-size: small\"><b>Renova\u00e7\u00e3o \u2013 <\/b><\/span><\/span><span style=\"font-family: 'Times New Roman', serif\"><span style=\"font-size: small\">O usu\u00e1rio da biblioteca poder\u00e1 renovar o prazo de empr\u00e9stimo por 3 (tr\u00eas vezes consecutivas, desde de que n\u00e3o haja reservas do livro ou se o usu\u00e1rio estiver com pend\u00eancias na biblioteca (Suspenso). Ap\u00f3s 3 renova\u00e7\u00f5es, ser\u00e1 necess\u00e1rio dirigir-se \u00e0 Biblioteca.<\/span><\/span><\/p>\n<p class=\"western\"><span style=\"font-family: 'Times New Roman', serif\"><span style=\"font-size: small\"><b>Consulta Local <\/b><\/span><\/span><span style=\"font-family: 'Times New Roman', serif\"><span style=\"font-size: small\">&#8211; utiliza\u00e7\u00e3o dos materiais Bibliogr\u00e1ficos na Biblioteca. Este tipo de material pode ser emprestado por 3 horas sem renova\u00e7\u00e3o; <\/span><\/span><\/p>\n<p><strong>Reserva de livro<\/strong><br \/>\n<span style=\"font-family: 'Times New Roman', serif\"><span style=\"font-size: small\"> \u2013 para publica\u00e7\u00f5es na lista de espera por um per\u00edodo de 24 horas ap\u00f3s a disponibilidade do material;<\/span><\/span><\/p>\n","protected":false},"excerpt":{"rendered":"<p>SERVI\u00c7O DE REFER\u00caNCIA Consiste no aux\u00edlio \u00e0 busca da informa\u00e7\u00e3o pelo usu\u00e1rio e orienta\u00e7\u00e3o quanto ao uso dos recursos informacionais e operacionais dispon\u00edveis na Biblioteca. CONSULTA E PESQUISA NA INTERNET A Biblioteca disponibiliza de um computador com acesso \u00e0 internet e com recursos multim\u00eddia possibilitando ao usu\u00e1rio ampliar suas fontes e recursos de pesquisa. \u00c9 [&hellip;]<\/p>\n","protected":false},"author":92,"featured_media":0,"parent":0,"menu_order":0,"comment_status":"closed","ping_status":"closed","template":"","meta":[],"_links":{"self":[{"href":"https:\/\/www.ifbaiano.edu.br\/unidades\/serrinha\/wp-json\/wp\/v2\/pages\/1879"}],"collection":[{"href":"https:\/\/www.ifbaiano.edu.br\/unidades\/serrinha\/wp-json\/wp\/v2\/pages"}],"about":[{"href":"https:\/\/www.ifbaiano.edu.br\/unidades\/serrinha\/wp-json\/wp\/v2\/types\/page"}],"author":[{"embeddable":true,"href":"https:\/\/www.ifbaiano.edu.br\/unidades\/serrinha\/wp-json\/wp\/v2\/users\/92"}],"replies":[{"embeddable":true,"href":"https:\/\/www.ifbaiano.edu.br\/unidades\/serrinha\/wp-json\/wp\/v2\/comments?post=1879"}],"version-history":[{"count":18,"href":"https:\/\/www.ifbaiano.edu.br\/unidades\/serrinha\/wp-json\/wp\/v2\/pages\/1879\/revisions"}],"predecessor-version":[{"id":1989,"href":"https:\/\/www.ifbaiano.edu.br\/unidades\/serrinha\/wp-json\/wp\/v2\/pages\/1879\/revisions\/1989"}],"wp:attachment":[{"href":"https:\/\/www.ifbaiano.edu.br\/unidades\/serrinha\/wp-json\/wp\/v2\/media?parent=1879"}],"curies":[{"name":"wp","href":"https:\/\/api.w.org\/{rel}","templated":true}]}}