{"id":1890,"date":"2018-01-25T14:32:04","date_gmt":"2018-01-25T14:32:04","guid":{"rendered":"http:\/\/www.ifbaiano.edu.br\/unidades\/serrinha\/?page_id=1890"},"modified":"2018-01-25T14:33:58","modified_gmt":"2018-01-25T14:33:58","slug":"acesso-as-bases-de-dados","status":"publish","type":"page","link":"https:\/\/www.ifbaiano.edu.br\/unidades\/serrinha\/acesso-as-bases-de-dados\/","title":{"rendered":"Acesso as Bases de Dados"},"content":{"rendered":"<p class=\"western\" align=\"center\"><span style=\"font-family: 'Times New Roman', serif\"><span style=\"font-size: medium\"><b>GERAIS<\/b><\/span><\/span><\/p>\n<p class=\"western\" align=\"justify\"><span style=\"color: #0563c1\"><u><a class=\"western\" href=\"http:\/\/bdtd.ibict.br\/\"><span style=\"font-family: 'Times New Roman', serif\"><span style=\"font-size: medium\">http:\/\/bdtd.ibict.br<\/span><\/span><\/a><\/u><\/span><\/p>\n<p class=\"western\" align=\"justify\"><span style=\"color: #0563c1\"><u><a class=\"western\" href=\"http:\/\/www.brapci.ufpr.br\/\" target=\"_blank\"><span style=\"font-family: 'Times New Roman', serif\"><span style=\"font-size: medium\">http:\/\/www.brapci.ufpr.br<\/span><\/span><\/a><\/u><\/span><\/p>\n<p class=\"western\" align=\"justify\"><span style=\"color: #0563c1\"><u><a class=\"western\" href=\"http:\/\/www.doaj.org\/\" target=\"_blank\"><span style=\"font-family: 'Times New Roman', serif\"><span style=\"font-size: medium\">http:\/\/www.doaj.org<\/span><\/span><\/a><\/u><\/span><\/p>\n<p class=\"western\" align=\"justify\"><span style=\"color: #0563c1\"><u><a class=\"western\" href=\"http:\/\/search.ndltd.org\/\" target=\"_blank\"><span style=\"font-family: 'Times New Roman', serif\"><span style=\"font-size: medium\">http:\/\/search.ndltd.org<\/span><\/span><\/a><\/u><\/span><\/p>\n<p class=\"western\" align=\"justify\"><span style=\"color: #0563c1\"><u><a class=\"western\" href=\"http:\/\/bvsalud.org\/\" target=\"_blank\"><span style=\"font-family: 'Times New Roman', serif\"><span style=\"font-size: medium\">http:\/\/bvsalud.org<\/span><\/span><\/a><\/u><\/span><\/p>\n<p class=\"western\" align=\"justify\"><span style=\"color: #0563c1\"><u><a class=\"western\" href=\"http:\/\/periodicos.fiocruz.br\/\"><span style=\"font-family: 'Times New Roman', serif\"><span style=\"font-size: medium\">http:\/\/periodicos.fiocruz.br<\/span><\/span><\/a><\/u><\/span><\/p>\n<p class=\"western\" align=\"justify\"><span style=\"color: #0563c1\"><u><a class=\"western\" href=\"http:\/\/www.scielo.org\/php\/index.php\" target=\"_blank\"><span style=\"font-family: 'Times New Roman', serif\"><span style=\"font-size: medium\">http:\/\/www.scielo.org<\/span><\/span><\/a><\/u><\/span><\/p>\n<p class=\"western\" align=\"justify\"><span style=\"color: #0563c1\"><u><a class=\"western\" href=\"http:\/\/books.scielo.org\/\"><span style=\"font-family: 'Times New Roman', serif\"><span style=\"font-size: medium\">http:\/\/books.scielo.org\/<\/span><\/span><\/a><\/u><\/span><\/p>\n<p class=\"western\" align=\"justify\"><span style=\"color: #0563c1\"><u><a class=\"western\" href=\"http:\/\/www.sidra.ibge.gov.br\/\"><span style=\"font-family: 'Times New Roman', serif\"><span style=\"font-size: medium\">http:\/\/www.sidra.ibge.gov.br<\/span><\/span><\/a><\/u><\/span><\/p>\n<p class=\"western\" align=\"justify\"><span style=\"color: #0563c1\"><u><a class=\"western\" href=\"https:\/\/catalog.loc.gov\/\"><span style=\"font-family: 'Times New Roman', serif\"><span style=\"font-size: medium\">https:\/\/catalog.loc.gov\/<\/span><\/span><\/a><\/u><\/span><\/p>\n<p class=\"western\" align=\"justify\"><span style=\"color: #0563c1\"><u><a class=\"western\" href=\"http:\/\/www.bl.uk\/\"><span style=\"font-family: 'Times New Roman', serif\"><span style=\"font-size: medium\">http:\/\/www.bl.uk\/<\/span><\/span><\/a><\/u><\/span><\/p>\n<p class=\"western\" align=\"justify\"><span style=\"color: #0563c1\"><u><a class=\"western\" href=\"http:\/\/www.dominiopublico.gov.br\/pesquisa\/PesquisaObraForm.jsp\"><span style=\"font-family: 'Times New Roman', serif\"><span style=\"font-size: medium\">http:\/\/www.dominiopublico.gov.br\/pesquisa\/PesquisaObraForm.jsp<\/span><\/span><\/a><\/u><\/span><\/p>\n<p class=\"western\" align=\"justify\"><span style=\"color: #0563c1\"><u><span style=\"font-family: 'Times New Roman', serif\"><span style=\"font-size: medium\">http:\/\/www.periodicos.capes.gov.br\/<\/span><\/span><\/u><\/span><\/p>\n<p class=\"western\" align=\"center\"><strong><span style=\"font-family: 'Times New Roman', serif\"><span style=\"font-size: medium\">AGROPECU\u00c1RIA<\/span><\/span><\/strong><\/p>\n<p class=\"western\"><span style=\"color: #0563c1\"><u><a class=\"western\" href=\"http:\/\/www.bdpa.cnptia.embrapa.br\/\"><span style=\"font-family: 'Times New Roman', serif\"><span style=\"font-size: medium\">http:\/\/www.bdpa.cnptia.embrapa.br\/<\/span><\/span><\/a><\/u><\/span><\/p>\n<p class=\"western\" align=\"center\"><span style=\"font-family: 'Times New Roman', serif\"><span style=\"font-size: medium\"><b>PROEJA<\/b><\/span><\/span><\/p>\n<p class=\"western\" align=\"justify\"><span style=\"color: #0563c1\"><u><a class=\"western\" href=\"http:\/\/www.eric.ed.gov\/\" target=\"_blank\"><span style=\"font-family: 'Times New Roman', serif\"><span style=\"font-size: medium\">http:\/\/www.eric.ed.gov<\/span><\/span><\/a><\/u><\/span><\/p>\n<p class=\"western\" align=\"justify\"><span style=\"color: #0563c1\"><u><a class=\"western\" href=\"https:\/\/www.fe.unicamp.br\/biblioteca\"><span style=\"font-family: 'Times New Roman', serif\"><span style=\"font-size: medium\">https:\/\/www.fe.unicamp.br\/biblioteca<\/span><\/span><\/a><\/u><\/span><\/p>\n<p class=\"western\" align=\"justify\"><span style=\"color: #0563c1\"><u><a class=\"western\" href=\"http:\/\/www.eses.pt\/usr\/ramiro\/docs\/etica_pedagogia\/dicionario%20pedagogia.pdf\"><span style=\"font-family: 'Times New Roman', serif\"><span style=\"font-size: medium\">http:\/\/www.eses.pt\/usr\/ramiro\/docs\/etica_pedagogia\/dicionario%20pedagogia.pdf<\/span><\/span><\/a><\/u><\/span><\/p>\n<p class=\"western\" align=\"justify\"><span style=\"color: #0563c1\"><u><a class=\"western\" href=\"http:\/\/www.teses.usp.br\/\"><span style=\"font-family: 'Times New Roman', serif\"><span style=\"font-size: medium\">http:\/\/www.teses.usp.br\/<\/span><\/span><\/a><\/u><\/span><\/p>\n<p class=\"western\" align=\"justify\"><span style=\"color: #0563c1\"><u><a class=\"western\" href=\"https:\/\/www.ebscohost.com\/academic\/education-full-text\"><span style=\"font-family: 'Times New Roman', serif\"><span style=\"font-size: medium\">https:\/\/www.ebscohost.com\/academic\/education-full-text<\/span><\/span><\/a><\/u><\/span><\/p>\n<p class=\"western\" align=\"center\"><span style=\"font-family: 'Times New Roman', serif\"><span style=\"font-size: medium\"><b>CI\u00caNCIAS AGR\u00c1RIAS<\/b><\/span><\/span><\/p>\n<p class=\"western\" align=\"justify\"><span style=\"color: #0563c1\"><u><a class=\"western\" href=\"http:\/\/www.scielo.org\/applications\/scielo-org\/php\/secondLevel.php?xml=secondLevelForSubjectByLetter&amp;xsl=secondLevelForSubjectByLetter&amp;subject=Agricultural%20Sciences\"><span style=\"font-family: 'Times New Roman', serif\"><span style=\"font-size: medium\">http:\/\/www.scielo.org\/applications\/scielo-org\/php\/secondLevel.php?xml=secondLevelForSubjectByLetter&amp;xsl=secondLevelForSubjectByLetter&amp;subject=Agricultural%20Sciences<\/span><\/span><\/a><\/u><\/span><\/p>\n<p class=\"western\" align=\"justify\"><span style=\"color: #0563c1\"><u><a class=\"western\" href=\"http:\/\/www.sidalc.net\/\"><span style=\"font-family: 'Times New Roman', serif\"><span style=\"font-size: medium\">http:\/\/www.sidalc.net\/<\/span><\/span><\/a><\/u><\/span><\/p>\n<p class=\"western\" align=\"justify\"><span style=\"color: #0563c1\"><u><a class=\"western\" href=\"http:\/\/www.ipef.br\/servicos\/teses\/\"><span style=\"font-family: 'Times New Roman', serif\"><span style=\"font-size: medium\">http:\/\/www.ipef.br\/servicos\/teses\/<\/span><\/span><\/a><\/u><\/span><\/p>\n<p class=\"western\" align=\"justify\"><span style=\"color: #0563c1\"><u><a class=\"western\" href=\"https:\/\/www.embrapa.br\/publicacoes\"><span style=\"font-family: 'Times New Roman', serif\"><span style=\"font-size: medium\">https:\/\/www.embrapa.br\/publicacoes<\/span><\/span><\/a><\/u><\/span><\/p>\n<p class=\"western\" align=\"justify\"><span style=\"color: #0563c1\"><u><a class=\"western\" href=\"http:\/\/agricola.nal.usda.gov\/cgibin\/Pwebrecon.cgi?DB=local&amp;PAGE=bbSearc\"><span style=\"font-family: 'Times New Roman', serif\"><span style=\"font-size: medium\">http:\/\/agricola.nal.usda.gov\/cgibin\/Pwebrecon.cgi?DB=local&amp;PAGE=bbSearc<\/span><\/span><\/a><\/u><\/span><\/p>\n<p class=\"western\" align=\"justify\"><span style=\"color: #0563c1\"><u><a class=\"western\" href=\"http:\/\/www.infoteca.cnptia.embrapa.br\/\"><span style=\"font-family: 'Times New Roman', serif\"><span style=\"font-size: medium\">http:\/\/www.infoteca.cnptia.embrapa.br\/<\/span><\/span><\/a><\/u><\/span><\/p>\n<p class=\"western\" align=\"justify\"><span style=\"color: #0563c1\"><u><a class=\"western\" href=\"http:\/\/repositorio.ufpel.edu.br\/\"><span style=\"font-family: 'Times New Roman', serif\"><span style=\"font-size: medium\">http:\/\/repositorio.ufpel.edu.br\/<\/span><\/span><\/a><\/u><\/span><\/p>\n<p class=\"western\" align=\"justify\"><span style=\"color: #0563c1\"><u><a class=\"western\" href=\"http:\/\/www.iz.sp.gov.br\/pos\/dissertacao.php\"><span style=\"font-family: 'Times New Roman', serif\"><span style=\"font-size: medium\">http:\/\/www.iz.sp.gov.br\/pos\/dissertacao.php<\/span><\/span><\/a><\/u><\/span><\/p>\n<p class=\"western\" align=\"justify\"><span style=\"color: #0563c1\"><u><a class=\"western\" href=\"http:\/\/agris.fao.org\/agris-search\/index.do\"><span style=\"font-family: 'Times New Roman', serif\"><span style=\"font-size: medium\">http:\/\/agris.fao.org\/agris-search\/index.do<\/span><\/span><\/a><\/u><\/span><\/p>\n<p class=\"western\" align=\"justify\"><span style=\"color: #0563c1\"><u><a class=\"western\" href=\"http:\/\/www.pesca.sp.gov.br\/dissertacoes_pg.php\"><span style=\"font-family: 'Times New Roman', serif\"><span style=\"font-size: medium\">http:\/\/www.pesca.sp.gov.br\/dissertacoes_pg.php<\/span><\/span><\/a><\/u><\/span><\/p>\n<p class=\"western\" align=\"center\"><span style=\"font-family: 'Times New Roman', serif\"><span style=\"font-size: medium\"><b>ALIMENTOS<\/b><\/span><\/span><\/p>\n<p class=\"western\" align=\"justify\"><span style=\"color: #0563c1\"><u><a class=\"western\" href=\"http:\/\/agricola.nal.usda.gov\/cgi-bin\/Pwebrecon.cgi?DB=local&amp;PAGE=bbSearch\"><span style=\"font-family: 'Times New Roman', serif\"><span style=\"font-size: medium\">http:\/\/agricola.nal.usda.gov\/cgi-bin\/Pwebrecon.cgi?DB=local&amp;PAGE=bbSearch<\/span><\/span><\/a><\/u><\/span><\/p>\n<p class=\"western\" align=\"justify\"><span style=\"color: #0563c1\"><u><a class=\"western\" href=\"http:\/\/agris.fao.org\/agris-search\/index.do\"><span style=\"font-family: 'Times New Roman', serif\"><span style=\"font-size: medium\">http:\/\/agris.fao.org\/agris-search\/index.do<\/span><\/span><\/a><\/u><\/span><\/p>\n<p class=\"western\" align=\"justify\"><span style=\"color: #0563c1\"><u><a class=\"western\" href=\"http:\/\/repositorio.ufpel.edu.br\/\"><span style=\"font-family: 'Times New Roman', serif\"><span style=\"font-size: medium\">http:\/\/repositorio.ufpel.edu.br\/<\/span><\/span><\/a><\/u><\/span><\/p>\n<p class=\"western\" align=\"justify\"><span style=\"color: #0563c1\"><u><a class=\"western\" href=\"http:\/\/worldwide.espacenet.com\/singleLineSearch?locale=en_ep\"><span style=\"font-family: 'Times New Roman', serif\"><span style=\"font-size: medium\">http:\/\/worldwide.espacenet.com\/singleLineSearch?locale=en_ep<\/span><\/span><\/a><\/u><\/span><\/p>\n<p class=\"western\" align=\"justify\"><span style=\"color: #0563c1\"><u><a class=\"western\" href=\"http:\/\/www.rcaap.pt\/\"><span style=\"font-family: 'Times New Roman', serif\"><span style=\"font-size: medium\">http:\/\/www.rcaap.pt\/<\/span><\/span><\/a><\/u><\/span><\/p>\n<p class=\"western\" align=\"justify\"><span style=\"color: #0563c1\"><u><a class=\"western\" href=\"http:\/\/www.lume.ufrgs.br\/\"><span style=\"font-family: 'Times New Roman', serif\"><span style=\"font-size: medium\">http:\/\/www.lume.ufrgs.br\/<\/span><\/span><\/a><\/u><\/span><\/p>\n<p class=\"western\" align=\"justify\"><span style=\"color: #0563c1\"><u><a class=\"western\" href=\"http:\/\/www.infoteca.cnptia.embrapa.br\/\"><span style=\"font-family: 'Times New Roman', serif\"><span style=\"font-size: medium\">http:\/\/www.infoteca.cnptia.embrapa.br\/<\/span><\/span><\/a><\/u><\/span><\/p>\n<p class=\"western\" align=\"center\"><span style=\"font-family: 'Times New Roman', serif\"><span style=\"font-size: medium\"><b>ZOOTECNIA<\/b><\/span><\/span><\/p>\n<p align=\"justify\"><span style=\"color: #0563c1\"><u><a class=\"western\" href=\"http:\/\/revistas.bvs-vet.org.br\/\" target=\"_blank\"><span style=\"color: #0000ff\"><span style=\"font-family: 'Times New Roman', serif\"><span style=\"font-size: medium\">Portal de Revistas em Veterin\u00e1ria e Zootecnia<\/span><\/span><\/span><\/a><\/u><\/span><\/p>\n<p align=\"justify\"><span style=\"color: #0563c1\"><u><a class=\"western\" href=\"http:\/\/www.bvs-vet.org.br\/cgi-bin\/wxis1660.exe\/iah\/scripts\/?IsisScript=iah.xis&amp;lang=pt&amp;base=VetIndex\" target=\"_blank\"><span style=\"color: #0000ff\"><span style=\"font-family: 'Times New Roman', serif\"><span style=\"font-size: medium\">VetIndex &#8211; Base Referencial de Artigos em Medicina Veterin\u00e1ria e Zootecnia<\/span><\/span><\/span><\/a><\/u><\/span><\/p>\n<p align=\"justify\"><span style=\"color: #0563c1\"><u><a class=\"western\" href=\"http:\/\/www.bvs-vet.org.br\/cgi-bin\/wxis1660.exe\/iah\/scripts\/?IsisScript=iah.xis&amp;lang=pt&amp;base=VetTeses\" target=\"_blank\"><span style=\"color: #0000ff\"><span style=\"font-family: 'Times New Roman', serif\"><span style=\"font-size: medium\">VetTeses &#8211; Base Referencial de Teses e Disserta\u00e7\u00f5es em Medicina Veterin\u00e1ria e Zootecnia<\/span><\/span><\/span><\/a><\/u><\/span><\/p>\n","protected":false},"excerpt":{"rendered":"<p>GERAIS http:\/\/bdtd.ibict.br http:\/\/www.brapci.ufpr.br http:\/\/www.doaj.org http:\/\/search.ndltd.org http:\/\/bvsalud.org http:\/\/periodicos.fiocruz.br http:\/\/www.scielo.org http:\/\/books.scielo.org\/ http:\/\/www.sidra.ibge.gov.br https:\/\/catalog.loc.gov\/ http:\/\/www.bl.uk\/ http:\/\/www.dominiopublico.gov.br\/pesquisa\/PesquisaObraForm.jsp http:\/\/www.periodicos.capes.gov.br\/ AGROPECU\u00c1RIA http:\/\/www.bdpa.cnptia.embrapa.br\/ PROEJA http:\/\/www.eric.ed.gov https:\/\/www.fe.unicamp.br\/biblioteca http:\/\/www.eses.pt\/usr\/ramiro\/docs\/etica_pedagogia\/dicionario%20pedagogia.pdf http:\/\/www.teses.usp.br\/ https:\/\/www.ebscohost.com\/academic\/education-full-text CI\u00caNCIAS AGR\u00c1RIAS http:\/\/www.scielo.org\/applications\/scielo-org\/php\/secondLevel.php?xml=secondLevelForSubjectByLetter&amp;xsl=secondLevelForSubjectByLetter&amp;subject=Agricultural%20Sciences http:\/\/www.sidalc.net\/ http:\/\/www.ipef.br\/servicos\/teses\/ https:\/\/www.embrapa.br\/publicacoes http:\/\/agricola.nal.usda.gov\/cgibin\/Pwebrecon.cgi?DB=local&amp;PAGE=bbSearc http:\/\/www.infoteca.cnptia.embrapa.br\/ http:\/\/repositorio.ufpel.edu.br\/ http:\/\/www.iz.sp.gov.br\/pos\/dissertacao.php http:\/\/agris.fao.org\/agris-search\/index.do http:\/\/www.pesca.sp.gov.br\/dissertacoes_pg.php ALIMENTOS http:\/\/agricola.nal.usda.gov\/cgi-bin\/Pwebrecon.cgi?DB=local&amp;PAGE=bbSearch http:\/\/agris.fao.org\/agris-search\/index.do http:\/\/repositorio.ufpel.edu.br\/ http:\/\/worldwide.espacenet.com\/singleLineSearch?locale=en_ep http:\/\/www.rcaap.pt\/ http:\/\/www.lume.ufrgs.br\/ http:\/\/www.infoteca.cnptia.embrapa.br\/ ZOOTECNIA Portal de Revistas em Veterin\u00e1ria e Zootecnia VetIndex &#8211; Base Referencial de [&hellip;]<\/p>\n","protected":false},"author":92,"featured_media":0,"parent":0,"menu_order":0,"comment_status":"closed","ping_status":"closed","template":"","meta":[],"_links":{"self":[{"href":"https:\/\/www.ifbaiano.edu.br\/unidades\/serrinha\/wp-json\/wp\/v2\/pages\/1890"}],"collection":[{"href":"https:\/\/www.ifbaiano.edu.br\/unidades\/serrinha\/wp-json\/wp\/v2\/pages"}],"about":[{"href":"https:\/\/www.ifbaiano.edu.br\/unidades\/serrinha\/wp-json\/wp\/v2\/types\/page"}],"author":[{"embeddable":true,"href":"https:\/\/www.ifbaiano.edu.br\/unidades\/serrinha\/wp-json\/wp\/v2\/users\/92"}],"replies":[{"embeddable":true,"href":"https:\/\/www.ifbaiano.edu.br\/unidades\/serrinha\/wp-json\/wp\/v2\/comments?post=1890"}],"version-history":[{"count":3,"href":"https:\/\/www.ifbaiano.edu.br\/unidades\/serrinha\/wp-json\/wp\/v2\/pages\/1890\/revisions"}],"predecessor-version":[{"id":1897,"href":"https:\/\/www.ifbaiano.edu.br\/unidades\/serrinha\/wp-json\/wp\/v2\/pages\/1890\/revisions\/1897"}],"wp:attachment":[{"href":"https:\/\/www.ifbaiano.edu.br\/unidades\/serrinha\/wp-json\/wp\/v2\/media?parent=1890"}],"curies":[{"name":"wp","href":"https:\/\/api.w.org\/{rel}","templated":true}]}}