{"id":1898,"date":"2018-01-25T14:34:15","date_gmt":"2018-01-25T14:34:15","guid":{"rendered":"http:\/\/www.ifbaiano.edu.br\/unidades\/serrinha\/?page_id=1898"},"modified":"2022-09-15T11:00:34","modified_gmt":"2022-09-15T14:00:34","slug":"revistas-eletronicas","status":"publish","type":"page","link":"https:\/\/www.ifbaiano.edu.br\/unidades\/serrinha\/revistas-eletronicas\/","title":{"rendered":"Revistas Eletr\u00f4nicas"},"content":{"rendered":"\n<p>O Instituto Federal Baiano (IF BAIANO) <em>Campus<\/em> Serrinha possui atualmente duas revistas eletr\u00f4nicas em atividade: A <a href=\"http:\/\/www.revista.lapprudes.net\/index.php\/RM\/announcement\/view\/6\" target=\"_blank\" rel=\"noreferrer noopener\"><strong>Revista Macambira<\/strong><\/a> e a <a href=\"http:\/\/www.revista.lapprudes.net\/index.php\/CM\" target=\"_blank\" rel=\"noreferrer noopener\"><strong>Cadernos Macambira<\/strong><\/a> que s\u00e3o gerenciadas e publicadas pelo Laborat\u00f3rio de Pol\u00edticas P\u00fablicas, Ruralidades e Desenvolvimento Territorial \u2013 LAPPRUDES e se encontram hospedadas no link: <a href=\"http:\/\/www.revista.lapprudes.net\/\" target=\"_blank\" rel=\"noreferrer noopener\">http:\/\/www.revista.lapprudes.net\/<\/a>. Para al\u00e9m disso, o IF BAIANO possui a <a href=\"https:\/\/periodicos.ifbaiano.edu.br\/index.php\/trilhas\" target=\"_blank\" rel=\"noreferrer noopener\">Revista Trilhas<\/a> conduzida pela PROEX e a <a href=\"http:\/\/tvc.lapa.ifbaiano.edu.br\/ojs\/index.php\/rvc\" target=\"_blank\" rel=\"noreferrer noopener\">Revista Velho Chico<\/a> publicada pelo <em>Campus<\/em> Bom Jesus da Lapa.<\/p>\n\n\n\n<h3 class=\"wp-block-heading\"><a href=\"http:\/\/www.revista.lapprudes.net\/index.php\/RM\"><br><u>Revista Macambira<\/u><\/a><\/h3>\n\n\n\n<p>A REVISTA MACAMBIRA (ISSN: 2594-4754) \u00e9 um peri\u00f3dico cient\u00edfico multidisciplinar, indexado, com foco na publica\u00e7\u00e3o de trabalhos cient\u00edficos in\u00e9ditos em diversas \u00e1reas do conhecimento.<\/p>\n\n\n\n<p>Cabe destacar ainda que o peri\u00f3dico \u00e9 uma produ\u00e7\u00e3o do grupo de pesquisa &#8220;Laborat\u00f3rio de Pol\u00edticas P\u00fablicas, Ruralidades e Desenvolvimento Territorial \u2013 LaPPRuDes, do Instituto Federal de Educa\u00e7\u00e3o, Ci\u00eancia e Tecnologia Baiano.<\/p>\n\n\n\n<p>A SUBMISS\u00c3O e PUBLICA\u00c7\u00c3O acontece em fluxo cont\u00ednuo.<\/p>\n\n\n\n<p>S\u00e3o aceitas submiss\u00f5es em ingl\u00eas, espanhol ou portugu\u00eas.<\/p>\n\n\n\n<p>Os artigos aprovados s\u00e3o publicados imediatamente ap\u00f3s a finaliza\u00e7\u00e3o dos tr\u00e2mites editoriais.<\/p>\n\n\n\n<p>O prazo m\u00e9dio para resposta aos artigos submetidos \u00e9 de at\u00e9 40 dias ap\u00f3s a submiss\u00e3o.<\/p>\n\n\n\n<p>Os interessados podem consultar os publica\u00e7\u00e3o de acesso aberto assim como as normas de submiss\u00e3o e demais diretrizes no link: <a href=\"http:\/\/www.revista.lapprudes.net\/index.php\/RM\" target=\"_blank\" rel=\"noreferrer noopener\">http:\/\/www.revista.lapprudes.net\/index.php\/RM<\/a><\/p>\n\n\n\n<p><strong>Contatos:<\/strong> <\/p>\n\n\n\n<p><a href=\"mailto:revistamacambira.lapprudes@gmail.com\">revistamacambira.lapprudes@gmail.com<\/a>; <\/p>\n\n\n\n<p><a href=\"mailto:revista.macambira@serrinha.ifbaiano.edu.br\">revista.macambira@serrinha.ifbaiano.edu.br<\/a>;<\/p>\n\n\n\n<figure class=\"wp-block-image size-full is-resized\"><a href=\"https:\/\/www.instagram.com\/revistamacambira\/\" target=\"_blank\" rel=\"noopener\"><img decoding=\"async\" loading=\"lazy\" src=\"https:\/\/www.ifbaiano.edu.br\/unidades\/serrinha\/files\/2022\/09\/Instagram.jpg\" alt=\"\" class=\"wp-image-6759\" width=\"30\" height=\"20\" \/>@revistamacambira<\/a><\/figure>\n\n\n\n<h3 class=\"wp-block-heading\"><a href=\"http:\/\/www.revista.lapprudes.net\/index.php\/CM\">Cadernos Macambira<\/a><\/h3>\n\n\n\n<p>A revista Cadernos Macambira \u00e9 um peri\u00f3dico multidisciplinar indexado do Laborat\u00f3rio de Pol\u00edticas P\u00fablicas, Ruralidades e Desenvolvimento Territorial &#8211; LaPPRuDes, registrada sob o ISSN 2525-6580, que tem por fun\u00e7\u00e3o principal publicar artigos, resumos e relatos de experi\u00eancia apresentados em eventos nas diferentes \u00e1reas do conhecimento, apoiados ou organizados pelo LaPPRuDes, pelo Instituto Federal de Educa\u00e7\u00e3o, Ci\u00eancia e Tecnologia Baiano &#8211; IF BAIANO, ou mesmo por institui\u00e7\u00f5es e grupos parceiros.<\/p>\n\n\n\n<p><strong>Contatos:<\/strong> <\/p>\n\n\n\n<p><a href=\"mailto:cadernosmacambira@gmail.com\">cadernosmacambira@gmail.com<\/a>; <\/p>\n\n\n\n<p><a href=\"mailto:cadernos.macambira@serrinha.ifbaiano.edu.br\">cadernos.macambira@serrinha.ifbaiano.edu.br<\/a>;<\/p>\n","protected":false},"excerpt":{"rendered":"<p>O Instituto Federal Baiano (IF BAIANO) Campus Serrinha possui atualmente duas revistas eletr\u00f4nicas em atividade: A Revista Macambira e a Cadernos Macambira que s\u00e3o gerenciadas e publicadas pelo Laborat\u00f3rio de Pol\u00edticas P\u00fablicas, Ruralidades e Desenvolvimento Territorial \u2013 LAPPRUDES e se encontram hospedadas no link: http:\/\/www.revista.lapprudes.net\/. Para al\u00e9m disso, o IF BAIANO possui a Revista Trilhas [&hellip;]<\/p>\n","protected":false},"author":92,"featured_media":0,"parent":0,"menu_order":0,"comment_status":"closed","ping_status":"closed","template":"","meta":[],"_links":{"self":[{"href":"https:\/\/www.ifbaiano.edu.br\/unidades\/serrinha\/wp-json\/wp\/v2\/pages\/1898"}],"collection":[{"href":"https:\/\/www.ifbaiano.edu.br\/unidades\/serrinha\/wp-json\/wp\/v2\/pages"}],"about":[{"href":"https:\/\/www.ifbaiano.edu.br\/unidades\/serrinha\/wp-json\/wp\/v2\/types\/page"}],"author":[{"embeddable":true,"href":"https:\/\/www.ifbaiano.edu.br\/unidades\/serrinha\/wp-json\/wp\/v2\/users\/92"}],"replies":[{"embeddable":true,"href":"https:\/\/www.ifbaiano.edu.br\/unidades\/serrinha\/wp-json\/wp\/v2\/comments?post=1898"}],"version-history":[{"count":6,"href":"https:\/\/www.ifbaiano.edu.br\/unidades\/serrinha\/wp-json\/wp\/v2\/pages\/1898\/revisions"}],"predecessor-version":[{"id":6763,"href":"https:\/\/www.ifbaiano.edu.br\/unidades\/serrinha\/wp-json\/wp\/v2\/pages\/1898\/revisions\/6763"}],"wp:attachment":[{"href":"https:\/\/www.ifbaiano.edu.br\/unidades\/serrinha\/wp-json\/wp\/v2\/media?parent=1898"}],"curies":[{"name":"wp","href":"https:\/\/api.w.org\/{rel}","templated":true}]}}