{"id":1942,"date":"2018-01-26T11:58:05","date_gmt":"2018-01-26T11:58:05","guid":{"rendered":"http:\/\/www.ifbaiano.edu.br\/unidades\/serrinha\/?page_id=1942"},"modified":"2018-01-30T13:26:03","modified_gmt":"2018-01-30T13:26:03","slug":"doacao-de-livros","status":"publish","type":"page","link":"https:\/\/www.ifbaiano.edu.br\/unidades\/serrinha\/doacao-de-livros\/","title":{"rendered":"Doa\u00e7\u00e3o de Livros"},"content":{"rendered":"<p>Os materiais bibliogr\u00e1ficos oferecidos, em doa\u00e7\u00e3o, para a \u00a0Biblioteca do Instituto Federal de Educa\u00e7\u00e3o, Ci\u00eancia e Tecnologia Baiano \u2013 <em>Campus<\/em> Serrinha dever\u00e3o ser acompanhados de <a href=\"http:\/\/www.ifbaiano.edu.br\/unidades\/serrinha\/files\/2018\/01\/Termo-de-doa\u00e7\u00e3o-de-materiais-bibliogr\u00e1ficos.pdf\">Termo de doa\u00e7\u00e3o de materiais informacionais<\/a> e s\u00f3 ser\u00e3o aceitos com entendimento expl\u00edcito de que dever\u00e3o passar por uma sele\u00e7\u00e3o, de acordo com as diretrizes estabelecidas pela \u00a0Rede de Bibliotecas do Instituto Federal Baiano para o desenvolvimento das suas cole\u00e7\u00f5es. A Biblioteca reserva-se o direito de permutar, doar ou descartar as doa\u00e7\u00f5es n\u00e3o selecionadas.<\/p>\n","protected":false},"excerpt":{"rendered":"<p>Os materiais bibliogr\u00e1ficos oferecidos, em doa\u00e7\u00e3o, para a \u00a0Biblioteca do Instituto Federal de Educa\u00e7\u00e3o, Ci\u00eancia e Tecnologia Baiano \u2013 Campus Serrinha dever\u00e3o ser acompanhados de Termo de doa\u00e7\u00e3o de materiais informacionais e s\u00f3 ser\u00e3o aceitos com entendimento expl\u00edcito de que dever\u00e3o passar por uma sele\u00e7\u00e3o, de acordo com as diretrizes estabelecidas pela \u00a0Rede de Bibliotecas [&hellip;]<\/p>\n","protected":false},"author":92,"featured_media":0,"parent":0,"menu_order":0,"comment_status":"closed","ping_status":"closed","template":"","meta":[],"_links":{"self":[{"href":"https:\/\/www.ifbaiano.edu.br\/unidades\/serrinha\/wp-json\/wp\/v2\/pages\/1942"}],"collection":[{"href":"https:\/\/www.ifbaiano.edu.br\/unidades\/serrinha\/wp-json\/wp\/v2\/pages"}],"about":[{"href":"https:\/\/www.ifbaiano.edu.br\/unidades\/serrinha\/wp-json\/wp\/v2\/types\/page"}],"author":[{"embeddable":true,"href":"https:\/\/www.ifbaiano.edu.br\/unidades\/serrinha\/wp-json\/wp\/v2\/users\/92"}],"replies":[{"embeddable":true,"href":"https:\/\/www.ifbaiano.edu.br\/unidades\/serrinha\/wp-json\/wp\/v2\/comments?post=1942"}],"version-history":[{"count":3,"href":"https:\/\/www.ifbaiano.edu.br\/unidades\/serrinha\/wp-json\/wp\/v2\/pages\/1942\/revisions"}],"predecessor-version":[{"id":1997,"href":"https:\/\/www.ifbaiano.edu.br\/unidades\/serrinha\/wp-json\/wp\/v2\/pages\/1942\/revisions\/1997"}],"wp:attachment":[{"href":"https:\/\/www.ifbaiano.edu.br\/unidades\/serrinha\/wp-json\/wp\/v2\/media?parent=1942"}],"curies":[{"name":"wp","href":"https:\/\/api.w.org\/{rel}","templated":true}]}}