{"id":2169,"date":"2018-05-04T11:27:13","date_gmt":"2018-05-04T11:27:13","guid":{"rendered":"http:\/\/www.ifbaiano.edu.br\/unidades\/serrinha\/?page_id=2169"},"modified":"2022-05-03T09:31:49","modified_gmt":"2022-05-03T12:31:49","slug":"documentos-pesquisa","status":"publish","type":"page","link":"https:\/\/www.ifbaiano.edu.br\/unidades\/serrinha\/documentos-pesquisa\/","title":{"rendered":"Documentos Pesquisa"},"content":{"rendered":"\n<div id=\"TituloMenu\" class=\"dnone\" align=\"center\">COPES<\/div>\n\n\n\n<p><a href=\"http:\/\/www.ifbaiano.edu.br\/unidades\/serrinha\/files\/2018\/05\/REGULAMENTO-DA-COORDENA\u00c7\u00c3O-DE-PESQUISA-DOS-CAMPI-DO-IF-BAIANO.pdf\">REGULAMENTO DA COORDENA\u00c7\u00c3O DE PESQUISA DOS CAMPI DO IF BAIANO<\/a><\/p>\n\n\n\n<p><a href=\"http:\/\/www.ifbaiano.edu.br\/unidades\/serrinha\/files\/2018\/05\/TERMO-DE-ASSENTIMENTO-LIVRE-E-ESCLARECIDO.odt\">TERMO DE ASSENTIMENTO LIVRE E ESCLARECIDO<\/a><\/p>\n\n\n\n<p><a href=\"http:\/\/www.ifbaiano.edu.br\/unidades\/serrinha\/files\/2018\/05\/TERMO-DE-CONSENTIMENTO-LIVRE-E-ESCLARECIDO.odt\">TERMO DE CONSENTIMENTO LIVRE E ESCLARECIDO<\/a><\/p>\n\n\n\n<p><a href=\"http:\/\/www.ifbaiano.edu.br\/unidades\/serrinha\/files\/2018\/05\/FORMUL\u00c1RIO-DOA\u00c7\u00c3O-DE-EQUIPAMENTOS.odt\">FORMUL\u00c1RIO DOA\u00c7\u00c3O DE EQUIPAMENTOS<\/a><\/p>\n\n\n\n<div id=\"TituloMenu\" class=\"dnone\" align=\"center\">PROPES<\/div>\n\n\n\n<p><a href=\"http:\/\/www.ifbaiano.edu.br\/unidades\/serrinha\/files\/2018\/05\/REGULAMENTO-DE-ATIVIDADES-DE-PESQUISA-E-INOVA\u00c7\u00c3O-DO-IF-BAIANO.pdf\">REGULAMENTO DE ATIVIDADES DE PESQUISA E INOVA\u00c7\u00c3O DO IF BAIANO<\/a><\/p>\n\n\n\n<p><a href=\"https:\/\/ifbaiano.edu.br\/portal\/pesquisa\/wp-content\/uploads\/sites\/3\/2022\/03\/Resolucao-188_2022.pdf\" target=\"_blank\" rel=\"noreferrer noopener\">Regulamento dos Grupos de Pesquisa do IF Baiano<\/a><\/p>\n\n\n\n<p><a href=\"https:\/\/ifbaiano.edu.br\/portal\/pesquisa\/wp-content\/uploads\/sites\/3\/2020\/06\/RESOLU%C3%87%C3%83O_REGULAMENTO-DO-PIBIC_IF-BAIANO-atual.pdf\" target=\"_blank\" rel=\"noreferrer noopener\">Regulamento do PIBIC e PIBITI do IF Baiano<\/a><\/p>\n\n\n\n<p><a href=\"https:\/\/www.ifbaiano.edu.br\/unidades\/serrinha\/files\/2022\/05\/Politica-de-Inovacao-do-IF-Baiano.pdf\" target=\"_blank\" rel=\"noreferrer noopener\">Pol\u00edtica de Inova\u00e7\u00e3o<\/a><\/p>\n\n\n\n<p><a href=\"https:\/\/ifbaiano.edu.br\/portal\/pesquisa\/wp-content\/uploads\/sites\/3\/2017\/03\/Regimeto-Geral-de-P%C3%B3s_Gradua%C3%A7%C3%A3o-do-IF-Baiana-aprovado-pela-Resolu%C3%A7%C3%A3o-N%C2%B009-de-2018..pdf\" target=\"_blank\" rel=\"noreferrer noopener\">Regimento Geral de P\u00f3s-Gradua\u00e7\u00e3o do IF Baiano<\/a><\/p>\n\n\n\n<p><a href=\"https:\/\/www.ifbaiano.edu.br\/unidades\/serrinha\/files\/2022\/05\/Edital-95_Edital-de-Fluxo-Continuo-da-Pesquisa.pdf\" target=\"_blank\" rel=\"noreferrer noopener\">Edital 95 \u2013 Edital de fluxo cont\u00ednuo<\/a><\/p>\n\n\n\n<p><a href=\"https:\/\/ifbaiano.edu.br\/portal\/pesquisa\/wp-content\/uploads\/sites\/3\/2021\/05\/Manual-PROPES-21.pdf\" target=\"_blank\" rel=\"noreferrer noopener\">Manual de Submiss\u00e3o de Projetos de Pesquisa no SUAP<\/a><\/p>\n\n\n\n<p><a href=\"https:\/\/ifbaiano.edu.br\/portal\/pesquisa\/wp-content\/uploads\/sites\/3\/2020\/07\/Instru%C3%A7%C3%A3o-Normativa-23_2020-RET-GAB_RET_IFBAIANO.pdf\" target=\"_blank\" rel=\"noreferrer noopener\">Instru\u00e7\u00e3o Normativa N\u00ba 23\/2020 \u2013 Presta\u00e7\u00e3o de contas<\/a><\/p>\n","protected":false},"excerpt":{"rendered":"<p>COPES REGULAMENTO DA COORDENA\u00c7\u00c3O DE PESQUISA DOS CAMPI DO IF BAIANO TERMO DE ASSENTIMENTO LIVRE E ESCLARECIDO TERMO DE CONSENTIMENTO LIVRE E ESCLARECIDO FORMUL\u00c1RIO DOA\u00c7\u00c3O DE EQUIPAMENTOS PROPES REGULAMENTO DE ATIVIDADES DE PESQUISA E INOVA\u00c7\u00c3O DO IF BAIANO Regulamento dos Grupos de Pesquisa do IF Baiano Regulamento do PIBIC e PIBITI do IF Baiano Pol\u00edtica [&hellip;]<\/p>\n","protected":false},"author":92,"featured_media":0,"parent":0,"menu_order":0,"comment_status":"closed","ping_status":"closed","template":"","meta":[],"_links":{"self":[{"href":"https:\/\/www.ifbaiano.edu.br\/unidades\/serrinha\/wp-json\/wp\/v2\/pages\/2169"}],"collection":[{"href":"https:\/\/www.ifbaiano.edu.br\/unidades\/serrinha\/wp-json\/wp\/v2\/pages"}],"about":[{"href":"https:\/\/www.ifbaiano.edu.br\/unidades\/serrinha\/wp-json\/wp\/v2\/types\/page"}],"author":[{"embeddable":true,"href":"https:\/\/www.ifbaiano.edu.br\/unidades\/serrinha\/wp-json\/wp\/v2\/users\/92"}],"replies":[{"embeddable":true,"href":"https:\/\/www.ifbaiano.edu.br\/unidades\/serrinha\/wp-json\/wp\/v2\/comments?post=2169"}],"version-history":[{"count":20,"href":"https:\/\/www.ifbaiano.edu.br\/unidades\/serrinha\/wp-json\/wp\/v2\/pages\/2169\/revisions"}],"predecessor-version":[{"id":6097,"href":"https:\/\/www.ifbaiano.edu.br\/unidades\/serrinha\/wp-json\/wp\/v2\/pages\/2169\/revisions\/6097"}],"wp:attachment":[{"href":"https:\/\/www.ifbaiano.edu.br\/unidades\/serrinha\/wp-json\/wp\/v2\/media?parent=2169"}],"curies":[{"name":"wp","href":"https:\/\/api.w.org\/{rel}","templated":true}]}}