{"id":240,"date":"2015-10-21T20:29:39","date_gmt":"2015-10-21T20:29:39","guid":{"rendered":"http:\/\/www.ifbaiano.edu.br\/unidades\/serrinha\/?page_id=240"},"modified":"2024-01-02T10:43:16","modified_gmt":"2024-01-02T13:43:16","slug":"agroecologia","status":"publish","type":"page","link":"https:\/\/www.ifbaiano.edu.br\/unidades\/serrinha\/agroecologia\/","title":{"rendered":"Agroecologia"},"content":{"rendered":"<p>CURSO T\u00c9CNICO INTEGRADO EM AGROECOLOGIA<\/p>\n<p><a href=\"https:\/\/www.ifbaiano.edu.br\/unidades\/serrinha\/files\/2024\/01\/PPC-Agroecologia-Integrado-2019-Reformulacao-BNCC-Campus-Serrinha.pdf\" target=\"_blank\" rel=\"noopener\">Projeto Pedag\u00f3gico do Curso<\/a><\/p>\n<p><a href=\"http:\/\/www.ifbaiano.edu.br\/unidades\/serrinha\/files\/2019\/03\/Calend\u00e1rio-Acad\u00eamico-Agroecologia-Integrado-2019.pdf\">Calend\u00e1rio Acad\u00eamico &#8211; Agroecologia Integrado 2019<\/a><\/p>\n<table border=\"\u201d1\u201d\">\n<tbody>\n<tr>\n<th><\/th>\n<th><\/th>\n<\/tr>\n<tr>\n<td>Curso<\/td>\n<td>T\u00e9cnico em Agroecologia<\/td>\n<\/tr>\n<tr>\n<td>Forma<\/td>\n<td>Integrada<\/td>\n<\/tr>\n<tr>\n<td>Ato Autorizativo<\/td>\n<td>00000000000000<\/td>\n<\/tr>\n<tr>\n<td>T\u00edtulo acad\u00eamico conferido<\/td>\n<td>T\u00e9cnico em Agroecologia<\/td>\n<\/tr>\n<tr>\n<td>Turno(s) de funcionamento<\/td>\n<td>Diurno<\/td>\n<\/tr>\n<tr>\n<td>\u00c1rea<\/td>\n<td>Recursos Naturais<\/td>\n<\/tr>\n<tr>\n<td>Regime acad\u00eamico<\/td>\n<td>S\u00e9ries Anuais (200 dias letivos)<\/td>\n<\/tr>\n<tr>\n<td>N\u00famero de Vagas<\/td>\n<td>40<\/td>\n<\/tr>\n<tr>\n<td>Tempo de integraliza\u00e7\u00e3o<\/td>\n<td>M\u00ednimo de 3 anos e M\u00e1ximo de 6 anos<\/td>\n<\/tr>\n<tr>\n<td>Forma de ingresso<\/td>\n<td>Processo Seletivo<\/td>\n<\/tr>\n<tr>\n<td>Carga Hor\u00e1ria<\/td>\n<td>3600 horas<\/td>\n<\/tr>\n<tr>\n<td>Perfil do Curso<\/td>\n<td>\n<p align=\"justify\">Atua em sistemas de produ\u00e7\u00e3o agropecu\u00e1ria e extrativista fundamentados em princ\u00edpios agroecol\u00f3gicos e t\u00e9cnicas de sistemas org\u00e2nicos de produ\u00e7\u00e3o. Desenvolve a\u00e7\u00f5es integradas unindo a preserva\u00e7\u00e3o e conserva\u00e7\u00e3o de recursos naturais \u00e0 sustentabilidade social e econ\u00f4mica dos sistemas produtivos. Atua na conserva\u00e7\u00e3o do solo e da \u00e1gua. Auxilia a\u00e7\u00f5es integradas de agricultura familiar considerando a sustentabilidade da pequena propriedade e os sistemas produtivos. Participa de a\u00e7\u00f5es de conserva\u00e7\u00e3o e armazenamento de mat\u00e9ria-prima e de processamento e industrializa\u00e7\u00e3o de produtos agroecol\u00f3gicos.<\/p>\n<\/td>\n<\/tr>\n<\/tbody>\n<\/table>\n","protected":false},"excerpt":{"rendered":"<p>CURSO T\u00c9CNICO INTEGRADO EM AGROECOLOGIA Projeto Pedag\u00f3gico do Curso Calend\u00e1rio Acad\u00eamico &#8211; Agroecologia Integrado 2019 Curso T\u00e9cnico em Agroecologia Forma Integrada Ato Autorizativo 00000000000000 T\u00edtulo acad\u00eamico conferido T\u00e9cnico em Agroecologia Turno(s) de funcionamento Diurno \u00c1rea Recursos Naturais Regime acad\u00eamico S\u00e9ries Anuais (200 dias letivos) N\u00famero de Vagas 40 Tempo de integraliza\u00e7\u00e3o M\u00ednimo de 3 anos [&hellip;]<\/p>\n","protected":false},"author":73,"featured_media":0,"parent":0,"menu_order":0,"comment_status":"open","ping_status":"open","template":"","meta":[],"_links":{"self":[{"href":"https:\/\/www.ifbaiano.edu.br\/unidades\/serrinha\/wp-json\/wp\/v2\/pages\/240"}],"collection":[{"href":"https:\/\/www.ifbaiano.edu.br\/unidades\/serrinha\/wp-json\/wp\/v2\/pages"}],"about":[{"href":"https:\/\/www.ifbaiano.edu.br\/unidades\/serrinha\/wp-json\/wp\/v2\/types\/page"}],"author":[{"embeddable":true,"href":"https:\/\/www.ifbaiano.edu.br\/unidades\/serrinha\/wp-json\/wp\/v2\/users\/73"}],"replies":[{"embeddable":true,"href":"https:\/\/www.ifbaiano.edu.br\/unidades\/serrinha\/wp-json\/wp\/v2\/comments?post=240"}],"version-history":[{"count":39,"href":"https:\/\/www.ifbaiano.edu.br\/unidades\/serrinha\/wp-json\/wp\/v2\/pages\/240\/revisions"}],"predecessor-version":[{"id":7974,"href":"https:\/\/www.ifbaiano.edu.br\/unidades\/serrinha\/wp-json\/wp\/v2\/pages\/240\/revisions\/7974"}],"wp:attachment":[{"href":"https:\/\/www.ifbaiano.edu.br\/unidades\/serrinha\/wp-json\/wp\/v2\/media?parent=240"}],"curies":[{"name":"wp","href":"https:\/\/api.w.org\/{rel}","templated":true}]}}