{"id":243,"date":"2015-10-21T20:29:57","date_gmt":"2015-10-21T20:29:57","guid":{"rendered":"http:\/\/www.ifbaiano.edu.br\/unidades\/serrinha\/?page_id=243"},"modified":"2024-01-02T10:41:42","modified_gmt":"2024-01-02T13:41:42","slug":"agropecuaria","status":"publish","type":"page","link":"https:\/\/www.ifbaiano.edu.br\/unidades\/serrinha\/agropecuaria\/","title":{"rendered":"Agropecu\u00e1ria"},"content":{"rendered":"\n<p>CURSO T\u00c9CNICO SUBSEQUENTE EM AGROPECU\u00c1RIA<\/p>\n\n\n\n<div class=\"wp-block-file\"><a id=\"wp-block-file--media-73f776c2-a608-4f32-92d8-97be90819a70\" href=\"https:\/\/www.ifbaiano.edu.br\/unidades\/serrinha\/files\/2024\/01\/PPC-Agropecuaria-VERSAO-COM-RESOLUCAO-final.pdf\" target=\"_blank\" rel=\"noreferrer noopener\">Projeto Pedag\u00f3gico do Curso<\/a><\/div>\n\n\n\n<div class=\"wp-block-file\"><a id=\"wp-block-file--media-42b78789-7b9e-4680-a4f8-90ab27b1c2f9\" href=\"https:\/\/www.ifbaiano.edu.br\/unidades\/serrinha\/files\/2022\/12\/Minuta-Calendarios-Academicos-2022.pdf\" target=\"_blank\" rel=\"noreferrer noopener\">Minuta Calend\u00e1rios Acad\u00eamicos 2022<\/a><\/div>\n\n\n\n<p><a href=\"http:\/\/www.ifbaiano.edu.br\/unidades\/serrinha\/files\/2019\/03\/Calend\u00e1rio-Acad\u00eamico-Agropecu\u00e1ria-Subsequente-2019.pdf\">Calend\u00e1rio Acad\u00eamico &#8211; Agropecu\u00e1ria Subsequente 2019<\/a><\/p>\n\n\n\n<p><a href=\"http:\/\/www.ifbaiano.edu.br\/unidades\/serrinha\/files\/2019\/03\/Calend\u00e1rio-Acad\u00eamico-Agropecu\u00e1ria-Subsequente-2019-TC.pdf\">Calend\u00e1rio Acad\u00eamico &#8211; Agropecu\u00e1ria Subsequente 2019 &#8211; TC<\/a><\/p>\n\n\n\n<figure class=\"wp-block-table\"><table><tbody><tr><th>&nbsp;<\/th><th>&nbsp;<\/th><\/tr><tr><td>Curso<\/td><td>T\u00e9cnico em Agropecu\u00e1ria<\/td><\/tr><tr><td>Forma<\/td><td>Subsequente<\/td><\/tr><tr><td>Modalidade<\/td><td>Altern\u00e2ncia<\/td><\/tr><tr><td>Ato Autorizativo<\/td><td>00000000000000<\/td><\/tr><tr><td>T\u00edtulo acad\u00eamico conferido<\/td><td>T\u00e9cnico em Agropecu\u00e1ria<\/td><\/tr><tr><td>Turno(s) de funcionamento<\/td><td>Diurno<\/td><\/tr><tr><td>\u00c1rea<\/td><td>Recursos Naturais<\/td><\/tr><tr><td>Regime acad\u00eamico<\/td><td>Semestral (100 dias letivos)<\/td><\/tr><tr><td>N\u00famero de Vagas<\/td><td>40<\/td><\/tr><tr><td>Tempo de integraliza\u00e7\u00e3o<\/td><td>M\u00ednimo de 1,5 anos e M\u00e1ximo de 4 anos<\/td><\/tr><tr><td>Forma de ingresso<\/td><td>Processo Seletivo<\/td><\/tr><tr><td>Carga Hor\u00e1ria<\/td><td>1400 horas<\/td><\/tr><tr><td>Perfil do Curso<\/td><td>\n<p style=\"text-align: justify\">Diagnostica, planeja, elabora, executa e monitora todas as fases dos projetos agropecu\u00e1rios, sobretudo, projetos de transi\u00e7\u00e3o agroecol\u00f3gica, de integra\u00e7\u00e3o agropecu\u00e1ria e florestas. Administra propriedades rurais e\/ou empreendimentos agropecu\u00e1rios de base familiar. Elabora, aplica e monitora programas preventivos de sanitiza\u00e7\u00e3o na produ\u00e7\u00e3o animal, vegetal e agroindustrial. Fiscaliza produtos de origem vegetal, animal e agroindustrial. Realiza medi\u00e7\u00e3o, demarca\u00e7\u00e3o e levantamentos topogr\u00e1ficos rurais. Atua em programas de assist\u00eancia t\u00e9cnica, extens\u00e3o rural e pesquisa.<\/p>\n<\/td><\/tr><\/tbody><\/table><\/figure>\n\n\n\n<p>Para visualizar a Matriz Curricular do Curso Subsequente em Agropecu\u00e1ria, clique no link a seguir:<\/p>\n","protected":false},"excerpt":{"rendered":"<p>CURSO T\u00c9CNICO SUBSEQUENTE EM AGROPECU\u00c1RIA Calend\u00e1rio Acad\u00eamico &#8211; Agropecu\u00e1ria Subsequente 2019 Calend\u00e1rio Acad\u00eamico &#8211; Agropecu\u00e1ria Subsequente 2019 &#8211; TC &nbsp; &nbsp; Curso T\u00e9cnico em Agropecu\u00e1ria Forma Subsequente Modalidade Altern\u00e2ncia Ato Autorizativo 00000000000000 T\u00edtulo acad\u00eamico conferido T\u00e9cnico em Agropecu\u00e1ria Turno(s) de funcionamento Diurno \u00c1rea Recursos Naturais Regime acad\u00eamico Semestral (100 dias letivos) N\u00famero de Vagas 40 [&hellip;]<\/p>\n","protected":false},"author":73,"featured_media":0,"parent":0,"menu_order":0,"comment_status":"open","ping_status":"open","template":"","meta":[],"_links":{"self":[{"href":"https:\/\/www.ifbaiano.edu.br\/unidades\/serrinha\/wp-json\/wp\/v2\/pages\/243"}],"collection":[{"href":"https:\/\/www.ifbaiano.edu.br\/unidades\/serrinha\/wp-json\/wp\/v2\/pages"}],"about":[{"href":"https:\/\/www.ifbaiano.edu.br\/unidades\/serrinha\/wp-json\/wp\/v2\/types\/page"}],"author":[{"embeddable":true,"href":"https:\/\/www.ifbaiano.edu.br\/unidades\/serrinha\/wp-json\/wp\/v2\/users\/73"}],"replies":[{"embeddable":true,"href":"https:\/\/www.ifbaiano.edu.br\/unidades\/serrinha\/wp-json\/wp\/v2\/comments?post=243"}],"version-history":[{"count":15,"href":"https:\/\/www.ifbaiano.edu.br\/unidades\/serrinha\/wp-json\/wp\/v2\/pages\/243\/revisions"}],"predecessor-version":[{"id":7971,"href":"https:\/\/www.ifbaiano.edu.br\/unidades\/serrinha\/wp-json\/wp\/v2\/pages\/243\/revisions\/7971"}],"wp:attachment":[{"href":"https:\/\/www.ifbaiano.edu.br\/unidades\/serrinha\/wp-json\/wp\/v2\/media?parent=243"}],"curies":[{"name":"wp","href":"https:\/\/api.w.org\/{rel}","templated":true}]}}