{"id":249,"date":"2015-10-21T20:30:39","date_gmt":"2015-10-21T20:30:39","guid":{"rendered":"http:\/\/www.ifbaiano.edu.br\/unidades\/serrinha\/?page_id=249"},"modified":"2020-07-27T19:36:22","modified_gmt":"2020-07-27T19:36:22","slug":"educacao-do-campo","status":"publish","type":"page","link":"https:\/\/www.ifbaiano.edu.br\/unidades\/serrinha\/educacao-do-campo\/","title":{"rendered":"P\u00f3s em Educa\u00e7\u00e3o do Campo"},"content":{"rendered":"\n<h2 class=\"page-title wp-block-heading\">Curso<\/h2>\n\n\n\n<div class=\"entry clearfix\">\n<p>O curso de especializa\u00e7\u00e3o em Educa\u00e7\u00e3o do Campo para professores da Educa\u00e7\u00e3o B\u00e1sica dos territ\u00f3rios baianos, localizados na regi\u00e3o semi\u00e1rida, representa o movimento te\u00f3rico-pr\u00e1tico dos professores, pesquisadores e extensionistas do IF Baiano em torno da Agroecologia e da Educa\u00e7\u00e3o do Campo, cuja marca tem sido o exerc\u00edcio epistemol\u00f3gico, gnosiol\u00f3gico e ontol\u00f3gico permanente diante do contexto ambiental, social, cultural, econ\u00f4mico e educacional do semi\u00e1rido baiano.<\/p>\n<p>Tem-se como p\u00fablico-alvo os&nbsp;professores das redes p\u00fablicas de ensino, em exerc\u00edcio nas escolas do campo, e que s\u00e3o portadores de diploma de n\u00edvel superior devidamente reconhecidos e registrados nos \u00f3rg\u00e3os competentes, com forma\u00e7\u00e3o em quaisquer \u00e1reas do conhecimento, ou estudantes de gradua\u00e7\u00e3o que estejam cursando o \u00faltimo semestre de cursos de Pedagogia ou licenciaturas nas \u00e1reas de Ci\u00eancias da Natureza (Ci\u00eancias Naturais, Qu\u00edmica, F\u00edsica ou Biologia), Ci\u00eancias Humanas (Hist\u00f3ria, Geografia, Sociologia ou Filosofia), Linguagens (Letras, L\u00edngua Estrangeira ou Artes) ou Matem\u00e1tica.<\/p>\n<p>A interdisciplinaridade e a transdisciplinaridade calcadas na Quest\u00e3o Agr\u00e1ria, na Agroecologia, no Desenvolvimento Territorial, nas Pol\u00edticas P\u00fablicas, nos Saberes Tradicionais e nas Tecnologias Sociais colocam-se como pressupostos formativos fundamentais.<\/p>\n<p>O curso tem como objetivo central proporcionar forma\u00e7\u00e3o continuada interdisciplinar de educadores de escolas do campo, buscando contribuir para a oferta de uma educa\u00e7\u00e3o do campo contextualizada \u00e0s realidades s\u00f3cio-culturais e econ\u00f4micas dos povos do campo e do semi\u00e1rido baiano, de qualidade e em conformidade com as diretrizes nacionais operacionais para a Educa\u00e7\u00e3o do Campo.<\/p>\n<\/div>\n\n\n\n<h2 class=\"page-title wp-block-heading\">Linhas de Pesquisa<\/h2>\n\n\n\n<div class=\"entry clearfix\">\n<ul>\n<li style=\"padding-left: 30px\"><strong>Educa\u00e7\u00e3o do Campo, Pr\u00e1ticas Educativas e Interdisciplinaridade<\/strong><\/li>\n<\/ul>\n<p>Desenvolvimento de Pesquisa-a\u00e7\u00e3o com foco em: Educa\u00e7\u00e3o do Campo; Ensino de Ci\u00eancias; Ensino de Ci\u00eancias Humanas; Etnomatem\u00e1tica; Ensino de L\u00ednguas; Educa\u00e7\u00e3o de Jovens e Adultos do Campo; Juventude Rural; PROEJA Campo; Altern\u00e2ncia; Saberes Tradicionais; &nbsp;Interdisciplinaridade.<\/p>\n<\/div>\n\n\n\n<ul><li style=\"padding-left: 30px\"><strong>Educa\u00e7\u00e3o do Campo, Agroecologia e Interdisciplinaridade<\/strong><\/li><\/ul>\n\n\n\n<p>Desenvolvimento de Pesquisa-a\u00e7\u00e3o com foco em: Educa\u00e7\u00e3o do Campo; Pr\u00e1ticas Agroecol\u00f3gicas; Horta Agroecol\u00f3gica; Saberes Tradicionais; Educa\u00e7\u00e3o do Campo e Conviv\u00eancia com o Semi\u00e1rido; Sustentabilidade no semi\u00e1rido; Educa\u00e7\u00e3o Ambiental; Tecnologias Sociais para Conviv\u00eancia com o Semi\u00e1rido; Interdisciplinaridade.<\/p>\n\n\n\n<ul><li style=\"padding-left: 30px\"><strong>Educa\u00e7\u00e3o do Campo, Gest\u00e3o&nbsp;e&nbsp;Pol\u00edticas P\u00fablicas<\/strong><\/li><\/ul>\n\n\n\n<p>Desenvolvimento de Pesquisa-a\u00e7\u00e3o com foco em: Educa\u00e7\u00e3o do Campo;&nbsp;Pol\u00edticas P\u00fablicas; Educa\u00e7\u00e3o de Jovens e Adultos do Campo; PROEJA Campo; Curr\u00edculo; Planejamento Educacional; Administra\u00e7\u00e3o e Sistemas de Ensino; Gest\u00e3o de Escolas do Campo; Territ\u00f3rio, Rede e Planejamento.<\/p>\n\n\n\n<h2 class=\"has-text-align-center page-title wp-block-heading\">\u00a0Matriz Curricular<\/h2>\n\n\n\n<p class=\"has-text-align-center\"><strong>1\u00ba SEMESTRE<\/strong><\/p>\n\n\n\n<table id=\"tablepress-1\" class=\"tablepress tablepress-id-1\">\n<thead>\n<tr class=\"row-1 odd\">\n\t<th class=\"column-1\"><strong>Disciplina<\/strong><\/th><th class=\"column-2\"><div align=\"center\"><strong>CH Presencial<\/strong><\/div><\/th><th class=\"column-3\"><div align=\"center\"><strong>CH EaD<\/strong><\/th><th class=\"column-4\"><div align=\"center\"><strong>CH Total<\/strong><\/div><\/th>\n<\/tr>\n<\/thead>\n<tbody class=\"row-hover\">\n<tr class=\"row-2 even\">\n\t<td class=\"column-1\">Quest\u00e3o Agr\u00e1ria<\/td><td class=\"column-2\"><div align=\"center\">24<\/div><\/td><td class=\"column-3\"><div align=\"center\">6<\/div><\/td><td class=\"column-4\"><div align=\"center\">30<\/div><\/td>\n<\/tr>\n<tr class=\"row-3 odd\">\n\t<td class=\"column-1\">Educa\u00e7\u00e3o do Campo e Etnomatem\u00e1tica I<\/td><td class=\"column-2\"><div align=\"center\">16<\/div><\/td><td class=\"column-3\"><div align=\"center\">4<\/div><\/td><td class=\"column-4\"><div align=\"center\">20<\/div><\/td>\n<\/tr>\n<tr class=\"row-4 even\">\n\t<td class=\"column-1\">Educa\u00e7\u00e3o do Campo e o Ensino de Ci\u00eancias Humanas I<\/td><td class=\"column-2\"><div align=\"center\">16<\/div><\/td><td class=\"column-3\"><div align=\"center\">4<\/div><\/td><td class=\"column-4\"><div align=\"center\">20<\/div><\/td>\n<\/tr>\n<tr class=\"row-5 odd\">\n\t<td class=\"column-1\">Educa\u00e7\u00e3o do Campo e o Ensino de Ci\u00eancias Naturais I<\/td><td class=\"column-2\"><div align=\"center\">16<\/div><\/td><td class=\"column-3\"><div align=\"center\">4<\/div><\/td><td class=\"column-4\"><div align=\"center\">20<\/div><\/td>\n<\/tr>\n<tr class=\"row-6 even\">\n\t<td class=\"column-1\">Ambiente, Sociedade e Economia<\/td><td class=\"column-2\"><div align=\"center\">16<\/div><\/td><td class=\"column-3\"><div align=\"center\">4<\/div><\/td><td class=\"column-4\"><div align=\"center\">20<\/div><\/td>\n<\/tr>\n<tr class=\"row-7 odd\">\n\t<td class=\"column-1\">Metodologia da Pesquisa I<\/td><td class=\"column-2\"><div align=\"center\">16<\/div><\/td><td class=\"column-3\"><div align=\"center\">4<\/div><\/td><td class=\"column-4\"><div align=\"center\">20<\/div><\/td>\n<\/tr>\n<tr class=\"row-8 even\">\n\t<td class=\"column-1\"><strong>Sub-total<\/strong><\/td><td class=\"column-2\"><div align=\"center\"><strong>104<\/strong><\/div><\/td><td class=\"column-3\"><div align=\"center\"><strong>26<\/strong><\/div><\/td><td class=\"column-4\"><div align=\"center\"><strong>130<\/strong><\/div><\/td>\n<\/tr>\n<\/tbody>\n<\/table>\n<!-- #tablepress-1 from cache -->\n\n\n\n<p class=\"has-text-align-center\"><strong>2\u00ba SEMESTRE<\/strong><\/p>\n\n\n\n<table id=\"tablepress-2\" class=\"tablepress tablepress-id-2\">\n<thead>\n<tr class=\"row-1 odd\">\n\t<th class=\"column-1\"><strong>Disciplina<\/strong><\/th><th class=\"column-2\"><div align=\"center\"><strong>CH Presencial<\/strong><\/div><\/th><th class=\"column-3\"><div align=\"center\"><strong>CH EaD<\/strong><\/th><th class=\"column-4\"><div align=\"center\"><strong>CH Total<\/strong><\/div><\/th>\n<\/tr>\n<\/thead>\n<tbody class=\"row-hover\">\n<tr class=\"row-2 even\">\n\t<td class=\"column-1\">Movimentos Sociais e Educa\u00e7\u00e3o do Campo<\/td><td class=\"column-2\"><div align=\"center\">24<\/div><\/td><td class=\"column-3\"><div align=\"center\">6<\/div><\/td><td class=\"column-4\"><div align=\"center\">30<\/div><\/td>\n<\/tr>\n<tr class=\"row-3 odd\">\n\t<td class=\"column-1\">Educa\u00e7\u00e3o do Campo e Gest\u00e3o Educacional<\/td><td class=\"column-2\"><div align=\"center\">16<\/div><\/td><td class=\"column-3\"><div align=\"center\">4<\/div><\/td><td class=\"column-4\"><div align=\"center\">20<\/div><\/td>\n<\/tr>\n<tr class=\"row-4 even\">\n\t<td class=\"column-1\">Educa\u00e7\u00e3o do Campo e Etnomatem\u00e1tica II<\/td><td class=\"column-2\"><div align=\"center\">16<\/div><\/td><td class=\"column-3\"><div align=\"center\">4<\/div><\/td><td class=\"column-4\"><div align=\"center\">20<\/div><\/td>\n<\/tr>\n<tr class=\"row-5 odd\">\n\t<td class=\"column-1\">Educa\u00e7\u00e3o do Campo e o Ensino de Ci\u00eancias Humanas II<\/td><td class=\"column-2\"><div align=\"center\">16<\/div><\/td><td class=\"column-3\"><div align=\"center\">4<\/div><\/td><td class=\"column-4\"><div align=\"center\">20<\/div><\/td>\n<\/tr>\n<tr class=\"row-6 even\">\n\t<td class=\"column-1\">Educa\u00e7\u00e3o do Campo e o Ensino de Ci\u00eancias Naturais II<\/td><td class=\"column-2\"><div align=\"center\">16<\/div><\/td><td class=\"column-3\"><div align=\"center\">4<\/div><\/td><td class=\"column-4\"><div align=\"center\">20<\/div><\/td>\n<\/tr>\n<tr class=\"row-7 odd\">\n\t<td class=\"column-1\">Educa\u00e7\u00e3o do Campo e Agroecologia<\/td><td class=\"column-2\"><div align=\"center\">32<\/div><\/td><td class=\"column-3\"><div align=\"center\">8<\/div><\/td><td class=\"column-4\"><div align=\"center\">40<\/div><\/td>\n<\/tr>\n<tr class=\"row-8 even\">\n\t<td class=\"column-1\">Metodologia da Pesquisa II<\/td><td class=\"column-2\"><div align=\"center\">16<\/div><\/td><td class=\"column-3\"><div align=\"center\">4<\/div><\/td><td class=\"column-4\"><div align=\"center\">20<\/div><\/td>\n<\/tr>\n<tr class=\"row-9 odd\">\n\t<td class=\"column-1\"><strong>Sub-total<\/strong><\/td><td class=\"column-2\"><div align=\"center\"><strong>136<\/strong><\/div><\/td><td class=\"column-3\"><div align=\"center\"><strong>34<\/strong><\/div><\/td><td class=\"column-4\"><div align=\"center\"><strong>170<\/strong><\/div><\/td>\n<\/tr>\n<\/tbody>\n<\/table>\n<!-- #tablepress-2 from cache -->\n\n\n\n<p class=\"has-text-align-center\"><strong>3\u00ba SEMESTRE<\/strong><\/p>\n\n\n\n<table id=\"tablepress-3\" class=\"tablepress tablepress-id-3\">\n<thead>\n<tr class=\"row-1 odd\">\n\t<th class=\"column-1\"><strong>Disciplina<\/strong><\/th><th class=\"column-2\"><div align=\"center\"><strong>CH Presencial<\/strong><\/div><\/th><th class=\"column-3\"><div align=\"center\"><strong>CH EaD<\/strong><\/th><th class=\"column-4\"><div align=\"center\"><strong>CH Total<\/strong><\/div><\/th>\n<\/tr>\n<\/thead>\n<tbody class=\"row-hover\">\n<tr class=\"row-2 even\">\n\t<td class=\"column-1\">Educa\u00e7\u00e3o do Campo, Pol\u00edticas P\u00fablicas e Desenvolvimento Territorial<\/td><td class=\"column-2\"><div align=\"center\">16<\/div><\/td><td class=\"column-3\"><div align=\"center\">4<\/div><\/td><td class=\"column-4\"><div align=\"center\">20<\/div><\/td>\n<\/tr>\n<tr class=\"row-3 odd\">\n\t<td class=\"column-1\">Educa\u00e7\u00e3o do Campo, Letramento e Linguagens<\/td><td class=\"column-2\"><div align=\"center\">16<\/div><\/td><td class=\"column-3\"><div align=\"center\">4<\/div><\/td><td class=\"column-4\"><div align=\"center\">20<\/div><\/td>\n<\/tr>\n<tr class=\"row-4 even\">\n\t<td class=\"column-1\">Educa\u00e7\u00e3o de Jovens e Adultos do Campo<\/td><td class=\"column-2\"><div align=\"center\">16<\/div><\/td><td class=\"column-3\"><div align=\"center\">4<\/div><\/td><td class=\"column-4\"><div align=\"center\">20<\/div><\/td>\n<\/tr>\n<tr class=\"row-5 odd\">\n\t<td class=\"column-1\">Educa\u00e7\u00e3o do Campo, Cultura e Diversidade<\/td><td class=\"column-2\"><div align=\"center\">16<\/div><\/td><td class=\"column-3\"><div align=\"center\">4<\/div><\/td><td class=\"column-4\"><div align=\"center\">20<\/div><\/td>\n<\/tr>\n<tr class=\"row-6 even\">\n\t<td class=\"column-1\">TCC <\/td><td class=\"column-2\"><div align=\"center\">16<\/div><\/td><td class=\"column-3\"><div align=\"center\">4<\/div><\/td><td class=\"column-4\"><div align=\"center\">20<\/div><\/td>\n<\/tr>\n<tr class=\"row-7 odd\">\n\t<td class=\"column-1\">Semin\u00e1rio Integrador<\/td><td class=\"column-2\"><div align=\"center\">8<\/div><\/td><td class=\"column-3\"><div align=\"center\">0<\/div><\/td><td class=\"column-4\"><div align=\"center\">8<\/div><\/td>\n<\/tr>\n<tr class=\"row-8 even\">\n\t<td class=\"column-1\"><strong>Sub-total<\/strong><\/td><td class=\"column-2\"><div align=\"center\"><strong>88<\/strong><\/div><\/td><td class=\"column-3\"><div align=\"center\"><strong>20<\/strong><\/div><\/td><td class=\"column-4\"><div align=\"center\"><strong>108<\/strong><\/div><\/td>\n<\/tr>\n<tr class=\"row-9 odd\">\n\t<td class=\"column-1\"><strong>Total<\/strong><\/td><td class=\"column-2\"><div align=\"center\"><strong>328<\/strong><\/div><\/td><td class=\"column-3\"><div align=\"center\"><strong>80<\/strong><\/div><\/td><td class=\"column-4\"><div align=\"center\"><strong>408<\/strong><\/div><\/td>\n<\/tr>\n<\/tbody>\n<\/table>\n<!-- #tablepress-3 from cache -->\n\n\n\n<h2 class=\"page-title wp-block-heading\">Docentes<\/h2>\n\n\n\n<p>Lista dos Docentes do Curso de Especializa\u00e7\u00e3o em Educa\u00e7\u00e3o do Campo:<\/p>\n\n\n\n<p><a href=\"http:\/\/www.ifbaiano.edu.br\/unidades\/serrinha\/files\/2019\/02\/Professores-de-Educa\u00e7\u00e3o-do-Campo.pdf\">Professores de Educa\u00e7\u00e3o do Campo<\/a><\/p>\n\n\n\n<h2 class=\"page-title wp-block-heading\">Documentos<\/h2>\n\n\n\n<p>Acesse os documentos da P\u00f3s em Educa\u00e7\u00e3o do Campo:<\/p>\n\n\n\n<p><a href=\"http:\/\/www.ifbaiano.edu.br\/unidades\/serrinha\/files\/2019\/02\/Regulamento-dos-Cursos-de-Especializa\u00e7\u00e3o-Lato-Sensu.pdf\">Regulamento dos Cursos de Especializa\u00e7\u00e3o Lato Sensu<\/a><\/p>\n\n\n\n<p><a href=\"http:\/\/www.ifbaiano.edu.br\/unidades\/serrinha\/files\/2019\/02\/Formul\u00e1rio-de-Requerimento.pdf\">Formul\u00e1rio de Requerimento<\/a><\/p>\n\n\n\n<p>Regimento Interno P\u00f3s-Gradua\u00e7\u00e3o Educa\u00e7\u00e3o do Campo<\/p>\n\n\n\n<p>Calend\u00e1rio<\/p>\n\n\n\n<p>Monografias<\/p>\n\n\n\n<p>Para maiores informa\u00e7\u00f5es sobre a Especializa\u00e7\u00e3o em Educa\u00e7\u00e3o do Campo, acessar o endere\u00e7o: <a href=\"http:\/\/lapprudes.net\" target=\"_blank\" rel=\"noopener noreferrer\">www.lapprudes.net<\/a><\/p>\n\n\n\n<p>Coordena\u00e7\u00e3o: Prof. Dr. Heron Ferreira Souza<br>Contato: coord.educampo@serrinha.ifbaiano.edu.br<\/p>\n","protected":false},"excerpt":{"rendered":"<p>Curso O curso de especializa\u00e7\u00e3o em Educa\u00e7\u00e3o do Campo para professores da Educa\u00e7\u00e3o B\u00e1sica dos territ\u00f3rios baianos, localizados na regi\u00e3o semi\u00e1rida, representa o movimento te\u00f3rico-pr\u00e1tico dos professores, pesquisadores e extensionistas do IF Baiano em torno da Agroecologia e da Educa\u00e7\u00e3o do Campo, cuja marca tem sido o exerc\u00edcio epistemol\u00f3gico, gnosiol\u00f3gico e ontol\u00f3gico permanente diante do [&hellip;]<\/p>\n","protected":false},"author":73,"featured_media":0,"parent":0,"menu_order":0,"comment_status":"open","ping_status":"closed","template":"","meta":[],"_links":{"self":[{"href":"https:\/\/www.ifbaiano.edu.br\/unidades\/serrinha\/wp-json\/wp\/v2\/pages\/249"}],"collection":[{"href":"https:\/\/www.ifbaiano.edu.br\/unidades\/serrinha\/wp-json\/wp\/v2\/pages"}],"about":[{"href":"https:\/\/www.ifbaiano.edu.br\/unidades\/serrinha\/wp-json\/wp\/v2\/types\/page"}],"author":[{"embeddable":true,"href":"https:\/\/www.ifbaiano.edu.br\/unidades\/serrinha\/wp-json\/wp\/v2\/users\/73"}],"replies":[{"embeddable":true,"href":"https:\/\/www.ifbaiano.edu.br\/unidades\/serrinha\/wp-json\/wp\/v2\/comments?post=249"}],"version-history":[{"count":22,"href":"https:\/\/www.ifbaiano.edu.br\/unidades\/serrinha\/wp-json\/wp\/v2\/pages\/249\/revisions"}],"predecessor-version":[{"id":4309,"href":"https:\/\/www.ifbaiano.edu.br\/unidades\/serrinha\/wp-json\/wp\/v2\/pages\/249\/revisions\/4309"}],"wp:attachment":[{"href":"https:\/\/www.ifbaiano.edu.br\/unidades\/serrinha\/wp-json\/wp\/v2\/media?parent=249"}],"curies":[{"name":"wp","href":"https:\/\/api.w.org\/{rel}","templated":true}]}}