{"id":252,"date":"2015-10-21T20:30:58","date_gmt":"2015-10-21T20:30:58","guid":{"rendered":"http:\/\/www.ifbaiano.edu.br\/unidades\/serrinha\/?page_id=252"},"modified":"2019-08-22T14:05:11","modified_gmt":"2019-08-22T14:05:11","slug":"inovacao-social","status":"publish","type":"page","link":"https:\/\/www.ifbaiano.edu.br\/unidades\/serrinha\/inovacao-social\/","title":{"rendered":"P\u00f3s em Inova\u00e7\u00e3o Social"},"content":{"rendered":"<h2 class=\"page-title\">Curso<\/h2>\n<div class=\"entry clearfix\">\n<p align=\"justify\">A P\u00f3s-Gradua\u00e7\u00e3o Lato Sensu em Inova\u00e7\u00e3o Social \u00e9 um esfor\u00e7o te\u00f3rico-pr\u00e1tico que busca fomentar a criatividade t\u00e9cnica e cient\u00edfica dos \/ para os processos territoriais. Para isso, compreende-se a constru\u00e7\u00e3o da inova\u00e7\u00e3o social no Territ\u00f3rio Velho Chico a partir, principalmente: a) da agroecologia como tecnologia social, uma forma dial\u00f3gica, integrada e multidisciplinar de produzir e viver no campo; e b) da economia solid\u00e1ria como outra proposta de organiza\u00e7\u00e3o produtiva e de trabalho.<\/p>\n<p align=\"justify\">O objetivo do curso \u00e9 aperfei\u00e7oar educadores, extensionistas, gestores p\u00fablicos, atores sociais, etc., possibilitando uma an\u00e1lise cr\u00edtica das pol\u00edticas p\u00fablicas e a constru\u00e7\u00e3o dial\u00f3gica de estrat\u00e9gias de inova\u00e7\u00e3o social para o semi\u00e1rido do Territ\u00f3rio Velho Chico a partir da agroecologia e da economia solid\u00e1ria.<\/p>\n<p align=\"justify\">O curso de P\u00f3s-Gradua\u00e7\u00e3o Lato Sensu em Inova\u00e7\u00e3o Social \u00e9 uma proposta do Laborat\u00f3rio de Pol\u00edticas P\u00fablicas, Ruralidades e Desenvolvimento Territorial \u2013 LaPPRuDes.<\/p>\n<p align=\"justify\">\n<\/div>\n<h2 class=\"page-title\">\u00c1rea de Concentra\u00e7\u00e3o<\/h2>\n<p>A Inova\u00e7\u00e3o Social configura-se como \u00e1rea de concentra\u00e7\u00e3o da proposta do Curso de P\u00f3s-Gradua\u00e7\u00e3o Latu Sensu, pois se refere aos processos de constru\u00e7\u00e3o e incorpora\u00e7\u00e3o de conhecimentos nas formula\u00e7\u00f5es s\u00f3cio-t\u00e9cnicas de respostas aos problemas vividos pelos sujeitos sociais em seus espa\u00e7os de produ\u00e7\u00e3o e reprodu\u00e7\u00e3o social.<\/p>\n<div class=\"entry clearfix\">\n<p align=\"justify\">Desta forma, representa outro olhar e pensar sobre os processos sociais em suas dimens\u00f5es: pol\u00edtica, econ\u00f4mica, tecnol\u00f3gica, ambiental e cultural. Est\u00e1 direcionada a constru\u00e7\u00e3o de um estilo de desenvolvimento.<\/p>\n<h2 class=\"page-title\"><\/h2>\n<h2 class=\"page-title\">Linha de Pesquisa<\/h2>\n<p>&nbsp;<\/p>\n<\/div>\n<h2 class=\"page-title\">Matriz Curricular<\/h2>\n<div class=\"entry clearfix\">\n<div id=\"postTabs_0_25\" class=\"postTabs_divs postTabs_curr_div\">\n<table style=\"height: 245px\" border=\"\u201d1\u201d\" width=\"669\">\n<tbody>\n<tr>\n<th>Semestre<\/th>\n<th>Disciplina<\/th>\n<th>Carga Hor\u00e1ria<\/th>\n<\/tr>\n<tr>\n<td>1<\/td>\n<td>Ci\u00eancia, Natureza, Saberes e Sociedade<\/td>\n<td>20<\/td>\n<\/tr>\n<tr>\n<td>1<\/td>\n<td>Fundamentos de Agroecologia<\/td>\n<td>40<\/td>\n<\/tr>\n<tr>\n<td>1<\/td>\n<td>Tecnologia e Inova\u00e7\u00e3o Social para o Semi\u00e1rido<\/td>\n<td>20<\/td>\n<\/tr>\n<tr>\n<td>1<\/td>\n<td>Economia solid\u00e1ria, Autogest\u00e3o e Desenvolvimento<\/td>\n<td>20<\/td>\n<\/tr>\n<tr>\n<td>1<\/td>\n<td>Metodologia da Pesquisa<\/td>\n<td>20<\/td>\n<\/tr>\n<tr>\n<td>1<\/td>\n<td>Educa\u00e7\u00e3o Popular e Movimentos Sociais<\/td>\n<td>20<\/td>\n<\/tr>\n<tr>\n<td><\/td>\n<td><strong>Carga Hor\u00e1ria do Semestre<\/strong><\/td>\n<td><strong>140<\/strong><\/td>\n<\/tr>\n<\/tbody>\n<\/table>\n<\/div>\n<\/div>\n<div class=\"entry clearfix\">\n<div id=\"postTabs_1_25\" class=\"postTabs_divs\">\n<table style=\"height: 268px\" border=\"\u201d1\u201d\" width=\"666\">\n<tbody>\n<tr>\n<th>Semestre<\/th>\n<th>Disciplina<\/th>\n<th>Carga Hor\u00e1ria<\/th>\n<\/tr>\n<tr>\n<td>2<\/td>\n<td>Processos produtivos e quest\u00f5es ambientais no bioma caatinga<\/td>\n<td>30<\/td>\n<\/tr>\n<tr>\n<td>2<\/td>\n<td>Metodologias Participativas<\/td>\n<td>20<\/td>\n<\/tr>\n<tr>\n<td>2<\/td>\n<td>Pol\u00edticas P\u00fablicas de Desenvolvimento Territorial<\/td>\n<td>30<\/td>\n<\/tr>\n<tr>\n<td>2<\/td>\n<td>Agroecologia contextualizada com o semi\u00e1rido<\/td>\n<td>60<\/td>\n<\/tr>\n<tr>\n<td>2<\/td>\n<td>Redes, Atores Institucionais e Mercado \u00c9tico e Solid\u00e1rio<\/td>\n<td>30<\/td>\n<\/tr>\n<tr>\n<td>2<\/td>\n<td>Semin\u00e1rio Integrador I<\/td>\n<td>8<\/td>\n<\/tr>\n<tr>\n<td><\/td>\n<td><strong>Carga Hor\u00e1ria do Semestre<\/strong><\/td>\n<td><strong>178<\/strong><\/td>\n<\/tr>\n<\/tbody>\n<\/table>\n<\/div>\n<\/div>\n<div class=\"entry clearfix\">\n<div id=\"postTabs_2_25\" class=\"postTabs_divs\">\n<table border=\"\u201d1\u201d\">\n<tbody>\n<tr>\n<th>Semestre<\/th>\n<th>Disciplina<\/th>\n<th>Carga Hor\u00e1ria<\/th>\n<\/tr>\n<tr>\n<td>3<\/td>\n<td>Produ\u00e7\u00e3o e Comercializa\u00e7\u00e3o em Circuitos Curtos<\/td>\n<td>20<\/td>\n<\/tr>\n<tr>\n<td>3<\/td>\n<td>Elabora\u00e7\u00e3o e Avalia\u00e7\u00e3o de Projetos Sociais de Desenvolvimento<\/td>\n<td>30<\/td>\n<\/tr>\n<tr>\n<td>3<\/td>\n<td>Semi\u00e1rido, Cultura e Conhecimento Tradicional<\/td>\n<td>20<\/td>\n<\/tr>\n<tr>\n<td>3<\/td>\n<td>TCC<\/td>\n<td>20<\/td>\n<\/tr>\n<tr>\n<td>3<\/td>\n<td>Semin\u00e1rio Integrador II<\/td>\n<td>8<\/td>\n<\/tr>\n<tr>\n<td><\/td>\n<td><strong>Carga Hor\u00e1ria do Semestre<\/strong><\/td>\n<td><strong>98<\/strong><\/td>\n<\/tr>\n<tr>\n<td><\/td>\n<td><strong>Carga Hor\u00e1ria Total do Curso<\/strong><\/td>\n<td><strong>416<\/strong><\/td>\n<\/tr>\n<\/tbody>\n<\/table>\n<\/div>\n<\/div>\n<h2 class=\"page-title\"><\/h2>\n<h2 class=\"page-title\">Corpo Docente<\/h2>\n<div class=\"entry clearfix\">\n<p>Rela\u00e7\u00e3o de professores da Especializa\u00e7\u00e3o em Inova\u00e7\u00e3o Social com \u00eanfase em Agroecologia e Economia Solid\u00e1ria:<\/p>\n<\/div>\n<p><a href=\"http:\/\/www.ifbaiano.edu.br\/unidades\/serrinha\/files\/2019\/02\/Professores-de-Inova\u00e7\u00e3o-Social.pdf\">Professores de Inova\u00e7\u00e3o Social<\/a><\/p>\n<h2 class=\"page-title\"><\/h2>\n<h2 class=\"page-title\">Documentos<\/h2>\n<div class=\"entry clearfix\">\n<p>Acesse os documentos da P\u00f3s em Inova\u00e7\u00e3o Social:<\/p>\n<\/div>\n<p><a href=\"http:\/\/www.ifbaiano.edu.br\/unidades\/serrinha\/files\/2019\/02\/Regulamento-dos-Cursos-de-Especializa\u00e7\u00e3o-Lato-Sensu.pdf\">Regulamento dos Cursos de Especializa\u00e7\u00e3o Lato Sensu<\/a><\/p>\n<p><a href=\"http:\/\/www.ifbaiano.edu.br\/unidades\/serrinha\/files\/2019\/02\/Formul\u00e1rio-de-Requerimento.pdf\">Formul\u00e1rio de Requerimento<\/a><\/p>\n<p>Calend\u00e1rio<\/p>\n<p>Monografias<\/p>\n<p>&nbsp;<\/p>\n<p>Para maiores informa\u00e7\u00f5es sobre a Especializa\u00e7\u00e3o em Inova\u00e7\u00e3o Social, acessar o endere\u00e7o: <a href=\"http:\/\/posinovacaosocial.lapprudes.net\/\" target=\"_blank\" rel=\"noopener noreferrer\">http:\/\/posinovacaosocial.lapprudes.net\/<\/a><\/p>\n<p>Coordena\u00e7\u00e3o: Prof. Davi Silva da Costa (Doutorando em Desenvolvimento, Agricultura e Sociedade)<br \/>\nContato: coord.inovacao@serrinha.ifbaiano.edu.br<\/p>\n","protected":false},"excerpt":{"rendered":"<p>Curso A P\u00f3s-Gradua\u00e7\u00e3o Lato Sensu em Inova\u00e7\u00e3o Social \u00e9 um esfor\u00e7o te\u00f3rico-pr\u00e1tico que busca fomentar a criatividade t\u00e9cnica e cient\u00edfica dos \/ para os processos territoriais. Para isso, compreende-se a constru\u00e7\u00e3o da inova\u00e7\u00e3o social no Territ\u00f3rio Velho Chico a partir, principalmente: a) da agroecologia como tecnologia social, uma forma dial\u00f3gica, integrada e multidisciplinar de produzir [&hellip;]<\/p>\n","protected":false},"author":73,"featured_media":0,"parent":0,"menu_order":0,"comment_status":"open","ping_status":"closed","template":"","meta":[],"_links":{"self":[{"href":"https:\/\/www.ifbaiano.edu.br\/unidades\/serrinha\/wp-json\/wp\/v2\/pages\/252"}],"collection":[{"href":"https:\/\/www.ifbaiano.edu.br\/unidades\/serrinha\/wp-json\/wp\/v2\/pages"}],"about":[{"href":"https:\/\/www.ifbaiano.edu.br\/unidades\/serrinha\/wp-json\/wp\/v2\/types\/page"}],"author":[{"embeddable":true,"href":"https:\/\/www.ifbaiano.edu.br\/unidades\/serrinha\/wp-json\/wp\/v2\/users\/73"}],"replies":[{"embeddable":true,"href":"https:\/\/www.ifbaiano.edu.br\/unidades\/serrinha\/wp-json\/wp\/v2\/comments?post=252"}],"version-history":[{"count":16,"href":"https:\/\/www.ifbaiano.edu.br\/unidades\/serrinha\/wp-json\/wp\/v2\/pages\/252\/revisions"}],"predecessor-version":[{"id":3439,"href":"https:\/\/www.ifbaiano.edu.br\/unidades\/serrinha\/wp-json\/wp\/v2\/pages\/252\/revisions\/3439"}],"wp:attachment":[{"href":"https:\/\/www.ifbaiano.edu.br\/unidades\/serrinha\/wp-json\/wp\/v2\/media?parent=252"}],"curies":[{"name":"wp","href":"https:\/\/api.w.org\/{rel}","templated":true}]}}