{"id":2867,"date":"2019-02-18T19:06:08","date_gmt":"2019-02-18T19:06:08","guid":{"rendered":"http:\/\/www.ifbaiano.edu.br\/unidades\/serrinha\/?page_id=2867"},"modified":"2026-04-28T09:34:14","modified_gmt":"2026-04-28T12:34:14","slug":"coordenacao-de-extensao","status":"publish","type":"page","link":"https:\/\/www.ifbaiano.edu.br\/unidades\/serrinha\/coordenacao-de-extensao\/","title":{"rendered":"Coordena\u00e7\u00e3o de Extens\u00e3o"},"content":{"rendered":"\n<p><strong>Coordenadora de Extens\u00e3o<\/strong><\/p>\n\n\n\n<p>Maria Auxiliadora Freitas dos Santos<\/p>\n\n\n\n<p><strong>Coordenador de Extens\u00e3o Substituto<\/strong><\/p>\n\n\n\n<p>Luis Eduardo Matos Reis<\/p>\n\n\n\n<p><strong>Contato:<\/strong><\/p>\n\n\n\n<p>E-mail:&nbsp;<span id=\"OBJ_PREFIX_DWT267_ZmEmailObjectHandler\" class=\"Object\" role=\"link\"><span id=\"OBJ_PREFIX_DWT273_ZmEmailObjectHandler\" class=\"Object\" role=\"link\">extensao@serrinha.ifbaiano.edu.br<\/span><\/span><\/p>\n","protected":false},"excerpt":{"rendered":"<p>Coordenadora de Extens\u00e3o Maria Auxiliadora Freitas dos Santos Coordenador de Extens\u00e3o Substituto Luis Eduardo Matos Reis Contato: E-mail:&nbsp;extensao@serrinha.ifbaiano.edu.br<\/p>\n","protected":false},"author":108,"featured_media":0,"parent":0,"menu_order":0,"comment_status":"closed","ping_status":"closed","template":"","meta":[],"_links":{"self":[{"href":"https:\/\/www.ifbaiano.edu.br\/unidades\/serrinha\/wp-json\/wp\/v2\/pages\/2867"}],"collection":[{"href":"https:\/\/www.ifbaiano.edu.br\/unidades\/serrinha\/wp-json\/wp\/v2\/pages"}],"about":[{"href":"https:\/\/www.ifbaiano.edu.br\/unidades\/serrinha\/wp-json\/wp\/v2\/types\/page"}],"author":[{"embeddable":true,"href":"https:\/\/www.ifbaiano.edu.br\/unidades\/serrinha\/wp-json\/wp\/v2\/users\/108"}],"replies":[{"embeddable":true,"href":"https:\/\/www.ifbaiano.edu.br\/unidades\/serrinha\/wp-json\/wp\/v2\/comments?post=2867"}],"version-history":[{"count":7,"href":"https:\/\/www.ifbaiano.edu.br\/unidades\/serrinha\/wp-json\/wp\/v2\/pages\/2867\/revisions"}],"predecessor-version":[{"id":8804,"href":"https:\/\/www.ifbaiano.edu.br\/unidades\/serrinha\/wp-json\/wp\/v2\/pages\/2867\/revisions\/8804"}],"wp:attachment":[{"href":"https:\/\/www.ifbaiano.edu.br\/unidades\/serrinha\/wp-json\/wp\/v2\/media?parent=2867"}],"curies":[{"name":"wp","href":"https:\/\/api.w.org\/{rel}","templated":true}]}}