{"id":3690,"date":"2019-12-11T13:36:27","date_gmt":"2019-12-11T13:36:27","guid":{"rendered":"http:\/\/www.ifbaiano.edu.br\/unidades\/serrinha\/?page_id=3690"},"modified":"2025-11-21T09:40:58","modified_gmt":"2025-11-21T12:40:58","slug":"documentos-e-regulamentos","status":"publish","type":"page","link":"https:\/\/www.ifbaiano.edu.br\/unidades\/serrinha\/estagio\/documentos-e-regulamentos\/","title":{"rendered":"Regulamentos e Formul\u00e1rios"},"content":{"rendered":"\n<div id=\"TituloMenu\" class=\"dnone\" align=\"center\">Regulamentos<\/div>\n\n\n\n<p>1)\u00a0<a rel=\"noreferrer noopener\" href=\"https:\/\/www.ifbaiano.edu.br\/unidades\/serrinha\/files\/2021\/05\/1.-NOVO_Regulamento-de-Estagio-Curricular-dos-Cursos-da-Educacao-Profissional-Tecnica-de-Nivel-Medio-do-IF-Baiano.pdf\" target=\"_blank\">Regulamento de Est\u00e1gio Curricular dos Cursos da Educa\u00e7\u00e3o Profissional T\u00e9cnica de N\u00edvel\u00a0M\u00e9dio do IF Baiano<\/a><br>2)\u00a0<a href=\"https:\/\/www.ifbaiano.edu.br\/unidades\/serrinha\/files\/2025\/11\/REGULAMENTO-ESTAGIO_2025_COM-PORTARIA.pdf\" target=\"_blank\" rel=\"noreferrer noopener\">Regulamento de\u00a0Est\u00e1gio Curricular\u00a0dos Cursos de Gradua\u00e7\u00e3o do\u00a0IFBaiano,\u00a0Campus\u00a0Serrinha<\/a><br>3) <a rel=\"noreferrer noopener\" href=\"https:\/\/www.ifbaiano.edu.br\/unidades\/serrinha\/files\/2022\/03\/Regimento-de-Estagio-dos-Cursos-de-Graduacao-do-Instituto-Federal-de-Educacao-Ciencia-e-Tecnologia-Baiano-Resolucao-136_2021.pdf\" target=\"_blank\">Regimento de Est\u00e1gio dos Cursos de Gradua\u00e7\u00e3o do IFBaiano &#8211; Resolu\u00e7\u00e3o 136_2021<\/a><\/p>\n\n\n\n<p><\/p>\n\n\n\n<div id=\"TituloMenu\" class=\"dnone\" align=\"center\">Formul\u00e1rios<\/div>\n\n\n\n<p><strong>&nbsp;Formul\u00e1rios para Est\u00e1gio nos Cursos Superiores:<\/strong><\/p>\n\n\n\n<p>&nbsp;1) <a rel=\"noreferrer noopener\" href=\"https:\/\/www.ifbaiano.edu.br\/unidades\/serrinha\/files\/2022\/03\/2-ANEXO-II-REQUERIMENTO-DE-ESTAGIO.pdf\" target=\"_blank\">Requerimento de Est\u00e1gio<\/a><br>&nbsp;2) <a rel=\"noreferrer noopener\" href=\"https:\/\/www.ifbaiano.edu.br\/unidades\/serrinha\/files\/2022\/03\/3-ANEXO-III-PLANO-DE-ATIVIDADES-DE-ESTAGIO-CURRICULAR.pdf\" target=\"_blank\">Plano de Est\u00e1gio<\/a><br>&nbsp;3) <a rel=\"noreferrer noopener\" href=\"https:\/\/www.ifbaiano.edu.br\/unidades\/serrinha\/files\/2022\/03\/13-ANEXO-XIII-CONTROLE-DE-FREQUENCIA-EM-ESTAGIO-CURRICULAR-OBRIGATORIO.pdf\" target=\"_blank\">Folha de Frequ\u00eancia<\/a><br>&nbsp;4) <a rel=\"noreferrer noopener\" href=\"https:\/\/www.ifbaiano.edu.br\/unidades\/serrinha\/files\/2022\/03\/7-ANEXO-VII-REQUERIMENTO-PARA-PRORROGACAO-DO-PRAZO-DE-ENTREGA-DO-RELATORIO.pdf\" target=\"_blank\"><\/a><a rel=\"noreferrer noopener\" href=\"https:\/\/www.ifbaiano.edu.br\/unidades\/serrinha\/files\/2022\/03\/12-ANEXO-XII-RELATORIO-DE-ATIVIDADES-DE-ESTAGIO.pdf\" target=\"_blank\">Modelo de Relat\u00f3rio de Atividades de Est\u00e1gio<\/a><br>&nbsp;5) <a rel=\"noreferrer noopener\" href=\"https:\/\/www.ifbaiano.edu.br\/unidades\/serrinha\/files\/2022\/03\/12.1-ANEXO-XII.1-MODELO-RELATORIO-DE-ESTAGIO-IF-BAIANO-SERRINHA.pdf\" target=\"_blank\"><\/a><a rel=\"noreferrer noopener\" href=\"https:\/\/www.ifbaiano.edu.br\/unidades\/serrinha\/files\/2022\/03\/12.1-ANEXO-XII.1-MODELO-RELATORIO-DE-ESTAGIO-IF-BAIANO-SERRINHA.pdf\" target=\"_blank\">Modelo de Relat\u00f3rio de Atividades de Est\u00e1gio Campus Serrinha<\/a><br>&nbsp;6) <a rel=\"noreferrer noopener\" href=\"https:\/\/www.ifbaiano.edu.br\/unidades\/serrinha\/files\/2022\/03\/1-ANEXO-I-TERMO-DE-REALIZACAO-DO-ESTAGIO.pdf\" target=\"_blank\">Termo de Realiza\u00e7\u00e3o de Est\u00e1gio (para ser preenchido pelo o supervisor)<\/a><br>&nbsp;7) <a rel=\"noreferrer noopener\" href=\"https:\/\/www.ifbaiano.edu.br\/unidades\/serrinha\/files\/2022\/03\/6-ANEXO-VI-AVALIACAO-DE-RELATORIO-DE-ESTAGIO.pdf\" target=\"_blank\">Avalia\u00e7\u00e3o do Relat\u00f3rio Final de Est\u00e1gio (para ser preenchido pelo orientador)<\/a><br><\/p>\n\n\n\n<p><\/p>\n\n\n\n<p><strong>Formul\u00e1rios para est\u00e1gio nos Cursos de N\u00edvel M\u00e9dio e T\u00e9cnico:<\/strong><\/p>\n\n\n\n<div class=\"wp-block-group is-layout-flow\"><div class=\"wp-block-group__inner-container\">\n<p>1) <a rel=\"noreferrer noopener\" href=\"https:\/\/www.ifbaiano.edu.br\/unidades\/serrinha\/files\/2021\/05\/3.-REQUERIMENTO-DE-ESTAGIO.docx\" target=\"_blank\">Requerimento de Est\u00e1gio<\/a> <br>2) <a rel=\"noreferrer noopener\" href=\"https:\/\/www.ifbaiano.edu.br\/unidades\/serrinha\/files\/2021\/05\/4.-PLANO-DE-ATIVIDADES-DE-ESTAGIO-CURRICULAR.docx\" target=\"_blank\">Plano de Est\u00e1gio<\/a> <br>3) <a rel=\"noreferrer noopener\" href=\"https:\/\/www.ifbaiano.edu.br\/unidades\/serrinha\/files\/2023\/06\/CONTROLE-DE-FREQUENCIA-EM-ESTAGIO-CURRICULAR-OBRIGATORIO.pdf\" target=\"_blank\">Controle de Frequ\u00eancia em Est\u00e1gio Curricular Obrigat\u00f3rio<\/a> <br>4) <a rel=\"noreferrer noopener\" href=\"https:\/\/www.ifbaiano.edu.br\/unidades\/serrinha\/files\/2021\/05\/5.-RELATORIO-DE-ATIVIDADES-DE-ESTAGIO.docx\" target=\"_blank\">Modelo de Relat\u00f3rio de Est\u00e1gio<\/a><br>5) <a rel=\"noreferrer noopener\" href=\"https:\/\/www.ifbaiano.edu.br\/unidades\/serrinha\/files\/2021\/05\/6.-Modelo-Relatorio-de-Estagio-IFBaiano-Serrinha.odt\" target=\"_blank\">Modelo de Relat\u00f3rio de Est\u00e1gio Campus Serrinha<\/a><br>6) <a rel=\"noreferrer noopener\" href=\"https:\/\/www.ifbaiano.edu.br\/unidades\/serrinha\/files\/2023\/06\/Ficha-de-Avaliacao-do-Supervisor.pdf\" target=\"_blank\">Ficha de Avalia\u00e7\u00e3o do Supervisor<\/a><br>7) <a rel=\"noreferrer noopener\" href=\"https:\/\/www.ifbaiano.edu.br\/unidades\/serrinha\/files\/2023\/06\/Avaliacao-do-Relatorio-de-Estagio.pdf\" target=\"_blank\">Avalia\u00e7\u00e3o do Relat\u00f3rio de Est\u00e1gio (para ser preenchido pelo orientador)<\/a> <\/p>\n\n\n\n<div id=\"TituloMenu\" class=\"dnone\" align=\"center\">Outros formul\u00e1rios<\/div>\n<\/div><\/div>\n\n\n\n<p>1) <a rel=\"noreferrer noopener\" href=\"https:\/\/www.ifbaiano.edu.br\/unidades\/serrinha\/files\/2023\/06\/Requerimento-para-aproveitamento-de-carga-horaria-como-Estagio-Obrigatorio.pdf\" target=\"_blank\">Requerimento para aproveitamento de carga hor\u00e1ria como Est\u00e1gio Curricular<\/a> <br>2) <a rel=\"noreferrer noopener\" href=\"https:\/\/www.ifbaiano.edu.br\/unidades\/serrinha\/files\/2023\/06\/Declaracao-de-Experiencia-Profissional.pdf\" target=\"_blank\">Declara\u00e7\u00e3o de Experi\u00eancia Profissional<\/a> <br>3) <a rel=\"noreferrer noopener\" href=\"https:\/\/www.ifbaiano.edu.br\/unidades\/serrinha\/files\/2023\/06\/Requerimento-para-substituicao-de-docente-orientador.pdf\" target=\"_blank\">Requerimento para substitui\u00e7\u00e3o de docente orientador<\/a> <br>4) <a rel=\"noreferrer noopener\" href=\"https:\/\/www.ifbaiano.edu.br\/unidades\/serrinha\/files\/2023\/06\/Termo-Aditivo-de-Estagio.pdf\" target=\"_blank\">Termo Aditivo de Est\u00e1gio<\/a><br>5) <a rel=\"noreferrer noopener\" href=\"https:\/\/www.ifbaiano.edu.br\/unidades\/serrinha\/files\/2023\/06\/Requerimento-para-prorrogacao-do-prazo-de-entrega-do-relatorio.pdf\" target=\"_blank\">Requerimento para prorroga\u00e7\u00e3o do prazo de entrega do relat\u00f3rio<\/a><br>6) <a rel=\"noreferrer noopener\" href=\"https:\/\/www.ifbaiano.edu.br\/unidades\/serrinha\/files\/2023\/06\/Manual-para-eleboracao-do-Relatorio-de-Estagio.pdf\" target=\"_blank\">Manual para elabora\u00e7\u00e3o do Relat\u00f3rio de Est\u00e1gio<\/a><br>7) <a rel=\"noreferrer noopener\" href=\"https:\/\/www.ifbaiano.edu.br\/unidades\/serrinha\/files\/2023\/06\/Rescisao-do-Termo-de-Compromisso.pdf\" target=\"_blank\">Rescis\u00e3o do Termo de Compromisso<\/a> <\/p>\n\n\n\n<p><\/p>\n","protected":false},"excerpt":{"rendered":"<p>Regulamentos 1)\u00a0Regulamento de Est\u00e1gio Curricular dos Cursos da Educa\u00e7\u00e3o Profissional T\u00e9cnica de N\u00edvel\u00a0M\u00e9dio do IF Baiano2)\u00a0Regulamento de\u00a0Est\u00e1gio Curricular\u00a0dos Cursos de Gradua\u00e7\u00e3o do\u00a0IFBaiano,\u00a0Campus\u00a0Serrinha3) Regimento de Est\u00e1gio dos Cursos de Gradua\u00e7\u00e3o do IFBaiano &#8211; Resolu\u00e7\u00e3o 136_2021 Formul\u00e1rios &nbsp;Formul\u00e1rios para Est\u00e1gio nos Cursos Superiores: &nbsp;1) Requerimento de Est\u00e1gio&nbsp;2) Plano de Est\u00e1gio&nbsp;3) Folha de Frequ\u00eancia&nbsp;4) Modelo de Relat\u00f3rio de [&hellip;]<\/p>\n","protected":false},"author":74,"featured_media":0,"parent":3685,"menu_order":0,"comment_status":"closed","ping_status":"closed","template":"","meta":[],"_links":{"self":[{"href":"https:\/\/www.ifbaiano.edu.br\/unidades\/serrinha\/wp-json\/wp\/v2\/pages\/3690"}],"collection":[{"href":"https:\/\/www.ifbaiano.edu.br\/unidades\/serrinha\/wp-json\/wp\/v2\/pages"}],"about":[{"href":"https:\/\/www.ifbaiano.edu.br\/unidades\/serrinha\/wp-json\/wp\/v2\/types\/page"}],"author":[{"embeddable":true,"href":"https:\/\/www.ifbaiano.edu.br\/unidades\/serrinha\/wp-json\/wp\/v2\/users\/74"}],"replies":[{"embeddable":true,"href":"https:\/\/www.ifbaiano.edu.br\/unidades\/serrinha\/wp-json\/wp\/v2\/comments?post=3690"}],"version-history":[{"count":28,"href":"https:\/\/www.ifbaiano.edu.br\/unidades\/serrinha\/wp-json\/wp\/v2\/pages\/3690\/revisions"}],"predecessor-version":[{"id":8751,"href":"https:\/\/www.ifbaiano.edu.br\/unidades\/serrinha\/wp-json\/wp\/v2\/pages\/3690\/revisions\/8751"}],"up":[{"embeddable":true,"href":"https:\/\/www.ifbaiano.edu.br\/unidades\/serrinha\/wp-json\/wp\/v2\/pages\/3685"}],"wp:attachment":[{"href":"https:\/\/www.ifbaiano.edu.br\/unidades\/serrinha\/wp-json\/wp\/v2\/media?parent=3690"}],"curies":[{"name":"wp","href":"https:\/\/api.w.org\/{rel}","templated":true}]}}