{"id":3834,"date":"2020-02-19T12:02:26","date_gmt":"2020-02-19T12:02:26","guid":{"rendered":"http:\/\/www.ifbaiano.edu.br\/unidades\/serrinha\/?page_id=3834"},"modified":"2020-04-28T19:19:33","modified_gmt":"2020-04-28T19:19:33","slug":"atividades-de-estagio","status":"publish","type":"page","link":"https:\/\/www.ifbaiano.edu.br\/unidades\/serrinha\/estagio\/atividades-de-estagio\/","title":{"rendered":"O que \u00e9 o Est\u00e1gio"},"content":{"rendered":"\n<ul><li><strong>O que \u00e9 o\nEst\u00e1gio?<\/strong><\/li><\/ul>\n\n\n\n<p>O Art. 2\u00ba do Regulamento de Est\u00e1gio da Educa\u00e7\u00e3o Profissional\nT\u00e9cnica de N\u00edvel M\u00e9dio define e classifica o Est\u00e1gio\nCurricular por ato educativo escolar que possui acompanhamento efetivo pelo\nprofessor(a) orientador(a) do IF Baiano e por supervisor(a) da Unidade\nConcedente, comprovado por vistos no Relat\u00f3rio das Atividades de Est\u00e1gio (Anexo\nVI), desenvolvido no ambiente do trabalho, que visa \u00e0 prepara\u00e7\u00e3o para o trabalho\nprodutivo dos educandos e para forma\u00e7\u00e3o cidad\u00e3.<\/p>\n\n\n\n<p>I. O Est\u00e1gio Curricular oportuniza a complementa\u00e7\u00e3o da\naprendizagem em situa\u00e7\u00f5es reais de vida e trabalho, caracterizando-se como\ninstrumento importante na forma\u00e7\u00e3o acad\u00eamico-profissional, possibilitando ao(a) estudante o contato direto com as\natividades profissionais e aquisi\u00e7\u00e3o de experi\u00eancias, ampliando conhecimentos e\naptid\u00f5es necess\u00e1rias ao exerc\u00edcio da profiss\u00e3o.<\/p>\n\n\n\n<p>II. Articula compet\u00eancias, aptid\u00f5es, valores e habilidades, bem\ncomo a pr\u00e1tica profissional, objetivando o desenvolvimento de habilidades\nt\u00e9cnicas e compet\u00eancias sociais e culturais, indispens\u00e1veis \u00e0 forma\u00e7\u00e3o\nacad\u00eamico-profissional.<\/p>\n\n\n\n<p>III. Integra e estabelece rela\u00e7\u00e3o entre o ensino, a pesquisa e a\nextens\u00e3o, constituindo-se em forma de avalia\u00e7\u00e3o e reavalia\u00e7\u00e3o do PPC, com\nvistas as atualiza\u00e7\u00f5es e adequa\u00e7\u00f5es curriculares, atrav\u00e9s das informa\u00e7\u00f5es\noriundas dos (as) estudantes e das parcerias e conv\u00eanios com os arranjos\nsocioprodutivos em que ocorrem os est\u00e1gios, bem como dos relat\u00f3rios\/trabalhos\nfinais dos (as) estudantes.<\/p>\n\n\n\n<ul><li><strong>Est\u00e1gio Obrigat\u00f3rio:<\/strong><\/li><\/ul>\n\n\n\n<p>O Est\u00e1gio Obrigat\u00f3rio compreende o processo formativo do(a)\nestudante e est\u00e1 previsto no PPC de cada Curso. Essa modalidade de Est\u00e1gio \u00e9\nrequisito para conclus\u00e3o do Curso e deve ter sua carga hor\u00e1ria prevista no PPC.\n&nbsp;<\/p>\n\n\n\n<ul><li><strong>Est\u00e1gio n\u00e3o-obrigat\u00f3rio:<\/strong><\/li><\/ul>\n\n\n\n<p>O\nEst\u00e1gio n\u00e3o-obrigat\u00f3rio \u00e9 uma modalidade desenvolvida como atividade opcional e\nsua carga hor\u00e1ria \u00e9 acrescida \u00e0 carga hor\u00e1ria regular do Curso. <\/p>\n","protected":false},"excerpt":{"rendered":"<p>O que \u00e9 o Est\u00e1gio? O Art. 2\u00ba do Regulamento de Est\u00e1gio da Educa\u00e7\u00e3o Profissional T\u00e9cnica de N\u00edvel M\u00e9dio define e classifica o Est\u00e1gio Curricular por ato educativo escolar que possui acompanhamento efetivo pelo professor(a) orientador(a) do IF Baiano e por supervisor(a) da Unidade Concedente, comprovado por vistos no Relat\u00f3rio das Atividades de Est\u00e1gio (Anexo [&hellip;]<\/p>\n","protected":false},"author":98,"featured_media":0,"parent":3685,"menu_order":0,"comment_status":"closed","ping_status":"closed","template":"","meta":[],"_links":{"self":[{"href":"https:\/\/www.ifbaiano.edu.br\/unidades\/serrinha\/wp-json\/wp\/v2\/pages\/3834"}],"collection":[{"href":"https:\/\/www.ifbaiano.edu.br\/unidades\/serrinha\/wp-json\/wp\/v2\/pages"}],"about":[{"href":"https:\/\/www.ifbaiano.edu.br\/unidades\/serrinha\/wp-json\/wp\/v2\/types\/page"}],"author":[{"embeddable":true,"href":"https:\/\/www.ifbaiano.edu.br\/unidades\/serrinha\/wp-json\/wp\/v2\/users\/98"}],"replies":[{"embeddable":true,"href":"https:\/\/www.ifbaiano.edu.br\/unidades\/serrinha\/wp-json\/wp\/v2\/comments?post=3834"}],"version-history":[{"count":3,"href":"https:\/\/www.ifbaiano.edu.br\/unidades\/serrinha\/wp-json\/wp\/v2\/pages\/3834\/revisions"}],"predecessor-version":[{"id":4135,"href":"https:\/\/www.ifbaiano.edu.br\/unidades\/serrinha\/wp-json\/wp\/v2\/pages\/3834\/revisions\/4135"}],"up":[{"embeddable":true,"href":"https:\/\/www.ifbaiano.edu.br\/unidades\/serrinha\/wp-json\/wp\/v2\/pages\/3685"}],"wp:attachment":[{"href":"https:\/\/www.ifbaiano.edu.br\/unidades\/serrinha\/wp-json\/wp\/v2\/media?parent=3834"}],"curies":[{"name":"wp","href":"https:\/\/api.w.org\/{rel}","templated":true}]}}