{"id":3865,"date":"2020-02-27T18:34:12","date_gmt":"2020-02-27T18:34:12","guid":{"rendered":"https:\/\/www.ifbaiano.edu.br\/unidades\/serrinha\/?page_id=3865"},"modified":"2020-03-12T17:23:43","modified_gmt":"2020-03-12T17:23:43","slug":"nucleo-de-comunicacao","status":"publish","type":"page","link":"https:\/\/www.ifbaiano.edu.br\/unidades\/serrinha\/nucleo-de-comunicacao\/","title":{"rendered":"NUCOM"},"content":{"rendered":"\n<a href=\"https:\/\/www.ifbaiano.edu.br\/unidades\/serrinha\/nucleo-de-comunicacao\/quem-somos-nucom\/\"> Quem Somos<\/a><br>\n<br>\n<a href=\"https:\/\/www.ifbaiano.edu.br\/unidades\/serrinha\/nucleo-de-comunicacao\/normativos-nucom\/\"> Normativos<\/a><br>\n<br>\n<a href=\"https:\/\/www.ifbaiano.edu.br\/unidades\/serrinha\/nucleo-de-comunicacao\/solicitacao-de-comunicacao\/\">Solicita\u00e7\u00e3o de Comunica\u00e7\u00e3o <\/a><br>\n<br>\n","protected":false},"excerpt":{"rendered":"<p>Quem Somos Normativos Solicita\u00e7\u00e3o de Comunica\u00e7\u00e3o<\/p>\n","protected":false},"author":98,"featured_media":0,"parent":0,"menu_order":0,"comment_status":"closed","ping_status":"closed","template":"","meta":[],"_links":{"self":[{"href":"https:\/\/www.ifbaiano.edu.br\/unidades\/serrinha\/wp-json\/wp\/v2\/pages\/3865"}],"collection":[{"href":"https:\/\/www.ifbaiano.edu.br\/unidades\/serrinha\/wp-json\/wp\/v2\/pages"}],"about":[{"href":"https:\/\/www.ifbaiano.edu.br\/unidades\/serrinha\/wp-json\/wp\/v2\/types\/page"}],"author":[{"embeddable":true,"href":"https:\/\/www.ifbaiano.edu.br\/unidades\/serrinha\/wp-json\/wp\/v2\/users\/98"}],"replies":[{"embeddable":true,"href":"https:\/\/www.ifbaiano.edu.br\/unidades\/serrinha\/wp-json\/wp\/v2\/comments?post=3865"}],"version-history":[{"count":9,"href":"https:\/\/www.ifbaiano.edu.br\/unidades\/serrinha\/wp-json\/wp\/v2\/pages\/3865\/revisions"}],"predecessor-version":[{"id":4016,"href":"https:\/\/www.ifbaiano.edu.br\/unidades\/serrinha\/wp-json\/wp\/v2\/pages\/3865\/revisions\/4016"}],"wp:attachment":[{"href":"https:\/\/www.ifbaiano.edu.br\/unidades\/serrinha\/wp-json\/wp\/v2\/media?parent=3865"}],"curies":[{"name":"wp","href":"https:\/\/api.w.org\/{rel}","templated":true}]}}